{"id":30160,"date":"2026-03-24T10:12:45","date_gmt":"2026-03-24T09:12:45","guid":{"rendered":"https:\/\/kaotostore.com\/producto\/operation-air-assault-playstation-2\/"},"modified":"2026-04-09T11:43:05","modified_gmt":"2026-04-09T09:43:05","slug":"operation-air-assault-playstation-2","status":"publish","type":"product","link":"https:\/\/kaotostore.com\/en\/product\/operation-air-assault-playstation-2\/","title":{"rendered":"Operation Air Assault PLAYSTATION 2"},"content":{"rendered":"<p><strong><span style=\"color: rgb(255, 5, 5);\"><span id=\"ContentPlaceHolder1_lblSinopsis\">Si desea im\u00e1genes adicionales del producto, puede solicitarlas desde el formulario de contacto o en el email kaototienda@gmail.com<\/span><\/span><\/strong><\/p>\n<div class=\"product-cms-description\">\n<div class=\"product-cms-description\">\n<div class=\"product-cms-description\">\n<div class=\"product-cms-description\">\n<div class=\"product-cms-description\">\n<div class=\"product-cms-description\">\n<div class=\"product-cms-description\">\n<p>Durante una operaci\u00f3n de reconocimiento, el Servicio de Inteligencia descubre la alarmante existencia de un silo de armas nucleares perteneciente al grupo paramilitar conocido como \u2018Los M\u00e1rtires Solares\u2019. El riesgo de un ataque abierto a gran escala es demasiado grande, de manera que se ha dado luz verde a la formaci\u00f3n de una peque\u00f1a unidad de respuesta armada de la Fuerzas Especiales. Y s\u00f3lo hay un veh\u00edculo id\u00f3neo para llevar a cabo esta misi\u00f3n&#8230; <strong><em>Operation Air Assault<\/em><\/strong> es un furioso juego de acci\u00f3n 3D en el que, solo a los mandos de un sofisticado helic\u00f3ptero, tendr\u00e1s que resolver un conflicto nuclear internacional. Sigue paso a paso el apasionante argumento que se desvela misi\u00f3n a misi\u00f3n&#8230; \u00a1siempre que tengas las habilidades y el coraje necesarios para convertirte en un piloto de helic\u00f3pteros de \u00e9lite! Destruye y enfr\u00e9ntate a torres de guardia, ca\u00f1oneras, tanques, coches, camiones de transportes, infanter\u00eda, artiller\u00eda antia\u00e9rea o torretas de misiles.<\/p>\n<\/div>\n<\/div>\n<\/div>\n<\/div>\n<\/div>\n<\/div>\n<\/div>\n<p><!----><\/p>","protected":false},"excerpt":{"rendered":"<p>Si desea im\u00e1genes adicionales del producto, puede solicitarlas desde el formulario de contacto o en el email kaototienda@gmail.com Durante una operaci\u00f3n de reconocimiento, el Servicio de Inteligencia descubre la alarmante existencia de un silo de armas nucleares perteneciente al grupo paramilitar conocido como \u2018Los M\u00e1rtires Solares\u2019. El riesgo de un ataque abierto a gran escala [&hellip;]<\/p>\n","protected":false},"featured_media":19124,"template":"","meta":{"ocean_post_layout":"","ocean_both_sidebars_style":"","ocean_both_sidebars_content_width":0,"ocean_both_sidebars_sidebars_width":0,"ocean_sidebar":"","ocean_second_sidebar":"","ocean_disable_margins":"enable","ocean_add_body_class":"","ocean_shortcode_before_top_bar":"","ocean_shortcode_after_top_bar":"","ocean_shortcode_before_header":"","ocean_shortcode_after_header":"","ocean_has_shortcode":"","ocean_shortcode_after_title":"","ocean_shortcode_before_footer_widgets":"","ocean_shortcode_after_footer_widgets":"","ocean_shortcode_before_footer_bottom":"","ocean_shortcode_after_footer_bottom":"","ocean_display_top_bar":"default","ocean_display_header":"default","ocean_header_style":"","ocean_center_header_left_menu":"","ocean_custom_header_template":"","ocean_custom_logo":0,"ocean_custom_retina_logo":0,"ocean_custom_logo_max_width":0,"ocean_custom_logo_tablet_max_width":0,"ocean_custom_logo_mobile_max_width":0,"ocean_custom_logo_max_height":0,"ocean_custom_logo_tablet_max_height":0,"ocean_custom_logo_mobile_max_height":0,"ocean_header_custom_menu":"","ocean_menu_typo_font_family":"","ocean_menu_typo_font_subset":"","ocean_menu_typo_font_size":0,"ocean_menu_typo_font_size_tablet":0,"ocean_menu_typo_font_size_mobile":0,"ocean_menu_typo_font_size_unit":"px","ocean_menu_typo_font_weight":"","ocean_menu_typo_font_weight_tablet":"","ocean_menu_typo_font_weight_mobile":"","ocean_menu_typo_transform":"","ocean_menu_typo_transform_tablet":"","ocean_menu_typo_transform_mobile":"","ocean_menu_typo_line_height":0,"ocean_menu_typo_line_height_tablet":0,"ocean_menu_typo_line_height_mobile":0,"ocean_menu_typo_line_height_unit":"","ocean_menu_typo_spacing":0,"ocean_menu_typo_spacing_tablet":0,"ocean_menu_typo_spacing_mobile":0,"ocean_menu_typo_spacing_unit":"","ocean_menu_link_color":"","ocean_menu_link_color_hover":"","ocean_menu_link_color_active":"","ocean_menu_link_background":"","ocean_menu_link_hover_background":"","ocean_menu_link_active_background":"","ocean_menu_social_links_bg":"","ocean_menu_social_hover_links_bg":"","ocean_menu_social_links_color":"","ocean_menu_social_hover_links_color":"","ocean_disable_title":"default","ocean_disable_heading":"default","ocean_post_title":"","ocean_post_subheading":"","ocean_post_title_style":"","ocean_post_title_background_color":"","ocean_post_title_background":0,"ocean_post_title_bg_image_position":"","ocean_post_title_bg_image_attachment":"","ocean_post_title_bg_image_repeat":"","ocean_post_title_bg_image_size":"","ocean_post_title_height":0,"ocean_post_title_bg_overlay":0.5,"ocean_post_title_bg_overlay_color":"","ocean_disable_breadcrumbs":"default","ocean_breadcrumbs_color":"","ocean_breadcrumbs_separator_color":"","ocean_breadcrumbs_links_color":"","ocean_breadcrumbs_links_hover_color":"","ocean_display_footer_widgets":"default","ocean_display_footer_bottom":"default","ocean_custom_footer_template":""},"product_brand":[],"product_cat":[105,128],"product_tag":[],"class_list":{"0":"post-30160","1":"product","2":"type-product","3":"status-publish","4":"has-post-thumbnail","6":"product_cat-playstation-2","7":"product_cat-ultimas-entradas","9":"entry","10":"has-media","12":"first","13":"instock","14":"taxable","15":"shipping-taxable","16":"purchasable","17":"product-type-simple","18":"col","19":"span_1_of_3","20":"owp-content-center","21":"owp-thumbs-layout-horizontal","22":"owp-btn-normal","23":"owp-tabs-layout-horizontal","24":"has-no-thumbnails"},"aioseo_notices":[],"_links":{"self":[{"href":"https:\/\/kaotostore.com\/en\/wp-json\/wp\/v2\/product\/30160","targetHints":{"allow":["GET"]}}],"collection":[{"href":"https:\/\/kaotostore.com\/en\/wp-json\/wp\/v2\/product"}],"about":[{"href":"https:\/\/kaotostore.com\/en\/wp-json\/wp\/v2\/types\/product"}],"wp:featuredmedia":[{"embeddable":true,"href":"https:\/\/kaotostore.com\/en\/wp-json\/wp\/v2\/media\/19124"}],"wp:attachment":[{"href":"https:\/\/kaotostore.com\/en\/wp-json\/wp\/v2\/media?parent=30160"}],"wp:term":[{"taxonomy":"product_brand","embeddable":true,"href":"https:\/\/kaotostore.com\/en\/wp-json\/wp\/v2\/product_brand?post=30160"},{"taxonomy":"product_cat","embeddable":true,"href":"https:\/\/kaotostore.com\/en\/wp-json\/wp\/v2\/product_cat?post=30160"},{"taxonomy":"product_tag","embeddable":true,"href":"https:\/\/kaotostore.com\/en\/wp-json\/wp\/v2\/product_tag?post=30160"}],"curies":[{"name":"wp","href":"https:\/\/api.w.org\/{rel}","templated":true}]}}