{"id":30071,"date":"2026-03-24T10:11:09","date_gmt":"2026-03-24T09:11:09","guid":{"rendered":"https:\/\/kaotostore.com\/producto\/no-more-heroes-heroes-paradise-playstation-3-importacion-americana\/"},"modified":"2026-04-09T12:17:32","modified_gmt":"2026-04-09T10:17:32","slug":"no-more-heroes-heroes-paradise-playstation-3-importacion-americana","status":"publish","type":"product","link":"https:\/\/kaotostore.com\/en\/product\/no-more-heroes-heroes-paradise-playstation-3-importacion-americana\/","title":{"rendered":"No More Heroes Heroes Paradise PLAYSTATION 3 (Importaci\u00f3n americana)"},"content":{"rendered":"<p><strong><span style=\"color: rgb(255, 5, 5);\">Si desea im\u00e1genes adicionales del producto, puede solicitarlas desde el formulario de contacto o en el email kaototienda@gmail.com<\/span><\/strong><\/p>\n<p>\u00a0<\/p>\n<p><strong>-Juego en castellano<\/strong><\/p>\n<p>\u00a0<\/p>\n<p>En No More Heroes: Heroes Paradise, el jugador, en el papel de Travis Touchdown, se pasea por la soleada ciudad de Santa Destroy luchando para eliminar a algunos de los asesinos m\u00e1s sanguinarios del mundo. El jugador, blandiendo una afilad\u00edsima katana l\u00e1ser, comienza en el puesto 11 de criminales e intenta escalar posiciones en el ranking hasta convertirse en el asesino definitivo. En el transcurso de la historia, el jugador se encuentra con Sylvia, una misteriosa mujer de la UAA (Asociaci\u00f3n de Asesinos Unidos) que organiza combates contra otros asesinos de mayor nivel para ayudar a Travis a ser el n\u00famero uno. Puedes atravesar la ciudad en la moto de Travis o ir a pie para llegar al siguiente encuentro.<br \/>Tanto con el mando normal de PlayStation3 como con el mando de movimiento PlayStationMove tendr\u00e1s acceso a una gran variedad de golpes f\u00edsicos y ataques con katana. Una c\u00e1mara din\u00e1mica seguir\u00e1 todo el combate para que puedas disfrutar de sorprendentes gr\u00e1ficos y secuencias de lucha cinem\u00e1ticas.<br \/>El progreso de Travis se complementa con una serie de misiones secundarias, adem\u00e1s de la posibilidad de afinar sus habilidades y mejorar sus armas en el laboratorio. Santa Destroy en un lugar vivo y org\u00e1nico, y nuestro antih\u00e9roe puede entrar en las tiendas, ir al gimnasio y recoger iconos especiales para mejorar sus opciones de ataque.<\/p>\n<p><!----><\/p>","protected":false},"excerpt":{"rendered":"<p>Si desea im\u00e1genes adicionales del producto, puede solicitarlas desde el formulario de contacto o en el email kaototienda@gmail.com \u00a0 -Juego en castellano \u00a0 En No More Heroes: Heroes Paradise, el jugador, en el papel de Travis Touchdown, se pasea por la soleada ciudad de Santa Destroy luchando para eliminar a algunos de los asesinos m\u00e1s [&hellip;]<\/p>\n","protected":false},"featured_media":18977,"template":"","meta":{"ocean_post_layout":"","ocean_both_sidebars_style":"","ocean_both_sidebars_content_width":0,"ocean_both_sidebars_sidebars_width":0,"ocean_sidebar":"","ocean_second_sidebar":"","ocean_disable_margins":"enable","ocean_add_body_class":"","ocean_shortcode_before_top_bar":"","ocean_shortcode_after_top_bar":"","ocean_shortcode_before_header":"","ocean_shortcode_after_header":"","ocean_has_shortcode":"","ocean_shortcode_after_title":"","ocean_shortcode_before_footer_widgets":"","ocean_shortcode_after_footer_widgets":"","ocean_shortcode_before_footer_bottom":"","ocean_shortcode_after_footer_bottom":"","ocean_display_top_bar":"default","ocean_display_header":"default","ocean_header_style":"","ocean_center_header_left_menu":"","ocean_custom_header_template":"","ocean_custom_logo":0,"ocean_custom_retina_logo":0,"ocean_custom_logo_max_width":0,"ocean_custom_logo_tablet_max_width":0,"ocean_custom_logo_mobile_max_width":0,"ocean_custom_logo_max_height":0,"ocean_custom_logo_tablet_max_height":0,"ocean_custom_logo_mobile_max_height":0,"ocean_header_custom_menu":"","ocean_menu_typo_font_family":"","ocean_menu_typo_font_subset":"","ocean_menu_typo_font_size":0,"ocean_menu_typo_font_size_tablet":0,"ocean_menu_typo_font_size_mobile":0,"ocean_menu_typo_font_size_unit":"px","ocean_menu_typo_font_weight":"","ocean_menu_typo_font_weight_tablet":"","ocean_menu_typo_font_weight_mobile":"","ocean_menu_typo_transform":"","ocean_menu_typo_transform_tablet":"","ocean_menu_typo_transform_mobile":"","ocean_menu_typo_line_height":0,"ocean_menu_typo_line_height_tablet":0,"ocean_menu_typo_line_height_mobile":0,"ocean_menu_typo_line_height_unit":"","ocean_menu_typo_spacing":0,"ocean_menu_typo_spacing_tablet":0,"ocean_menu_typo_spacing_mobile":0,"ocean_menu_typo_spacing_unit":"","ocean_menu_link_color":"","ocean_menu_link_color_hover":"","ocean_menu_link_color_active":"","ocean_menu_link_background":"","ocean_menu_link_hover_background":"","ocean_menu_link_active_background":"","ocean_menu_social_links_bg":"","ocean_menu_social_hover_links_bg":"","ocean_menu_social_links_color":"","ocean_menu_social_hover_links_color":"","ocean_disable_title":"default","ocean_disable_heading":"default","ocean_post_title":"","ocean_post_subheading":"","ocean_post_title_style":"","ocean_post_title_background_color":"","ocean_post_title_background":0,"ocean_post_title_bg_image_position":"","ocean_post_title_bg_image_attachment":"","ocean_post_title_bg_image_repeat":"","ocean_post_title_bg_image_size":"","ocean_post_title_height":0,"ocean_post_title_bg_overlay":0.5,"ocean_post_title_bg_overlay_color":"","ocean_disable_breadcrumbs":"default","ocean_breadcrumbs_color":"","ocean_breadcrumbs_separator_color":"","ocean_breadcrumbs_links_color":"","ocean_breadcrumbs_links_hover_color":"","ocean_display_footer_widgets":"default","ocean_display_footer_bottom":"default","ocean_custom_footer_template":""},"product_brand":[],"product_cat":[106,128],"product_tag":[],"class_list":{"0":"post-30071","1":"product","2":"type-product","3":"status-publish","4":"has-post-thumbnail","6":"product_cat-playstation-3","7":"product_cat-ultimas-entradas","9":"entry","10":"has-media","12":"first","13":"instock","14":"taxable","15":"shipping-taxable","16":"purchasable","17":"product-type-simple","18":"col","19":"span_1_of_3","20":"owp-content-center","21":"owp-thumbs-layout-horizontal","22":"owp-btn-normal","23":"owp-tabs-layout-horizontal","24":"has-no-thumbnails"},"aioseo_notices":[],"_links":{"self":[{"href":"https:\/\/kaotostore.com\/en\/wp-json\/wp\/v2\/product\/30071","targetHints":{"allow":["GET"]}}],"collection":[{"href":"https:\/\/kaotostore.com\/en\/wp-json\/wp\/v2\/product"}],"about":[{"href":"https:\/\/kaotostore.com\/en\/wp-json\/wp\/v2\/types\/product"}],"wp:featuredmedia":[{"embeddable":true,"href":"https:\/\/kaotostore.com\/en\/wp-json\/wp\/v2\/media\/18977"}],"wp:attachment":[{"href":"https:\/\/kaotostore.com\/en\/wp-json\/wp\/v2\/media?parent=30071"}],"wp:term":[{"taxonomy":"product_brand","embeddable":true,"href":"https:\/\/kaotostore.com\/en\/wp-json\/wp\/v2\/product_brand?post=30071"},{"taxonomy":"product_cat","embeddable":true,"href":"https:\/\/kaotostore.com\/en\/wp-json\/wp\/v2\/product_cat?post=30071"},{"taxonomy":"product_tag","embeddable":true,"href":"https:\/\/kaotostore.com\/en\/wp-json\/wp\/v2\/product_tag?post=30071"}],"curies":[{"name":"wp","href":"https:\/\/api.w.org\/{rel}","templated":true}]}}