{"id":30061,"date":"2026-03-24T10:10:45","date_gmt":"2026-03-24T09:10:45","guid":{"rendered":"https:\/\/kaotostore.com\/producto\/nioh-2-special-edition-playstation-4-importacion-americana\/"},"modified":"2026-04-09T13:11:26","modified_gmt":"2026-04-09T11:11:26","slug":"nioh-2-special-edition-playstation-4-importacion-americana","status":"publish","type":"product","link":"https:\/\/kaotostore.com\/en\/product\/nioh-2-special-edition-playstation-4-importacion-americana\/","title":{"rendered":"Nioh 2 Special Edition PLAYSTATION 4 (Importaci\u00f3n americana)"},"content":{"rendered":"<p><strong><span style=\"color: rgb(255, 5, 5);\">Si desea im\u00e1genes adicionales del producto, puede solicitarlas desde el formulario de contacto o en el email kaototienda@gmail.com<\/span><\/p>\n<p>-Juego en castellano\u00a0<br \/><\/strong><\/p>\n<p>\u00a0<\/p>\n<p>Haz frente a toda una serie de historias, leyendas y mitos japoneses Domina las letales artes de los samur\u00e1is en esta secuela del famoso RPG de acci\u00f3n, donde encarnar\u00e1s a un misterioso guerrero mitad humano, mitad yokai sobrenatural. Explora el Jap\u00f3n de la violenta era Sengoku y el mort\u00edfero reino oscuro, ambos repletos de demonios grotescos y despiadados. Desenvaina tus armas letales y deshazte de todos los enemigos que se crucen en tu camino con un nuevo sistema de combate y la capacidad de transformarte en todo un yokai para desatar unos poderes paranormales devastadores. Refina tus habilidades Prep\u00e1rate para el combate de tu vida con una nueva mec\u00e1nica que mezcla los elementos favoritos de los fans de Nioh y requerir\u00e1 toda tu concentraci\u00f3n y habilidad. Elige tu m\u00e9todo de combate Sigue la senda del samur\u00e1i con armas tradicionales, como espadas y hachuelas, o llena tu indicador de amrita para emplear poderosas habilidades yokai y derrotar a los monstruos con una gran variedad de potentes ataques. Mejora tus armas con la forma yokai Llenar tu indicador de amrita no solo te da acceso a una poderosa forma de yokai, sino que tambi\u00e9n te permite aumentar las estad\u00edsticas de distintas armas y a\u00f1adir mejoras extra, como empujar y hacer presas a los enemigos abatidos. Ayuda y d\u00e9jate ayudar por otros jugadores Invoca a los espectros que han dejado otros jugadores de Nioh 2 para ayudarte en el combate. Sus esp\u00edritus te asistir\u00e1n hasta el final del nivel actual. O hasta que sean vencidos.<\/p>","protected":false},"excerpt":{"rendered":"<p>Si desea im\u00e1genes adicionales del producto, puede solicitarlas desde el formulario de contacto o en el email kaototienda@gmail.com -Juego en castellano\u00a0 \u00a0 Haz frente a toda una serie de historias, leyendas y mitos japoneses Domina las letales artes de los samur\u00e1is en esta secuela del famoso RPG de acci\u00f3n, donde encarnar\u00e1s a un misterioso guerrero [&hellip;]<\/p>\n","protected":false},"featured_media":18955,"template":"","meta":{"ocean_post_layout":"","ocean_both_sidebars_style":"","ocean_both_sidebars_content_width":0,"ocean_both_sidebars_sidebars_width":0,"ocean_sidebar":"","ocean_second_sidebar":"","ocean_disable_margins":"enable","ocean_add_body_class":"","ocean_shortcode_before_top_bar":"","ocean_shortcode_after_top_bar":"","ocean_shortcode_before_header":"","ocean_shortcode_after_header":"","ocean_has_shortcode":"","ocean_shortcode_after_title":"","ocean_shortcode_before_footer_widgets":"","ocean_shortcode_after_footer_widgets":"","ocean_shortcode_before_footer_bottom":"","ocean_shortcode_after_footer_bottom":"","ocean_display_top_bar":"default","ocean_display_header":"default","ocean_header_style":"","ocean_center_header_left_menu":"","ocean_custom_header_template":"","ocean_custom_logo":0,"ocean_custom_retina_logo":0,"ocean_custom_logo_max_width":0,"ocean_custom_logo_tablet_max_width":0,"ocean_custom_logo_mobile_max_width":0,"ocean_custom_logo_max_height":0,"ocean_custom_logo_tablet_max_height":0,"ocean_custom_logo_mobile_max_height":0,"ocean_header_custom_menu":"","ocean_menu_typo_font_family":"","ocean_menu_typo_font_subset":"","ocean_menu_typo_font_size":0,"ocean_menu_typo_font_size_tablet":0,"ocean_menu_typo_font_size_mobile":0,"ocean_menu_typo_font_size_unit":"px","ocean_menu_typo_font_weight":"","ocean_menu_typo_font_weight_tablet":"","ocean_menu_typo_font_weight_mobile":"","ocean_menu_typo_transform":"","ocean_menu_typo_transform_tablet":"","ocean_menu_typo_transform_mobile":"","ocean_menu_typo_line_height":0,"ocean_menu_typo_line_height_tablet":0,"ocean_menu_typo_line_height_mobile":0,"ocean_menu_typo_line_height_unit":"","ocean_menu_typo_spacing":0,"ocean_menu_typo_spacing_tablet":0,"ocean_menu_typo_spacing_mobile":0,"ocean_menu_typo_spacing_unit":"","ocean_menu_link_color":"","ocean_menu_link_color_hover":"","ocean_menu_link_color_active":"","ocean_menu_link_background":"","ocean_menu_link_hover_background":"","ocean_menu_link_active_background":"","ocean_menu_social_links_bg":"","ocean_menu_social_hover_links_bg":"","ocean_menu_social_links_color":"","ocean_menu_social_hover_links_color":"","ocean_disable_title":"default","ocean_disable_heading":"default","ocean_post_title":"","ocean_post_subheading":"","ocean_post_title_style":"","ocean_post_title_background_color":"","ocean_post_title_background":0,"ocean_post_title_bg_image_position":"","ocean_post_title_bg_image_attachment":"","ocean_post_title_bg_image_repeat":"","ocean_post_title_bg_image_size":"","ocean_post_title_height":0,"ocean_post_title_bg_overlay":0.5,"ocean_post_title_bg_overlay_color":"","ocean_disable_breadcrumbs":"default","ocean_breadcrumbs_color":"","ocean_breadcrumbs_separator_color":"","ocean_breadcrumbs_links_color":"","ocean_breadcrumbs_links_hover_color":"","ocean_display_footer_widgets":"default","ocean_display_footer_bottom":"default","ocean_custom_footer_template":""},"product_brand":[],"product_cat":[107,128],"product_tag":[],"class_list":{"0":"post-30061","1":"product","2":"type-product","3":"status-publish","4":"has-post-thumbnail","6":"product_cat-playstation-4","7":"product_cat-ultimas-entradas","9":"entry","10":"has-media","12":"first","13":"instock","14":"taxable","15":"shipping-taxable","16":"purchasable","17":"product-type-simple","18":"col","19":"span_1_of_3","20":"owp-content-center","21":"owp-thumbs-layout-horizontal","22":"owp-btn-normal","23":"owp-tabs-layout-horizontal"},"aioseo_notices":[],"_links":{"self":[{"href":"https:\/\/kaotostore.com\/en\/wp-json\/wp\/v2\/product\/30061","targetHints":{"allow":["GET"]}}],"collection":[{"href":"https:\/\/kaotostore.com\/en\/wp-json\/wp\/v2\/product"}],"about":[{"href":"https:\/\/kaotostore.com\/en\/wp-json\/wp\/v2\/types\/product"}],"wp:featuredmedia":[{"embeddable":true,"href":"https:\/\/kaotostore.com\/en\/wp-json\/wp\/v2\/media\/18955"}],"wp:attachment":[{"href":"https:\/\/kaotostore.com\/en\/wp-json\/wp\/v2\/media?parent=30061"}],"wp:term":[{"taxonomy":"product_brand","embeddable":true,"href":"https:\/\/kaotostore.com\/en\/wp-json\/wp\/v2\/product_brand?post=30061"},{"taxonomy":"product_cat","embeddable":true,"href":"https:\/\/kaotostore.com\/en\/wp-json\/wp\/v2\/product_cat?post=30061"},{"taxonomy":"product_tag","embeddable":true,"href":"https:\/\/kaotostore.com\/en\/wp-json\/wp\/v2\/product_tag?post=30061"}],"curies":[{"name":"wp","href":"https:\/\/api.w.org\/{rel}","templated":true}]}}