{"id":30033,"date":"2026-03-24T10:10:13","date_gmt":"2026-03-24T09:10:13","guid":{"rendered":"https:\/\/kaotostore.com\/producto\/ninja-gaiden-4-playstation-5-importacion-inglesa\/"},"modified":"2026-03-24T10:10:14","modified_gmt":"2026-03-24T09:10:14","slug":"ninja-gaiden-4-playstation-5-importacion-inglesa","status":"publish","type":"product","link":"https:\/\/kaotostore.com\/en\/product\/ninja-gaiden-4-playstation-5-importacion-inglesa\/","title":{"rendered":"Ninja Gaiden 4 PLAYSTATION 5 (Importaci\u00f3n inglesa)"},"content":{"rendered":"<p><strong><span style=\"color: rgb(255, 5, 5);\">Si desea im\u00e1genes adicionales del producto, puede solicitarlas desde el formulario de contacto o en el email kaototienda@gmail.com<\/p>\n<p><span style=\"color: rgb(0, 0, 0);\">-Juego en castellano<\/p>\n<p><\/span><\/span><\/strong><\/p>\n<p><strong>El regreso de un antiguo enemigo:<span>\u00a0<\/span><\/strong><span>En un futuro cercano, una lluvia de miasma cae incesantemente sobre Tokio tras la\u00a0<\/span><strong>resurrecci\u00f3n de un antiguo enemigo<\/strong><span>. El\u00a0<\/span><strong>destino de la ciudad<span>\u00a0<\/span><\/strong><span>est\u00e1 en manos de\u00a0<\/span><strong>Yakumo, un joven prodigio ninja<span>\u00a0<\/span><\/strong><span>que se abre camino a trav\u00e9s de un ej\u00e9rcito de<\/span><strong><span>\u00a0<\/span>soldados ninjas cibern\u00e9ticos y criaturas sobrenaturales.<\/strong><span>\u00a0Junto con el legendario\u00a0<\/span><strong>Ryu Hayabusa<\/strong><span>, deber\u00e1s hacer frente a la\u00a0<\/span><strong>maldici\u00f3n ancestral que amenaza con destruir toda Tokio<\/strong><span>.<\/span><\/p>\n<p><strong>La leyenda regresa:<\/strong><span>\u00a0Vuelve el intenso y veloz\u00a0<\/span><strong>sistema de combate<span>\u00a0<\/span><\/strong><span>que consolid\u00f3 NINJA GAIDEN como una de las mejores\u00a0<\/span><strong>sagas de acci\u00f3n<\/strong><span>. El\u00a0<\/span><strong>sistema cl\u00e1sico renace y se renueva<span>\u00a0<\/span><\/strong><span>con un novedoso estilo de lo m\u00e1s emocionante para una nueva generaci\u00f3n de jugadores.<\/span><\/p>\n<p><strong>Una evoluci\u00f3n \u00e9pica del g\u00e9nero hack and slash:<span>\u00a0<\/span><\/strong><span>NINJA GAIDEN 4 combina la\u00a0<\/span><strong>serena filosof\u00eda de combate de Team NINJA<span>\u00a0<\/span><\/strong><span>con la jugabilidad elegante y din\u00e1mica de PlatinumGames. Disfruta de un\u00a0<\/span><strong>espect\u00e1culo visual inigualable y de un sistema de combate<span>\u00a0<\/span><\/strong><span>que recompensa la\u00a0<\/span><strong>precisi\u00f3n y la estrategia<\/strong><span>. Usa el\u00a0<\/span><strong>ninjutsu de v\u00ednculo de sangr<\/strong><span>e para transformar tus armas y despedazar a tus enemigos, adem\u00e1s de t\u00e9cnicas cl\u00e1sicas como Salto de Izuna o Golondrina voladora.<\/span><\/p>\n<p><span>El\u00a0<\/span><strong>legendario Ryu Hayabusa<span>\u00a0<\/span><\/strong><span>tambi\u00e9n regresa con un conjunto de habilidades redise\u00f1ado, pero a la vez familiar. Gracias a su\u00a0<\/span><strong>experiencia de juego personalizable<\/strong><span>, NINJA GAIDEN 4 propondr\u00e1 todo\u00a0<\/span><strong>un desaf\u00edo para los veteranos de los juegos de acci\u00f3n<span>\u00a0<\/span><\/strong><span>y los reci\u00e9n llegados podr\u00e1n disfrutar de una\u00a0<\/span><strong>trepidante aventura repleta de giros y sorpresas<\/strong><span>.<\/span><\/p>","protected":false},"excerpt":{"rendered":"<p>Si desea im\u00e1genes adicionales del producto, puede solicitarlas desde el formulario de contacto o en el email kaototienda@gmail.com -Juego en castellano El regreso de un antiguo enemigo:\u00a0En un futuro cercano, una lluvia de miasma cae incesantemente sobre Tokio tras la\u00a0resurrecci\u00f3n de un antiguo enemigo. El\u00a0destino de la ciudad\u00a0est\u00e1 en manos de\u00a0Yakumo, un joven prodigio ninja\u00a0que [&hellip;]<\/p>\n","protected":false},"featured_media":18896,"template":"","meta":{"ocean_post_layout":"","ocean_both_sidebars_style":"","ocean_both_sidebars_content_width":0,"ocean_both_sidebars_sidebars_width":0,"ocean_sidebar":"","ocean_second_sidebar":"","ocean_disable_margins":"enable","ocean_add_body_class":"","ocean_shortcode_before_top_bar":"","ocean_shortcode_after_top_bar":"","ocean_shortcode_before_header":"","ocean_shortcode_after_header":"","ocean_has_shortcode":"","ocean_shortcode_after_title":"","ocean_shortcode_before_footer_widgets":"","ocean_shortcode_after_footer_widgets":"","ocean_shortcode_before_footer_bottom":"","ocean_shortcode_after_footer_bottom":"","ocean_display_top_bar":"default","ocean_display_header":"default","ocean_header_style":"","ocean_center_header_left_menu":"","ocean_custom_header_template":"","ocean_custom_logo":0,"ocean_custom_retina_logo":0,"ocean_custom_logo_max_width":0,"ocean_custom_logo_tablet_max_width":0,"ocean_custom_logo_mobile_max_width":0,"ocean_custom_logo_max_height":0,"ocean_custom_logo_tablet_max_height":0,"ocean_custom_logo_mobile_max_height":0,"ocean_header_custom_menu":"","ocean_menu_typo_font_family":"","ocean_menu_typo_font_subset":"","ocean_menu_typo_font_size":0,"ocean_menu_typo_font_size_tablet":0,"ocean_menu_typo_font_size_mobile":0,"ocean_menu_typo_font_size_unit":"px","ocean_menu_typo_font_weight":"","ocean_menu_typo_font_weight_tablet":"","ocean_menu_typo_font_weight_mobile":"","ocean_menu_typo_transform":"","ocean_menu_typo_transform_tablet":"","ocean_menu_typo_transform_mobile":"","ocean_menu_typo_line_height":0,"ocean_menu_typo_line_height_tablet":0,"ocean_menu_typo_line_height_mobile":0,"ocean_menu_typo_line_height_unit":"","ocean_menu_typo_spacing":0,"ocean_menu_typo_spacing_tablet":0,"ocean_menu_typo_spacing_mobile":0,"ocean_menu_typo_spacing_unit":"","ocean_menu_link_color":"","ocean_menu_link_color_hover":"","ocean_menu_link_color_active":"","ocean_menu_link_background":"","ocean_menu_link_hover_background":"","ocean_menu_link_active_background":"","ocean_menu_social_links_bg":"","ocean_menu_social_hover_links_bg":"","ocean_menu_social_links_color":"","ocean_menu_social_hover_links_color":"","ocean_disable_title":"default","ocean_disable_heading":"default","ocean_post_title":"","ocean_post_subheading":"","ocean_post_title_style":"","ocean_post_title_background_color":"","ocean_post_title_background":0,"ocean_post_title_bg_image_position":"","ocean_post_title_bg_image_attachment":"","ocean_post_title_bg_image_repeat":"","ocean_post_title_bg_image_size":"","ocean_post_title_height":0,"ocean_post_title_bg_overlay":0.5,"ocean_post_title_bg_overlay_color":"","ocean_disable_breadcrumbs":"default","ocean_breadcrumbs_color":"","ocean_breadcrumbs_separator_color":"","ocean_breadcrumbs_links_color":"","ocean_breadcrumbs_links_hover_color":"","ocean_display_footer_widgets":"default","ocean_display_footer_bottom":"default","ocean_custom_footer_template":""},"product_brand":[],"product_cat":[98,108,128],"product_tag":[],"class_list":{"0":"post-30033","1":"product","2":"type-product","3":"status-publish","4":"has-post-thumbnail","6":"product_cat-novedades","7":"product_cat-playstation-5","8":"product_cat-ultimas-entradas","10":"entry","11":"has-media","13":"first","14":"instock","15":"taxable","16":"shipping-taxable","17":"purchasable","18":"product-type-simple","19":"has-product-nav","20":"col","21":"span_1_of_3","22":"owp-content-center","23":"owp-thumbs-layout-horizontal","24":"owp-btn-normal","25":"owp-tabs-layout-horizontal"},"aioseo_notices":[],"_links":{"self":[{"href":"https:\/\/kaotostore.com\/en\/wp-json\/wp\/v2\/product\/30033","targetHints":{"allow":["GET"]}}],"collection":[{"href":"https:\/\/kaotostore.com\/en\/wp-json\/wp\/v2\/product"}],"about":[{"href":"https:\/\/kaotostore.com\/en\/wp-json\/wp\/v2\/types\/product"}],"wp:featuredmedia":[{"embeddable":true,"href":"https:\/\/kaotostore.com\/en\/wp-json\/wp\/v2\/media\/18896"}],"wp:attachment":[{"href":"https:\/\/kaotostore.com\/en\/wp-json\/wp\/v2\/media?parent=30033"}],"wp:term":[{"taxonomy":"product_brand","embeddable":true,"href":"https:\/\/kaotostore.com\/en\/wp-json\/wp\/v2\/product_brand?post=30033"},{"taxonomy":"product_cat","embeddable":true,"href":"https:\/\/kaotostore.com\/en\/wp-json\/wp\/v2\/product_cat?post=30033"},{"taxonomy":"product_tag","embeddable":true,"href":"https:\/\/kaotostore.com\/en\/wp-json\/wp\/v2\/product_tag?post=30033"}],"curies":[{"name":"wp","href":"https:\/\/api.w.org\/{rel}","templated":true}]}}