{"id":29986,"date":"2026-03-24T10:09:22","date_gmt":"2026-03-24T09:09:22","guid":{"rendered":"https:\/\/kaotostore.com\/producto\/new-tales-from-the-borderlands-deluxe-playstation-5\/"},"modified":"2026-03-24T10:09:23","modified_gmt":"2026-03-24T09:09:23","slug":"new-tales-from-the-borderlands-deluxe-playstation-5","status":"publish","type":"product","link":"https:\/\/kaotostore.com\/en\/product\/new-tales-from-the-borderlands-deluxe-playstation-5\/","title":{"rendered":"New Tales From the Borderlands Deluxe PLAYSTATION 5"},"content":{"rendered":"<p><strong>Esta edici\u00f3n incluye:<\/strong><br \/>\u00a0<\/p>\n<ul>\n<li>Juego Tales From Borderlands<\/li>\n<\/ul>\n<p>En la metr\u00f3polis de Promethea, perpetuamente devastada por la guerra, controlar\u00e1s a <strong>Anu, Octavio y Fran<\/strong>. Ayuda a estos tres adorables perdedores en su empe\u00f1o por cambiar el mundo (y quiz\u00e1 incluso salvarlo).<\/p>\n<p>Enfr\u00e9ntate a una invasi\u00f3n planetaria, a un despiadado monstruo de la c\u00e1mara acorazada y a un capitalista despiadado en este emocionante viaje cinematogr\u00e1fico en el que lo que suceda depende de ti. \u00a1Conoce a un variopinto elenco de inadaptados, robots asesinos y pistolas parlantes en esta carrera hacia la cima!<\/p>\n<p><strong>La Historia de tres encantadoras personas sin nada que hacer<\/strong><br \/>Decide el destino de la cient\u00edfica altruista Anu, de su ambicioso hermano &#8220;callejero&#8221; Octavio y de la feroz Fran. Sin nada que perder y con todo por ganar, te abrir\u00e1s paso con garras y estafas a trav\u00e9s de esta emocionante historia de cinco partes llena de matones armados, bestias de otro mundo y deliciosos tacos.<\/p>\n<p><strong>Una av\u00e9ntura cinem\u00e1tica extraordinaria<\/strong><br \/>Los Borderlands no son solo el hogar de los cazadores de b\u00f3vedas, los psic\u00f3patas y los directores ejecutivos de las corporaciones armament\u00edsticas: est\u00e1n llenas de civiles oprimidos e intr\u00e9pidos que intentan salir adelante. Con una serie de caras nuevas y que regresan, incluyendo un bot asesino con aspiraciones c\u00f3micas y un bandido menos asesino de lo habitual, esta inolvidable historia seguro que encantar\u00e1 a los fans nuevos y viejos.<\/p>\n<p><strong>Tus decisiones forman el resultado<\/strong><br \/>Las decisiones que tomas determinan el final de tu historia de forma inesperada. Ya sea la visi\u00f3n de Anu de un universo que comercializa algo m\u00e1s que armas, los sue\u00f1os de Octavio de fama y fortuna, o el plan de venganza de Fran, su \u00e9xito o fracaso depende de ti.<\/p>\n<p>\u00a1Hazte con este fant\u00e1stico<strong> juego de aventura narrativa en GAME <\/strong>y no te quedes sin \u00e9l!<\/p>","protected":false},"excerpt":{"rendered":"<p>Esta edici\u00f3n incluye:\u00a0 Juego Tales From Borderlands En la metr\u00f3polis de Promethea, perpetuamente devastada por la guerra, controlar\u00e1s a Anu, Octavio y Fran. Ayuda a estos tres adorables perdedores en su empe\u00f1o por cambiar el mundo (y quiz\u00e1 incluso salvarlo). Enfr\u00e9ntate a una invasi\u00f3n planetaria, a un despiadado monstruo de la c\u00e1mara acorazada y a [&hellip;]<\/p>\n","protected":false},"featured_media":18802,"template":"","meta":{"ocean_post_layout":"","ocean_both_sidebars_style":"","ocean_both_sidebars_content_width":0,"ocean_both_sidebars_sidebars_width":0,"ocean_sidebar":"","ocean_second_sidebar":"","ocean_disable_margins":"enable","ocean_add_body_class":"","ocean_shortcode_before_top_bar":"","ocean_shortcode_after_top_bar":"","ocean_shortcode_before_header":"","ocean_shortcode_after_header":"","ocean_has_shortcode":"","ocean_shortcode_after_title":"","ocean_shortcode_before_footer_widgets":"","ocean_shortcode_after_footer_widgets":"","ocean_shortcode_before_footer_bottom":"","ocean_shortcode_after_footer_bottom":"","ocean_display_top_bar":"default","ocean_display_header":"default","ocean_header_style":"","ocean_center_header_left_menu":"","ocean_custom_header_template":"","ocean_custom_logo":0,"ocean_custom_retina_logo":0,"ocean_custom_logo_max_width":0,"ocean_custom_logo_tablet_max_width":0,"ocean_custom_logo_mobile_max_width":0,"ocean_custom_logo_max_height":0,"ocean_custom_logo_tablet_max_height":0,"ocean_custom_logo_mobile_max_height":0,"ocean_header_custom_menu":"","ocean_menu_typo_font_family":"","ocean_menu_typo_font_subset":"","ocean_menu_typo_font_size":0,"ocean_menu_typo_font_size_tablet":0,"ocean_menu_typo_font_size_mobile":0,"ocean_menu_typo_font_size_unit":"px","ocean_menu_typo_font_weight":"","ocean_menu_typo_font_weight_tablet":"","ocean_menu_typo_font_weight_mobile":"","ocean_menu_typo_transform":"","ocean_menu_typo_transform_tablet":"","ocean_menu_typo_transform_mobile":"","ocean_menu_typo_line_height":0,"ocean_menu_typo_line_height_tablet":0,"ocean_menu_typo_line_height_mobile":0,"ocean_menu_typo_line_height_unit":"","ocean_menu_typo_spacing":0,"ocean_menu_typo_spacing_tablet":0,"ocean_menu_typo_spacing_mobile":0,"ocean_menu_typo_spacing_unit":"","ocean_menu_link_color":"","ocean_menu_link_color_hover":"","ocean_menu_link_color_active":"","ocean_menu_link_background":"","ocean_menu_link_hover_background":"","ocean_menu_link_active_background":"","ocean_menu_social_links_bg":"","ocean_menu_social_hover_links_bg":"","ocean_menu_social_links_color":"","ocean_menu_social_hover_links_color":"","ocean_disable_title":"default","ocean_disable_heading":"default","ocean_post_title":"","ocean_post_subheading":"","ocean_post_title_style":"","ocean_post_title_background_color":"","ocean_post_title_background":0,"ocean_post_title_bg_image_position":"","ocean_post_title_bg_image_attachment":"","ocean_post_title_bg_image_repeat":"","ocean_post_title_bg_image_size":"","ocean_post_title_height":0,"ocean_post_title_bg_overlay":0.5,"ocean_post_title_bg_overlay_color":"","ocean_disable_breadcrumbs":"default","ocean_breadcrumbs_color":"","ocean_breadcrumbs_separator_color":"","ocean_breadcrumbs_links_color":"","ocean_breadcrumbs_links_hover_color":"","ocean_display_footer_widgets":"default","ocean_display_footer_bottom":"default","ocean_custom_footer_template":""},"product_brand":[],"product_cat":[108,128],"product_tag":[],"class_list":{"0":"post-29986","1":"product","2":"type-product","3":"status-publish","4":"has-post-thumbnail","6":"product_cat-playstation-5","7":"product_cat-ultimas-entradas","9":"entry","10":"has-media","12":"first","13":"instock","14":"taxable","15":"shipping-taxable","16":"purchasable","17":"product-type-simple","18":"has-product-nav","19":"col","20":"span_1_of_3","21":"owp-content-center","22":"owp-thumbs-layout-horizontal","23":"owp-btn-normal","24":"owp-tabs-layout-horizontal","25":"has-no-thumbnails"},"aioseo_notices":[],"_links":{"self":[{"href":"https:\/\/kaotostore.com\/en\/wp-json\/wp\/v2\/product\/29986","targetHints":{"allow":["GET"]}}],"collection":[{"href":"https:\/\/kaotostore.com\/en\/wp-json\/wp\/v2\/product"}],"about":[{"href":"https:\/\/kaotostore.com\/en\/wp-json\/wp\/v2\/types\/product"}],"wp:featuredmedia":[{"embeddable":true,"href":"https:\/\/kaotostore.com\/en\/wp-json\/wp\/v2\/media\/18802"}],"wp:attachment":[{"href":"https:\/\/kaotostore.com\/en\/wp-json\/wp\/v2\/media?parent=29986"}],"wp:term":[{"taxonomy":"product_brand","embeddable":true,"href":"https:\/\/kaotostore.com\/en\/wp-json\/wp\/v2\/product_brand?post=29986"},{"taxonomy":"product_cat","embeddable":true,"href":"https:\/\/kaotostore.com\/en\/wp-json\/wp\/v2\/product_cat?post=29986"},{"taxonomy":"product_tag","embeddable":true,"href":"https:\/\/kaotostore.com\/en\/wp-json\/wp\/v2\/product_tag?post=29986"}],"curies":[{"name":"wp","href":"https:\/\/api.w.org\/{rel}","templated":true}]}}