{"id":29884,"date":"2026-03-24T10:07:35","date_gmt":"2026-03-24T09:07:35","guid":{"rendered":"https:\/\/kaotostore.com\/producto\/nba-courtside-2002-gamecube\/"},"modified":"2026-03-24T10:07:36","modified_gmt":"2026-03-24T09:07:36","slug":"nba-courtside-2002-gamecube","status":"publish","type":"product","link":"https:\/\/kaotostore.com\/en\/product\/nba-courtside-2002-gamecube\/","title":{"rendered":"NBA Courtside 2002 GAMECUBE"},"content":{"rendered":"<p><em><strong>NBA Courtside 2002<\/strong><\/em><span>\u00a0utiliza toda la potencia para ofrecer aut\u00e9ntica acci\u00f3n de la NBA, haciendo que otros juegos de baloncesto parezcan haberse quedado en la \u00e9poca del tiro saltando con las dos manos. Un total de cuatro jugadores pueden saltar a la cancha al mismo tiempo y hacer &#8216;barbaridades&#8217; hasta que el cuerpo aguante, con impresionantes cruces, jugadas de primera y mates de quitar el hipo.\u00a0<\/span><em><strong>NBA Courtside 2002<span>\u00a0<\/span><\/strong><\/em><span>cuenta con unos gr\u00e1ficos muy pulidos y un estilo de juego riguroso. El trazado de los rostros es tan preciso que tus jugadores preferidos son tan realistas como los p\u00f3ster de tu cuarto. La fluida animaci\u00f3n de los jugadores hace que el juego vaya suave como la seda, como en la vida real.Los movimientos son fant\u00e1sticos porque Left Field se pas\u00f3 dos d\u00edas con la superestrella de la NBA, Kobe Bryant, en una intensa sesi\u00f3n para capturar sus movimientos. Este t\u00edtulo cuenta con 2000 sorprendentes movimientos capturados, incluidos 300 del propio rey Kobe.\u00a0<\/span><em><strong>NBA Courtside 2002<span>\u00a0<\/span><\/strong><\/em><span>ofrece a los entusiastas del deporte todo lo que pueden esperar de un juego de baloncesto, incluyendo la programaci\u00f3n de la temporada, los cambios, estad\u00edsticas completas y la funci\u00f3n Crea un jugador. S\u00e9 m\u00e1s abierto y s\u00e1ltate unas cuantas normas, o todas. El espabilado entrenador que llevas dentro puede llamar a los jugadores sobre la marcha o cambiarlos si est\u00e1n cansados o lesionados. Un elemento exclusivo de\u00a0<\/span><em><strong>NBA Courtside 2002<\/strong><\/em><span>\u00a0es el bot\u00f3n Adrenalina que te da la fuerza extra necesaria para convertir un gancho t\u00edpico en un mate del rev\u00e9s para dejarse los talones. Los comentarios dan vida a la acci\u00f3n. El exhaustivo modo de entrenamiento y los m\u00faltiples niveles de dificultad te permiten ascender hasta el estrellato a tu ritmo.\u00a0<\/span><em><strong>NBA Courtside 2002<\/strong><\/em><span>\u00a0duplica la diversi\u00f3n con el impresionante modo Arcade. Situado en una cancha en un tejado, este 3 a 3 es una exhibici\u00f3n llena de estrellas con lanzamientos desde el otro lado de la cancha, ganchos que te dejar\u00e1n boquiabierto, saltos hasta el cielo, etc. Para conseguir m\u00e1s puntos, sube tu Medidor de empuje y anota desde el Hotspot aleatorio.<\/span><\/p>\n<p><!----><\/p>","protected":false},"excerpt":{"rendered":"<p>NBA Courtside 2002\u00a0utiliza toda la potencia para ofrecer aut\u00e9ntica acci\u00f3n de la NBA, haciendo que otros juegos de baloncesto parezcan haberse quedado en la \u00e9poca del tiro saltando con las dos manos. Un total de cuatro jugadores pueden saltar a la cancha al mismo tiempo y hacer &#8216;barbaridades&#8217; hasta que el cuerpo aguante, con impresionantes [&hellip;]<\/p>\n","protected":false},"featured_media":18576,"template":"","meta":{"ocean_post_layout":"","ocean_both_sidebars_style":"","ocean_both_sidebars_content_width":0,"ocean_both_sidebars_sidebars_width":0,"ocean_sidebar":"","ocean_second_sidebar":"","ocean_disable_margins":"enable","ocean_add_body_class":"","ocean_shortcode_before_top_bar":"","ocean_shortcode_after_top_bar":"","ocean_shortcode_before_header":"","ocean_shortcode_after_header":"","ocean_has_shortcode":"","ocean_shortcode_after_title":"","ocean_shortcode_before_footer_widgets":"","ocean_shortcode_after_footer_widgets":"","ocean_shortcode_before_footer_bottom":"","ocean_shortcode_after_footer_bottom":"","ocean_display_top_bar":"default","ocean_display_header":"default","ocean_header_style":"","ocean_center_header_left_menu":"","ocean_custom_header_template":"","ocean_custom_logo":0,"ocean_custom_retina_logo":0,"ocean_custom_logo_max_width":0,"ocean_custom_logo_tablet_max_width":0,"ocean_custom_logo_mobile_max_width":0,"ocean_custom_logo_max_height":0,"ocean_custom_logo_tablet_max_height":0,"ocean_custom_logo_mobile_max_height":0,"ocean_header_custom_menu":"","ocean_menu_typo_font_family":"","ocean_menu_typo_font_subset":"","ocean_menu_typo_font_size":0,"ocean_menu_typo_font_size_tablet":0,"ocean_menu_typo_font_size_mobile":0,"ocean_menu_typo_font_size_unit":"px","ocean_menu_typo_font_weight":"","ocean_menu_typo_font_weight_tablet":"","ocean_menu_typo_font_weight_mobile":"","ocean_menu_typo_transform":"","ocean_menu_typo_transform_tablet":"","ocean_menu_typo_transform_mobile":"","ocean_menu_typo_line_height":0,"ocean_menu_typo_line_height_tablet":0,"ocean_menu_typo_line_height_mobile":0,"ocean_menu_typo_line_height_unit":"","ocean_menu_typo_spacing":0,"ocean_menu_typo_spacing_tablet":0,"ocean_menu_typo_spacing_mobile":0,"ocean_menu_typo_spacing_unit":"","ocean_menu_link_color":"","ocean_menu_link_color_hover":"","ocean_menu_link_color_active":"","ocean_menu_link_background":"","ocean_menu_link_hover_background":"","ocean_menu_link_active_background":"","ocean_menu_social_links_bg":"","ocean_menu_social_hover_links_bg":"","ocean_menu_social_links_color":"","ocean_menu_social_hover_links_color":"","ocean_disable_title":"default","ocean_disable_heading":"default","ocean_post_title":"","ocean_post_subheading":"","ocean_post_title_style":"","ocean_post_title_background_color":"","ocean_post_title_background":0,"ocean_post_title_bg_image_position":"","ocean_post_title_bg_image_attachment":"","ocean_post_title_bg_image_repeat":"","ocean_post_title_bg_image_size":"","ocean_post_title_height":0,"ocean_post_title_bg_overlay":0.5,"ocean_post_title_bg_overlay_color":"","ocean_disable_breadcrumbs":"default","ocean_breadcrumbs_color":"","ocean_breadcrumbs_separator_color":"","ocean_breadcrumbs_links_color":"","ocean_breadcrumbs_links_hover_color":"","ocean_display_footer_widgets":"default","ocean_display_footer_bottom":"default","ocean_custom_footer_template":""},"product_brand":[],"product_cat":[84,128],"product_tag":[],"class_list":{"0":"post-29884","1":"product","2":"type-product","3":"status-publish","4":"has-post-thumbnail","6":"product_cat-gamecube","7":"product_cat-ultimas-entradas","9":"entry","10":"has-media","12":"first","13":"instock","14":"taxable","15":"shipping-taxable","16":"purchasable","17":"product-type-simple","18":"col","19":"span_1_of_3","20":"owp-content-center","21":"owp-thumbs-layout-horizontal","22":"owp-btn-normal","23":"owp-tabs-layout-horizontal","24":"has-no-thumbnails"},"aioseo_notices":[],"_links":{"self":[{"href":"https:\/\/kaotostore.com\/en\/wp-json\/wp\/v2\/product\/29884","targetHints":{"allow":["GET"]}}],"collection":[{"href":"https:\/\/kaotostore.com\/en\/wp-json\/wp\/v2\/product"}],"about":[{"href":"https:\/\/kaotostore.com\/en\/wp-json\/wp\/v2\/types\/product"}],"wp:featuredmedia":[{"embeddable":true,"href":"https:\/\/kaotostore.com\/en\/wp-json\/wp\/v2\/media\/18576"}],"wp:attachment":[{"href":"https:\/\/kaotostore.com\/en\/wp-json\/wp\/v2\/media?parent=29884"}],"wp:term":[{"taxonomy":"product_brand","embeddable":true,"href":"https:\/\/kaotostore.com\/en\/wp-json\/wp\/v2\/product_brand?post=29884"},{"taxonomy":"product_cat","embeddable":true,"href":"https:\/\/kaotostore.com\/en\/wp-json\/wp\/v2\/product_cat?post=29884"},{"taxonomy":"product_tag","embeddable":true,"href":"https:\/\/kaotostore.com\/en\/wp-json\/wp\/v2\/product_tag?post=29884"}],"curies":[{"name":"wp","href":"https:\/\/api.w.org\/{rel}","templated":true}]}}