{"id":29859,"date":"2026-03-24T10:07:06","date_gmt":"2026-03-24T09:07:06","guid":{"rendered":"https:\/\/kaotostore.com\/producto\/naruto-shippuden-ultimate-ninja-storm-2-playstation-3\/"},"modified":"2026-05-14T00:39:17","modified_gmt":"2026-05-13T22:39:17","slug":"naruto-shippuden-ultimate-ninja-storm-2-playstation-3","status":"publish","type":"product","link":"https:\/\/kaotostore.com\/en\/product\/naruto-shippuden-ultimate-ninja-storm-2-playstation-3\/","title":{"rendered":"Naruto Shippuden Ultimate Ninja Storm 2 PLAYSTATION 3"},"content":{"rendered":"<p>Desarrollado por el aclamado estudio japon\u00e9s CyberConnect2, NARUTO Shippuden: Ultimate Ninja Storm 2 es toda una haza\u00f1a que emocionar\u00e1 a los aficionados de Naruto. El juego se mantiene totalmente fiel al universo del anime, llevando a los jugadores a lo largo del arco argumental de Naruto Shippuden con un nuevo sistema de batalla que mejora la jugabilidad. Los jugadores podr\u00e1n elegir a los compa\u00f1eros que les acompa\u00f1en en las luchas, para tener m\u00e1s oportunidades de vencer en las batallas. Juntos, dispondr\u00e1n de poderosas T\u00e9cnicas Especiales de Equipo para arrasar con sus oponentes.En el juego, los jugadores se enfrentar\u00e1n a una gran cantidad de miembros del clan criminal Akatsuki, as\u00ed como a Sasuke, en un espectacular giro argumental, llevando un traje del clan. Contando con el doblaje japon\u00e9s original, una cantidad de extras y power-ups desbloqueables casi interminables, una gran cantidad de nuevos entornos que explorar, un modo para dos jugadores offline y unos incre\u00edbles gr\u00e1ficos fieles a la serie de animaci\u00f3n, NARUTO Shippuden: Ultimate Ninja Storm 2 es un torrente de acci\u00f3n ninja que no te puedes perder.<\/p>","protected":false},"excerpt":{"rendered":"<p>Desarrollado por el aclamado estudio japon\u00e9s CyberConnect2, NARUTO Shippuden: Ultimate Ninja Storm 2 es toda una haza\u00f1a que emocionar\u00e1 a los aficionados de Naruto. El juego se mantiene totalmente fiel al universo del anime, llevando a los jugadores a lo largo del arco argumental de Naruto Shippuden con un nuevo sistema de batalla que mejora [&hellip;]<\/p>\n","protected":false},"featured_media":18541,"template":"","meta":{"ocean_post_layout":"","ocean_both_sidebars_style":"","ocean_both_sidebars_content_width":0,"ocean_both_sidebars_sidebars_width":0,"ocean_sidebar":"","ocean_second_sidebar":"","ocean_disable_margins":"enable","ocean_add_body_class":"","ocean_shortcode_before_top_bar":"","ocean_shortcode_after_top_bar":"","ocean_shortcode_before_header":"","ocean_shortcode_after_header":"","ocean_has_shortcode":"","ocean_shortcode_after_title":"","ocean_shortcode_before_footer_widgets":"","ocean_shortcode_after_footer_widgets":"","ocean_shortcode_before_footer_bottom":"","ocean_shortcode_after_footer_bottom":"","ocean_display_top_bar":"default","ocean_display_header":"default","ocean_header_style":"","ocean_center_header_left_menu":"","ocean_custom_header_template":"","ocean_custom_logo":0,"ocean_custom_retina_logo":0,"ocean_custom_logo_max_width":0,"ocean_custom_logo_tablet_max_width":0,"ocean_custom_logo_mobile_max_width":0,"ocean_custom_logo_max_height":0,"ocean_custom_logo_tablet_max_height":0,"ocean_custom_logo_mobile_max_height":0,"ocean_header_custom_menu":"","ocean_menu_typo_font_family":"","ocean_menu_typo_font_subset":"","ocean_menu_typo_font_size":0,"ocean_menu_typo_font_size_tablet":0,"ocean_menu_typo_font_size_mobile":0,"ocean_menu_typo_font_size_unit":"px","ocean_menu_typo_font_weight":"","ocean_menu_typo_font_weight_tablet":"","ocean_menu_typo_font_weight_mobile":"","ocean_menu_typo_transform":"","ocean_menu_typo_transform_tablet":"","ocean_menu_typo_transform_mobile":"","ocean_menu_typo_line_height":0,"ocean_menu_typo_line_height_tablet":0,"ocean_menu_typo_line_height_mobile":0,"ocean_menu_typo_line_height_unit":"","ocean_menu_typo_spacing":0,"ocean_menu_typo_spacing_tablet":0,"ocean_menu_typo_spacing_mobile":0,"ocean_menu_typo_spacing_unit":"","ocean_menu_link_color":"","ocean_menu_link_color_hover":"","ocean_menu_link_color_active":"","ocean_menu_link_background":"","ocean_menu_link_hover_background":"","ocean_menu_link_active_background":"","ocean_menu_social_links_bg":"","ocean_menu_social_hover_links_bg":"","ocean_menu_social_links_color":"","ocean_menu_social_hover_links_color":"","ocean_disable_title":"default","ocean_disable_heading":"default","ocean_post_title":"","ocean_post_subheading":"","ocean_post_title_style":"","ocean_post_title_background_color":"","ocean_post_title_background":0,"ocean_post_title_bg_image_position":"","ocean_post_title_bg_image_attachment":"","ocean_post_title_bg_image_repeat":"","ocean_post_title_bg_image_size":"","ocean_post_title_height":0,"ocean_post_title_bg_overlay":0.5,"ocean_post_title_bg_overlay_color":"","ocean_disable_breadcrumbs":"default","ocean_breadcrumbs_color":"","ocean_breadcrumbs_separator_color":"","ocean_breadcrumbs_links_color":"","ocean_breadcrumbs_links_hover_color":"","ocean_display_footer_widgets":"default","ocean_display_footer_bottom":"default","ocean_custom_footer_template":""},"product_brand":[],"product_cat":[106],"product_tag":[],"class_list":{"0":"post-29859","1":"product","2":"type-product","3":"status-publish","4":"has-post-thumbnail","6":"product_cat-playstation-3","8":"entry","9":"has-media","11":"first","12":"instock","13":"taxable","14":"shipping-taxable","15":"purchasable","16":"product-type-simple","17":"col","18":"span_1_of_3","19":"owp-content-center","20":"owp-thumbs-layout-horizontal","21":"owp-btn-normal","22":"owp-tabs-layout-horizontal","23":"has-no-thumbnails"},"aioseo_notices":[],"_links":{"self":[{"href":"https:\/\/kaotostore.com\/en\/wp-json\/wp\/v2\/product\/29859","targetHints":{"allow":["GET"]}}],"collection":[{"href":"https:\/\/kaotostore.com\/en\/wp-json\/wp\/v2\/product"}],"about":[{"href":"https:\/\/kaotostore.com\/en\/wp-json\/wp\/v2\/types\/product"}],"wp:featuredmedia":[{"embeddable":true,"href":"https:\/\/kaotostore.com\/en\/wp-json\/wp\/v2\/media\/18541"}],"wp:attachment":[{"href":"https:\/\/kaotostore.com\/en\/wp-json\/wp\/v2\/media?parent=29859"}],"wp:term":[{"taxonomy":"product_brand","embeddable":true,"href":"https:\/\/kaotostore.com\/en\/wp-json\/wp\/v2\/product_brand?post=29859"},{"taxonomy":"product_cat","embeddable":true,"href":"https:\/\/kaotostore.com\/en\/wp-json\/wp\/v2\/product_cat?post=29859"},{"taxonomy":"product_tag","embeddable":true,"href":"https:\/\/kaotostore.com\/en\/wp-json\/wp\/v2\/product_tag?post=29859"}],"curies":[{"name":"wp","href":"https:\/\/api.w.org\/{rel}","templated":true}]}}