{"id":29788,"date":"2026-03-24T10:05:50","date_gmt":"2026-03-24T09:05:50","guid":{"rendered":"https:\/\/kaotostore.com\/producto\/mortal-kombat-deception-playstation-2\/"},"modified":"2026-03-24T10:05:50","modified_gmt":"2026-03-24T09:05:50","slug":"mortal-kombat-deception-playstation-2","status":"publish","type":"product","link":"https:\/\/kaotostore.com\/en\/product\/mortal-kombat-deception-playstation-2\/","title":{"rendered":"Mortal Kombat Deception PLAYSTATION 2"},"content":{"rendered":"<div>\n<p>Mortal Kombat mejora en gran medida sobre anteriores entregas con este Deception. Mezcla los golpes secos y continuados de anteriores juegos, con un cierto toque Tekken en la interacci\u00f3n de los personajes y toma de Dead or Alive los distintos niveles en los escenarios. Por supuesto, los Fatality siguen presentes y se han incorporado bastante m\u00e1s referidos a los escenarios. El grado de sadismo en todos ellos ha disminuido bastante y ahora tienen un lado par\u00f3dico bastante divertido, son en definitiva tan exagerados que no resultan especialmente desagradables.<\/p>\n<p>La jugabilidad es ahora mucho m\u00e1s fren\u00e9tica y el juego resulta muy divertido, pudiendo realizar combos f\u00e1cilmente aunque manteniendo la brusquedad de los juegos originales.<\/p>\n<p>Pero donde <em>Mortal Kombat Decepci\u00f3n<\/em> brilla es en su inabarcable plantel de modos de juego, donde no han escatimado gastos en darle mayor duraci\u00f3n al juego. El m\u00e1s importante es el modo Konquest, que recuerda a un juego de rol y en el que es posible cursar sub-misiones o mejorar tus habilidades. La cantidad de misiones, personajes secundarios y sobre todo el dise\u00f1o no-lineal unido al factor temporal (el juego tiene ciclos d\u00eda-noche), le convierten en un a\u00f1adido de primera categor\u00eda. Las misiones van desde entrenar nuestros golpes en un peque\u00f1o tutorial, a conseguir objetos por un m\u00f3dico precio a personajes del juego. En una de las misiones deb\u00edamos entregarle comida al guardia que protege un puente para poder pasar, un claro homenaje al cl\u00e1sico puzzle del Arenque de \u201cThe Secret of Monkey Island\u201d.<\/p>\n<\/div>","protected":false},"excerpt":{"rendered":"<p>Mortal Kombat mejora en gran medida sobre anteriores entregas con este Deception. Mezcla los golpes secos y continuados de anteriores juegos, con un cierto toque Tekken en la interacci\u00f3n de los personajes y toma de Dead or Alive los distintos niveles en los escenarios. Por supuesto, los Fatality siguen presentes y se han incorporado bastante [&hellip;]<\/p>\n","protected":false},"featured_media":18399,"template":"","meta":{"ocean_post_layout":"","ocean_both_sidebars_style":"","ocean_both_sidebars_content_width":0,"ocean_both_sidebars_sidebars_width":0,"ocean_sidebar":"","ocean_second_sidebar":"","ocean_disable_margins":"enable","ocean_add_body_class":"","ocean_shortcode_before_top_bar":"","ocean_shortcode_after_top_bar":"","ocean_shortcode_before_header":"","ocean_shortcode_after_header":"","ocean_has_shortcode":"","ocean_shortcode_after_title":"","ocean_shortcode_before_footer_widgets":"","ocean_shortcode_after_footer_widgets":"","ocean_shortcode_before_footer_bottom":"","ocean_shortcode_after_footer_bottom":"","ocean_display_top_bar":"default","ocean_display_header":"default","ocean_header_style":"","ocean_center_header_left_menu":"","ocean_custom_header_template":"","ocean_custom_logo":0,"ocean_custom_retina_logo":0,"ocean_custom_logo_max_width":0,"ocean_custom_logo_tablet_max_width":0,"ocean_custom_logo_mobile_max_width":0,"ocean_custom_logo_max_height":0,"ocean_custom_logo_tablet_max_height":0,"ocean_custom_logo_mobile_max_height":0,"ocean_header_custom_menu":"","ocean_menu_typo_font_family":"","ocean_menu_typo_font_subset":"","ocean_menu_typo_font_size":0,"ocean_menu_typo_font_size_tablet":0,"ocean_menu_typo_font_size_mobile":0,"ocean_menu_typo_font_size_unit":"px","ocean_menu_typo_font_weight":"","ocean_menu_typo_font_weight_tablet":"","ocean_menu_typo_font_weight_mobile":"","ocean_menu_typo_transform":"","ocean_menu_typo_transform_tablet":"","ocean_menu_typo_transform_mobile":"","ocean_menu_typo_line_height":0,"ocean_menu_typo_line_height_tablet":0,"ocean_menu_typo_line_height_mobile":0,"ocean_menu_typo_line_height_unit":"","ocean_menu_typo_spacing":0,"ocean_menu_typo_spacing_tablet":0,"ocean_menu_typo_spacing_mobile":0,"ocean_menu_typo_spacing_unit":"","ocean_menu_link_color":"","ocean_menu_link_color_hover":"","ocean_menu_link_color_active":"","ocean_menu_link_background":"","ocean_menu_link_hover_background":"","ocean_menu_link_active_background":"","ocean_menu_social_links_bg":"","ocean_menu_social_hover_links_bg":"","ocean_menu_social_links_color":"","ocean_menu_social_hover_links_color":"","ocean_disable_title":"default","ocean_disable_heading":"default","ocean_post_title":"","ocean_post_subheading":"","ocean_post_title_style":"","ocean_post_title_background_color":"","ocean_post_title_background":0,"ocean_post_title_bg_image_position":"","ocean_post_title_bg_image_attachment":"","ocean_post_title_bg_image_repeat":"","ocean_post_title_bg_image_size":"","ocean_post_title_height":0,"ocean_post_title_bg_overlay":0.5,"ocean_post_title_bg_overlay_color":"","ocean_disable_breadcrumbs":"default","ocean_breadcrumbs_color":"","ocean_breadcrumbs_separator_color":"","ocean_breadcrumbs_links_color":"","ocean_breadcrumbs_links_hover_color":"","ocean_display_footer_widgets":"default","ocean_display_footer_bottom":"default","ocean_custom_footer_template":""},"product_brand":[],"product_cat":[105,128],"product_tag":[],"class_list":{"0":"post-29788","1":"product","2":"type-product","3":"status-publish","4":"has-post-thumbnail","6":"product_cat-playstation-2","7":"product_cat-ultimas-entradas","9":"entry","10":"has-media","12":"first","13":"instock","14":"taxable","15":"shipping-taxable","16":"purchasable","17":"product-type-simple","18":"has-product-nav","19":"col","20":"span_1_of_3","21":"owp-content-center","22":"owp-thumbs-layout-horizontal","23":"owp-btn-normal","24":"owp-tabs-layout-horizontal","25":"has-no-thumbnails"},"aioseo_notices":[],"_links":{"self":[{"href":"https:\/\/kaotostore.com\/en\/wp-json\/wp\/v2\/product\/29788","targetHints":{"allow":["GET"]}}],"collection":[{"href":"https:\/\/kaotostore.com\/en\/wp-json\/wp\/v2\/product"}],"about":[{"href":"https:\/\/kaotostore.com\/en\/wp-json\/wp\/v2\/types\/product"}],"wp:featuredmedia":[{"embeddable":true,"href":"https:\/\/kaotostore.com\/en\/wp-json\/wp\/v2\/media\/18399"}],"wp:attachment":[{"href":"https:\/\/kaotostore.com\/en\/wp-json\/wp\/v2\/media?parent=29788"}],"wp:term":[{"taxonomy":"product_brand","embeddable":true,"href":"https:\/\/kaotostore.com\/en\/wp-json\/wp\/v2\/product_brand?post=29788"},{"taxonomy":"product_cat","embeddable":true,"href":"https:\/\/kaotostore.com\/en\/wp-json\/wp\/v2\/product_cat?post=29788"},{"taxonomy":"product_tag","embeddable":true,"href":"https:\/\/kaotostore.com\/en\/wp-json\/wp\/v2\/product_tag?post=29788"}],"curies":[{"name":"wp","href":"https:\/\/api.w.org\/{rel}","templated":true}]}}