{"id":29595,"date":"2026-03-23T23:55:03","date_gmt":"2026-03-23T22:55:03","guid":{"rendered":"https:\/\/kaotostore.com\/producto\/metal-gear-solid-master-collection-series-x\/"},"modified":"2026-04-09T15:34:56","modified_gmt":"2026-04-09T13:34:56","slug":"metal-gear-solid-master-collection-series-x","status":"publish","type":"product","link":"https:\/\/kaotostore.com\/en\/product\/metal-gear-solid-master-collection-series-x\/","title":{"rendered":"Metal Gear Solid Master Collection SERIES X"},"content":{"rendered":"<div>\n<p>Vuelve el cl\u00e1sico juego de acci\u00f3n sigilosa. <em><strong>Metal Gear Solid: Master Collection Vol.1<\/strong><\/em> a\u00fana el comienzo de la experiencia de juego de <em>Metal Gear<\/em> en un solo paquete. Inf\u00edltrate en fortalezas enemigas de todo el mundo, completa misiones con tus capacidades de sigilo y disfruta de la apasionante trama cinematogr\u00e1fica de la saga <em>Metal Gear<\/em>.<\/p>\n<p>Volume 1 incluye los t\u00edtulos originales y el comienzo de la saga <em>Metal Gear<\/em>, incluidas las versiones originales de <em>Metal Gear<\/em> y <em>Metal Gear 2: Solid Snake<\/em>, <em>Metal Gear Solid<\/em> (que adem\u00e1s incluye VR Missions\/Special Missions), as\u00ed como las versiones de la HD Collection de <em>Metal Gear Solid 2: Sons of Liberty<\/em> y <em>Metal Gear Solid 3: Snake Eater<\/em>.<\/p>\n<p>Cada juego de este volumen tambi\u00e9n incluye un Screenplay Book digital exclusivo y un Master Book que detalla la historia y los personajes del juego. Esta colecci\u00f3n incluye las versiones cl\u00e1sicas de los juegos, con ediciones menores del contenido protegido por derechos de autor.<\/p>\n<p>Quienes adquieran Volume 1 tambi\u00e9n podr\u00e1n acceder a una variedad de contenido extra, incluidas las 2 versiones regionales de <em>Metal Gear<\/em>, la versi\u00f3n original de Snake&#8217;s Revenge (la primera y segunda Digital Graphic Novels en formato v\u00eddeo) y una banda sonora digital.<\/p>\n<\/div>","protected":false},"excerpt":{"rendered":"<p>Vuelve el cl\u00e1sico juego de acci\u00f3n sigilosa. Metal Gear Solid: Master Collection Vol.1 a\u00fana el comienzo de la experiencia de juego de Metal Gear en un solo paquete. Inf\u00edltrate en fortalezas enemigas de todo el mundo, completa misiones con tus capacidades de sigilo y disfruta de la apasionante trama cinematogr\u00e1fica de la saga Metal Gear. [&hellip;]<\/p>\n","protected":false},"featured_media":18114,"template":"","meta":{"ocean_post_layout":"","ocean_both_sidebars_style":"","ocean_both_sidebars_content_width":0,"ocean_both_sidebars_sidebars_width":0,"ocean_sidebar":"","ocean_second_sidebar":"","ocean_disable_margins":"enable","ocean_add_body_class":"","ocean_shortcode_before_top_bar":"","ocean_shortcode_after_top_bar":"","ocean_shortcode_before_header":"","ocean_shortcode_after_header":"","ocean_has_shortcode":"","ocean_shortcode_after_title":"","ocean_shortcode_before_footer_widgets":"","ocean_shortcode_after_footer_widgets":"","ocean_shortcode_before_footer_bottom":"","ocean_shortcode_after_footer_bottom":"","ocean_display_top_bar":"default","ocean_display_header":"default","ocean_header_style":"","ocean_center_header_left_menu":"","ocean_custom_header_template":"","ocean_custom_logo":0,"ocean_custom_retina_logo":0,"ocean_custom_logo_max_width":0,"ocean_custom_logo_tablet_max_width":0,"ocean_custom_logo_mobile_max_width":0,"ocean_custom_logo_max_height":0,"ocean_custom_logo_tablet_max_height":0,"ocean_custom_logo_mobile_max_height":0,"ocean_header_custom_menu":"","ocean_menu_typo_font_family":"","ocean_menu_typo_font_subset":"","ocean_menu_typo_font_size":0,"ocean_menu_typo_font_size_tablet":0,"ocean_menu_typo_font_size_mobile":0,"ocean_menu_typo_font_size_unit":"px","ocean_menu_typo_font_weight":"","ocean_menu_typo_font_weight_tablet":"","ocean_menu_typo_font_weight_mobile":"","ocean_menu_typo_transform":"","ocean_menu_typo_transform_tablet":"","ocean_menu_typo_transform_mobile":"","ocean_menu_typo_line_height":0,"ocean_menu_typo_line_height_tablet":0,"ocean_menu_typo_line_height_mobile":0,"ocean_menu_typo_line_height_unit":"","ocean_menu_typo_spacing":0,"ocean_menu_typo_spacing_tablet":0,"ocean_menu_typo_spacing_mobile":0,"ocean_menu_typo_spacing_unit":"","ocean_menu_link_color":"","ocean_menu_link_color_hover":"","ocean_menu_link_color_active":"","ocean_menu_link_background":"","ocean_menu_link_hover_background":"","ocean_menu_link_active_background":"","ocean_menu_social_links_bg":"","ocean_menu_social_hover_links_bg":"","ocean_menu_social_links_color":"","ocean_menu_social_hover_links_color":"","ocean_disable_title":"default","ocean_disable_heading":"default","ocean_post_title":"","ocean_post_subheading":"","ocean_post_title_style":"","ocean_post_title_background_color":"","ocean_post_title_background":0,"ocean_post_title_bg_image_position":"","ocean_post_title_bg_image_attachment":"","ocean_post_title_bg_image_repeat":"","ocean_post_title_bg_image_size":"","ocean_post_title_height":0,"ocean_post_title_bg_overlay":0.5,"ocean_post_title_bg_overlay_color":"","ocean_disable_breadcrumbs":"default","ocean_breadcrumbs_color":"","ocean_breadcrumbs_separator_color":"","ocean_breadcrumbs_links_color":"","ocean_breadcrumbs_links_hover_color":"","ocean_display_footer_widgets":"default","ocean_display_footer_bottom":"default","ocean_custom_footer_template":""},"product_brand":[],"product_cat":[120,128],"product_tag":[],"class_list":{"0":"post-29595","1":"product","2":"type-product","3":"status-publish","4":"has-post-thumbnail","6":"product_cat-series-x","7":"product_cat-ultimas-entradas","9":"entry","10":"has-media","12":"first","13":"outofstock","14":"taxable","15":"shipping-taxable","16":"purchasable","17":"product-type-simple","18":"col","19":"span_1_of_3","20":"owp-content-center","21":"owp-thumbs-layout-horizontal","22":"owp-btn-normal","23":"owp-tabs-layout-horizontal","24":"has-no-thumbnails"},"aioseo_notices":[],"_links":{"self":[{"href":"https:\/\/kaotostore.com\/en\/wp-json\/wp\/v2\/product\/29595","targetHints":{"allow":["GET"]}}],"collection":[{"href":"https:\/\/kaotostore.com\/en\/wp-json\/wp\/v2\/product"}],"about":[{"href":"https:\/\/kaotostore.com\/en\/wp-json\/wp\/v2\/types\/product"}],"wp:featuredmedia":[{"embeddable":true,"href":"https:\/\/kaotostore.com\/en\/wp-json\/wp\/v2\/media\/18114"}],"wp:attachment":[{"href":"https:\/\/kaotostore.com\/en\/wp-json\/wp\/v2\/media?parent=29595"}],"wp:term":[{"taxonomy":"product_brand","embeddable":true,"href":"https:\/\/kaotostore.com\/en\/wp-json\/wp\/v2\/product_brand?post=29595"},{"taxonomy":"product_cat","embeddable":true,"href":"https:\/\/kaotostore.com\/en\/wp-json\/wp\/v2\/product_cat?post=29595"},{"taxonomy":"product_tag","embeddable":true,"href":"https:\/\/kaotostore.com\/en\/wp-json\/wp\/v2\/product_tag?post=29595"}],"curies":[{"name":"wp","href":"https:\/\/api.w.org\/{rel}","templated":true}]}}