{"id":29572,"date":"2026-03-23T23:54:39","date_gmt":"2026-03-23T22:54:39","guid":{"rendered":"https:\/\/kaotostore.com\/producto\/memorias-de-yharnam\/"},"modified":"2026-03-23T23:54:40","modified_gmt":"2026-03-23T22:54:40","slug":"memorias-de-yharnam","status":"publish","type":"product","link":"https:\/\/kaotostore.com\/en\/product\/memorias-de-yharnam\/","title":{"rendered":"Memorias de Yharnam"},"content":{"rendered":"<p><strong><span><span style=\"color: rgb(255, 5, 5);\">Si desea im\u00e1genes adicionales del producto, puede solicitarlas desde el formulario de contacto o en el email kaototienda@gmail.com<\/span><\/span><\/p>\n<p>-Libro en castellano<\/p>\n<p><\/strong><\/p>\n<div class=\"hr av-k4mqtv6q-4-55f4dd7cfd6f4bd953ce720d106d63c1 hr-custom  avia-builder-el-22  el_after_av_promobox  el_before_av_one_full  hr-center hr-icon-no\">AD\u00c9NTRATE EN LA CIUDAD DE YHARNAM Descubre la historia y los horrores c\u00f3smicos del fen\u00f3meno Bloodborne en una edici\u00f3n ilustrada con m\u00e1s de 45 grabados \u00fanicos. Yharnam, en otro tiempo considerada la c\u00faspide de la civilizaci\u00f3n, sufre una terror\u00edfica maldici\u00f3n. En lo m\u00e1s profundo de las entra\u00f1as de la ciudad se extiende un laberinto subterr\u00e1neo conocido como la Tumba de los Dioses, donde se hall\u00f3 una sustancia \u00fanica: la vieja sangre, un n\u00e9ctar proveniente de los mism\u00edsimos dioses primigenios. Sus descubridores, cegados por sus pecaminosas ambiciones, la consumieron y condenaron a los humanos a caer en desgracia debido a la infecci\u00f3n de las bestias latente en su interior. Tan solo un l\u00facido y resiliente Cazador puede detener la noche antes de que sea eterna.<\/div>\n<p><!----><\/p>","protected":false},"excerpt":{"rendered":"<p>Si desea im\u00e1genes adicionales del producto, puede solicitarlas desde el formulario de contacto o en el email kaototienda@gmail.com -Libro en castellano AD\u00c9NTRATE EN LA CIUDAD DE YHARNAM Descubre la historia y los horrores c\u00f3smicos del fen\u00f3meno Bloodborne en una edici\u00f3n ilustrada con m\u00e1s de 45 grabados \u00fanicos. Yharnam, en otro tiempo considerada la c\u00faspide de [&hellip;]<\/p>\n","protected":false},"featured_media":29579,"template":"","meta":{"ocean_post_layout":"","ocean_both_sidebars_style":"","ocean_both_sidebars_content_width":0,"ocean_both_sidebars_sidebars_width":0,"ocean_sidebar":"","ocean_second_sidebar":"","ocean_disable_margins":"enable","ocean_add_body_class":"","ocean_shortcode_before_top_bar":"","ocean_shortcode_after_top_bar":"","ocean_shortcode_before_header":"","ocean_shortcode_after_header":"","ocean_has_shortcode":"","ocean_shortcode_after_title":"","ocean_shortcode_before_footer_widgets":"","ocean_shortcode_after_footer_widgets":"","ocean_shortcode_before_footer_bottom":"","ocean_shortcode_after_footer_bottom":"","ocean_display_top_bar":"default","ocean_display_header":"default","ocean_header_style":"","ocean_center_header_left_menu":"","ocean_custom_header_template":"","ocean_custom_logo":0,"ocean_custom_retina_logo":0,"ocean_custom_logo_max_width":0,"ocean_custom_logo_tablet_max_width":0,"ocean_custom_logo_mobile_max_width":0,"ocean_custom_logo_max_height":0,"ocean_custom_logo_tablet_max_height":0,"ocean_custom_logo_mobile_max_height":0,"ocean_header_custom_menu":"","ocean_menu_typo_font_family":"","ocean_menu_typo_font_subset":"","ocean_menu_typo_font_size":0,"ocean_menu_typo_font_size_tablet":0,"ocean_menu_typo_font_size_mobile":0,"ocean_menu_typo_font_size_unit":"px","ocean_menu_typo_font_weight":"","ocean_menu_typo_font_weight_tablet":"","ocean_menu_typo_font_weight_mobile":"","ocean_menu_typo_transform":"","ocean_menu_typo_transform_tablet":"","ocean_menu_typo_transform_mobile":"","ocean_menu_typo_line_height":0,"ocean_menu_typo_line_height_tablet":0,"ocean_menu_typo_line_height_mobile":0,"ocean_menu_typo_line_height_unit":"","ocean_menu_typo_spacing":0,"ocean_menu_typo_spacing_tablet":0,"ocean_menu_typo_spacing_mobile":0,"ocean_menu_typo_spacing_unit":"","ocean_menu_link_color":"","ocean_menu_link_color_hover":"","ocean_menu_link_color_active":"","ocean_menu_link_background":"","ocean_menu_link_hover_background":"","ocean_menu_link_active_background":"","ocean_menu_social_links_bg":"","ocean_menu_social_hover_links_bg":"","ocean_menu_social_links_color":"","ocean_menu_social_hover_links_color":"","ocean_disable_title":"default","ocean_disable_heading":"default","ocean_post_title":"","ocean_post_subheading":"","ocean_post_title_style":"","ocean_post_title_background_color":"","ocean_post_title_background":0,"ocean_post_title_bg_image_position":"","ocean_post_title_bg_image_attachment":"","ocean_post_title_bg_image_repeat":"","ocean_post_title_bg_image_size":"","ocean_post_title_height":0,"ocean_post_title_bg_overlay":0.5,"ocean_post_title_bg_overlay_color":"","ocean_disable_breadcrumbs":"default","ocean_breadcrumbs_color":"","ocean_breadcrumbs_separator_color":"","ocean_breadcrumbs_links_color":"","ocean_breadcrumbs_links_hover_color":"","ocean_display_footer_widgets":"default","ocean_display_footer_bottom":"default","ocean_custom_footer_template":""},"product_brand":[],"product_cat":[71,98,128],"product_tag":[],"class_list":{"0":"post-29572","1":"product","2":"type-product","3":"status-publish","4":"has-post-thumbnail","6":"product_cat-artbooks-libros-de-divulgacion-comic-manga-guias","7":"product_cat-novedades","8":"product_cat-ultimas-entradas","10":"entry","11":"has-media","13":"first","14":"instock","15":"taxable","16":"shipping-taxable","17":"purchasable","18":"product-type-simple","19":"has-product-nav","20":"col","21":"span_1_of_3","22":"owp-content-center","23":"owp-thumbs-layout-horizontal","24":"owp-btn-normal","25":"owp-tabs-layout-horizontal"},"aioseo_notices":[],"_links":{"self":[{"href":"https:\/\/kaotostore.com\/en\/wp-json\/wp\/v2\/product\/29572","targetHints":{"allow":["GET"]}}],"collection":[{"href":"https:\/\/kaotostore.com\/en\/wp-json\/wp\/v2\/product"}],"about":[{"href":"https:\/\/kaotostore.com\/en\/wp-json\/wp\/v2\/types\/product"}],"wp:featuredmedia":[{"embeddable":true,"href":"https:\/\/kaotostore.com\/en\/wp-json\/wp\/v2\/media\/29579"}],"wp:attachment":[{"href":"https:\/\/kaotostore.com\/en\/wp-json\/wp\/v2\/media?parent=29572"}],"wp:term":[{"taxonomy":"product_brand","embeddable":true,"href":"https:\/\/kaotostore.com\/en\/wp-json\/wp\/v2\/product_brand?post=29572"},{"taxonomy":"product_cat","embeddable":true,"href":"https:\/\/kaotostore.com\/en\/wp-json\/wp\/v2\/product_cat?post=29572"},{"taxonomy":"product_tag","embeddable":true,"href":"https:\/\/kaotostore.com\/en\/wp-json\/wp\/v2\/product_tag?post=29572"}],"curies":[{"name":"wp","href":"https:\/\/api.w.org\/{rel}","templated":true}]}}