{"id":29551,"date":"2026-03-23T23:54:18","date_gmt":"2026-03-23T22:54:18","guid":{"rendered":"https:\/\/kaotostore.com\/producto\/mega-drive-legends\/"},"modified":"2026-03-23T23:54:18","modified_gmt":"2026-03-23T22:54:18","slug":"mega-drive-legends","status":"publish","type":"product","link":"https:\/\/kaotostore.com\/en\/product\/mega-drive-legends\/","title":{"rendered":"Mega Drive Legends"},"content":{"rendered":"<p><strong>-Libro en castellano<\/strong><\/p>\n<div class=\"av_promobox av-k4mqomu3-f844351c262b0e2803e99596238a56bb avia-button-yes  avia-builder-el-21  el_after_av_hr  el_before_av_hr\">\n<div class=\"avia-promocontent\"><\/div>\n<div class=\"avia-button-wrap av-k4mqomu3-dca8eb8e8b9f1a1515914c35cd629cbf-wrap avia-button-right\"><\/div>\n<\/div>\n<div class=\"hr av-k4mqtv6q-4-55f4dd7cfd6f4bd953ce720d106d63c1 hr-custom  avia-builder-el-22  el_after_av_promobox  el_before_av_one_full  hr-center hr-icon-no\">\n<span class=\"hr-inner inner-border-av-border-thin\"><span class=\"hr-inner-style\"><\/span><\/span>\n<\/div>\n<div class=\"flex_column av-3ocrbr-4026a1861abed1b446652b0d0a24bf83 av_one_full  avia-builder-el-23  el_after_av_hr  el_before_av_one_half  first flex_column_div av-zero-column-padding\">\n<section class=\"av_textblock_section av-zg2vuf-6f0bc0891d770ad4f32bf72db197d79e\" itemscope=\"itemscope\" itemtype=\"https:\/\/schema.org\/CreativeWork\">\n<div class=\"avia_textblock\" itemprop=\"text\">\n<p>El 29 de octubre de 1988 fue una fecha clave en\u00a0la historia del videojuego. En ese d\u00eda,<span>\u00a0<\/span><strong>Mega Drive<\/strong>,\u00a0la primera consola de<span>\u00a0<\/span><strong>16 bits<\/strong>, fue lanzada al mercado.<span>\u00a0<\/span><strong>Sega<\/strong><span>\u00a0<\/span>apost\u00f3 todo a una carta, el monopolio de<span>\u00a0<\/span><strong>Nintendo<span>\u00a0<\/span><\/strong>y su<span>\u00a0<\/span><strong>NES<span>\u00a0<\/span><\/strong>as\u00ed lo requer\u00eda. No se lo pusieron f\u00e1cil, pero su tremenda calidad\u00a0y, sobre todo,\u00a0el buen hacer de toda la gente que tuvo a bien prestarle\u00a0apoyo, lograron lo imposible: aquella m\u00e1quina azabache de sugerentes curvas fue capaz de doblegar a<span>\u00a0<\/span><strong>La gran N<\/strong>; por lo menos, fuera de Jap\u00f3n.<\/p>\n<p><strong>Mega Drive Legends<\/strong><span>\u00a0<\/span>quiere rendir un profundo y sincero homenaje a la\u00a0consola que marc\u00f3 una \u00e9poca y a toda una generaci\u00f3n. Un libro que lleva gest\u00e1ndose\u00a0desde abril del 2015, poco a poco, con buena letra, y grandes dosis de pasi\u00f3n \u201c<strong>Seguera<\/strong>\u201c; nacido de la necesidad de sus creadores por dar forma a un material \u00fanico, escrito y concebido en castellano, por gente que vivi\u00f3 aquella \u00e9poca desde su edad m\u00e1s temprana.<br \/>En sus p\u00e1ginas, podr\u00e1s encontrar retrospectivas de los<span>\u00a0<\/span><strong>154 juegos<\/strong><span>\u00a0<\/span>m\u00e1s legendarios de<span>\u00a0<\/span><strong>Mega Drive<\/strong>,\u00a0as\u00ed como un detallado repaso a la<span>\u00a0<\/span><strong>historia de la consola<\/strong>,<span>\u00a0<\/span><strong>modelos<\/strong>,<span>\u00a0<\/span><strong>tipos de cartuchos<\/strong>,<span>\u00a0<\/span><strong>perif\u00e9ricos<\/strong>,\u00a0<strong>campa\u00f1as publicitarias<\/strong>,<span>\u00a0<\/span><strong>publicaciones de la \u00e9poca<\/strong>,<span>\u00a0<\/span><strong>la creaci\u00f3n de Sonic y el 25 aniversario<\/strong><span>\u00a0<\/span>y centenas de<span>\u00a0<\/span><strong>curiosidades<\/strong>. Adem\u00e1s de informaci\u00f3n in\u00e9dita, como<span>\u00a0<\/span><strong>el proceso de producci\u00f3n de cartuchos en<\/strong><span>\u00a0<\/span><strong>Sega<\/strong>,<span>\u00a0<\/span><strong>c\u00f3mo se llevaban a cabo las traducciones al castellano<\/strong>, o<span>\u00a0<\/span><strong>un d\u00eda en las oficinas de<\/strong><span>\u00a0<\/span><strong>Sega Espa\u00f1a<\/strong>.<br \/>Todo ello sin olvidarnos de las otras leyendas de la consola, las de carne y hueso. Gente como<span>\u00a0<\/span><strong>Yuji Naka<\/strong>,\u00a0<strong>Yuzo Koshiro<\/strong><span>\u00a0<\/span>o<span>\u00a0<\/span><strong>Hideki Sato<\/strong>, reciben su merecido homenaje, junto con<span>\u00a0<\/span><strong>Paco Pastor<\/strong>, expresidente de<span>\u00a0<\/span><strong>Sega Espa\u00f1a<\/strong>, que nos brinda una interesante entrevista en exclusiva.<\/p>\n<p>Para todos los que participan en este proyecto,\u00a0<strong>Mega Drive<\/strong><span>\u00a0<\/span>ha supuesto algo m\u00e1s que una simple consola, algo que, desde bien peque\u00f1os, marc\u00f3 sus vidas. Hoy, convertidos en profesionales o conocidos del sector, acuden a la llamada de los<span>\u00a0<\/span><strong>16 bits<\/strong><span>\u00a0<\/span>para rendir homenaje a aquellas leyendas que hicieron posible el mito de<span>\u00a0<\/span><strong>Sega<\/strong>.<\/p>\n<\/div>\n<\/section>\n<\/div>\n<p><!----><\/p>","protected":false},"excerpt":{"rendered":"<p>-Libro en castellano El 29 de octubre de 1988 fue una fecha clave en\u00a0la historia del videojuego. En ese d\u00eda,\u00a0Mega Drive,\u00a0la primera consola de\u00a016 bits, fue lanzada al mercado.\u00a0Sega\u00a0apost\u00f3 todo a una carta, el monopolio de\u00a0Nintendo\u00a0y su\u00a0NES\u00a0as\u00ed lo requer\u00eda. No se lo pusieron f\u00e1cil, pero su tremenda calidad\u00a0y, sobre todo,\u00a0el buen hacer de toda la [&hellip;]<\/p>\n","protected":false},"featured_media":18040,"template":"","meta":{"ocean_post_layout":"","ocean_both_sidebars_style":"","ocean_both_sidebars_content_width":0,"ocean_both_sidebars_sidebars_width":0,"ocean_sidebar":"","ocean_second_sidebar":"","ocean_disable_margins":"enable","ocean_add_body_class":"","ocean_shortcode_before_top_bar":"","ocean_shortcode_after_top_bar":"","ocean_shortcode_before_header":"","ocean_shortcode_after_header":"","ocean_has_shortcode":"","ocean_shortcode_after_title":"","ocean_shortcode_before_footer_widgets":"","ocean_shortcode_after_footer_widgets":"","ocean_shortcode_before_footer_bottom":"","ocean_shortcode_after_footer_bottom":"","ocean_display_top_bar":"default","ocean_display_header":"default","ocean_header_style":"","ocean_center_header_left_menu":"","ocean_custom_header_template":"","ocean_custom_logo":0,"ocean_custom_retina_logo":0,"ocean_custom_logo_max_width":0,"ocean_custom_logo_tablet_max_width":0,"ocean_custom_logo_mobile_max_width":0,"ocean_custom_logo_max_height":0,"ocean_custom_logo_tablet_max_height":0,"ocean_custom_logo_mobile_max_height":0,"ocean_header_custom_menu":"","ocean_menu_typo_font_family":"","ocean_menu_typo_font_subset":"","ocean_menu_typo_font_size":0,"ocean_menu_typo_font_size_tablet":0,"ocean_menu_typo_font_size_mobile":0,"ocean_menu_typo_font_size_unit":"px","ocean_menu_typo_font_weight":"","ocean_menu_typo_font_weight_tablet":"","ocean_menu_typo_font_weight_mobile":"","ocean_menu_typo_transform":"","ocean_menu_typo_transform_tablet":"","ocean_menu_typo_transform_mobile":"","ocean_menu_typo_line_height":0,"ocean_menu_typo_line_height_tablet":0,"ocean_menu_typo_line_height_mobile":0,"ocean_menu_typo_line_height_unit":"","ocean_menu_typo_spacing":0,"ocean_menu_typo_spacing_tablet":0,"ocean_menu_typo_spacing_mobile":0,"ocean_menu_typo_spacing_unit":"","ocean_menu_link_color":"","ocean_menu_link_color_hover":"","ocean_menu_link_color_active":"","ocean_menu_link_background":"","ocean_menu_link_hover_background":"","ocean_menu_link_active_background":"","ocean_menu_social_links_bg":"","ocean_menu_social_hover_links_bg":"","ocean_menu_social_links_color":"","ocean_menu_social_hover_links_color":"","ocean_disable_title":"default","ocean_disable_heading":"default","ocean_post_title":"","ocean_post_subheading":"","ocean_post_title_style":"","ocean_post_title_background_color":"","ocean_post_title_background":0,"ocean_post_title_bg_image_position":"","ocean_post_title_bg_image_attachment":"","ocean_post_title_bg_image_repeat":"","ocean_post_title_bg_image_size":"","ocean_post_title_height":0,"ocean_post_title_bg_overlay":0.5,"ocean_post_title_bg_overlay_color":"","ocean_disable_breadcrumbs":"default","ocean_breadcrumbs_color":"","ocean_breadcrumbs_separator_color":"","ocean_breadcrumbs_links_color":"","ocean_breadcrumbs_links_hover_color":"","ocean_display_footer_widgets":"default","ocean_display_footer_bottom":"default","ocean_custom_footer_template":""},"product_brand":[],"product_cat":[71,128],"product_tag":[],"class_list":{"0":"post-29551","1":"product","2":"type-product","3":"status-publish","4":"has-post-thumbnail","6":"product_cat-artbooks-libros-de-divulgacion-comic-manga-guias","7":"product_cat-ultimas-entradas","9":"entry","10":"has-media","12":"first","13":"instock","14":"taxable","15":"shipping-taxable","16":"purchasable","17":"product-type-simple","18":"has-product-nav","19":"col","20":"span_1_of_3","21":"owp-content-center","22":"owp-thumbs-layout-horizontal","23":"owp-btn-normal","24":"owp-tabs-layout-horizontal","25":"has-no-thumbnails"},"aioseo_notices":[],"_links":{"self":[{"href":"https:\/\/kaotostore.com\/en\/wp-json\/wp\/v2\/product\/29551","targetHints":{"allow":["GET"]}}],"collection":[{"href":"https:\/\/kaotostore.com\/en\/wp-json\/wp\/v2\/product"}],"about":[{"href":"https:\/\/kaotostore.com\/en\/wp-json\/wp\/v2\/types\/product"}],"wp:featuredmedia":[{"embeddable":true,"href":"https:\/\/kaotostore.com\/en\/wp-json\/wp\/v2\/media\/18040"}],"wp:attachment":[{"href":"https:\/\/kaotostore.com\/en\/wp-json\/wp\/v2\/media?parent=29551"}],"wp:term":[{"taxonomy":"product_brand","embeddable":true,"href":"https:\/\/kaotostore.com\/en\/wp-json\/wp\/v2\/product_brand?post=29551"},{"taxonomy":"product_cat","embeddable":true,"href":"https:\/\/kaotostore.com\/en\/wp-json\/wp\/v2\/product_cat?post=29551"},{"taxonomy":"product_tag","embeddable":true,"href":"https:\/\/kaotostore.com\/en\/wp-json\/wp\/v2\/product_tag?post=29551"}],"curies":[{"name":"wp","href":"https:\/\/api.w.org\/{rel}","templated":true}]}}