{"id":29547,"date":"2026-03-23T23:54:12","date_gmt":"2026-03-23T22:54:12","guid":{"rendered":"https:\/\/kaotostore.com\/producto\/medievil-playstation-4\/"},"modified":"2026-04-09T12:18:42","modified_gmt":"2026-04-09T10:18:42","slug":"medievil-playstation-4","status":"publish","type":"product","link":"https:\/\/kaotostore.com\/en\/product\/medievil-playstation-4\/","title":{"rendered":"Medievil PLAYSTATION 4"},"content":{"rendered":"<div>\n<h4><span><span id=\"ContentPlaceHolder1_lblSinopsis\"><strong><span style=\"color: rgb(255, 5, 5);\">Si desea im\u00e1genes adicionales del producto, puede solicitarlas desde el formulario de contacto o en el email kaototienda@gmail.com<\/span><\/strong><\/span><\/span><\/h4>\n<h4>Empu\u00f1a tu espada, ponte la armadura y convi\u00e9rtete en un verdadero h\u00e9roe no muerto.<\/h4>\n<p>Los peligrosos rompecabezas y encantadores entornos cobran vida en esta remasterizaci\u00f3n completa de la aventura de acci\u00f3n original. Ponte en la piel de Sir Daniel Fortesque, un caballero inepto (y muy muerto) resucitado de forma accidental por el malvado hechicero Zarok, 100 a\u00f1os despu\u00e9s de su vergonzoso fallecimiento.<\/p>\n<p>Con el reino de Gallowmere amenazado por las hordas de demonios de Zarok, el esquel\u00e9tico Sir Dan es la \u00fanica esperanza. El sonriente aventurero no muerto tiene una segunda oportunidad: \u00bfser\u00e1s capaz de derrotar a Zarok y devolverle el honor perdido a Sir Dan?<\/p>\n<h4>Fant\u00e1sticos gr\u00e1ficos<\/h4>\n<p>Disfruta en familia de Gallowmere en todo su esplendor en esta remasterizaci\u00f3n para repleta de detalles visuales mejorados y gran personalidad, y en fant\u00e1stico 4K.<\/p>\n<h4>Una mec\u00e1nica de juego cl\u00e1sica renovada<\/h4>\n<p>Aprovecha al m\u00e1ximo el sistema de c\u00e1mara mejorado y las distintas armas a tu disposici\u00f3n, como espadas encantadas y martillos gigantes, para acabar con criaturas como g\u00e1rgolas, hombres lobo y zombis.<\/p>\n<\/div>","protected":false},"excerpt":{"rendered":"<p>Si desea im\u00e1genes adicionales del producto, puede solicitarlas desde el formulario de contacto o en el email kaototienda@gmail.com Empu\u00f1a tu espada, ponte la armadura y convi\u00e9rtete en un verdadero h\u00e9roe no muerto. Los peligrosos rompecabezas y encantadores entornos cobran vida en esta remasterizaci\u00f3n completa de la aventura de acci\u00f3n original. Ponte en la piel de [&hellip;]<\/p>\n","protected":false},"featured_media":18036,"template":"","meta":{"ocean_post_layout":"","ocean_both_sidebars_style":"","ocean_both_sidebars_content_width":0,"ocean_both_sidebars_sidebars_width":0,"ocean_sidebar":"","ocean_second_sidebar":"","ocean_disable_margins":"enable","ocean_add_body_class":"","ocean_shortcode_before_top_bar":"","ocean_shortcode_after_top_bar":"","ocean_shortcode_before_header":"","ocean_shortcode_after_header":"","ocean_has_shortcode":"","ocean_shortcode_after_title":"","ocean_shortcode_before_footer_widgets":"","ocean_shortcode_after_footer_widgets":"","ocean_shortcode_before_footer_bottom":"","ocean_shortcode_after_footer_bottom":"","ocean_display_top_bar":"default","ocean_display_header":"default","ocean_header_style":"","ocean_center_header_left_menu":"","ocean_custom_header_template":"","ocean_custom_logo":0,"ocean_custom_retina_logo":0,"ocean_custom_logo_max_width":0,"ocean_custom_logo_tablet_max_width":0,"ocean_custom_logo_mobile_max_width":0,"ocean_custom_logo_max_height":0,"ocean_custom_logo_tablet_max_height":0,"ocean_custom_logo_mobile_max_height":0,"ocean_header_custom_menu":"","ocean_menu_typo_font_family":"","ocean_menu_typo_font_subset":"","ocean_menu_typo_font_size":0,"ocean_menu_typo_font_size_tablet":0,"ocean_menu_typo_font_size_mobile":0,"ocean_menu_typo_font_size_unit":"px","ocean_menu_typo_font_weight":"","ocean_menu_typo_font_weight_tablet":"","ocean_menu_typo_font_weight_mobile":"","ocean_menu_typo_transform":"","ocean_menu_typo_transform_tablet":"","ocean_menu_typo_transform_mobile":"","ocean_menu_typo_line_height":0,"ocean_menu_typo_line_height_tablet":0,"ocean_menu_typo_line_height_mobile":0,"ocean_menu_typo_line_height_unit":"","ocean_menu_typo_spacing":0,"ocean_menu_typo_spacing_tablet":0,"ocean_menu_typo_spacing_mobile":0,"ocean_menu_typo_spacing_unit":"","ocean_menu_link_color":"","ocean_menu_link_color_hover":"","ocean_menu_link_color_active":"","ocean_menu_link_background":"","ocean_menu_link_hover_background":"","ocean_menu_link_active_background":"","ocean_menu_social_links_bg":"","ocean_menu_social_hover_links_bg":"","ocean_menu_social_links_color":"","ocean_menu_social_hover_links_color":"","ocean_disable_title":"default","ocean_disable_heading":"default","ocean_post_title":"","ocean_post_subheading":"","ocean_post_title_style":"","ocean_post_title_background_color":"","ocean_post_title_background":0,"ocean_post_title_bg_image_position":"","ocean_post_title_bg_image_attachment":"","ocean_post_title_bg_image_repeat":"","ocean_post_title_bg_image_size":"","ocean_post_title_height":0,"ocean_post_title_bg_overlay":0.5,"ocean_post_title_bg_overlay_color":"","ocean_disable_breadcrumbs":"default","ocean_breadcrumbs_color":"","ocean_breadcrumbs_separator_color":"","ocean_breadcrumbs_links_color":"","ocean_breadcrumbs_links_hover_color":"","ocean_display_footer_widgets":"default","ocean_display_footer_bottom":"default","ocean_custom_footer_template":""},"product_brand":[],"product_cat":[107,128],"product_tag":[],"class_list":{"0":"post-29547","1":"product","2":"type-product","3":"status-publish","4":"has-post-thumbnail","6":"product_cat-playstation-4","7":"product_cat-ultimas-entradas","9":"entry","10":"has-media","12":"first","13":"instock","14":"taxable","15":"shipping-taxable","16":"purchasable","17":"product-type-simple","18":"col","19":"span_1_of_3","20":"owp-content-center","21":"owp-thumbs-layout-horizontal","22":"owp-btn-normal","23":"owp-tabs-layout-horizontal","24":"has-no-thumbnails"},"aioseo_notices":[],"_links":{"self":[{"href":"https:\/\/kaotostore.com\/en\/wp-json\/wp\/v2\/product\/29547","targetHints":{"allow":["GET"]}}],"collection":[{"href":"https:\/\/kaotostore.com\/en\/wp-json\/wp\/v2\/product"}],"about":[{"href":"https:\/\/kaotostore.com\/en\/wp-json\/wp\/v2\/types\/product"}],"wp:featuredmedia":[{"embeddable":true,"href":"https:\/\/kaotostore.com\/en\/wp-json\/wp\/v2\/media\/18036"}],"wp:attachment":[{"href":"https:\/\/kaotostore.com\/en\/wp-json\/wp\/v2\/media?parent=29547"}],"wp:term":[{"taxonomy":"product_brand","embeddable":true,"href":"https:\/\/kaotostore.com\/en\/wp-json\/wp\/v2\/product_brand?post=29547"},{"taxonomy":"product_cat","embeddable":true,"href":"https:\/\/kaotostore.com\/en\/wp-json\/wp\/v2\/product_cat?post=29547"},{"taxonomy":"product_tag","embeddable":true,"href":"https:\/\/kaotostore.com\/en\/wp-json\/wp\/v2\/product_tag?post=29547"}],"curies":[{"name":"wp","href":"https:\/\/api.w.org\/{rel}","templated":true}]}}