{"id":29265,"date":"2026-03-23T20:24:17","date_gmt":"2026-03-23T19:24:17","guid":{"rendered":"https:\/\/kaotostore.com\/producto\/maid-of-sker-playstation-5\/"},"modified":"2026-04-09T11:46:40","modified_gmt":"2026-04-09T09:46:40","slug":"maid-of-sker-playstation-5","status":"publish","type":"product","link":"https:\/\/kaotostore.com\/en\/product\/maid-of-sker-playstation-5\/","title":{"rendered":"Maid of Sker PLAYSTATION 5"},"content":{"rendered":"<p>Armado \u00fanicamente con un dispositivo de <strong>sonido defensivo, utilizar\u00e1s t\u00e1cticas de sigilo <\/strong>para <strong>evitar la muerte entre un culto de enemigos de IA basados en sonidos.<\/strong><\/p>\n<p><strong>Juega como Thomas Evans<\/strong>, un m\u00fasico que se ve envuelto en una aventura aterradora para salvar a Elizabeth de su malvado padre. Este, la tiene encerrada y la <strong>obliga a usar habilidad musical como una atracci\u00f3n para alentar el turismo a la isla de Sker,<\/strong> como una vez hizo con su madre. Aunque \u00e9l la menor de sus preocupaciones. <strong>Tras descubrir a una extra\u00f1a criatura<\/strong>, su pesadilla est\u00e1 a punto de empeorar.<\/p>\n<p><strong>Ambientado en 1898 e inspirado en el inquietante cuento gal\u00e9s de Elisabeth Williams, <\/strong>es la historia de un imperio familiar impulsado por la <strong>tortura, la esclavitud, la pirater\u00eda y un misterio sobrenatural <\/strong>que asfixia los terrenos del hotel.<\/p>\n<p>Desarrollado por <strong>Wales Interactive con un argumento <\/strong>elaborado por los guionistas y dise\u00f1adores de <strong>SOMA, The Bunker y Battlefield 1.<\/strong><\/p>\n<p><strong>Caracter\u00edsticas:<\/strong><br \/>\u00a0<\/p>\n<ul>\n<li>Sistema de inteligencia artificial basado en sonidos 3D como mec\u00e1nica principal de supervivencia.<\/li>\n<li>Fusi\u00f3n de terror psicol\u00f3gico, g\u00f3tico y brit\u00e1nico.<\/li>\n<li>Efectos visuales realistas, entornos envolventes y atm\u00f3sferas espeluznantes.<\/li>\n<li>Famosos himnos galeses con la escalofriante voz de Tia Kalmaru<\/li>\n<li>Reimaginaci\u00f3n de la canci\u00f3n popular galesa &#8220;Y Ferch o&#8217;r Sger&#8221; (La doncella de Sker)<\/li>\n<\/ul>","protected":false},"excerpt":{"rendered":"<p>Armado \u00fanicamente con un dispositivo de sonido defensivo, utilizar\u00e1s t\u00e1cticas de sigilo para evitar la muerte entre un culto de enemigos de IA basados en sonidos. Juega como Thomas Evans, un m\u00fasico que se ve envuelto en una aventura aterradora para salvar a Elizabeth de su malvado padre. Este, la tiene encerrada y la obliga [&hellip;]<\/p>\n","protected":false},"featured_media":17574,"template":"","meta":{"ocean_post_layout":"","ocean_both_sidebars_style":"","ocean_both_sidebars_content_width":0,"ocean_both_sidebars_sidebars_width":0,"ocean_sidebar":"","ocean_second_sidebar":"","ocean_disable_margins":"enable","ocean_add_body_class":"","ocean_shortcode_before_top_bar":"","ocean_shortcode_after_top_bar":"","ocean_shortcode_before_header":"","ocean_shortcode_after_header":"","ocean_has_shortcode":"","ocean_shortcode_after_title":"","ocean_shortcode_before_footer_widgets":"","ocean_shortcode_after_footer_widgets":"","ocean_shortcode_before_footer_bottom":"","ocean_shortcode_after_footer_bottom":"","ocean_display_top_bar":"default","ocean_display_header":"default","ocean_header_style":"","ocean_center_header_left_menu":"","ocean_custom_header_template":"","ocean_custom_logo":0,"ocean_custom_retina_logo":0,"ocean_custom_logo_max_width":0,"ocean_custom_logo_tablet_max_width":0,"ocean_custom_logo_mobile_max_width":0,"ocean_custom_logo_max_height":0,"ocean_custom_logo_tablet_max_height":0,"ocean_custom_logo_mobile_max_height":0,"ocean_header_custom_menu":"","ocean_menu_typo_font_family":"","ocean_menu_typo_font_subset":"","ocean_menu_typo_font_size":0,"ocean_menu_typo_font_size_tablet":0,"ocean_menu_typo_font_size_mobile":0,"ocean_menu_typo_font_size_unit":"px","ocean_menu_typo_font_weight":"","ocean_menu_typo_font_weight_tablet":"","ocean_menu_typo_font_weight_mobile":"","ocean_menu_typo_transform":"","ocean_menu_typo_transform_tablet":"","ocean_menu_typo_transform_mobile":"","ocean_menu_typo_line_height":0,"ocean_menu_typo_line_height_tablet":0,"ocean_menu_typo_line_height_mobile":0,"ocean_menu_typo_line_height_unit":"","ocean_menu_typo_spacing":0,"ocean_menu_typo_spacing_tablet":0,"ocean_menu_typo_spacing_mobile":0,"ocean_menu_typo_spacing_unit":"","ocean_menu_link_color":"","ocean_menu_link_color_hover":"","ocean_menu_link_color_active":"","ocean_menu_link_background":"","ocean_menu_link_hover_background":"","ocean_menu_link_active_background":"","ocean_menu_social_links_bg":"","ocean_menu_social_hover_links_bg":"","ocean_menu_social_links_color":"","ocean_menu_social_hover_links_color":"","ocean_disable_title":"default","ocean_disable_heading":"default","ocean_post_title":"","ocean_post_subheading":"","ocean_post_title_style":"","ocean_post_title_background_color":"","ocean_post_title_background":0,"ocean_post_title_bg_image_position":"","ocean_post_title_bg_image_attachment":"","ocean_post_title_bg_image_repeat":"","ocean_post_title_bg_image_size":"","ocean_post_title_height":0,"ocean_post_title_bg_overlay":0.5,"ocean_post_title_bg_overlay_color":"","ocean_disable_breadcrumbs":"default","ocean_breadcrumbs_color":"","ocean_breadcrumbs_separator_color":"","ocean_breadcrumbs_links_color":"","ocean_breadcrumbs_links_hover_color":"","ocean_display_footer_widgets":"default","ocean_display_footer_bottom":"default","ocean_custom_footer_template":""},"product_brand":[],"product_cat":[98,108,128],"product_tag":[],"class_list":{"0":"post-29265","1":"product","2":"type-product","3":"status-publish","4":"has-post-thumbnail","6":"product_cat-novedades","7":"product_cat-playstation-5","8":"product_cat-ultimas-entradas","10":"entry","11":"has-media","13":"first","14":"instock","15":"taxable","16":"shipping-taxable","17":"purchasable","18":"product-type-simple","19":"col","20":"span_1_of_3","21":"owp-content-center","22":"owp-thumbs-layout-horizontal","23":"owp-btn-normal","24":"owp-tabs-layout-horizontal"},"aioseo_notices":[],"_links":{"self":[{"href":"https:\/\/kaotostore.com\/en\/wp-json\/wp\/v2\/product\/29265","targetHints":{"allow":["GET"]}}],"collection":[{"href":"https:\/\/kaotostore.com\/en\/wp-json\/wp\/v2\/product"}],"about":[{"href":"https:\/\/kaotostore.com\/en\/wp-json\/wp\/v2\/types\/product"}],"wp:featuredmedia":[{"embeddable":true,"href":"https:\/\/kaotostore.com\/en\/wp-json\/wp\/v2\/media\/17574"}],"wp:attachment":[{"href":"https:\/\/kaotostore.com\/en\/wp-json\/wp\/v2\/media?parent=29265"}],"wp:term":[{"taxonomy":"product_brand","embeddable":true,"href":"https:\/\/kaotostore.com\/en\/wp-json\/wp\/v2\/product_brand?post=29265"},{"taxonomy":"product_cat","embeddable":true,"href":"https:\/\/kaotostore.com\/en\/wp-json\/wp\/v2\/product_cat?post=29265"},{"taxonomy":"product_tag","embeddable":true,"href":"https:\/\/kaotostore.com\/en\/wp-json\/wp\/v2\/product_tag?post=29265"}],"curies":[{"name":"wp","href":"https:\/\/api.w.org\/{rel}","templated":true}]}}