{"id":29177,"date":"2026-03-23T20:22:18","date_gmt":"2026-03-23T19:22:18","guid":{"rendered":"https:\/\/kaotostore.com\/producto\/loop-hero-switch\/"},"modified":"2026-05-05T15:34:33","modified_gmt":"2026-05-05T13:34:33","slug":"loop-hero-switch","status":"publish","type":"product","link":"https:\/\/kaotostore.com\/en\/product\/loop-hero-switch\/","title":{"rendered":"Loop Hero SWITCH"},"content":{"rendered":"<div class=\"row row-content\">\n<div class=\"col-xs-12 content\">\n<p>Utiliza una <strong>baraja creciente de cartas m\u00edsticas <\/strong>para situar enemigos, edificios y terrenos en cada bucle de expedici\u00f3n \u00fanico para el valiente h\u00e9roe. Recupera y equipa poderosos objetos para cada clase de h\u00e9roe en sus batallas, y ampl\u00eda el campamento de los supervivientes para reforzar cada aventura en el bucle.<\/p>\n<p>Desbloquea <strong>nuevas clases, nuevas cartas, ventajas y taimados guardianes <\/strong>en tu misi\u00f3n de romper el ciclo eterno de desesperaci\u00f3n Desbloquea nuevas clases, nuevas cartas, ventajas y taimados guardianes en tu misi\u00f3n de romper el ciclo eterno de desesperaci\u00f3n.<\/p>\n<p><strong>Caracter\u00edsticas:<\/strong><br \/>\u00a0<\/p>\n<ul>\n<li>Aventura infinita: elige entre las clases de personaje desbloqueables y las cartas de la baraja antes de embarcarte en cada expedici\u00f3n por un bucle generado de forma aleatoria. Ninguna expedici\u00f3n es igual que las anteriores.<\/li>\n<li>Planifica tu batalla: sit\u00faa de forma estrat\u00e9gica las cartas de edificios, terrenos y enemigos en cada bucle para crear tu propia ruta peligrosa. Busca el equilibrio entre las cartas para aumentar tus opciones de supervivencia al tiempo que recuperas valiosos tesoros y recursos para tu campamento.<\/li>\n<li>Tesoros y mejoras: acaba con criaturas amenazadoras, recupera objetos m\u00e1s fuertes para equiparlos sobre la marcha y desbloquea nuevas ventajas por el camino.<\/li>\n<li>Ampl\u00eda tu campamento: convierte los recursos que tanto te ha costado conseguir en mejoras para el campamento y consigue valiosos refuerzos con cada bucle completado en la ruta de la expedici\u00f3n.<\/li>\n<li>Salva al mundo perdido: \u00a1vence a una serie de imp\u00edos jefes guardianes en una grandiosa saga con el objetivo de salvar el mundo y romper el bucle temporal del Liche!<\/li>\n<\/ul>\n<\/div>\n<\/div>\n<p><!----><\/p>","protected":false},"excerpt":{"rendered":"<p>Utiliza una baraja creciente de cartas m\u00edsticas para situar enemigos, edificios y terrenos en cada bucle de expedici\u00f3n \u00fanico para el valiente h\u00e9roe. Recupera y equipa poderosos objetos para cada clase de h\u00e9roe en sus batallas, y ampl\u00eda el campamento de los supervivientes para reforzar cada aventura en el bucle. Desbloquea nuevas clases, nuevas cartas, [&hellip;]<\/p>\n","protected":false},"featured_media":14181,"template":"","meta":{"ocean_post_layout":"","ocean_both_sidebars_style":"","ocean_both_sidebars_content_width":0,"ocean_both_sidebars_sidebars_width":0,"ocean_sidebar":"","ocean_second_sidebar":"","ocean_disable_margins":"enable","ocean_add_body_class":"","ocean_shortcode_before_top_bar":"","ocean_shortcode_after_top_bar":"","ocean_shortcode_before_header":"","ocean_shortcode_after_header":"","ocean_has_shortcode":"","ocean_shortcode_after_title":"","ocean_shortcode_before_footer_widgets":"","ocean_shortcode_after_footer_widgets":"","ocean_shortcode_before_footer_bottom":"","ocean_shortcode_after_footer_bottom":"","ocean_display_top_bar":"default","ocean_display_header":"default","ocean_header_style":"","ocean_center_header_left_menu":"","ocean_custom_header_template":"","ocean_custom_logo":0,"ocean_custom_retina_logo":0,"ocean_custom_logo_max_width":0,"ocean_custom_logo_tablet_max_width":0,"ocean_custom_logo_mobile_max_width":0,"ocean_custom_logo_max_height":0,"ocean_custom_logo_tablet_max_height":0,"ocean_custom_logo_mobile_max_height":0,"ocean_header_custom_menu":"","ocean_menu_typo_font_family":"","ocean_menu_typo_font_subset":"","ocean_menu_typo_font_size":0,"ocean_menu_typo_font_size_tablet":0,"ocean_menu_typo_font_size_mobile":0,"ocean_menu_typo_font_size_unit":"px","ocean_menu_typo_font_weight":"","ocean_menu_typo_font_weight_tablet":"","ocean_menu_typo_font_weight_mobile":"","ocean_menu_typo_transform":"","ocean_menu_typo_transform_tablet":"","ocean_menu_typo_transform_mobile":"","ocean_menu_typo_line_height":0,"ocean_menu_typo_line_height_tablet":0,"ocean_menu_typo_line_height_mobile":0,"ocean_menu_typo_line_height_unit":"","ocean_menu_typo_spacing":0,"ocean_menu_typo_spacing_tablet":0,"ocean_menu_typo_spacing_mobile":0,"ocean_menu_typo_spacing_unit":"","ocean_menu_link_color":"","ocean_menu_link_color_hover":"","ocean_menu_link_color_active":"","ocean_menu_link_background":"","ocean_menu_link_hover_background":"","ocean_menu_link_active_background":"","ocean_menu_social_links_bg":"","ocean_menu_social_hover_links_bg":"","ocean_menu_social_links_color":"","ocean_menu_social_hover_links_color":"","ocean_disable_title":"default","ocean_disable_heading":"default","ocean_post_title":"","ocean_post_subheading":"","ocean_post_title_style":"","ocean_post_title_background_color":"","ocean_post_title_background":0,"ocean_post_title_bg_image_position":"","ocean_post_title_bg_image_attachment":"","ocean_post_title_bg_image_repeat":"","ocean_post_title_bg_image_size":"","ocean_post_title_height":0,"ocean_post_title_bg_overlay":0.5,"ocean_post_title_bg_overlay_color":"","ocean_disable_breadcrumbs":"default","ocean_breadcrumbs_color":"","ocean_breadcrumbs_separator_color":"","ocean_breadcrumbs_links_color":"","ocean_breadcrumbs_links_hover_color":"","ocean_display_footer_widgets":"default","ocean_display_footer_bottom":"default","ocean_custom_footer_template":""},"product_brand":[],"product_cat":[124],"product_tag":[],"class_list":{"0":"post-29177","1":"product","2":"type-product","3":"status-publish","4":"has-post-thumbnail","6":"product_cat-switch","8":"entry","9":"has-media","11":"first","12":"instock","13":"taxable","14":"shipping-taxable","15":"purchasable","16":"product-type-simple","17":"col","18":"span_1_of_3","19":"owp-content-center","20":"owp-thumbs-layout-horizontal","21":"owp-btn-normal","22":"owp-tabs-layout-horizontal"},"aioseo_notices":[],"_links":{"self":[{"href":"https:\/\/kaotostore.com\/en\/wp-json\/wp\/v2\/product\/29177","targetHints":{"allow":["GET"]}}],"collection":[{"href":"https:\/\/kaotostore.com\/en\/wp-json\/wp\/v2\/product"}],"about":[{"href":"https:\/\/kaotostore.com\/en\/wp-json\/wp\/v2\/types\/product"}],"wp:featuredmedia":[{"embeddable":true,"href":"https:\/\/kaotostore.com\/en\/wp-json\/wp\/v2\/media\/14181"}],"wp:attachment":[{"href":"https:\/\/kaotostore.com\/en\/wp-json\/wp\/v2\/media?parent=29177"}],"wp:term":[{"taxonomy":"product_brand","embeddable":true,"href":"https:\/\/kaotostore.com\/en\/wp-json\/wp\/v2\/product_brand?post=29177"},{"taxonomy":"product_cat","embeddable":true,"href":"https:\/\/kaotostore.com\/en\/wp-json\/wp\/v2\/product_cat?post=29177"},{"taxonomy":"product_tag","embeddable":true,"href":"https:\/\/kaotostore.com\/en\/wp-json\/wp\/v2\/product_tag?post=29177"}],"curies":[{"name":"wp","href":"https:\/\/api.w.org\/{rel}","templated":true}]}}