{"id":29137,"date":"2026-03-23T20:21:28","date_gmt":"2026-03-23T19:21:28","guid":{"rendered":"https:\/\/kaotostore.com\/producto\/like-a-dragon-pirate-yakuza-in-hawaii-playstation-5\/"},"modified":"2026-04-09T12:26:43","modified_gmt":"2026-04-09T10:26:43","slug":"like-a-dragon-pirate-yakuza-in-hawaii-playstation-5","status":"publish","type":"product","link":"https:\/\/kaotostore.com\/en\/product\/like-a-dragon-pirate-yakuza-in-hawaii-playstation-5\/","title":{"rendered":"Like a Dragon Pirate Yakuza in Hawaii PLAYSTATION 5"},"content":{"rendered":"<p><strong><span style=\"color: rgb(255, 5, 5);\">Si desea im\u00e1genes adicionales del producto, puede solicitarlas desde el formulario de contacto o en el email kaototienda@gmail.com<\/span><\/strong><\/p>\n<p><strong>Goro Majima<\/strong>, un famoso ex yakuza, aparece de repente en una <strong>isla del Pac\u00edfico <\/strong>tras un naufragio. Sin recordar siquiera su propio nombre, decide zarpar en busca de pistas para recuperar la memoria acompa\u00f1ado por el ni\u00f1o que le salv\u00f3 la vida, Noah. Pronto, ambos se ver\u00e1n implicados en un conflicto entre despiadados criminales, piratas modernos y todo tipo de canallas para conseguir un tesoro legendario.<\/p>\n<p><strong>Consigue tu propio barco<\/strong><br \/>Re\u00fane a una singular tripulaci\u00f3n mientras mejoras tu barco para explorar los mares, y forja tu leyenda con disparos de ca\u00f1\u00f3n, amistades inesperadas e innumerables riquezas que encontrar\u00e1s por el camino. Cuando un barco pirata enemigo te descubra, dar\u00e1 comienzo una emocionante batalla a ca\u00f1onazos en tiempo real.<\/p>\n<p>Col\u00f3cate en posici\u00f3n r\u00e1pidamente para evitar los disparos, e inflige un golpe devastador al enemigo para abordar su barco y acabar con su capit\u00e1n en una lucha a muerte entre tripulaciones. Conquista los mares, descubre islas ocultas y hazte con un bot\u00edn inmenso, \u00a1como un verdadero pirata yakuza!<\/p>\n<p><strong>Reparte candela en combates creativos<\/strong><br \/>Cambia din\u00e1micamente entre los estilos de lucha &#8220;Perro Loco&#8221; y &#8220;Lobo de Mar&#8221; para combinar ataques y lograr combos explosivos, esquivas y derribos a\u00e9reos que recompensar\u00e1n tu creatividad con una acci\u00f3n desbordante.<\/p>\n<p>En el estilo &#8220;<strong>Perro Loco&#8221;<\/strong>, usa tu velocidad, agilidad y talento para infligir golpes precisos y poderosos con los que aturdir a tus enemigos.<\/p>","protected":false},"excerpt":{"rendered":"<p>Si desea im\u00e1genes adicionales del producto, puede solicitarlas desde el formulario de contacto o en el email kaototienda@gmail.com Goro Majima, un famoso ex yakuza, aparece de repente en una isla del Pac\u00edfico tras un naufragio. Sin recordar siquiera su propio nombre, decide zarpar en busca de pistas para recuperar la memoria acompa\u00f1ado por el ni\u00f1o [&hellip;]<\/p>\n","protected":false},"featured_media":13963,"template":"","meta":{"ocean_post_layout":"","ocean_both_sidebars_style":"","ocean_both_sidebars_content_width":0,"ocean_both_sidebars_sidebars_width":0,"ocean_sidebar":"","ocean_second_sidebar":"","ocean_disable_margins":"enable","ocean_add_body_class":"","ocean_shortcode_before_top_bar":"","ocean_shortcode_after_top_bar":"","ocean_shortcode_before_header":"","ocean_shortcode_after_header":"","ocean_has_shortcode":"","ocean_shortcode_after_title":"","ocean_shortcode_before_footer_widgets":"","ocean_shortcode_after_footer_widgets":"","ocean_shortcode_before_footer_bottom":"","ocean_shortcode_after_footer_bottom":"","ocean_display_top_bar":"default","ocean_display_header":"default","ocean_header_style":"","ocean_center_header_left_menu":"","ocean_custom_header_template":"","ocean_custom_logo":0,"ocean_custom_retina_logo":0,"ocean_custom_logo_max_width":0,"ocean_custom_logo_tablet_max_width":0,"ocean_custom_logo_mobile_max_width":0,"ocean_custom_logo_max_height":0,"ocean_custom_logo_tablet_max_height":0,"ocean_custom_logo_mobile_max_height":0,"ocean_header_custom_menu":"","ocean_menu_typo_font_family":"","ocean_menu_typo_font_subset":"","ocean_menu_typo_font_size":0,"ocean_menu_typo_font_size_tablet":0,"ocean_menu_typo_font_size_mobile":0,"ocean_menu_typo_font_size_unit":"px","ocean_menu_typo_font_weight":"","ocean_menu_typo_font_weight_tablet":"","ocean_menu_typo_font_weight_mobile":"","ocean_menu_typo_transform":"","ocean_menu_typo_transform_tablet":"","ocean_menu_typo_transform_mobile":"","ocean_menu_typo_line_height":0,"ocean_menu_typo_line_height_tablet":0,"ocean_menu_typo_line_height_mobile":0,"ocean_menu_typo_line_height_unit":"","ocean_menu_typo_spacing":0,"ocean_menu_typo_spacing_tablet":0,"ocean_menu_typo_spacing_mobile":0,"ocean_menu_typo_spacing_unit":"","ocean_menu_link_color":"","ocean_menu_link_color_hover":"","ocean_menu_link_color_active":"","ocean_menu_link_background":"","ocean_menu_link_hover_background":"","ocean_menu_link_active_background":"","ocean_menu_social_links_bg":"","ocean_menu_social_hover_links_bg":"","ocean_menu_social_links_color":"","ocean_menu_social_hover_links_color":"","ocean_disable_title":"default","ocean_disable_heading":"default","ocean_post_title":"","ocean_post_subheading":"","ocean_post_title_style":"","ocean_post_title_background_color":"","ocean_post_title_background":0,"ocean_post_title_bg_image_position":"","ocean_post_title_bg_image_attachment":"","ocean_post_title_bg_image_repeat":"","ocean_post_title_bg_image_size":"","ocean_post_title_height":0,"ocean_post_title_bg_overlay":0.5,"ocean_post_title_bg_overlay_color":"","ocean_disable_breadcrumbs":"default","ocean_breadcrumbs_color":"","ocean_breadcrumbs_separator_color":"","ocean_breadcrumbs_links_color":"","ocean_breadcrumbs_links_hover_color":"","ocean_display_footer_widgets":"default","ocean_display_footer_bottom":"default","ocean_custom_footer_template":""},"product_brand":[],"product_cat":[108,128],"product_tag":[],"class_list":{"0":"post-29137","1":"product","2":"type-product","3":"status-publish","4":"has-post-thumbnail","6":"product_cat-playstation-5","7":"product_cat-ultimas-entradas","9":"entry","10":"has-media","12":"first","13":"instock","14":"taxable","15":"shipping-taxable","16":"purchasable","17":"product-type-simple","18":"col","19":"span_1_of_3","20":"owp-content-center","21":"owp-thumbs-layout-horizontal","22":"owp-btn-normal","23":"owp-tabs-layout-horizontal","24":"has-no-thumbnails"},"aioseo_notices":[],"_links":{"self":[{"href":"https:\/\/kaotostore.com\/en\/wp-json\/wp\/v2\/product\/29137","targetHints":{"allow":["GET"]}}],"collection":[{"href":"https:\/\/kaotostore.com\/en\/wp-json\/wp\/v2\/product"}],"about":[{"href":"https:\/\/kaotostore.com\/en\/wp-json\/wp\/v2\/types\/product"}],"wp:featuredmedia":[{"embeddable":true,"href":"https:\/\/kaotostore.com\/en\/wp-json\/wp\/v2\/media\/13963"}],"wp:attachment":[{"href":"https:\/\/kaotostore.com\/en\/wp-json\/wp\/v2\/media?parent=29137"}],"wp:term":[{"taxonomy":"product_brand","embeddable":true,"href":"https:\/\/kaotostore.com\/en\/wp-json\/wp\/v2\/product_brand?post=29137"},{"taxonomy":"product_cat","embeddable":true,"href":"https:\/\/kaotostore.com\/en\/wp-json\/wp\/v2\/product_cat?post=29137"},{"taxonomy":"product_tag","embeddable":true,"href":"https:\/\/kaotostore.com\/en\/wp-json\/wp\/v2\/product_tag?post=29137"}],"curies":[{"name":"wp","href":"https:\/\/api.w.org\/{rel}","templated":true}]}}