{"id":29036,"date":"2026-03-23T20:19:34","date_gmt":"2026-03-23T19:19:34","guid":{"rendered":"https:\/\/kaotostore.com\/producto\/lego-batman-2-dc-superheroes-wiiu\/"},"modified":"2026-04-09T15:34:55","modified_gmt":"2026-04-09T13:34:55","slug":"lego-batman-2-dc-superheroes-wiiu","status":"publish","type":"product","link":"https:\/\/kaotostore.com\/en\/product\/lego-batman-2-dc-superheroes-wiiu\/","title":{"rendered":"LEGO Batman 2 DC Superheroes WIIU"},"content":{"rendered":"<p>En LEGO Batman 2 DC Super Heroes, al d\u00fao formado por Batman y Robin se le unen otros s\u00faper-h\u00e9roes famosos del Universo DC tales como Superman, Wonder Woman y Linterna Verde, para ayudar a salvar Gotham City de la destrucci\u00f3n a manos de los famosos villanos Lex Luthor y el Joker. Seguidores de Batman de todas las edades podr\u00e1n disfrutar de una nueva y original historia llena de la acci\u00f3n y el humor t\u00edpicos de los videojuegos de LEGO, para luchar y poner de nuevo a los villanos entre rejas.<\/p>\n<p>El juego se basa en la acci\u00f3n y la experiencia de juego cooperativa ofreciendo a los fans un divertido ambiente de Gotham City, lleno de personajes geniales, grandes opciones de personalizaci\u00f3n y un mont\u00f3n de sorpresas que familias, j\u00f3venes jugadores y fans del universo DC podr\u00e1n disfrutar juntos.<\/p>\n<p>LEGO Batman 2 DC Super Heroes permite a los jugadores explorar nuevas \u00e1reas de Gotham City, utilizando una gran variedad de veh\u00edculos, incluyendo el Batmovil y el Batwing. Adem\u00e1s, luchar\u00e1n por la justicia utilizando nuevos gadgets y trajes, como el Power Suit de Batman y el Hazard Cannon de Robin y nuevas habilidades como el vuelo, el s\u00faper aliento y la visi\u00f3n infrarroja.<\/p>\n<p>&nbsp;<\/p>","protected":false},"excerpt":{"rendered":"<p>En LEGO Batman 2 DC Super Heroes, al d\u00fao formado por Batman y Robin se le unen otros s\u00faper-h\u00e9roes famosos del Universo DC tales como Superman, Wonder Woman y Linterna Verde, para ayudar a salvar Gotham City de la destrucci\u00f3n a manos de los famosos villanos Lex Luthor y el Joker. Seguidores de Batman de [&hellip;]<\/p>\n","protected":false},"featured_media":13459,"template":"","meta":{"ocean_post_layout":"","ocean_both_sidebars_style":"","ocean_both_sidebars_content_width":0,"ocean_both_sidebars_sidebars_width":0,"ocean_sidebar":"0","ocean_second_sidebar":"0","ocean_disable_margins":"enable","ocean_add_body_class":"","ocean_shortcode_before_top_bar":"","ocean_shortcode_after_top_bar":"","ocean_shortcode_before_header":"","ocean_shortcode_after_header":"","ocean_has_shortcode":"","ocean_shortcode_after_title":"","ocean_shortcode_before_footer_widgets":"","ocean_shortcode_after_footer_widgets":"","ocean_shortcode_before_footer_bottom":"","ocean_shortcode_after_footer_bottom":"","ocean_display_top_bar":"default","ocean_display_header":"default","ocean_header_style":"","ocean_center_header_left_menu":"0","ocean_custom_header_template":"0","ocean_custom_logo":0,"ocean_custom_retina_logo":0,"ocean_custom_logo_max_width":0,"ocean_custom_logo_tablet_max_width":0,"ocean_custom_logo_mobile_max_width":0,"ocean_custom_logo_max_height":0,"ocean_custom_logo_tablet_max_height":0,"ocean_custom_logo_mobile_max_height":0,"ocean_header_custom_menu":"0","ocean_menu_typo_font_family":"0","ocean_menu_typo_font_subset":"","ocean_menu_typo_font_size":0,"ocean_menu_typo_font_size_tablet":0,"ocean_menu_typo_font_size_mobile":0,"ocean_menu_typo_font_size_unit":"px","ocean_menu_typo_font_weight":"","ocean_menu_typo_font_weight_tablet":"","ocean_menu_typo_font_weight_mobile":"","ocean_menu_typo_transform":"","ocean_menu_typo_transform_tablet":"","ocean_menu_typo_transform_mobile":"","ocean_menu_typo_line_height":0,"ocean_menu_typo_line_height_tablet":0,"ocean_menu_typo_line_height_mobile":0,"ocean_menu_typo_line_height_unit":"","ocean_menu_typo_spacing":0,"ocean_menu_typo_spacing_tablet":0,"ocean_menu_typo_spacing_mobile":0,"ocean_menu_typo_spacing_unit":"","ocean_menu_link_color":"","ocean_menu_link_color_hover":"","ocean_menu_link_color_active":"","ocean_menu_link_background":"","ocean_menu_link_hover_background":"","ocean_menu_link_active_background":"","ocean_menu_social_links_bg":"","ocean_menu_social_hover_links_bg":"","ocean_menu_social_links_color":"","ocean_menu_social_hover_links_color":"","ocean_disable_title":"default","ocean_disable_heading":"default","ocean_post_title":"","ocean_post_subheading":"","ocean_post_title_style":"","ocean_post_title_background_color":"","ocean_post_title_background":0,"ocean_post_title_bg_image_position":"","ocean_post_title_bg_image_attachment":"","ocean_post_title_bg_image_repeat":"","ocean_post_title_bg_image_size":"","ocean_post_title_height":0,"ocean_post_title_bg_overlay":0.5,"ocean_post_title_bg_overlay_color":"","ocean_disable_breadcrumbs":"default","ocean_breadcrumbs_color":"","ocean_breadcrumbs_separator_color":"","ocean_breadcrumbs_links_color":"","ocean_breadcrumbs_links_hover_color":"","ocean_display_footer_widgets":"default","ocean_display_footer_bottom":"default","ocean_custom_footer_template":"0"},"product_brand":[],"product_cat":[128,133],"product_tag":[],"class_list":{"0":"post-29036","1":"product","2":"type-product","3":"status-publish","4":"has-post-thumbnail","6":"product_cat-ultimas-entradas","7":"product_cat-wiiu","9":"entry","10":"has-media","12":"first","13":"outofstock","14":"taxable","15":"shipping-taxable","16":"purchasable","17":"product-type-simple","18":"col","19":"span_1_of_3","20":"owp-content-center","21":"owp-thumbs-layout-horizontal","22":"owp-btn-normal","23":"owp-tabs-layout-horizontal","24":"has-no-thumbnails"},"aioseo_notices":[],"_links":{"self":[{"href":"https:\/\/kaotostore.com\/en\/wp-json\/wp\/v2\/product\/29036","targetHints":{"allow":["GET"]}}],"collection":[{"href":"https:\/\/kaotostore.com\/en\/wp-json\/wp\/v2\/product"}],"about":[{"href":"https:\/\/kaotostore.com\/en\/wp-json\/wp\/v2\/types\/product"}],"wp:featuredmedia":[{"embeddable":true,"href":"https:\/\/kaotostore.com\/en\/wp-json\/wp\/v2\/media\/13459"}],"wp:attachment":[{"href":"https:\/\/kaotostore.com\/en\/wp-json\/wp\/v2\/media?parent=29036"}],"wp:term":[{"taxonomy":"product_brand","embeddable":true,"href":"https:\/\/kaotostore.com\/en\/wp-json\/wp\/v2\/product_brand?post=29036"},{"taxonomy":"product_cat","embeddable":true,"href":"https:\/\/kaotostore.com\/en\/wp-json\/wp\/v2\/product_cat?post=29036"},{"taxonomy":"product_tag","embeddable":true,"href":"https:\/\/kaotostore.com\/en\/wp-json\/wp\/v2\/product_tag?post=29036"}],"curies":[{"name":"wp","href":"https:\/\/api.w.org\/{rel}","templated":true}]}}