{"id":29000,"date":"2026-03-23T20:18:58","date_gmt":"2026-03-23T19:18:58","guid":{"rendered":"https:\/\/kaotostore.com\/producto\/lara-croft-tomb-raider-anniversary-wii\/"},"modified":"2026-04-09T11:46:53","modified_gmt":"2026-04-09T09:46:53","slug":"lara-croft-tomb-raider-anniversary-wii","status":"publish","type":"product","link":"https:\/\/kaotostore.com\/en\/product\/lara-croft-tomb-raider-anniversary-wii\/","title":{"rendered":"Lara Croft Tomb Raider Anniversary WII"},"content":{"rendered":"<p><strong><span style=\"color: #ff0505;\">Si desea im\u00e1genes adicionales del producto, puede solicitarlas desde el formulario de contacto o en el email kaototienda@gmail.com<\/p>\n<p><\/span><\/strong><\/p>\n<div class=\"accordion\">\n<div id=\"accordion-0\" class=\"accordion-item accordion-item-\">\n<div class=\"accordion-content\">\n<div class=\"accordion-content-inner\">\n<div class=\"product-details-content\">\n<div class=\"product-cms-description\">\n<div class=\"accordion\">\n<div id=\"accordion-0\" class=\"accordion-item accordion-item-\">\n<div class=\"accordion-content\">\n<div class=\"accordion-content-inner\">\n<div class=\"product-details-content\">\n<div>\n<div class=\"product-cms-description\">\n<p>Dise\u00f1ado especialmente para aprovechar la \u00faltima tecnolog\u00eda,\u00a0<em>Tomb Raider: Underworld<\/em>\u00a0evoluciona el g\u00e9nero basado en la exploraci\u00f3n. La intr\u00e9pida aventurera Lara Croft vuelve para explorar nuevos y ex\u00f3ticos lugares alrededor del mundo, que han sido dise\u00f1ados con gran detalle para ofrecer contenidos visuales en alta definici\u00f3n de un mundo recreado con gran fidelidad y veracidad que proporciona un nuevo nivel de desaf\u00edo y alternativas. Durante generaciones se han transmitido historias sobre las temibles armas del dios escandinavo Thor. Cuenta la leyenda que aquel que empu\u00f1e el martillo tendr\u00e1 el poder de estrellar las monta\u00f1as contra los valles y la fuerza para destruir hasta a los dioses. Durante m\u00e1s de mil a\u00f1os s\u00f3lo hab\u00eda sido una leyenda&#8230; hasta ahora. En una antigua ruina a orillas del mar Mediterr\u00e1neo, Lara Croft, descubre la prueba del inframundo escandinavo y del m\u00edtico martillo.<\/p>\n<\/div>\n<\/div>\n<\/div>\n<\/div>\n<\/div>\n<\/div>\n<\/div>\n<div class=\"accordion\">\n<div id=\"accordion-0\" class=\"accordion-item accordion-item-\"><\/div>\n<\/div>\n<\/div>\n<\/div>\n<\/div>\n<\/div>\n<\/div>\n<\/div>\n<div class=\"accordion\">\n<div id=\"accordion-0\" class=\"accordion-item accordion-item-\"><\/div>\n<\/div>\n<div class=\"accordion\">\n<div id=\"accordion-0\" class=\"accordion-item accordion-item-\"><\/div>\n<\/div>\n<p>&nbsp;<\/p>","protected":false},"excerpt":{"rendered":"<p>Si desea im\u00e1genes adicionales del producto, puede solicitarlas desde el formulario de contacto o en el email kaototienda@gmail.com Dise\u00f1ado especialmente para aprovechar la \u00faltima tecnolog\u00eda,\u00a0Tomb Raider: Underworld\u00a0evoluciona el g\u00e9nero basado en la exploraci\u00f3n. La intr\u00e9pida aventurera Lara Croft vuelve para explorar nuevos y ex\u00f3ticos lugares alrededor del mundo, que han sido dise\u00f1ados con gran detalle [&hellip;]<\/p>\n","protected":false},"featured_media":29003,"template":"","meta":{"ocean_post_layout":"","ocean_both_sidebars_style":"","ocean_both_sidebars_content_width":0,"ocean_both_sidebars_sidebars_width":0,"ocean_sidebar":"0","ocean_second_sidebar":"0","ocean_disable_margins":"enable","ocean_add_body_class":"","ocean_shortcode_before_top_bar":"","ocean_shortcode_after_top_bar":"","ocean_shortcode_before_header":"","ocean_shortcode_after_header":"","ocean_has_shortcode":"","ocean_shortcode_after_title":"","ocean_shortcode_before_footer_widgets":"","ocean_shortcode_after_footer_widgets":"","ocean_shortcode_before_footer_bottom":"","ocean_shortcode_after_footer_bottom":"","ocean_display_top_bar":"default","ocean_display_header":"default","ocean_header_style":"","ocean_center_header_left_menu":"0","ocean_custom_header_template":"0","ocean_custom_logo":0,"ocean_custom_retina_logo":0,"ocean_custom_logo_max_width":0,"ocean_custom_logo_tablet_max_width":0,"ocean_custom_logo_mobile_max_width":0,"ocean_custom_logo_max_height":0,"ocean_custom_logo_tablet_max_height":0,"ocean_custom_logo_mobile_max_height":0,"ocean_header_custom_menu":"0","ocean_menu_typo_font_family":"0","ocean_menu_typo_font_subset":"","ocean_menu_typo_font_size":0,"ocean_menu_typo_font_size_tablet":0,"ocean_menu_typo_font_size_mobile":0,"ocean_menu_typo_font_size_unit":"px","ocean_menu_typo_font_weight":"","ocean_menu_typo_font_weight_tablet":"","ocean_menu_typo_font_weight_mobile":"","ocean_menu_typo_transform":"","ocean_menu_typo_transform_tablet":"","ocean_menu_typo_transform_mobile":"","ocean_menu_typo_line_height":0,"ocean_menu_typo_line_height_tablet":0,"ocean_menu_typo_line_height_mobile":0,"ocean_menu_typo_line_height_unit":"","ocean_menu_typo_spacing":0,"ocean_menu_typo_spacing_tablet":0,"ocean_menu_typo_spacing_mobile":0,"ocean_menu_typo_spacing_unit":"","ocean_menu_link_color":"","ocean_menu_link_color_hover":"","ocean_menu_link_color_active":"","ocean_menu_link_background":"","ocean_menu_link_hover_background":"","ocean_menu_link_active_background":"","ocean_menu_social_links_bg":"","ocean_menu_social_hover_links_bg":"","ocean_menu_social_links_color":"","ocean_menu_social_hover_links_color":"","ocean_disable_title":"default","ocean_disable_heading":"default","ocean_post_title":"","ocean_post_subheading":"","ocean_post_title_style":"","ocean_post_title_background_color":"","ocean_post_title_background":0,"ocean_post_title_bg_image_position":"","ocean_post_title_bg_image_attachment":"","ocean_post_title_bg_image_repeat":"","ocean_post_title_bg_image_size":"","ocean_post_title_height":0,"ocean_post_title_bg_overlay":0.5,"ocean_post_title_bg_overlay_color":"","ocean_disable_breadcrumbs":"default","ocean_breadcrumbs_color":"","ocean_breadcrumbs_separator_color":"","ocean_breadcrumbs_links_color":"","ocean_breadcrumbs_links_hover_color":"","ocean_display_footer_widgets":"default","ocean_display_footer_bottom":"default","ocean_custom_footer_template":"0"},"product_brand":[],"product_cat":[128,132],"product_tag":[],"class_list":{"0":"post-29000","1":"product","2":"type-product","3":"status-publish","4":"has-post-thumbnail","6":"product_cat-ultimas-entradas","7":"product_cat-wii","9":"entry","10":"has-media","12":"first","13":"instock","14":"taxable","15":"shipping-taxable","16":"purchasable","17":"product-type-simple","18":"col","19":"span_1_of_3","20":"owp-content-center","21":"owp-thumbs-layout-horizontal","22":"owp-btn-normal","23":"owp-tabs-layout-horizontal","24":"has-no-thumbnails"},"aioseo_notices":[],"_links":{"self":[{"href":"https:\/\/kaotostore.com\/en\/wp-json\/wp\/v2\/product\/29000","targetHints":{"allow":["GET"]}}],"collection":[{"href":"https:\/\/kaotostore.com\/en\/wp-json\/wp\/v2\/product"}],"about":[{"href":"https:\/\/kaotostore.com\/en\/wp-json\/wp\/v2\/types\/product"}],"wp:featuredmedia":[{"embeddable":true,"href":"https:\/\/kaotostore.com\/en\/wp-json\/wp\/v2\/media\/29003"}],"wp:attachment":[{"href":"https:\/\/kaotostore.com\/en\/wp-json\/wp\/v2\/media?parent=29000"}],"wp:term":[{"taxonomy":"product_brand","embeddable":true,"href":"https:\/\/kaotostore.com\/en\/wp-json\/wp\/v2\/product_brand?post=29000"},{"taxonomy":"product_cat","embeddable":true,"href":"https:\/\/kaotostore.com\/en\/wp-json\/wp\/v2\/product_cat?post=29000"},{"taxonomy":"product_tag","embeddable":true,"href":"https:\/\/kaotostore.com\/en\/wp-json\/wp\/v2\/product_tag?post=29000"}],"curies":[{"name":"wp","href":"https:\/\/api.w.org\/{rel}","templated":true}]}}