{"id":28991,"date":"2026-03-23T20:18:48","date_gmt":"2026-03-23T19:18:48","guid":{"rendered":"https:\/\/kaotostore.com\/producto\/labryinth-of-zangetsu-playstation-4\/"},"modified":"2026-05-15T17:17:57","modified_gmt":"2026-05-15T15:17:57","slug":"labryinth-of-zangetsu-playstation-4","status":"publish","type":"product","link":"https:\/\/kaotostore.com\/en\/product\/labryinth-of-zangetsu-playstation-4\/","title":{"rendered":"Labryinth of Zangetsu PLAYSTATION 4"},"content":{"rendered":"<p><strong><span style=\"color: rgb(255, 5, 5);\">Si desea im\u00e1genes adicionales del producto, puede solicitarlas desde el formulario de contacto o en el email kaototienda@gmail.com<\/span><\/p>\n<p><\/strong><\/p>\n<p><em><strong>Labyrinth of Zangetsu<\/strong><\/em><span>\u00a0<\/span>es un juego de rol de mazmorras en 3D de Acquire. Presenta a un equipo de h\u00e1biles guerreros de todo el mundo que han recibido la misi\u00f3n de derrotar a las Bestias de tinta, que cada vez son m\u00e1s abundantes.<\/p>\n<h4>Un mundo ennegrecido por la Tinta de la ruina<\/h4>\n<p>La historia transcurre en Ido, la ciudad de la luna matinal, que contin\u00faa enfrent\u00e1ndose al desastre conocido como &#8216;Tinta de la ruina&#8217;. La ciudad tiene una cultura muy tradicional, similar a la del Jap\u00f3n medieval, y viene a ser una fortaleza cuya protecci\u00f3n proviene de una fuerte barrera de tecnolog\u00eda m\u00e1gica. Esta barrera resuena directamente bajo de la luna que reluce en el cielo, y permite mantener a todos sus habitantes a salvo de la tinta.<\/p>\n<h4>\u00bfAceptar\u00e1s esta misi\u00f3n?<\/h4>\n<p>Tokinokuni, l\u00edder de la ciudad, ha encargado una misi\u00f3n a ciertos individuos seleccionados minuciosamente por todo el mundo, conocidos como los &#8216;Destructores de la tinta&#8217;, que tendr\u00e1n que dirigirse a las zonas de mayor peligro. Usar\u00e1n sus poderes \u00fanicos para vencer a las distintas &#8216;Bestias de tinta&#8217;, que campan a sus anchas y tienen a la gente aterrorizada. Investiga los laberintos que rodean Ido y haz uso de tu fuerza y estrategia para guiar a tu equipo a la victoria y derrotar esta oscuridad de pesadilla.<\/p>\n<h4>Los enemigos que tendr\u00e1s que vencer<\/h4>\n<p>Las Bestias de tinta nacen de la corrupci\u00f3n de la Tinta de la ruina. Si un ser vivo la encuentra se convertir\u00e1 en demonio o morir\u00e1, mientras que, si se trata de un muerto, resucitar\u00e1 para vagar y aumentar sus filas. Su \u00fanico objetivo es destruir y envolver de oscuridad las tierras, por lo que tendr\u00e1s que vencer a su mancha para liberar a este mundo de la devastaci\u00f3n de una vez por todas. Estas Bestias de tinta adoptar\u00e1n la forma de muchos demonios y yokai del folclore japon\u00e9s de lo m\u00e1s aterradores, y adem\u00e1s revivir\u00e1n a los muertos para que se unan a su ej\u00e9rcito oscuro, por lo que tendr\u00e1s que fortalecerte bien antes de enfrentarte a este enemigo.<\/p>\n<h4>Caracter\u00edsticas:<\/h4>\n<ul>\n<li>Gr\u00e1ficos \u00fanicos ilustrados a mano con pinceladas de tinta negra, dando un aire a la caligraf\u00eda tradicional japonesa<\/li>\n<li>6 h\u00e9roes jugables ya programados en el juego, adem\u00e1s de la opci\u00f3n de crear tus propios h\u00e9roes con atributos y habilidades \u00fanicos<\/li>\n<li>Enemigos aterradores basados en el folclore japon\u00e9s y los yokai (fantasmas, esp\u00edritus y demonios)<\/li>\n<li>Batallas por turnos con varias Bestias de tinta en las zonas de mayor peligro. 3 personajes &#8216;delanteros&#8217; para atacar y 3 &#8216;traseros&#8217; para defender, apoyar y bloquear<\/li>\n<li>Una narrativa atrapante y una historia global con la que disfrutar de los \u00e9xitos en el juego y reflexionar con las derrotas<\/li>\n<li>Una banda sonora inmersiva y evocadora inspirada en la m\u00fasica tradicional japonesa, que ayuda a crear una historia cautivadora<\/li>\n<\/ul>","protected":false},"excerpt":{"rendered":"<p>Si desea im\u00e1genes adicionales del producto, puede solicitarlas desde el formulario de contacto o en el email kaototienda@gmail.com Labyrinth of Zangetsu\u00a0es un juego de rol de mazmorras en 3D de Acquire. Presenta a un equipo de h\u00e1biles guerreros de todo el mundo que han recibido la misi\u00f3n de derrotar a las Bestias de tinta, que [&hellip;]<\/p>\n","protected":false},"featured_media":13289,"template":"","meta":{"ocean_post_layout":"","ocean_both_sidebars_style":"","ocean_both_sidebars_content_width":0,"ocean_both_sidebars_sidebars_width":0,"ocean_sidebar":"","ocean_second_sidebar":"","ocean_disable_margins":"enable","ocean_add_body_class":"","ocean_shortcode_before_top_bar":"","ocean_shortcode_after_top_bar":"","ocean_shortcode_before_header":"","ocean_shortcode_after_header":"","ocean_has_shortcode":"","ocean_shortcode_after_title":"","ocean_shortcode_before_footer_widgets":"","ocean_shortcode_after_footer_widgets":"","ocean_shortcode_before_footer_bottom":"","ocean_shortcode_after_footer_bottom":"","ocean_display_top_bar":"default","ocean_display_header":"default","ocean_header_style":"","ocean_center_header_left_menu":"","ocean_custom_header_template":"","ocean_custom_logo":0,"ocean_custom_retina_logo":0,"ocean_custom_logo_max_width":0,"ocean_custom_logo_tablet_max_width":0,"ocean_custom_logo_mobile_max_width":0,"ocean_custom_logo_max_height":0,"ocean_custom_logo_tablet_max_height":0,"ocean_custom_logo_mobile_max_height":0,"ocean_header_custom_menu":"","ocean_menu_typo_font_family":"","ocean_menu_typo_font_subset":"","ocean_menu_typo_font_size":0,"ocean_menu_typo_font_size_tablet":0,"ocean_menu_typo_font_size_mobile":0,"ocean_menu_typo_font_size_unit":"px","ocean_menu_typo_font_weight":"","ocean_menu_typo_font_weight_tablet":"","ocean_menu_typo_font_weight_mobile":"","ocean_menu_typo_transform":"","ocean_menu_typo_transform_tablet":"","ocean_menu_typo_transform_mobile":"","ocean_menu_typo_line_height":0,"ocean_menu_typo_line_height_tablet":0,"ocean_menu_typo_line_height_mobile":0,"ocean_menu_typo_line_height_unit":"","ocean_menu_typo_spacing":0,"ocean_menu_typo_spacing_tablet":0,"ocean_menu_typo_spacing_mobile":0,"ocean_menu_typo_spacing_unit":"","ocean_menu_link_color":"","ocean_menu_link_color_hover":"","ocean_menu_link_color_active":"","ocean_menu_link_background":"","ocean_menu_link_hover_background":"","ocean_menu_link_active_background":"","ocean_menu_social_links_bg":"","ocean_menu_social_hover_links_bg":"","ocean_menu_social_links_color":"","ocean_menu_social_hover_links_color":"","ocean_disable_title":"default","ocean_disable_heading":"default","ocean_post_title":"","ocean_post_subheading":"","ocean_post_title_style":"","ocean_post_title_background_color":"","ocean_post_title_background":0,"ocean_post_title_bg_image_position":"","ocean_post_title_bg_image_attachment":"","ocean_post_title_bg_image_repeat":"","ocean_post_title_bg_image_size":"","ocean_post_title_height":0,"ocean_post_title_bg_overlay":0.5,"ocean_post_title_bg_overlay_color":"","ocean_disable_breadcrumbs":"default","ocean_breadcrumbs_color":"","ocean_breadcrumbs_separator_color":"","ocean_breadcrumbs_links_color":"","ocean_breadcrumbs_links_hover_color":"","ocean_display_footer_widgets":"default","ocean_display_footer_bottom":"default","ocean_custom_footer_template":""},"product_brand":[],"product_cat":[107,128],"product_tag":[],"class_list":{"0":"post-28991","1":"product","2":"type-product","3":"status-publish","4":"has-post-thumbnail","6":"product_cat-playstation-4","7":"product_cat-ultimas-entradas","9":"entry","10":"has-media","12":"first","13":"instock","14":"taxable","15":"shipping-taxable","16":"purchasable","17":"product-type-simple","18":"col","19":"span_1_of_3","20":"owp-content-center","21":"owp-thumbs-layout-horizontal","22":"owp-btn-normal","23":"owp-tabs-layout-horizontal","24":"has-no-thumbnails"},"aioseo_notices":[],"_links":{"self":[{"href":"https:\/\/kaotostore.com\/en\/wp-json\/wp\/v2\/product\/28991","targetHints":{"allow":["GET"]}}],"collection":[{"href":"https:\/\/kaotostore.com\/en\/wp-json\/wp\/v2\/product"}],"about":[{"href":"https:\/\/kaotostore.com\/en\/wp-json\/wp\/v2\/types\/product"}],"wp:featuredmedia":[{"embeddable":true,"href":"https:\/\/kaotostore.com\/en\/wp-json\/wp\/v2\/media\/13289"}],"wp:attachment":[{"href":"https:\/\/kaotostore.com\/en\/wp-json\/wp\/v2\/media?parent=28991"}],"wp:term":[{"taxonomy":"product_brand","embeddable":true,"href":"https:\/\/kaotostore.com\/en\/wp-json\/wp\/v2\/product_brand?post=28991"},{"taxonomy":"product_cat","embeddable":true,"href":"https:\/\/kaotostore.com\/en\/wp-json\/wp\/v2\/product_cat?post=28991"},{"taxonomy":"product_tag","embeddable":true,"href":"https:\/\/kaotostore.com\/en\/wp-json\/wp\/v2\/product_tag?post=28991"}],"curies":[{"name":"wp","href":"https:\/\/api.w.org\/{rel}","templated":true}]}}