{"id":28982,"date":"2026-03-23T20:18:39","date_gmt":"2026-03-23T19:18:39","guid":{"rendered":"https:\/\/kaotostore.com\/producto\/la-magia-de-japon\/"},"modified":"2026-05-15T17:37:39","modified_gmt":"2026-05-15T15:37:39","slug":"la-magia-de-japon","status":"publish","type":"product","link":"https:\/\/kaotostore.com\/en\/product\/la-magia-de-japon\/","title":{"rendered":"La Magia de Japon"},"content":{"rendered":"<p><span>CULTURA, BELLEZA Y SECRETOS DE LA VIDA JAPONESA<\/span><\/p>\n<p><span>H\u00e9ctor Garc\u00eda (Kirai) lleva ya m\u00e1s de quince a\u00f1os en Jap\u00f3n. Cuando lleg\u00f3, sinti\u00f3 el shock cultural de enfrentarse a una sociedad tan diferente a la espa\u00f1ola. Quince a\u00f1os despu\u00e9s, ya es un tokiota m\u00e1s. Durante este tiempo, H\u00e9ctor ha escrito muchos libros explicando su experiencia japonesa y la pregunta que m\u00e1s le han hecho es: \u201c\u00bfqu\u00e9 es lo que te hace seguir en Jap\u00f3n\u201d. Pues bien, este libro es la respuesta.<\/span><\/p>\n<p><span>H\u00e9ctor Garc\u00eda (Ikigai, Un Geek en Jap\u00f3n) explora en La magia de Jap\u00f3n los aspectos clave que han ido esculpiendo la mentalidad, filosof\u00eda y formas de vida japonesa en este precioso libro ilustrado por las maravillosas fotograf\u00edas del autor. Un recorrido imprescindible por todo lo que hace \u00fanico al pa\u00eds del sol naciente.<\/span><\/p>","protected":false},"excerpt":{"rendered":"<p>CULTURA, BELLEZA Y SECRETOS DE LA VIDA JAPONESA H\u00e9ctor Garc\u00eda (Kirai) lleva ya m\u00e1s de quince a\u00f1os en Jap\u00f3n. Cuando lleg\u00f3, sinti\u00f3 el shock cultural de enfrentarse a una sociedad tan diferente a la espa\u00f1ola. Quince a\u00f1os despu\u00e9s, ya es un tokiota m\u00e1s. Durante este tiempo, H\u00e9ctor ha escrito muchos libros explicando su experiencia japonesa [&hellip;]<\/p>\n","protected":false},"featured_media":13244,"template":"","meta":{"ocean_post_layout":"","ocean_both_sidebars_style":"","ocean_both_sidebars_content_width":0,"ocean_both_sidebars_sidebars_width":0,"ocean_sidebar":"","ocean_second_sidebar":"","ocean_disable_margins":"enable","ocean_add_body_class":"","ocean_shortcode_before_top_bar":"","ocean_shortcode_after_top_bar":"","ocean_shortcode_before_header":"","ocean_shortcode_after_header":"","ocean_has_shortcode":"","ocean_shortcode_after_title":"","ocean_shortcode_before_footer_widgets":"","ocean_shortcode_after_footer_widgets":"","ocean_shortcode_before_footer_bottom":"","ocean_shortcode_after_footer_bottom":"","ocean_display_top_bar":"default","ocean_display_header":"default","ocean_header_style":"","ocean_center_header_left_menu":"","ocean_custom_header_template":"","ocean_custom_logo":0,"ocean_custom_retina_logo":0,"ocean_custom_logo_max_width":0,"ocean_custom_logo_tablet_max_width":0,"ocean_custom_logo_mobile_max_width":0,"ocean_custom_logo_max_height":0,"ocean_custom_logo_tablet_max_height":0,"ocean_custom_logo_mobile_max_height":0,"ocean_header_custom_menu":"","ocean_menu_typo_font_family":"","ocean_menu_typo_font_subset":"","ocean_menu_typo_font_size":0,"ocean_menu_typo_font_size_tablet":0,"ocean_menu_typo_font_size_mobile":0,"ocean_menu_typo_font_size_unit":"px","ocean_menu_typo_font_weight":"","ocean_menu_typo_font_weight_tablet":"","ocean_menu_typo_font_weight_mobile":"","ocean_menu_typo_transform":"","ocean_menu_typo_transform_tablet":"","ocean_menu_typo_transform_mobile":"","ocean_menu_typo_line_height":0,"ocean_menu_typo_line_height_tablet":0,"ocean_menu_typo_line_height_mobile":0,"ocean_menu_typo_line_height_unit":"","ocean_menu_typo_spacing":0,"ocean_menu_typo_spacing_tablet":0,"ocean_menu_typo_spacing_mobile":0,"ocean_menu_typo_spacing_unit":"","ocean_menu_link_color":"","ocean_menu_link_color_hover":"","ocean_menu_link_color_active":"","ocean_menu_link_background":"","ocean_menu_link_hover_background":"","ocean_menu_link_active_background":"","ocean_menu_social_links_bg":"","ocean_menu_social_hover_links_bg":"","ocean_menu_social_links_color":"","ocean_menu_social_hover_links_color":"","ocean_disable_title":"default","ocean_disable_heading":"default","ocean_post_title":"","ocean_post_subheading":"","ocean_post_title_style":"","ocean_post_title_background_color":"","ocean_post_title_background":0,"ocean_post_title_bg_image_position":"","ocean_post_title_bg_image_attachment":"","ocean_post_title_bg_image_repeat":"","ocean_post_title_bg_image_size":"","ocean_post_title_height":0,"ocean_post_title_bg_overlay":0.5,"ocean_post_title_bg_overlay_color":"","ocean_disable_breadcrumbs":"default","ocean_breadcrumbs_color":"","ocean_breadcrumbs_separator_color":"","ocean_breadcrumbs_links_color":"","ocean_breadcrumbs_links_hover_color":"","ocean_display_footer_widgets":"default","ocean_display_footer_bottom":"default","ocean_custom_footer_template":""},"product_brand":[],"product_cat":[71,128],"product_tag":[],"class_list":{"0":"post-28982","1":"product","2":"type-product","3":"status-publish","4":"has-post-thumbnail","6":"product_cat-artbooks-libros-de-divulgacion-comic-manga-guias","7":"product_cat-ultimas-entradas","9":"entry","10":"has-media","12":"first","13":"instock","14":"taxable","15":"shipping-taxable","16":"purchasable","17":"product-type-simple","18":"col","19":"span_1_of_3","20":"owp-content-center","21":"owp-thumbs-layout-horizontal","22":"owp-btn-normal","23":"owp-tabs-layout-horizontal","24":"has-no-thumbnails"},"aioseo_notices":[],"_links":{"self":[{"href":"https:\/\/kaotostore.com\/en\/wp-json\/wp\/v2\/product\/28982","targetHints":{"allow":["GET"]}}],"collection":[{"href":"https:\/\/kaotostore.com\/en\/wp-json\/wp\/v2\/product"}],"about":[{"href":"https:\/\/kaotostore.com\/en\/wp-json\/wp\/v2\/types\/product"}],"wp:featuredmedia":[{"embeddable":true,"href":"https:\/\/kaotostore.com\/en\/wp-json\/wp\/v2\/media\/13244"}],"wp:attachment":[{"href":"https:\/\/kaotostore.com\/en\/wp-json\/wp\/v2\/media?parent=28982"}],"wp:term":[{"taxonomy":"product_brand","embeddable":true,"href":"https:\/\/kaotostore.com\/en\/wp-json\/wp\/v2\/product_brand?post=28982"},{"taxonomy":"product_cat","embeddable":true,"href":"https:\/\/kaotostore.com\/en\/wp-json\/wp\/v2\/product_cat?post=28982"},{"taxonomy":"product_tag","embeddable":true,"href":"https:\/\/kaotostore.com\/en\/wp-json\/wp\/v2\/product_tag?post=28982"}],"curies":[{"name":"wp","href":"https:\/\/api.w.org\/{rel}","templated":true}]}}