{"id":28981,"date":"2026-03-23T20:18:37","date_gmt":"2026-03-23T19:18:37","guid":{"rendered":"https:\/\/kaotostore.com\/producto\/la-liga-de-la-justicia-heroes-playstation-2\/"},"modified":"2026-05-15T17:17:57","modified_gmt":"2026-05-15T15:17:57","slug":"la-liga-de-la-justicia-heroes-playstation-2","status":"publish","type":"product","link":"https:\/\/kaotostore.com\/en\/product\/la-liga-de-la-justicia-heroes-playstation-2\/","title":{"rendered":"La liga de la Justicia Heroes PLAYSTATION 2"},"content":{"rendered":"<ul>\n<li>\u00danete a Superman, Batman, Green Lantern (Linterna Verde), Flash, Wonder Woman, Martian Manhunter (Detective Marciano), Zatanna y otros personajes extraordinarios para personalizar, controlar y dirigir a la fuerza m\u00e1s poderosa de s\u00faper h\u00e9roes del universo.<\/li>\n<li>Utiliza objetos contra tus enemigos sobre escenarios totalmente destruibles y experimenta de primera mano la incre\u00edble fuerza de tus superpoderes en la batalla.<\/li>\n<li>Personaliza tu equipo seg\u00fan tu propio criterio, aprende nuevos ataques y combinaciones de poderes y dise\u00f1a los h\u00e9roes a tu medida incrementando el poder de los golpes especiales para sus superpoderes habituales.<\/li>\n<li>Juega en los modos cooperativos y para un solo jugador.<\/li>\n<li>Libera al planeta Tierra de convertirse en un infierno bajo el dominio de un tirano malvado, en un argumento doblado por actores reconocidos como Ron Perlman, Michael Jai White, Chris Edgerly, Ralph Garman y muchos m\u00e1s.<\/li>\n<\/ul>\n<p><!----><\/p>","protected":false},"excerpt":{"rendered":"<p>\u00danete a Superman, Batman, Green Lantern (Linterna Verde), Flash, Wonder Woman, Martian Manhunter (Detective Marciano), Zatanna y otros personajes extraordinarios para personalizar, controlar y dirigir a la fuerza m\u00e1s poderosa de s\u00faper h\u00e9roes del universo. Utiliza objetos contra tus enemigos sobre escenarios totalmente destruibles y experimenta de primera mano la incre\u00edble fuerza de tus superpoderes [&hellip;]<\/p>\n","protected":false},"featured_media":13242,"template":"","meta":{"ocean_post_layout":"","ocean_both_sidebars_style":"","ocean_both_sidebars_content_width":0,"ocean_both_sidebars_sidebars_width":0,"ocean_sidebar":"","ocean_second_sidebar":"","ocean_disable_margins":"enable","ocean_add_body_class":"","ocean_shortcode_before_top_bar":"","ocean_shortcode_after_top_bar":"","ocean_shortcode_before_header":"","ocean_shortcode_after_header":"","ocean_has_shortcode":"","ocean_shortcode_after_title":"","ocean_shortcode_before_footer_widgets":"","ocean_shortcode_after_footer_widgets":"","ocean_shortcode_before_footer_bottom":"","ocean_shortcode_after_footer_bottom":"","ocean_display_top_bar":"default","ocean_display_header":"default","ocean_header_style":"","ocean_center_header_left_menu":"","ocean_custom_header_template":"","ocean_custom_logo":0,"ocean_custom_retina_logo":0,"ocean_custom_logo_max_width":0,"ocean_custom_logo_tablet_max_width":0,"ocean_custom_logo_mobile_max_width":0,"ocean_custom_logo_max_height":0,"ocean_custom_logo_tablet_max_height":0,"ocean_custom_logo_mobile_max_height":0,"ocean_header_custom_menu":"","ocean_menu_typo_font_family":"","ocean_menu_typo_font_subset":"","ocean_menu_typo_font_size":0,"ocean_menu_typo_font_size_tablet":0,"ocean_menu_typo_font_size_mobile":0,"ocean_menu_typo_font_size_unit":"px","ocean_menu_typo_font_weight":"","ocean_menu_typo_font_weight_tablet":"","ocean_menu_typo_font_weight_mobile":"","ocean_menu_typo_transform":"","ocean_menu_typo_transform_tablet":"","ocean_menu_typo_transform_mobile":"","ocean_menu_typo_line_height":0,"ocean_menu_typo_line_height_tablet":0,"ocean_menu_typo_line_height_mobile":0,"ocean_menu_typo_line_height_unit":"","ocean_menu_typo_spacing":0,"ocean_menu_typo_spacing_tablet":0,"ocean_menu_typo_spacing_mobile":0,"ocean_menu_typo_spacing_unit":"","ocean_menu_link_color":"","ocean_menu_link_color_hover":"","ocean_menu_link_color_active":"","ocean_menu_link_background":"","ocean_menu_link_hover_background":"","ocean_menu_link_active_background":"","ocean_menu_social_links_bg":"","ocean_menu_social_hover_links_bg":"","ocean_menu_social_links_color":"","ocean_menu_social_hover_links_color":"","ocean_disable_title":"default","ocean_disable_heading":"default","ocean_post_title":"","ocean_post_subheading":"","ocean_post_title_style":"","ocean_post_title_background_color":"","ocean_post_title_background":0,"ocean_post_title_bg_image_position":"","ocean_post_title_bg_image_attachment":"","ocean_post_title_bg_image_repeat":"","ocean_post_title_bg_image_size":"","ocean_post_title_height":0,"ocean_post_title_bg_overlay":0.5,"ocean_post_title_bg_overlay_color":"","ocean_disable_breadcrumbs":"default","ocean_breadcrumbs_color":"","ocean_breadcrumbs_separator_color":"","ocean_breadcrumbs_links_color":"","ocean_breadcrumbs_links_hover_color":"","ocean_display_footer_widgets":"default","ocean_display_footer_bottom":"default","ocean_custom_footer_template":""},"product_brand":[],"product_cat":[105,128],"product_tag":[],"class_list":{"0":"post-28981","1":"product","2":"type-product","3":"status-publish","4":"has-post-thumbnail","6":"product_cat-playstation-2","7":"product_cat-ultimas-entradas","9":"entry","10":"has-media","12":"first","13":"instock","14":"taxable","15":"shipping-taxable","16":"purchasable","17":"product-type-simple","18":"col","19":"span_1_of_3","20":"owp-content-center","21":"owp-thumbs-layout-horizontal","22":"owp-btn-normal","23":"owp-tabs-layout-horizontal","24":"has-no-thumbnails"},"aioseo_notices":[],"_links":{"self":[{"href":"https:\/\/kaotostore.com\/en\/wp-json\/wp\/v2\/product\/28981","targetHints":{"allow":["GET"]}}],"collection":[{"href":"https:\/\/kaotostore.com\/en\/wp-json\/wp\/v2\/product"}],"about":[{"href":"https:\/\/kaotostore.com\/en\/wp-json\/wp\/v2\/types\/product"}],"wp:featuredmedia":[{"embeddable":true,"href":"https:\/\/kaotostore.com\/en\/wp-json\/wp\/v2\/media\/13242"}],"wp:attachment":[{"href":"https:\/\/kaotostore.com\/en\/wp-json\/wp\/v2\/media?parent=28981"}],"wp:term":[{"taxonomy":"product_brand","embeddable":true,"href":"https:\/\/kaotostore.com\/en\/wp-json\/wp\/v2\/product_brand?post=28981"},{"taxonomy":"product_cat","embeddable":true,"href":"https:\/\/kaotostore.com\/en\/wp-json\/wp\/v2\/product_cat?post=28981"},{"taxonomy":"product_tag","embeddable":true,"href":"https:\/\/kaotostore.com\/en\/wp-json\/wp\/v2\/product_tag?post=28981"}],"curies":[{"name":"wp","href":"https:\/\/api.w.org\/{rel}","templated":true}]}}