{"id":28979,"date":"2026-03-23T20:18:35","date_gmt":"2026-03-23T19:18:35","guid":{"rendered":"https:\/\/kaotostore.com\/producto\/la-leyenda-de-nintendo-64\/"},"modified":"2026-05-15T17:18:00","modified_gmt":"2026-05-15T15:18:00","slug":"la-leyenda-de-nintendo-64","status":"publish","type":"product","link":"https:\/\/kaotostore.com\/en\/product\/la-leyenda-de-nintendo-64\/","title":{"rendered":"La Leyenda de Nintendo 64"},"content":{"rendered":"<p><strong><span style=\"color: rgb(255, 5, 5);\">Si desea im\u00e1genes adicionales del producto, puede solicitarlas desde el formulario de contacto o en el email kaototienda@gmail.com<\/span><\/p>\n<p>-Libro en castellano<br \/><\/strong><\/p>\n<div class=\"av_promobox av-k4mqomu3-f844351c262b0e2803e99596238a56bb avia-button-yes  avia-builder-el-21  el_after_av_hr  el_before_av_hr\">\n<div class=\"flex_cell av-14q8y6f-0618a9fd25fadf4e691871c83ffc78f5 av-gridrow-cell av_three_fifth no_margin  avia-builder-el-12  el_after_av_cell_two_fifth  avia-builder-el-last\">\n<div class=\"flex_cell_inner\">\n<div id=\"info\" class=\"flex_column av-3ocrbr-ee48f3405706a67c79fbad5e2555692c av_one_full  avia-builder-el-13  el_before_av_hr  avia-builder-el-first  first flex_column_div\">\n<section class=\"av_textblock_section av-zg2vuf-1-3320a71d90c688bd408789e4c5510993\">\n<div class=\"avia_textblock\">\n<p>\u00a1Revive la era dorada de los 64 bits!<\/p>\n<p><strong>Nintendo 64<\/strong> fue una consola \u00fanica que redefini\u00f3 el concepto de los juegos en 3D.<\/p>\n<p>En 1996, su stick anal\u00f3gico y su arquitectura gr\u00e1fica, revolucionaria para la \u00e9poca, cambiaron para siempre la forma de interactuar en los videojuegos en tres dimensiones.<\/p>\n<p>Y no es para menos. Esta m\u00e1quina que alumbr\u00f3 algunos de los mejores t\u00edtulos de la historia. Desde <em><strong>Super Mario 64<\/strong><\/em>, que rompi\u00f3 los esquemas de los plataformas en 3D, hasta <em><strong>GoldenEye 007<\/strong><\/em>, el cual sent\u00f3 las bases para los FPS en consolas y multijugador en l\u00ednea. M\u00e1s tarde, <strong><em>Banjo-Kazooie<\/em><\/strong> se convirti\u00f3 en un referente para los juegos de aventura gracias a un mundo lleno de secretos y personajes carism\u00e1ticos, mientras que <strong><em>The Legend of Zelda: Ocarina of Time<\/em><\/strong>\u00a0romp\u00eda moldes y se convert\u00eda en uno de los m\u00e1s grandes videojuegos de todos los tiempos.<\/p>\n<p>En <strong>La Leyenda de Nintendo 64<\/strong> tambi\u00e9n descubrir\u00e1s el proceso de desarrollo de la consola, accesorios innovadores, modelos, logros, fracasos y curiosidades de una m\u00e1quina que fue capaz de cautivar a millones de jugadores en todo el mundo.<\/p>\n<\/div>\n<\/section>\n<\/div>\n<div class=\"hr av-kuqkya2o-6591f37fe8947c5b63a696339db74fb0 hr-short  avia-builder-el-15  el_after_av_one_full  el_before_av_one_half  hr-center\">\n<span class=\"hr-inner\"><span class=\"hr-inner-style\"><\/span><\/span>\n<\/div>\n<div class=\"flex_column av-wfav5c-f43c363c4bc2d11224bb7a7596018aea av_one_half  avia-builder-el-16  el_after_av_hr  el_before_av_one_half  first flex_column_div av-zero-column-padding\">\n<section class=\"av_textblock_section av-lixhqig5-e65295cb89327a10ba5a800262d4b4d6\">\n<div class=\"avia_textblock\">\n<p><span style=\"color: #ff0c0c;\"><strong>NUESTRO PRIMER H\u00cdBRIDO LIBRO-REVISTA:<\/strong><\/span><\/p>\n<p>\u00a1<strong>La leyenda de Nintendo 64<\/strong> es nuestro primer h\u00edbrido entre libro y revista!<\/p>\n<p>Disfruta de <strong>la calidad habitual en nuestros libros a un precio imbatible<\/strong>.<\/p>\n<p>\u00bfC\u00f3mo lo hemos hecho? Eliminando la tapa dura (<strong>es tapa blanda<\/strong>, aunque de una rigidez que ya quisieran algunos \u00abtapas duras\u00bb) y haciendo de este especial <strong>exclusivo de nuestra web y de muy pocos puntos de venta<\/strong>.\u00a0<\/p>\n<\/div>\n<\/section>\n<\/div>\n<div class=\"flex_column av-16e9cvm-75df3dab5186cd99359cfb68c0ab647c av_one_half  avia-builder-el-18  el_after_av_one_half  el_before_av_one_third  flex_column_div av-zero-column-padding\">\n<section class=\"av_textblock_section av-im40z6-a9d94d7800032ec4363fcec0943b94d9\">\n<div class=\"avia_textblock\">\n<p><span style=\"color: #ff0c0c;\"><strong>CLAVES DEL ESPECIAL:<\/strong><\/span><\/p>\n<ul>\n<li>164 p\u00e1ginas para analizar 162 juegos de Nintendo 64.<\/li>\n<li>Creaci\u00f3n de la consola, Ultra 64, modelos, perif\u00e9ricos, desarrolladores, juegos cancelados\u2026<\/li>\n<li>M\u00e1s de 500 im\u00e1genes a todo color.<\/li>\n<li>Escrito por los integrantes de <strong>Hadoken Rojo Podcast<\/strong>.<\/li>\n<li>Materiales premium a un precio espectacular.<\/li>\n<li>Nuestro primer h\u00edbrido entre libro y revista.<\/li>\n<\/ul>\n<\/div>\n<\/section>\n<\/div>\n<div id=\"comprar\" class=\"flex_column av-2yvmdc-a9892b44622ebc84ac77087ecdebd18c av_one_third  avia-builder-el-20  el_after_av_one_half  el_before_av_two_third  first flex_column_div av-zero-column-padding  column-top-margin\">\n<div class=\"hr av-vsoy34-0a512af60f6962029bc74e1e5018faf8 hr-custom  avia-builder-el-21  el_before_av_product_price  avia-builder-el-first  hr-center hr-icon-no\">\n<span class=\"hr-inner inner-border-av-border-thin\"><span class=\"hr-inner-style\"><\/span><\/span>\n<\/div>\n<div class=\"av-woo-price av-2odqz4-5af8ee068b613a87f5730a9194fb5d89  avia-builder-el-22  el_after_av_hr  el_before_av_hr\"><\/div>\n<\/div>\n<div class=\"hr av-kqq9et-eecf3e76e73f6b24bfe3cce281c8c8e2 hr-invisible  avia-builder-el-41  el_after_av_three_fifth  avia-builder-el-last\">\n<span class=\"woocommerce-Price-amount amount\"><bdi><\/bdi><\/span>\n<\/div>\n<\/div>\n<\/div>\n<\/div>","protected":false},"excerpt":{"rendered":"<p>Si desea im\u00e1genes adicionales del producto, puede solicitarlas desde el formulario de contacto o en el email kaototienda@gmail.com -Libro en castellano \u00a1Revive la era dorada de los 64 bits! Nintendo 64 fue una consola \u00fanica que redefini\u00f3 el concepto de los juegos en 3D. En 1996, su stick anal\u00f3gico y su arquitectura gr\u00e1fica, revolucionaria para [&hellip;]<\/p>\n","protected":false},"featured_media":13219,"template":"","meta":{"ocean_post_layout":"","ocean_both_sidebars_style":"","ocean_both_sidebars_content_width":0,"ocean_both_sidebars_sidebars_width":0,"ocean_sidebar":"","ocean_second_sidebar":"","ocean_disable_margins":"enable","ocean_add_body_class":"","ocean_shortcode_before_top_bar":"","ocean_shortcode_after_top_bar":"","ocean_shortcode_before_header":"","ocean_shortcode_after_header":"","ocean_has_shortcode":"","ocean_shortcode_after_title":"","ocean_shortcode_before_footer_widgets":"","ocean_shortcode_after_footer_widgets":"","ocean_shortcode_before_footer_bottom":"","ocean_shortcode_after_footer_bottom":"","ocean_display_top_bar":"default","ocean_display_header":"default","ocean_header_style":"","ocean_center_header_left_menu":"","ocean_custom_header_template":"","ocean_custom_logo":0,"ocean_custom_retina_logo":0,"ocean_custom_logo_max_width":0,"ocean_custom_logo_tablet_max_width":0,"ocean_custom_logo_mobile_max_width":0,"ocean_custom_logo_max_height":0,"ocean_custom_logo_tablet_max_height":0,"ocean_custom_logo_mobile_max_height":0,"ocean_header_custom_menu":"","ocean_menu_typo_font_family":"","ocean_menu_typo_font_subset":"","ocean_menu_typo_font_size":0,"ocean_menu_typo_font_size_tablet":0,"ocean_menu_typo_font_size_mobile":0,"ocean_menu_typo_font_size_unit":"px","ocean_menu_typo_font_weight":"","ocean_menu_typo_font_weight_tablet":"","ocean_menu_typo_font_weight_mobile":"","ocean_menu_typo_transform":"","ocean_menu_typo_transform_tablet":"","ocean_menu_typo_transform_mobile":"","ocean_menu_typo_line_height":0,"ocean_menu_typo_line_height_tablet":0,"ocean_menu_typo_line_height_mobile":0,"ocean_menu_typo_line_height_unit":"","ocean_menu_typo_spacing":0,"ocean_menu_typo_spacing_tablet":0,"ocean_menu_typo_spacing_mobile":0,"ocean_menu_typo_spacing_unit":"","ocean_menu_link_color":"","ocean_menu_link_color_hover":"","ocean_menu_link_color_active":"","ocean_menu_link_background":"","ocean_menu_link_hover_background":"","ocean_menu_link_active_background":"","ocean_menu_social_links_bg":"","ocean_menu_social_hover_links_bg":"","ocean_menu_social_links_color":"","ocean_menu_social_hover_links_color":"","ocean_disable_title":"default","ocean_disable_heading":"default","ocean_post_title":"","ocean_post_subheading":"","ocean_post_title_style":"","ocean_post_title_background_color":"","ocean_post_title_background":0,"ocean_post_title_bg_image_position":"","ocean_post_title_bg_image_attachment":"","ocean_post_title_bg_image_repeat":"","ocean_post_title_bg_image_size":"","ocean_post_title_height":0,"ocean_post_title_bg_overlay":0.5,"ocean_post_title_bg_overlay_color":"","ocean_disable_breadcrumbs":"default","ocean_breadcrumbs_color":"","ocean_breadcrumbs_separator_color":"","ocean_breadcrumbs_links_color":"","ocean_breadcrumbs_links_hover_color":"","ocean_display_footer_widgets":"default","ocean_display_footer_bottom":"default","ocean_custom_footer_template":""},"product_brand":[],"product_cat":[71,98,117,128],"product_tag":[],"class_list":{"0":"post-28979","1":"product","2":"type-product","3":"status-publish","4":"has-post-thumbnail","6":"product_cat-artbooks-libros-de-divulgacion-comic-manga-guias","7":"product_cat-novedades","8":"product_cat-revistas","9":"product_cat-ultimas-entradas","11":"entry","12":"has-media","14":"first","15":"instock","16":"taxable","17":"shipping-taxable","18":"purchasable","19":"product-type-simple","20":"col","21":"span_1_of_3","22":"owp-content-center","23":"owp-thumbs-layout-horizontal","24":"owp-btn-normal","25":"owp-tabs-layout-horizontal"},"aioseo_notices":[],"_links":{"self":[{"href":"https:\/\/kaotostore.com\/en\/wp-json\/wp\/v2\/product\/28979","targetHints":{"allow":["GET"]}}],"collection":[{"href":"https:\/\/kaotostore.com\/en\/wp-json\/wp\/v2\/product"}],"about":[{"href":"https:\/\/kaotostore.com\/en\/wp-json\/wp\/v2\/types\/product"}],"wp:featuredmedia":[{"embeddable":true,"href":"https:\/\/kaotostore.com\/en\/wp-json\/wp\/v2\/media\/13219"}],"wp:attachment":[{"href":"https:\/\/kaotostore.com\/en\/wp-json\/wp\/v2\/media?parent=28979"}],"wp:term":[{"taxonomy":"product_brand","embeddable":true,"href":"https:\/\/kaotostore.com\/en\/wp-json\/wp\/v2\/product_brand?post=28979"},{"taxonomy":"product_cat","embeddable":true,"href":"https:\/\/kaotostore.com\/en\/wp-json\/wp\/v2\/product_cat?post=28979"},{"taxonomy":"product_tag","embeddable":true,"href":"https:\/\/kaotostore.com\/en\/wp-json\/wp\/v2\/product_tag?post=28979"}],"curies":[{"name":"wp","href":"https:\/\/api.w.org\/{rel}","templated":true}]}}