{"id":28961,"date":"2026-03-23T20:18:14","date_gmt":"2026-03-23T19:18:14","guid":{"rendered":"https:\/\/kaotostore.com\/producto\/la-enciclopedia-dreamcast\/"},"modified":"2026-04-09T15:34:43","modified_gmt":"2026-04-09T13:34:43","slug":"la-enciclopedia-dreamcast","status":"publish","type":"product","link":"https:\/\/kaotostore.com\/en\/product\/la-enciclopedia-dreamcast\/","title":{"rendered":"La Enciclopedia Dreamcast"},"content":{"rendered":"<p><strong><span><span style=\"color: rgb(255, 5, 5);\">Si desea im\u00e1genes adicionales del producto, puede solicitarlas desde el formulario de contacto o en el email kaototienda@gmail.com<\/span><\/span><\/p>\n<p>-Libro en castellano<\/p>\n<p><\/strong><\/p>\n<div class=\"hr av-k4mqtv6q-4-55f4dd7cfd6f4bd953ce720d106d63c1 hr-custom  avia-builder-el-22  el_after_av_promobox  el_before_av_one_full  hr-center hr-icon-no\">\n<div class=\"tab-pane fade in active\" id=\"description\">\n<div class=\"product-description\">\n<p><span style=\"color: #337ab7; font-family: 'Helvetica Neue', Helvetica, Arial, sans-serif; font-size: 12px; text-align: justify; background-color: #ffffff;\"><span style=\"color: #000000;\">La Enciclopedia Dreamcast es un completo repaso a una consola que marc\u00f3 un antes y un despu\u00e9s en el mercado de los videojuegos. Tras el<\/span> <span style=\"color: #000000;\">salto a las tres dimensiones en la generaci\u00f3n anterior, la consola de 128 bits de Sega se adelantaba a la competencia para ofrecer el mayor potencial t\u00e9cnico visto hasta la fecha, con t\u00edtulos espectaculares que siguen manteniendo muy bien el tipo m\u00e1s de dos d\u00e9cadas despu\u00e9s. Adem\u00e1s, Dreamcast arriesgaba fuerte al apostar por el juego online m\u00e1s de un lustro antes de que se asentase en la industria, convirti\u00e9ndose en una adelantada a su tiempo. En esta enciclopedia se repasan la creaci\u00f3n y la historia de Dreamcast, tanto mientras estuvo en el mercado como en los a\u00f1os posteriores a su muerte, con un repaso a los juegos que se lanzaron extraoficialmente, ya que su legado perdur\u00f3 en el tiempo. Se trata tambi\u00e9n con detalle los m\u00e1s de 200 juegos lanzados en Europa, as\u00ed como se repasan m\u00e1s de 50 t\u00edtulos que no se lanzaron en nuestro territorio y se recopila informaci\u00f3n de m\u00e1s de 40 juegos cancelados que nos hubiesen dejado un cat\u00e1logo a\u00fan m\u00e1s espectacular. Todos los juegos europeos (y algunos no lanzados en nuestro territorio) fueron rejugados por el autor durante la escritura del libro, puesto que ha conseguido hacerse con una colecci\u00f3n completa de los juegos presentes en estas p\u00e1ginas.<\/span><\/span><\/p>\n<\/div>\n<\/div>\n<\/div>\n<p><!----><\/p>","protected":false},"excerpt":{"rendered":"<p>Si desea im\u00e1genes adicionales del producto, puede solicitarlas desde el formulario de contacto o en el email kaototienda@gmail.com -Libro en castellano La Enciclopedia Dreamcast es un completo repaso a una consola que marc\u00f3 un antes y un despu\u00e9s en el mercado de los videojuegos. Tras el salto a las tres dimensiones en la generaci\u00f3n anterior, [&hellip;]<\/p>\n","protected":false},"featured_media":13162,"template":"","meta":{"ocean_post_layout":"","ocean_both_sidebars_style":"","ocean_both_sidebars_content_width":0,"ocean_both_sidebars_sidebars_width":0,"ocean_sidebar":"","ocean_second_sidebar":"","ocean_disable_margins":"enable","ocean_add_body_class":"","ocean_shortcode_before_top_bar":"","ocean_shortcode_after_top_bar":"","ocean_shortcode_before_header":"","ocean_shortcode_after_header":"","ocean_has_shortcode":"","ocean_shortcode_after_title":"","ocean_shortcode_before_footer_widgets":"","ocean_shortcode_after_footer_widgets":"","ocean_shortcode_before_footer_bottom":"","ocean_shortcode_after_footer_bottom":"","ocean_display_top_bar":"default","ocean_display_header":"default","ocean_header_style":"","ocean_center_header_left_menu":"","ocean_custom_header_template":"","ocean_custom_logo":0,"ocean_custom_retina_logo":0,"ocean_custom_logo_max_width":0,"ocean_custom_logo_tablet_max_width":0,"ocean_custom_logo_mobile_max_width":0,"ocean_custom_logo_max_height":0,"ocean_custom_logo_tablet_max_height":0,"ocean_custom_logo_mobile_max_height":0,"ocean_header_custom_menu":"","ocean_menu_typo_font_family":"","ocean_menu_typo_font_subset":"","ocean_menu_typo_font_size":0,"ocean_menu_typo_font_size_tablet":0,"ocean_menu_typo_font_size_mobile":0,"ocean_menu_typo_font_size_unit":"px","ocean_menu_typo_font_weight":"","ocean_menu_typo_font_weight_tablet":"","ocean_menu_typo_font_weight_mobile":"","ocean_menu_typo_transform":"","ocean_menu_typo_transform_tablet":"","ocean_menu_typo_transform_mobile":"","ocean_menu_typo_line_height":0,"ocean_menu_typo_line_height_tablet":0,"ocean_menu_typo_line_height_mobile":0,"ocean_menu_typo_line_height_unit":"","ocean_menu_typo_spacing":0,"ocean_menu_typo_spacing_tablet":0,"ocean_menu_typo_spacing_mobile":0,"ocean_menu_typo_spacing_unit":"","ocean_menu_link_color":"","ocean_menu_link_color_hover":"","ocean_menu_link_color_active":"","ocean_menu_link_background":"","ocean_menu_link_hover_background":"","ocean_menu_link_active_background":"","ocean_menu_social_links_bg":"","ocean_menu_social_hover_links_bg":"","ocean_menu_social_links_color":"","ocean_menu_social_hover_links_color":"","ocean_disable_title":"default","ocean_disable_heading":"default","ocean_post_title":"","ocean_post_subheading":"","ocean_post_title_style":"","ocean_post_title_background_color":"","ocean_post_title_background":0,"ocean_post_title_bg_image_position":"","ocean_post_title_bg_image_attachment":"","ocean_post_title_bg_image_repeat":"","ocean_post_title_bg_image_size":"","ocean_post_title_height":0,"ocean_post_title_bg_overlay":0.5,"ocean_post_title_bg_overlay_color":"","ocean_disable_breadcrumbs":"default","ocean_breadcrumbs_color":"","ocean_breadcrumbs_separator_color":"","ocean_breadcrumbs_links_color":"","ocean_breadcrumbs_links_hover_color":"","ocean_display_footer_widgets":"default","ocean_display_footer_bottom":"default","ocean_custom_footer_template":""},"product_brand":[],"product_cat":[71,98,128],"product_tag":[],"class_list":{"0":"post-28961","1":"product","2":"type-product","3":"status-publish","4":"has-post-thumbnail","6":"product_cat-artbooks-libros-de-divulgacion-comic-manga-guias","7":"product_cat-novedades","8":"product_cat-ultimas-entradas","10":"entry","11":"has-media","13":"first","14":"outofstock","15":"taxable","16":"shipping-taxable","17":"purchasable","18":"product-type-simple","19":"col","20":"span_1_of_3","21":"owp-content-center","22":"owp-thumbs-layout-horizontal","23":"owp-btn-normal","24":"owp-tabs-layout-horizontal"},"aioseo_notices":[],"_links":{"self":[{"href":"https:\/\/kaotostore.com\/en\/wp-json\/wp\/v2\/product\/28961","targetHints":{"allow":["GET"]}}],"collection":[{"href":"https:\/\/kaotostore.com\/en\/wp-json\/wp\/v2\/product"}],"about":[{"href":"https:\/\/kaotostore.com\/en\/wp-json\/wp\/v2\/types\/product"}],"wp:featuredmedia":[{"embeddable":true,"href":"https:\/\/kaotostore.com\/en\/wp-json\/wp\/v2\/media\/13162"}],"wp:attachment":[{"href":"https:\/\/kaotostore.com\/en\/wp-json\/wp\/v2\/media?parent=28961"}],"wp:term":[{"taxonomy":"product_brand","embeddable":true,"href":"https:\/\/kaotostore.com\/en\/wp-json\/wp\/v2\/product_brand?post=28961"},{"taxonomy":"product_cat","embeddable":true,"href":"https:\/\/kaotostore.com\/en\/wp-json\/wp\/v2\/product_cat?post=28961"},{"taxonomy":"product_tag","embeddable":true,"href":"https:\/\/kaotostore.com\/en\/wp-json\/wp\/v2\/product_tag?post=28961"}],"curies":[{"name":"wp","href":"https:\/\/api.w.org\/{rel}","templated":true}]}}