{"id":28911,"date":"2026-03-23T20:17:21","date_gmt":"2026-03-23T19:17:21","guid":{"rendered":"https:\/\/kaotostore.com\/producto\/kirby-star-allies-switch\/"},"modified":"2026-04-09T15:34:56","modified_gmt":"2026-04-09T13:34:56","slug":"kirby-star-allies-switch","status":"publish","type":"product","link":"https:\/\/kaotostore.com\/en\/product\/kirby-star-allies-switch\/","title":{"rendered":"Kirby Star Allies SWITCH"},"content":{"rendered":"<h4><span style=\"color: rgb(255, 5, 5);\"><span style=\"color: rgb(255, 5, 5);\">Si desea im\u00e1genes adicionales del producto, puede solicitarlas desde el formulario de contacto o en el email kaototienda@gmail.com<\/span><\/span><\/h4>\n<p><strong><br \/><\/strong><\/p>\n<p>\u00a1Kirby vuelve y llegar\u00e1 en HD a la consola Nintendo Switch!\u00a0Pero\u00a0esta vez no viene solo. Recluta enemigos lanz\u00e1ndoles corazones y\u00a0re\u00fane ayudantes para formar un equipo de hasta cuatro personajes. Adem\u00e1s, podr\u00e1s unirte a hasta tres amigos* para vivir un tipo diferente de acci\u00f3n en equipo.<\/p>\n<p>\u00a0<\/p>\n<p>* Los accesorios adicionales requeridos para el modo multijugador se venden por separado.<br \/>\u00a0<\/p>\n<p>\u00a0<\/p>\n<p><strong>Caracter\u00edsticas:<\/strong><\/p>\n<p>\u00a0<\/p>\n<ul>\n<li>Un nuevo t\u00edtulo de Kirby llega a Nintendo Switch en HD<\/li>\n<li>Recluta a hasta tres enemigos como ayudantes lanz\u00e1ndoles corazones<\/li>\n<li>Las habilidades de copia incluyen Espada, Fuego, Agua, Bomba, Escoba y muchas m\u00e1s.<\/li>\n<li>Infunde diferentes elementos sobre las habilidades de copia, como viento, agua, fuego y electricidad, d\u00e1ndoselas a los ayudantes (o cogi\u00e9ndoselas prestadas) para a\u00f1adir m\u00e1s poder de ataque, resolver puzles, etc.<\/li>\n<li>Hasta cuatro jugadores pueden pueden participar con la configuraci\u00f3n horizontal del mando Joy-Con u ocho Joy-Con con cuatro soportes para Joy-Con.<\/li>\n<\/ul>\n<p><\/p>","protected":false},"excerpt":{"rendered":"<p>Si desea im\u00e1genes adicionales del producto, puede solicitarlas desde el formulario de contacto o en el email kaototienda@gmail.com \u00a1Kirby vuelve y llegar\u00e1 en HD a la consola Nintendo Switch!\u00a0Pero\u00a0esta vez no viene solo. Recluta enemigos lanz\u00e1ndoles corazones y\u00a0re\u00fane ayudantes para formar un equipo de hasta cuatro personajes. Adem\u00e1s, podr\u00e1s unirte a hasta tres amigos* para [&hellip;]<\/p>\n","protected":false},"featured_media":12918,"template":"","meta":{"ocean_post_layout":"","ocean_both_sidebars_style":"","ocean_both_sidebars_content_width":0,"ocean_both_sidebars_sidebars_width":0,"ocean_sidebar":"","ocean_second_sidebar":"","ocean_disable_margins":"enable","ocean_add_body_class":"","ocean_shortcode_before_top_bar":"","ocean_shortcode_after_top_bar":"","ocean_shortcode_before_header":"","ocean_shortcode_after_header":"","ocean_has_shortcode":"","ocean_shortcode_after_title":"","ocean_shortcode_before_footer_widgets":"","ocean_shortcode_after_footer_widgets":"","ocean_shortcode_before_footer_bottom":"","ocean_shortcode_after_footer_bottom":"","ocean_display_top_bar":"default","ocean_display_header":"default","ocean_header_style":"","ocean_center_header_left_menu":"","ocean_custom_header_template":"","ocean_custom_logo":0,"ocean_custom_retina_logo":0,"ocean_custom_logo_max_width":0,"ocean_custom_logo_tablet_max_width":0,"ocean_custom_logo_mobile_max_width":0,"ocean_custom_logo_max_height":0,"ocean_custom_logo_tablet_max_height":0,"ocean_custom_logo_mobile_max_height":0,"ocean_header_custom_menu":"","ocean_menu_typo_font_family":"","ocean_menu_typo_font_subset":"","ocean_menu_typo_font_size":0,"ocean_menu_typo_font_size_tablet":0,"ocean_menu_typo_font_size_mobile":0,"ocean_menu_typo_font_size_unit":"px","ocean_menu_typo_font_weight":"","ocean_menu_typo_font_weight_tablet":"","ocean_menu_typo_font_weight_mobile":"","ocean_menu_typo_transform":"","ocean_menu_typo_transform_tablet":"","ocean_menu_typo_transform_mobile":"","ocean_menu_typo_line_height":0,"ocean_menu_typo_line_height_tablet":0,"ocean_menu_typo_line_height_mobile":0,"ocean_menu_typo_line_height_unit":"","ocean_menu_typo_spacing":0,"ocean_menu_typo_spacing_tablet":0,"ocean_menu_typo_spacing_mobile":0,"ocean_menu_typo_spacing_unit":"","ocean_menu_link_color":"","ocean_menu_link_color_hover":"","ocean_menu_link_color_active":"","ocean_menu_link_background":"","ocean_menu_link_hover_background":"","ocean_menu_link_active_background":"","ocean_menu_social_links_bg":"","ocean_menu_social_hover_links_bg":"","ocean_menu_social_links_color":"","ocean_menu_social_hover_links_color":"","ocean_disable_title":"default","ocean_disable_heading":"default","ocean_post_title":"","ocean_post_subheading":"","ocean_post_title_style":"","ocean_post_title_background_color":"","ocean_post_title_background":0,"ocean_post_title_bg_image_position":"","ocean_post_title_bg_image_attachment":"","ocean_post_title_bg_image_repeat":"","ocean_post_title_bg_image_size":"","ocean_post_title_height":0,"ocean_post_title_bg_overlay":0.5,"ocean_post_title_bg_overlay_color":"","ocean_disable_breadcrumbs":"default","ocean_breadcrumbs_color":"","ocean_breadcrumbs_separator_color":"","ocean_breadcrumbs_links_color":"","ocean_breadcrumbs_links_hover_color":"","ocean_display_footer_widgets":"default","ocean_display_footer_bottom":"default","ocean_custom_footer_template":""},"product_brand":[],"product_cat":[124,128],"product_tag":[],"class_list":{"0":"post-28911","1":"product","2":"type-product","3":"status-publish","4":"has-post-thumbnail","6":"product_cat-switch","7":"product_cat-ultimas-entradas","9":"entry","10":"has-media","12":"first","13":"outofstock","14":"taxable","15":"shipping-taxable","16":"purchasable","17":"product-type-simple","18":"col","19":"span_1_of_3","20":"owp-content-center","21":"owp-thumbs-layout-horizontal","22":"owp-btn-normal","23":"owp-tabs-layout-horizontal","24":"has-no-thumbnails"},"aioseo_notices":[],"_links":{"self":[{"href":"https:\/\/kaotostore.com\/en\/wp-json\/wp\/v2\/product\/28911","targetHints":{"allow":["GET"]}}],"collection":[{"href":"https:\/\/kaotostore.com\/en\/wp-json\/wp\/v2\/product"}],"about":[{"href":"https:\/\/kaotostore.com\/en\/wp-json\/wp\/v2\/types\/product"}],"wp:featuredmedia":[{"embeddable":true,"href":"https:\/\/kaotostore.com\/en\/wp-json\/wp\/v2\/media\/12918"}],"wp:attachment":[{"href":"https:\/\/kaotostore.com\/en\/wp-json\/wp\/v2\/media?parent=28911"}],"wp:term":[{"taxonomy":"product_brand","embeddable":true,"href":"https:\/\/kaotostore.com\/en\/wp-json\/wp\/v2\/product_brand?post=28911"},{"taxonomy":"product_cat","embeddable":true,"href":"https:\/\/kaotostore.com\/en\/wp-json\/wp\/v2\/product_cat?post=28911"},{"taxonomy":"product_tag","embeddable":true,"href":"https:\/\/kaotostore.com\/en\/wp-json\/wp\/v2\/product_tag?post=28911"}],"curies":[{"name":"wp","href":"https:\/\/api.w.org\/{rel}","templated":true}]}}