{"id":28796,"date":"2026-03-23T20:14:42","date_gmt":"2026-03-23T19:14:42","guid":{"rendered":"https:\/\/kaotostore.com\/producto\/kamiwaza-way-of-the-thief-playstation-4\/"},"modified":"2026-05-15T18:16:25","modified_gmt":"2026-05-15T16:16:25","slug":"kamiwaza-way-of-the-thief-playstation-4","status":"publish","type":"product","link":"https:\/\/kaotostore.com\/en\/product\/kamiwaza-way-of-the-thief-playstation-4\/","title":{"rendered":"Kamiwaza Way of the Thief PLAYSTATION 4"},"content":{"rendered":"<p><span>Ambientado durante el per\u00edodo Edo de Jap\u00f3n, Kamiwaza est\u00e1 protagonizado por el ladr\u00f3n aficionado Ebizo, que aspira a robar a los ricos para d\u00e1rselo a los pobres. Sin embargo, \u00e9l y su mentor, Ainosuke, son testigos de c\u00f3mo sus propios hombres acaban con la vida de civiles inocentes. Desilusionado por la horrible demostraci\u00f3n de violencia, Ainosuke le aconseja a Ebizo que escape con el \u00fanico superviviente: una chica solitaria. Una d\u00e9cada m\u00e1s tarde, Ebizo se ha aferrado a su moral, viviendo una vida honesta y satisfactoria con Suzuna, la joven que tom\u00f3 como su propia hija. Pero la ilusi\u00f3n de seguridad se hace a\u00f1icos una vez que Suzuna enferma. Para poder comprar la medicina que necesita desesperadamente, Ebizo se enfrenta a una pesada carga financiera. Con conflicto interno, Ebizo se ve obligado a regresar a la parte m\u00e1s vulnerable de Mikado, pero promete robar solo por el bien de los menos afortunados. \u00bfSeguir\u00e1s por el camino del honor, incluso como un ladr\u00f3n? La decisi\u00f3n es tuya.<\/span><\/p>","protected":false},"excerpt":{"rendered":"<p>Ambientado durante el per\u00edodo Edo de Jap\u00f3n, Kamiwaza est\u00e1 protagonizado por el ladr\u00f3n aficionado Ebizo, que aspira a robar a los ricos para d\u00e1rselo a los pobres. Sin embargo, \u00e9l y su mentor, Ainosuke, son testigos de c\u00f3mo sus propios hombres acaban con la vida de civiles inocentes. Desilusionado por la horrible demostraci\u00f3n de violencia, [&hellip;]<\/p>\n","protected":false},"featured_media":12400,"template":"","meta":{"ocean_post_layout":"","ocean_both_sidebars_style":"","ocean_both_sidebars_content_width":0,"ocean_both_sidebars_sidebars_width":0,"ocean_sidebar":"","ocean_second_sidebar":"","ocean_disable_margins":"enable","ocean_add_body_class":"","ocean_shortcode_before_top_bar":"","ocean_shortcode_after_top_bar":"","ocean_shortcode_before_header":"","ocean_shortcode_after_header":"","ocean_has_shortcode":"","ocean_shortcode_after_title":"","ocean_shortcode_before_footer_widgets":"","ocean_shortcode_after_footer_widgets":"","ocean_shortcode_before_footer_bottom":"","ocean_shortcode_after_footer_bottom":"","ocean_display_top_bar":"default","ocean_display_header":"default","ocean_header_style":"","ocean_center_header_left_menu":"","ocean_custom_header_template":"","ocean_custom_logo":0,"ocean_custom_retina_logo":0,"ocean_custom_logo_max_width":0,"ocean_custom_logo_tablet_max_width":0,"ocean_custom_logo_mobile_max_width":0,"ocean_custom_logo_max_height":0,"ocean_custom_logo_tablet_max_height":0,"ocean_custom_logo_mobile_max_height":0,"ocean_header_custom_menu":"","ocean_menu_typo_font_family":"","ocean_menu_typo_font_subset":"","ocean_menu_typo_font_size":0,"ocean_menu_typo_font_size_tablet":0,"ocean_menu_typo_font_size_mobile":0,"ocean_menu_typo_font_size_unit":"px","ocean_menu_typo_font_weight":"","ocean_menu_typo_font_weight_tablet":"","ocean_menu_typo_font_weight_mobile":"","ocean_menu_typo_transform":"","ocean_menu_typo_transform_tablet":"","ocean_menu_typo_transform_mobile":"","ocean_menu_typo_line_height":0,"ocean_menu_typo_line_height_tablet":0,"ocean_menu_typo_line_height_mobile":0,"ocean_menu_typo_line_height_unit":"","ocean_menu_typo_spacing":0,"ocean_menu_typo_spacing_tablet":0,"ocean_menu_typo_spacing_mobile":0,"ocean_menu_typo_spacing_unit":"","ocean_menu_link_color":"","ocean_menu_link_color_hover":"","ocean_menu_link_color_active":"","ocean_menu_link_background":"","ocean_menu_link_hover_background":"","ocean_menu_link_active_background":"","ocean_menu_social_links_bg":"","ocean_menu_social_hover_links_bg":"","ocean_menu_social_links_color":"","ocean_menu_social_hover_links_color":"","ocean_disable_title":"default","ocean_disable_heading":"default","ocean_post_title":"","ocean_post_subheading":"","ocean_post_title_style":"","ocean_post_title_background_color":"","ocean_post_title_background":0,"ocean_post_title_bg_image_position":"","ocean_post_title_bg_image_attachment":"","ocean_post_title_bg_image_repeat":"","ocean_post_title_bg_image_size":"","ocean_post_title_height":0,"ocean_post_title_bg_overlay":0.5,"ocean_post_title_bg_overlay_color":"","ocean_disable_breadcrumbs":"default","ocean_breadcrumbs_color":"","ocean_breadcrumbs_separator_color":"","ocean_breadcrumbs_links_color":"","ocean_breadcrumbs_links_hover_color":"","ocean_display_footer_widgets":"default","ocean_display_footer_bottom":"default","ocean_custom_footer_template":""},"product_brand":[],"product_cat":[107],"product_tag":[],"class_list":{"0":"post-28796","1":"product","2":"type-product","3":"status-publish","4":"has-post-thumbnail","6":"product_cat-playstation-4","8":"entry","9":"has-media","11":"first","12":"outofstock","13":"taxable","14":"shipping-taxable","15":"purchasable","16":"product-type-simple","17":"col","18":"span_1_of_3","19":"owp-content-center","20":"owp-thumbs-layout-horizontal","21":"owp-btn-normal","22":"owp-tabs-layout-horizontal"},"aioseo_notices":[],"_links":{"self":[{"href":"https:\/\/kaotostore.com\/en\/wp-json\/wp\/v2\/product\/28796","targetHints":{"allow":["GET"]}}],"collection":[{"href":"https:\/\/kaotostore.com\/en\/wp-json\/wp\/v2\/product"}],"about":[{"href":"https:\/\/kaotostore.com\/en\/wp-json\/wp\/v2\/types\/product"}],"wp:featuredmedia":[{"embeddable":true,"href":"https:\/\/kaotostore.com\/en\/wp-json\/wp\/v2\/media\/12400"}],"wp:attachment":[{"href":"https:\/\/kaotostore.com\/en\/wp-json\/wp\/v2\/media?parent=28796"}],"wp:term":[{"taxonomy":"product_brand","embeddable":true,"href":"https:\/\/kaotostore.com\/en\/wp-json\/wp\/v2\/product_brand?post=28796"},{"taxonomy":"product_cat","embeddable":true,"href":"https:\/\/kaotostore.com\/en\/wp-json\/wp\/v2\/product_cat?post=28796"},{"taxonomy":"product_tag","embeddable":true,"href":"https:\/\/kaotostore.com\/en\/wp-json\/wp\/v2\/product_tag?post=28796"}],"curies":[{"name":"wp","href":"https:\/\/api.w.org\/{rel}","templated":true}]}}