{"id":28774,"date":"2026-03-23T19:54:34","date_gmt":"2026-03-23T18:54:34","guid":{"rendered":"https:\/\/kaotostore.com\/producto\/juego-de-tronos-playstation-3\/"},"modified":"2026-04-09T12:25:41","modified_gmt":"2026-04-09T10:25:41","slug":"juego-de-tronos-playstation-3","status":"publish","type":"product","link":"https:\/\/kaotostore.com\/en\/product\/juego-de-tronos-playstation-3\/","title":{"rendered":"Juego de Tronos PLAYSTATION 3"},"content":{"rendered":"<p>La historia de \u00abJuego de Tronos\u00bb tiene lugar durante los acontecimientos narrados en el primer libro de la saga, momento en el que Jon Arryn, la Mano del rey Robert Baratheon, es encontrado muerto en Desembarco del Rey. Los jugadores podr\u00e1n seguir dos misiones \u00e9picas: ya sea con Mors, hermano de la Guardia de la Noche, o con Alester, el Sacerdote Rojo en b\u00fasqueda de la redenci\u00f3n, la historia planteada har\u00e1 las delicias de todos los jugadores. Durante la aventura descubriremos a los m\u00e1s carism\u00e1ticos personajes, \u00e9picas misiones guiadas por la venganza, la lealtad, el honor y la familia, a trav\u00e9s de escenarios cargados de suspense, giros inesperados, traiciones y cantidad de acci\u00f3n. Adem\u00e1s, las decisiones tomadas a lo largo del juego determinar\u00e1n las consecuencias finales de nuestra aventura, \u00a1elegid con cuidado!\u00a0<\/p>\n<p><!----><\/p>","protected":false},"excerpt":{"rendered":"<p>La historia de \u00abJuego de Tronos\u00bb tiene lugar durante los acontecimientos narrados en el primer libro de la saga, momento en el que Jon Arryn, la Mano del rey Robert Baratheon, es encontrado muerto en Desembarco del Rey. Los jugadores podr\u00e1n seguir dos misiones \u00e9picas: ya sea con Mors, hermano de la Guardia de la [&hellip;]<\/p>\n","protected":false},"featured_media":12272,"template":"","meta":{"ocean_post_layout":"","ocean_both_sidebars_style":"","ocean_both_sidebars_content_width":0,"ocean_both_sidebars_sidebars_width":0,"ocean_sidebar":"","ocean_second_sidebar":"","ocean_disable_margins":"enable","ocean_add_body_class":"","ocean_shortcode_before_top_bar":"","ocean_shortcode_after_top_bar":"","ocean_shortcode_before_header":"","ocean_shortcode_after_header":"","ocean_has_shortcode":"","ocean_shortcode_after_title":"","ocean_shortcode_before_footer_widgets":"","ocean_shortcode_after_footer_widgets":"","ocean_shortcode_before_footer_bottom":"","ocean_shortcode_after_footer_bottom":"","ocean_display_top_bar":"default","ocean_display_header":"default","ocean_header_style":"","ocean_center_header_left_menu":"","ocean_custom_header_template":"","ocean_custom_logo":0,"ocean_custom_retina_logo":0,"ocean_custom_logo_max_width":0,"ocean_custom_logo_tablet_max_width":0,"ocean_custom_logo_mobile_max_width":0,"ocean_custom_logo_max_height":0,"ocean_custom_logo_tablet_max_height":0,"ocean_custom_logo_mobile_max_height":0,"ocean_header_custom_menu":"","ocean_menu_typo_font_family":"","ocean_menu_typo_font_subset":"","ocean_menu_typo_font_size":0,"ocean_menu_typo_font_size_tablet":0,"ocean_menu_typo_font_size_mobile":0,"ocean_menu_typo_font_size_unit":"px","ocean_menu_typo_font_weight":"","ocean_menu_typo_font_weight_tablet":"","ocean_menu_typo_font_weight_mobile":"","ocean_menu_typo_transform":"","ocean_menu_typo_transform_tablet":"","ocean_menu_typo_transform_mobile":"","ocean_menu_typo_line_height":0,"ocean_menu_typo_line_height_tablet":0,"ocean_menu_typo_line_height_mobile":0,"ocean_menu_typo_line_height_unit":"","ocean_menu_typo_spacing":0,"ocean_menu_typo_spacing_tablet":0,"ocean_menu_typo_spacing_mobile":0,"ocean_menu_typo_spacing_unit":"","ocean_menu_link_color":"","ocean_menu_link_color_hover":"","ocean_menu_link_color_active":"","ocean_menu_link_background":"","ocean_menu_link_hover_background":"","ocean_menu_link_active_background":"","ocean_menu_social_links_bg":"","ocean_menu_social_hover_links_bg":"","ocean_menu_social_links_color":"","ocean_menu_social_hover_links_color":"","ocean_disable_title":"default","ocean_disable_heading":"default","ocean_post_title":"","ocean_post_subheading":"","ocean_post_title_style":"","ocean_post_title_background_color":"","ocean_post_title_background":0,"ocean_post_title_bg_image_position":"","ocean_post_title_bg_image_attachment":"","ocean_post_title_bg_image_repeat":"","ocean_post_title_bg_image_size":"","ocean_post_title_height":0,"ocean_post_title_bg_overlay":0.5,"ocean_post_title_bg_overlay_color":"","ocean_disable_breadcrumbs":"default","ocean_breadcrumbs_color":"","ocean_breadcrumbs_separator_color":"","ocean_breadcrumbs_links_color":"","ocean_breadcrumbs_links_hover_color":"","ocean_display_footer_widgets":"default","ocean_display_footer_bottom":"default","ocean_custom_footer_template":""},"product_brand":[],"product_cat":[106],"product_tag":[],"class_list":{"0":"post-28774","1":"product","2":"type-product","3":"status-publish","4":"has-post-thumbnail","6":"product_cat-playstation-3","8":"entry","9":"has-media","11":"first","12":"instock","13":"taxable","14":"shipping-taxable","15":"purchasable","16":"product-type-simple","17":"col","18":"span_1_of_3","19":"owp-content-center","20":"owp-thumbs-layout-horizontal","21":"owp-btn-normal","22":"owp-tabs-layout-horizontal","23":"has-no-thumbnails"},"aioseo_notices":[],"_links":{"self":[{"href":"https:\/\/kaotostore.com\/en\/wp-json\/wp\/v2\/product\/28774","targetHints":{"allow":["GET"]}}],"collection":[{"href":"https:\/\/kaotostore.com\/en\/wp-json\/wp\/v2\/product"}],"about":[{"href":"https:\/\/kaotostore.com\/en\/wp-json\/wp\/v2\/types\/product"}],"wp:featuredmedia":[{"embeddable":true,"href":"https:\/\/kaotostore.com\/en\/wp-json\/wp\/v2\/media\/12272"}],"wp:attachment":[{"href":"https:\/\/kaotostore.com\/en\/wp-json\/wp\/v2\/media?parent=28774"}],"wp:term":[{"taxonomy":"product_brand","embeddable":true,"href":"https:\/\/kaotostore.com\/en\/wp-json\/wp\/v2\/product_brand?post=28774"},{"taxonomy":"product_cat","embeddable":true,"href":"https:\/\/kaotostore.com\/en\/wp-json\/wp\/v2\/product_cat?post=28774"},{"taxonomy":"product_tag","embeddable":true,"href":"https:\/\/kaotostore.com\/en\/wp-json\/wp\/v2\/product_tag?post=28774"}],"curies":[{"name":"wp","href":"https:\/\/api.w.org\/{rel}","templated":true}]}}