{"id":28152,"date":"2026-03-23T19:26:50","date_gmt":"2026-03-23T18:26:50","guid":{"rendered":"https:\/\/kaotostore.com\/producto\/ghost-of-tsushima-edicion-especial-playstation-4\/"},"modified":"2026-04-09T12:00:51","modified_gmt":"2026-04-09T10:00:51","slug":"ghost-of-tsushima-edicion-especial-playstation-4","status":"publish","type":"product","link":"https:\/\/kaotostore.com\/en\/product\/ghost-of-tsushima-edicion-especial-playstation-4\/","title":{"rendered":"Ghost of Tsushima Edici\u00f3n Especial PLAYSTATION 4"},"content":{"rendered":"<p><strong>\u00a0<span><span style=\"color: rgb(255, 5, 5);\">Si desea im\u00e1genes adicionales del producto, puede solicitarlas desde el formulario de contacto o en el email kaototienda@gmail.com<\/span><\/span><br \/><\/strong><\/p>\n<p>\u00a0<\/p>\n<p>A finales del siglo XIII, el imperio mongol ha acabado con naciones enteras en su campa\u00f1a de conquista del este. La isla de Tsushima es todo lo que queda entre el Jap\u00f3n continental y un enorme flota de invasi\u00f3n mongola liderada por el despiadado e ingenioso general Khotun Khan.<\/p>\n<p>Mientras la isla arde tras la primera oleada de asalto de los mongoles, el guerrero samur\u00e1i Jin Sakai emerge como uno de los \u00faltimos supervivientes de su clan. Est\u00e1 decidido a hacer lo que sea necesario y a cualquier precio para proteger a su gente y recuperar su hogar. Debe desprenderse de las tradiciones que lo han formado como guerrero para forjar un nuevo camino, el camino del Fantasma, y librar una guerra poco convencional por la libertad de Tsushima.<\/p>\n<h4>En una Tsushima devastada por la guerra, su antiguo esplendor perdura<\/h4>\n<p>Ad\u00e9ntrate m\u00e1s all\u00e1 del campo de batalla para experimentar el Jap\u00f3n feudal como nunca. En esta aventura de acci\u00f3n de mundo abierto, recorrer\u00e1s inmensos paisajes y amplios terrenos para encontrarte con personajes complejos, visitar emblem\u00e1ticos lugares ancestrales y descubrir la belleza escondida de Tsushima.<\/p>\n<p>Explora regiones meticulosamente recreadas que muestran la diversidad de la vida de la extensa isla, desde ondulantes campos y tranquilos templos hasta antiguos bosques, pueblos e inh\u00f3spitas monta\u00f1as. Encuentra paz en los momentos de silencio y armon\u00eda con la naturaleza, y consuelo en los momentos que compartir\u00e1s con las personas que ayudes por el camino.<\/p>","protected":false},"excerpt":{"rendered":"<p>\u00a0Si desea im\u00e1genes adicionales del producto, puede solicitarlas desde el formulario de contacto o en el email kaototienda@gmail.com \u00a0 A finales del siglo XIII, el imperio mongol ha acabado con naciones enteras en su campa\u00f1a de conquista del este. La isla de Tsushima es todo lo que queda entre el Jap\u00f3n continental y un enorme [&hellip;]<\/p>\n","protected":false},"featured_media":10493,"template":"","meta":{"ocean_post_layout":"","ocean_both_sidebars_style":"","ocean_both_sidebars_content_width":0,"ocean_both_sidebars_sidebars_width":0,"ocean_sidebar":"","ocean_second_sidebar":"","ocean_disable_margins":"enable","ocean_add_body_class":"","ocean_shortcode_before_top_bar":"","ocean_shortcode_after_top_bar":"","ocean_shortcode_before_header":"","ocean_shortcode_after_header":"","ocean_has_shortcode":"","ocean_shortcode_after_title":"","ocean_shortcode_before_footer_widgets":"","ocean_shortcode_after_footer_widgets":"","ocean_shortcode_before_footer_bottom":"","ocean_shortcode_after_footer_bottom":"","ocean_display_top_bar":"default","ocean_display_header":"default","ocean_header_style":"","ocean_center_header_left_menu":"","ocean_custom_header_template":"","ocean_custom_logo":0,"ocean_custom_retina_logo":0,"ocean_custom_logo_max_width":0,"ocean_custom_logo_tablet_max_width":0,"ocean_custom_logo_mobile_max_width":0,"ocean_custom_logo_max_height":0,"ocean_custom_logo_tablet_max_height":0,"ocean_custom_logo_mobile_max_height":0,"ocean_header_custom_menu":"","ocean_menu_typo_font_family":"","ocean_menu_typo_font_subset":"","ocean_menu_typo_font_size":0,"ocean_menu_typo_font_size_tablet":0,"ocean_menu_typo_font_size_mobile":0,"ocean_menu_typo_font_size_unit":"px","ocean_menu_typo_font_weight":"","ocean_menu_typo_font_weight_tablet":"","ocean_menu_typo_font_weight_mobile":"","ocean_menu_typo_transform":"","ocean_menu_typo_transform_tablet":"","ocean_menu_typo_transform_mobile":"","ocean_menu_typo_line_height":0,"ocean_menu_typo_line_height_tablet":0,"ocean_menu_typo_line_height_mobile":0,"ocean_menu_typo_line_height_unit":"","ocean_menu_typo_spacing":0,"ocean_menu_typo_spacing_tablet":0,"ocean_menu_typo_spacing_mobile":0,"ocean_menu_typo_spacing_unit":"","ocean_menu_link_color":"","ocean_menu_link_color_hover":"","ocean_menu_link_color_active":"","ocean_menu_link_background":"","ocean_menu_link_hover_background":"","ocean_menu_link_active_background":"","ocean_menu_social_links_bg":"","ocean_menu_social_hover_links_bg":"","ocean_menu_social_links_color":"","ocean_menu_social_hover_links_color":"","ocean_disable_title":"default","ocean_disable_heading":"default","ocean_post_title":"","ocean_post_subheading":"","ocean_post_title_style":"","ocean_post_title_background_color":"","ocean_post_title_background":0,"ocean_post_title_bg_image_position":"","ocean_post_title_bg_image_attachment":"","ocean_post_title_bg_image_repeat":"","ocean_post_title_bg_image_size":"","ocean_post_title_height":0,"ocean_post_title_bg_overlay":0.5,"ocean_post_title_bg_overlay_color":"","ocean_disable_breadcrumbs":"default","ocean_breadcrumbs_color":"","ocean_breadcrumbs_separator_color":"","ocean_breadcrumbs_links_color":"","ocean_breadcrumbs_links_hover_color":"","ocean_display_footer_widgets":"default","ocean_display_footer_bottom":"default","ocean_custom_footer_template":""},"product_brand":[],"product_cat":[107,128],"product_tag":[],"class_list":{"0":"post-28152","1":"product","2":"type-product","3":"status-publish","4":"has-post-thumbnail","6":"product_cat-playstation-4","7":"product_cat-ultimas-entradas","9":"entry","10":"has-media","12":"first","13":"instock","14":"taxable","15":"shipping-taxable","16":"purchasable","17":"product-type-simple","18":"col","19":"span_1_of_3","20":"owp-content-center","21":"owp-thumbs-layout-horizontal","22":"owp-btn-normal","23":"owp-tabs-layout-horizontal","24":"has-no-thumbnails"},"aioseo_notices":[],"_links":{"self":[{"href":"https:\/\/kaotostore.com\/en\/wp-json\/wp\/v2\/product\/28152","targetHints":{"allow":["GET"]}}],"collection":[{"href":"https:\/\/kaotostore.com\/en\/wp-json\/wp\/v2\/product"}],"about":[{"href":"https:\/\/kaotostore.com\/en\/wp-json\/wp\/v2\/types\/product"}],"wp:featuredmedia":[{"embeddable":true,"href":"https:\/\/kaotostore.com\/en\/wp-json\/wp\/v2\/media\/10493"}],"wp:attachment":[{"href":"https:\/\/kaotostore.com\/en\/wp-json\/wp\/v2\/media?parent=28152"}],"wp:term":[{"taxonomy":"product_brand","embeddable":true,"href":"https:\/\/kaotostore.com\/en\/wp-json\/wp\/v2\/product_brand?post=28152"},{"taxonomy":"product_cat","embeddable":true,"href":"https:\/\/kaotostore.com\/en\/wp-json\/wp\/v2\/product_cat?post=28152"},{"taxonomy":"product_tag","embeddable":true,"href":"https:\/\/kaotostore.com\/en\/wp-json\/wp\/v2\/product_tag?post=28152"}],"curies":[{"name":"wp","href":"https:\/\/api.w.org\/{rel}","templated":true}]}}