{"id":28057,"date":"2026-03-23T19:25:05","date_gmt":"2026-03-23T18:25:05","guid":{"rendered":"https:\/\/kaotostore.com\/producto\/gal-guardians-servants-of-the-dark-switch\/"},"modified":"2026-04-09T15:34:51","modified_gmt":"2026-04-09T13:34:51","slug":"gal-guardians-servants-of-the-dark-switch","status":"publish","type":"product","link":"https:\/\/kaotostore.com\/en\/product\/gal-guardians-servants-of-the-dark-switch\/","title":{"rendered":"Gal Guardians Servants of the Dark SWITCH"},"content":{"rendered":"<p><strong><span style=\"color: rgb(255, 5, 5);\">Si desea im\u00e1genes adicionales del producto, puede solicitarlas desde el formulario de contacto o en el email kaototienda@gmail.com<\/p>\n<p><\/span><\/strong><\/p>\n<p>Ad\u00e9ntrate en un mundo de interminables batallas en el Reino de los Demonios, donde los <strong data-end=\"333\" data-start=\"306\">Se\u00f1ores de los Demonios<\/strong> luchan sin descanso por el dominio del reino. Tras la destrucci\u00f3n de su castillo por un rival, Kirika y Masha deben embarcarse en una aventura <strong data-end=\"496\" data-start=\"477\">Metroidvania 2D<\/strong> para devolverle la gloria a su Se\u00f1or Demonio, Maxim.<\/p>\n<p>Revive a Maxim, reconstruye el castillo y enfrenta a poderosos enemigos en una historia de <strong data-end=\"671\" data-start=\"644\">venganza y renacimiento<\/strong>. Explora un mundo lleno de <strong data-end=\"743\" data-start=\"699\">acci\u00f3n, secretos y poderosas habilidades<\/strong>, mientras luchas por restaurar el orden demon\u00edaco.<\/p>\n<p><strong>Caracter\u00edsticas:<\/strong><\/p>\n<p><strong>Gal*Gun-vania: <\/strong>Ahora un metroidvania hecho realidad, descubre innumerables combos y posibilidades mientras exploras el Reino Demon\u00edaco con tus dos personajes mejorables.<\/p>\n<p><strong>Revive a tus aliados: <\/strong>Cada uno de los vasallos de Maxim que encuentres y revivas reforzar\u00e1 tu base de operaciones, \u00a1el castillo del Se\u00f1or de los Demonios! A medida que lo reconstruyas, desbloquear\u00e1s bonificaciones que te ayudar\u00e1n en tu b\u00fasqueda de venganza.<\/p>\n<p><strong>Hermanas poderosas<\/strong>: Kirika y Masha, las dos hero\u00ednas hermanas, aportan cada una su propio estilo de juego. Una ataca con armas demon\u00edacas, mientras que la otra cubre los ataques a corta distancia con su l\u00e1tigo.<\/p>\n<p><strong>Cooperativo en casa y en l\u00ednea: <\/strong>Juega en equipo local o en l\u00ednea, cada jugador controla a una hermana, abriendo innumerables posibilidades para descubrir nuevos lugares o derrotar a enemigos dif\u00edciles a trav\u00e9s del trabajo en equipo.<\/p>\n<p><strong>Colecciona y fabrica:<\/strong> Derrotando enemigos y descubriendo cofres conseguir\u00e1s al azar objetos consumibles, subarmas e incluso mejoras pasivas llamadas \u00abReliquias demon\u00edacas\u00bb. Usa estos objetos para desbloquear nuevas habilidades especiales necesarias para acceder a nuevas zonas del mapa.<\/p>\n<p><strong>Elige tu \u00abEstilo\u00bb: <\/strong>Heredando el sistema de \u00abEstilo\u00bb de su predecesor, puedes elegir jugar en los modos \u00abCasual\u00bb, \u00abVeterano\u00bb o \u00abLeyenda\u00bb, entre los que puedes cambiar en cualquier momento con contenido unificado en todos los modos.<\/p>","protected":false},"excerpt":{"rendered":"<p>Si desea im\u00e1genes adicionales del producto, puede solicitarlas desde el formulario de contacto o en el email kaototienda@gmail.com Ad\u00e9ntrate en un mundo de interminables batallas en el Reino de los Demonios, donde los Se\u00f1ores de los Demonios luchan sin descanso por el dominio del reino. Tras la destrucci\u00f3n de su castillo por un rival, Kirika [&hellip;]<\/p>\n","protected":false},"featured_media":10219,"template":"","meta":{"ocean_post_layout":"","ocean_both_sidebars_style":"","ocean_both_sidebars_content_width":0,"ocean_both_sidebars_sidebars_width":0,"ocean_sidebar":"","ocean_second_sidebar":"","ocean_disable_margins":"enable","ocean_add_body_class":"","ocean_shortcode_before_top_bar":"","ocean_shortcode_after_top_bar":"","ocean_shortcode_before_header":"","ocean_shortcode_after_header":"","ocean_has_shortcode":"","ocean_shortcode_after_title":"","ocean_shortcode_before_footer_widgets":"","ocean_shortcode_after_footer_widgets":"","ocean_shortcode_before_footer_bottom":"","ocean_shortcode_after_footer_bottom":"","ocean_display_top_bar":"default","ocean_display_header":"default","ocean_header_style":"","ocean_center_header_left_menu":"","ocean_custom_header_template":"","ocean_custom_logo":0,"ocean_custom_retina_logo":0,"ocean_custom_logo_max_width":0,"ocean_custom_logo_tablet_max_width":0,"ocean_custom_logo_mobile_max_width":0,"ocean_custom_logo_max_height":0,"ocean_custom_logo_tablet_max_height":0,"ocean_custom_logo_mobile_max_height":0,"ocean_header_custom_menu":"","ocean_menu_typo_font_family":"","ocean_menu_typo_font_subset":"","ocean_menu_typo_font_size":0,"ocean_menu_typo_font_size_tablet":0,"ocean_menu_typo_font_size_mobile":0,"ocean_menu_typo_font_size_unit":"px","ocean_menu_typo_font_weight":"","ocean_menu_typo_font_weight_tablet":"","ocean_menu_typo_font_weight_mobile":"","ocean_menu_typo_transform":"","ocean_menu_typo_transform_tablet":"","ocean_menu_typo_transform_mobile":"","ocean_menu_typo_line_height":0,"ocean_menu_typo_line_height_tablet":0,"ocean_menu_typo_line_height_mobile":0,"ocean_menu_typo_line_height_unit":"","ocean_menu_typo_spacing":0,"ocean_menu_typo_spacing_tablet":0,"ocean_menu_typo_spacing_mobile":0,"ocean_menu_typo_spacing_unit":"","ocean_menu_link_color":"","ocean_menu_link_color_hover":"","ocean_menu_link_color_active":"","ocean_menu_link_background":"","ocean_menu_link_hover_background":"","ocean_menu_link_active_background":"","ocean_menu_social_links_bg":"","ocean_menu_social_hover_links_bg":"","ocean_menu_social_links_color":"","ocean_menu_social_hover_links_color":"","ocean_disable_title":"default","ocean_disable_heading":"default","ocean_post_title":"","ocean_post_subheading":"","ocean_post_title_style":"","ocean_post_title_background_color":"","ocean_post_title_background":0,"ocean_post_title_bg_image_position":"","ocean_post_title_bg_image_attachment":"","ocean_post_title_bg_image_repeat":"","ocean_post_title_bg_image_size":"","ocean_post_title_height":0,"ocean_post_title_bg_overlay":0.5,"ocean_post_title_bg_overlay_color":"","ocean_disable_breadcrumbs":"default","ocean_breadcrumbs_color":"","ocean_breadcrumbs_separator_color":"","ocean_breadcrumbs_links_color":"","ocean_breadcrumbs_links_hover_color":"","ocean_display_footer_widgets":"default","ocean_display_footer_bottom":"default","ocean_custom_footer_template":""},"product_brand":[],"product_cat":[98,124,128],"product_tag":[],"class_list":{"0":"post-28057","1":"product","2":"type-product","3":"status-publish","4":"has-post-thumbnail","6":"product_cat-novedades","7":"product_cat-switch","8":"product_cat-ultimas-entradas","10":"entry","11":"has-media","13":"first","14":"outofstock","15":"taxable","16":"shipping-taxable","17":"purchasable","18":"product-type-simple","19":"col","20":"span_1_of_3","21":"owp-content-center","22":"owp-thumbs-layout-horizontal","23":"owp-btn-normal","24":"owp-tabs-layout-horizontal"},"aioseo_notices":[],"_links":{"self":[{"href":"https:\/\/kaotostore.com\/en\/wp-json\/wp\/v2\/product\/28057","targetHints":{"allow":["GET"]}}],"collection":[{"href":"https:\/\/kaotostore.com\/en\/wp-json\/wp\/v2\/product"}],"about":[{"href":"https:\/\/kaotostore.com\/en\/wp-json\/wp\/v2\/types\/product"}],"wp:featuredmedia":[{"embeddable":true,"href":"https:\/\/kaotostore.com\/en\/wp-json\/wp\/v2\/media\/10219"}],"wp:attachment":[{"href":"https:\/\/kaotostore.com\/en\/wp-json\/wp\/v2\/media?parent=28057"}],"wp:term":[{"taxonomy":"product_brand","embeddable":true,"href":"https:\/\/kaotostore.com\/en\/wp-json\/wp\/v2\/product_brand?post=28057"},{"taxonomy":"product_cat","embeddable":true,"href":"https:\/\/kaotostore.com\/en\/wp-json\/wp\/v2\/product_cat?post=28057"},{"taxonomy":"product_tag","embeddable":true,"href":"https:\/\/kaotostore.com\/en\/wp-json\/wp\/v2\/product_tag?post=28057"}],"curies":[{"name":"wp","href":"https:\/\/api.w.org\/{rel}","templated":true}]}}