{"id":28050,"date":"2026-03-23T19:24:58","date_gmt":"2026-03-23T18:24:58","guid":{"rendered":"https:\/\/kaotostore.com\/producto\/g-i-joe-psp\/"},"modified":"2026-04-09T15:34:52","modified_gmt":"2026-04-09T13:34:52","slug":"g-i-joe-psp","status":"publish","type":"product","link":"https:\/\/kaotostore.com\/en\/product\/g-i-joe-psp\/","title":{"rendered":"G.I.Joe PSP"},"content":{"rendered":"<p><em><strong>G.I. Joe<\/strong><\/em><span>\u00a0The Rise of Cobra es un juego de acci\u00f3n en tercera persona en el que podremos controlar hasta 16 personajes (tanto del comando Joe como del grupo terrorista Cobra) y cada uno de ellos, tendr\u00e1 sus propias armas y sus propias habilidades. En este sentido habr\u00e1 tres tipos de personajes. El primer tipo ser\u00e1 el de los m\u00e1s pesados tendr\u00e1n ataques demoledores con un rango de acci\u00f3n m\u00e1s largo y con m\u00e1s potencia pero ser\u00e1n menos efectivos en el cuerpo a cuerpo. El segundo tipo ser\u00e1 el de los m\u00e1s ligeros. En contraposici\u00f3n al anterior tipo, \u00e9stos ser\u00e1n mucho m\u00e1s \u00e1giles y su especialidad ser\u00e1 la lucha en distancias cortas. Por \u00faltimo tendremos los soldados de combate, que ser\u00e1n m\u00e1s equilibrados, as\u00ed que podemos suponer que ser\u00e1n una mezcla entre el ligero y el pesado. Como es de esperar, esta variedad de personajes tendr\u00e1 consecuencias a la hora de afrontar los distintos niveles. Heavy Duty (del grupo de los pesados) tendr\u00e1 un ataque desde lejos muy poderoso y, en cambio, Snake Eyes (del tipo ligero) ser\u00e1 mucho mejor en la lucha cuerpo a cuerpo. Adem\u00e1s, cuando el medidor est\u00e9 al m\u00e1ximo, podremos activar el Accelerator Suit (novedad de la pel\u00edcula), que har\u00e1 a nuestros personajes invencibles y nos dar\u00e1 m\u00e1s potencia de disparo.<\/span><\/p>\n<p><!----><\/p>","protected":false},"excerpt":{"rendered":"<p>G.I. Joe\u00a0The Rise of Cobra es un juego de acci\u00f3n en tercera persona en el que podremos controlar hasta 16 personajes (tanto del comando Joe como del grupo terrorista Cobra) y cada uno de ellos, tendr\u00e1 sus propias armas y sus propias habilidades. En este sentido habr\u00e1 tres tipos de personajes. El primer tipo ser\u00e1 [&hellip;]<\/p>\n","protected":false},"featured_media":10206,"template":"","meta":{"ocean_post_layout":"","ocean_both_sidebars_style":"","ocean_both_sidebars_content_width":0,"ocean_both_sidebars_sidebars_width":0,"ocean_sidebar":"","ocean_second_sidebar":"","ocean_disable_margins":"enable","ocean_add_body_class":"","ocean_shortcode_before_top_bar":"","ocean_shortcode_after_top_bar":"","ocean_shortcode_before_header":"","ocean_shortcode_after_header":"","ocean_has_shortcode":"","ocean_shortcode_after_title":"","ocean_shortcode_before_footer_widgets":"","ocean_shortcode_after_footer_widgets":"","ocean_shortcode_before_footer_bottom":"","ocean_shortcode_after_footer_bottom":"","ocean_display_top_bar":"default","ocean_display_header":"default","ocean_header_style":"","ocean_center_header_left_menu":"","ocean_custom_header_template":"","ocean_custom_logo":0,"ocean_custom_retina_logo":0,"ocean_custom_logo_max_width":0,"ocean_custom_logo_tablet_max_width":0,"ocean_custom_logo_mobile_max_width":0,"ocean_custom_logo_max_height":0,"ocean_custom_logo_tablet_max_height":0,"ocean_custom_logo_mobile_max_height":0,"ocean_header_custom_menu":"","ocean_menu_typo_font_family":"","ocean_menu_typo_font_subset":"","ocean_menu_typo_font_size":0,"ocean_menu_typo_font_size_tablet":0,"ocean_menu_typo_font_size_mobile":0,"ocean_menu_typo_font_size_unit":"px","ocean_menu_typo_font_weight":"","ocean_menu_typo_font_weight_tablet":"","ocean_menu_typo_font_weight_mobile":"","ocean_menu_typo_transform":"","ocean_menu_typo_transform_tablet":"","ocean_menu_typo_transform_mobile":"","ocean_menu_typo_line_height":0,"ocean_menu_typo_line_height_tablet":0,"ocean_menu_typo_line_height_mobile":0,"ocean_menu_typo_line_height_unit":"","ocean_menu_typo_spacing":0,"ocean_menu_typo_spacing_tablet":0,"ocean_menu_typo_spacing_mobile":0,"ocean_menu_typo_spacing_unit":"","ocean_menu_link_color":"","ocean_menu_link_color_hover":"","ocean_menu_link_color_active":"","ocean_menu_link_background":"","ocean_menu_link_hover_background":"","ocean_menu_link_active_background":"","ocean_menu_social_links_bg":"","ocean_menu_social_hover_links_bg":"","ocean_menu_social_links_color":"","ocean_menu_social_hover_links_color":"","ocean_disable_title":"default","ocean_disable_heading":"default","ocean_post_title":"","ocean_post_subheading":"","ocean_post_title_style":"","ocean_post_title_background_color":"","ocean_post_title_background":0,"ocean_post_title_bg_image_position":"","ocean_post_title_bg_image_attachment":"","ocean_post_title_bg_image_repeat":"","ocean_post_title_bg_image_size":"","ocean_post_title_height":0,"ocean_post_title_bg_overlay":0.5,"ocean_post_title_bg_overlay_color":"","ocean_disable_breadcrumbs":"default","ocean_breadcrumbs_color":"","ocean_breadcrumbs_separator_color":"","ocean_breadcrumbs_links_color":"","ocean_breadcrumbs_links_hover_color":"","ocean_display_footer_widgets":"default","ocean_display_footer_bottom":"default","ocean_custom_footer_template":""},"product_brand":[],"product_cat":[109],"product_tag":[],"class_list":{"0":"post-28050","1":"product","2":"type-product","3":"status-publish","4":"has-post-thumbnail","6":"product_cat-psp","8":"entry","9":"has-media","11":"first","12":"outofstock","13":"taxable","14":"shipping-taxable","15":"purchasable","16":"product-type-simple","17":"col","18":"span_1_of_3","19":"owp-content-center","20":"owp-thumbs-layout-horizontal","21":"owp-btn-normal","22":"owp-tabs-layout-horizontal","23":"has-no-thumbnails"},"aioseo_notices":[],"_links":{"self":[{"href":"https:\/\/kaotostore.com\/en\/wp-json\/wp\/v2\/product\/28050","targetHints":{"allow":["GET"]}}],"collection":[{"href":"https:\/\/kaotostore.com\/en\/wp-json\/wp\/v2\/product"}],"about":[{"href":"https:\/\/kaotostore.com\/en\/wp-json\/wp\/v2\/types\/product"}],"wp:featuredmedia":[{"embeddable":true,"href":"https:\/\/kaotostore.com\/en\/wp-json\/wp\/v2\/media\/10206"}],"wp:attachment":[{"href":"https:\/\/kaotostore.com\/en\/wp-json\/wp\/v2\/media?parent=28050"}],"wp:term":[{"taxonomy":"product_brand","embeddable":true,"href":"https:\/\/kaotostore.com\/en\/wp-json\/wp\/v2\/product_brand?post=28050"},{"taxonomy":"product_cat","embeddable":true,"href":"https:\/\/kaotostore.com\/en\/wp-json\/wp\/v2\/product_cat?post=28050"},{"taxonomy":"product_tag","embeddable":true,"href":"https:\/\/kaotostore.com\/en\/wp-json\/wp\/v2\/product_tag?post=28050"}],"curies":[{"name":"wp","href":"https:\/\/api.w.org\/{rel}","templated":true}]}}