{"id":28028,"date":"2026-03-23T19:24:34","date_gmt":"2026-03-23T18:24:34","guid":{"rendered":"https:\/\/kaotostore.com\/producto\/funda-monster-hunter-switch-lite-switch\/"},"modified":"2026-04-09T12:24:21","modified_gmt":"2026-04-09T10:24:21","slug":"funda-monster-hunter-switch-lite-switch","status":"publish","type":"product","link":"https:\/\/kaotostore.com\/en\/product\/funda-monster-hunter-switch-lite-switch\/","title":{"rendered":"Funda Monster Hunter Switch Lite SWITCH"},"content":{"rendered":"<ul class=\"a-unordered-list a-vertical a-spacing-mini\">\n<li class=\"a-spacing-mini\"><span class=\"a-list-item\">Dise\u00f1o exquisito: el elaborado dise\u00f1o de tema en relieve de bloqueo dorado es original y \u00fanico, especialmente dise\u00f1ado para Nintendo Switch &amp; Switch Lite.<\/span><\/li>\n<li class=\"a-spacing-mini\"><span class=\"a-list-item\">Protecci\u00f3n completa duradera: cremallera YKK estable y f\u00e1cil de deslizar para garantizar un uso prolongado, y con una correa de fijaci\u00f3n evita que tu consola se sacuda, ca\u00eddas, ara\u00f1azos, golpes, salpicaduras y polvo.<\/span><\/li>\n<li class=\"a-spacing-mini\"><span class=\"a-list-item\">Materiales de alta calidad: nuestra funda de transporte est\u00e1 hecha de material de poliuretano suave que es impermeable y a prueba de golpes. El forro est\u00e1 hecho de franela gruesa para proteger tu consola de ara\u00f1azos.<\/span><\/li>\n<li class=\"a-spacing-mini\"><span class=\"a-list-item\">Gran capacidad de almacenamiento: con un bolsillo de malla puede almacenar algunos accesorios peque\u00f1os como cable, auriculares, controlador. Tambi\u00e9n se construye con 10 ranuras para tarjetas de juego, lo que te permite llevar tus juegos favoritos a cualquier lugar.<\/span><\/li>\n<li class=\"a-spacing-mini\"><span class=\"a-list-item\">F\u00e1cil de transportar: nuestra funda de transporte viene con una cuerda de mano y una correa que permite un transporte o viaje c\u00f3modo. Con el dise\u00f1o ligero, tambi\u00e9n puedes ponerlo en tu mochila para llevarlo a cualquier lugar.<\/span><\/li>\n<\/ul>","protected":false},"excerpt":{"rendered":"<p>Dise\u00f1o exquisito: el elaborado dise\u00f1o de tema en relieve de bloqueo dorado es original y \u00fanico, especialmente dise\u00f1ado para Nintendo Switch &amp; Switch Lite. Protecci\u00f3n completa duradera: cremallera YKK estable y f\u00e1cil de deslizar para garantizar un uso prolongado, y con una correa de fijaci\u00f3n evita que tu consola se sacuda, ca\u00eddas, ara\u00f1azos, golpes, salpicaduras [&hellip;]<\/p>\n","protected":false},"featured_media":10176,"template":"","meta":{"ocean_post_layout":"","ocean_both_sidebars_style":"","ocean_both_sidebars_content_width":0,"ocean_both_sidebars_sidebars_width":0,"ocean_sidebar":"","ocean_second_sidebar":"","ocean_disable_margins":"enable","ocean_add_body_class":"","ocean_shortcode_before_top_bar":"","ocean_shortcode_after_top_bar":"","ocean_shortcode_before_header":"","ocean_shortcode_after_header":"","ocean_has_shortcode":"","ocean_shortcode_after_title":"","ocean_shortcode_before_footer_widgets":"","ocean_shortcode_after_footer_widgets":"","ocean_shortcode_before_footer_bottom":"","ocean_shortcode_after_footer_bottom":"","ocean_display_top_bar":"default","ocean_display_header":"default","ocean_header_style":"","ocean_center_header_left_menu":"","ocean_custom_header_template":"","ocean_custom_logo":0,"ocean_custom_retina_logo":0,"ocean_custom_logo_max_width":0,"ocean_custom_logo_tablet_max_width":0,"ocean_custom_logo_mobile_max_width":0,"ocean_custom_logo_max_height":0,"ocean_custom_logo_tablet_max_height":0,"ocean_custom_logo_mobile_max_height":0,"ocean_header_custom_menu":"","ocean_menu_typo_font_family":"","ocean_menu_typo_font_subset":"","ocean_menu_typo_font_size":0,"ocean_menu_typo_font_size_tablet":0,"ocean_menu_typo_font_size_mobile":0,"ocean_menu_typo_font_size_unit":"px","ocean_menu_typo_font_weight":"","ocean_menu_typo_font_weight_tablet":"","ocean_menu_typo_font_weight_mobile":"","ocean_menu_typo_transform":"","ocean_menu_typo_transform_tablet":"","ocean_menu_typo_transform_mobile":"","ocean_menu_typo_line_height":0,"ocean_menu_typo_line_height_tablet":0,"ocean_menu_typo_line_height_mobile":0,"ocean_menu_typo_line_height_unit":"","ocean_menu_typo_spacing":0,"ocean_menu_typo_spacing_tablet":0,"ocean_menu_typo_spacing_mobile":0,"ocean_menu_typo_spacing_unit":"","ocean_menu_link_color":"","ocean_menu_link_color_hover":"","ocean_menu_link_color_active":"","ocean_menu_link_background":"","ocean_menu_link_hover_background":"","ocean_menu_link_active_background":"","ocean_menu_social_links_bg":"","ocean_menu_social_hover_links_bg":"","ocean_menu_social_links_color":"","ocean_menu_social_hover_links_color":"","ocean_disable_title":"default","ocean_disable_heading":"default","ocean_post_title":"","ocean_post_subheading":"","ocean_post_title_style":"","ocean_post_title_background_color":"","ocean_post_title_background":0,"ocean_post_title_bg_image_position":"","ocean_post_title_bg_image_attachment":"","ocean_post_title_bg_image_repeat":"","ocean_post_title_bg_image_size":"","ocean_post_title_height":0,"ocean_post_title_bg_overlay":0.5,"ocean_post_title_bg_overlay_color":"","ocean_disable_breadcrumbs":"default","ocean_breadcrumbs_color":"","ocean_breadcrumbs_separator_color":"","ocean_breadcrumbs_links_color":"","ocean_breadcrumbs_links_hover_color":"","ocean_display_footer_widgets":"default","ocean_display_footer_bottom":"default","ocean_custom_footer_template":""},"product_brand":[],"product_cat":[68,124,128],"product_tag":[],"class_list":{"0":"post-28028","1":"product","2":"type-product","3":"status-publish","4":"has-post-thumbnail","6":"product_cat-accesorios","7":"product_cat-switch","8":"product_cat-ultimas-entradas","10":"entry","11":"has-media","13":"first","14":"instock","15":"taxable","16":"shipping-taxable","17":"purchasable","18":"product-type-simple","19":"col","20":"span_1_of_3","21":"owp-content-center","22":"owp-thumbs-layout-horizontal","23":"owp-btn-normal","24":"owp-tabs-layout-horizontal","25":"has-no-thumbnails"},"aioseo_notices":[],"_links":{"self":[{"href":"https:\/\/kaotostore.com\/en\/wp-json\/wp\/v2\/product\/28028","targetHints":{"allow":["GET"]}}],"collection":[{"href":"https:\/\/kaotostore.com\/en\/wp-json\/wp\/v2\/product"}],"about":[{"href":"https:\/\/kaotostore.com\/en\/wp-json\/wp\/v2\/types\/product"}],"wp:featuredmedia":[{"embeddable":true,"href":"https:\/\/kaotostore.com\/en\/wp-json\/wp\/v2\/media\/10176"}],"wp:attachment":[{"href":"https:\/\/kaotostore.com\/en\/wp-json\/wp\/v2\/media?parent=28028"}],"wp:term":[{"taxonomy":"product_brand","embeddable":true,"href":"https:\/\/kaotostore.com\/en\/wp-json\/wp\/v2\/product_brand?post=28028"},{"taxonomy":"product_cat","embeddable":true,"href":"https:\/\/kaotostore.com\/en\/wp-json\/wp\/v2\/product_cat?post=28028"},{"taxonomy":"product_tag","embeddable":true,"href":"https:\/\/kaotostore.com\/en\/wp-json\/wp\/v2\/product_tag?post=28028"}],"curies":[{"name":"wp","href":"https:\/\/api.w.org\/{rel}","templated":true}]}}