{"id":28010,"date":"2026-03-23T19:24:17","date_gmt":"2026-03-23T18:24:17","guid":{"rendered":"https:\/\/kaotostore.com\/producto\/friends-centra-perk-el-libro-de-cocina-oficial\/"},"modified":"2026-05-15T20:34:27","modified_gmt":"2026-05-15T18:34:27","slug":"friends-centra-perk-el-libro-de-cocina-oficial","status":"publish","type":"product","link":"https:\/\/kaotostore.com\/en\/product\/friends-centra-perk-el-libro-de-cocina-oficial\/","title":{"rendered":"Friends Central Perk El Libro de Cocina Oficial"},"content":{"rendered":"<p><span class=\"a-text-bold\">RE\u00daNE A TUS AMIGOS EN TU SOF\u00c1 FAVORITO Y PREPARA M\u00c1S DE 75 RECETAS INSPIRADAS EN LA IC\u00d3NICA CAFETER\u00cdA CENTRAL PERK, DE LA POPULAR SERIE DE TV FRIENDS.<\/span><\/p>\n<p>Este exclusivo libro de cocina presenta una gran variedad de recetas para cocineros de todos los niveles, desde bebidas y batidos con t\u00e9 o caf\u00e9 a ideas para el desayuno, bocadillos y tentempi\u00e9s para media ma\u00f1ana, almuerzos ligeros y postres. Cada cap\u00edtulo incluye recetas deliciosas inspiradas en la serie, como por ejemplo:<br \/>\n&#8211;\u00a0<span class=\"a-text-italic\">Madalenas &#8216;ach\u00eds&#8217; de pl\u00e1tano y caf\u00e9: las estornudadas de Joey para clientes groseros<\/span><br \/>\n&#8211;\u00a0<span class=\"a-text-italic\">T\u00e9 tailand\u00e9s helado Odio a Rachel<\/span><br \/>\n&#8211;\u00a0<span class=\"a-text-italic\">Bolas de pasta con queso &#8216;p\u00e1jaro en la jaula&#8217; de Gunther<\/span><br \/>\n<span class=\"a-text-italic\">Friends: el libro de cocina oficial del Central Perk<\/span>\u00a0incluye maravillosas fotograf\u00edas a todo color, fotogramas inolvidables y frases c\u00e9lebres de Rachel, Ross, Monica, Chandler, Joey y Phoebe, as\u00ed como de otros de sus amigos tan queridos. Un regalo perfecto para cualquier fan de la serie.<\/p>","protected":false},"excerpt":{"rendered":"<p>RE\u00daNE A TUS AMIGOS EN TU SOF\u00c1 FAVORITO Y PREPARA M\u00c1S DE 75 RECETAS INSPIRADAS EN LA IC\u00d3NICA CAFETER\u00cdA CENTRAL PERK, DE LA POPULAR SERIE DE TV FRIENDS. Este exclusivo libro de cocina presenta una gran variedad de recetas para cocineros de todos los niveles, desde bebidas y batidos con t\u00e9 o caf\u00e9 a ideas [&hellip;]<\/p>\n","protected":false},"featured_media":10151,"template":"","meta":{"ocean_post_layout":"","ocean_both_sidebars_style":"","ocean_both_sidebars_content_width":0,"ocean_both_sidebars_sidebars_width":0,"ocean_sidebar":"0","ocean_second_sidebar":"0","ocean_disable_margins":"enable","ocean_add_body_class":"","ocean_shortcode_before_top_bar":"","ocean_shortcode_after_top_bar":"","ocean_shortcode_before_header":"","ocean_shortcode_after_header":"","ocean_has_shortcode":"","ocean_shortcode_after_title":"","ocean_shortcode_before_footer_widgets":"","ocean_shortcode_after_footer_widgets":"","ocean_shortcode_before_footer_bottom":"","ocean_shortcode_after_footer_bottom":"","ocean_display_top_bar":"default","ocean_display_header":"default","ocean_header_style":"","ocean_center_header_left_menu":"0","ocean_custom_header_template":"0","ocean_custom_logo":0,"ocean_custom_retina_logo":0,"ocean_custom_logo_max_width":0,"ocean_custom_logo_tablet_max_width":0,"ocean_custom_logo_mobile_max_width":0,"ocean_custom_logo_max_height":0,"ocean_custom_logo_tablet_max_height":0,"ocean_custom_logo_mobile_max_height":0,"ocean_header_custom_menu":"0","ocean_menu_typo_font_family":"0","ocean_menu_typo_font_subset":"","ocean_menu_typo_font_size":0,"ocean_menu_typo_font_size_tablet":0,"ocean_menu_typo_font_size_mobile":0,"ocean_menu_typo_font_size_unit":"px","ocean_menu_typo_font_weight":"","ocean_menu_typo_font_weight_tablet":"","ocean_menu_typo_font_weight_mobile":"","ocean_menu_typo_transform":"","ocean_menu_typo_transform_tablet":"","ocean_menu_typo_transform_mobile":"","ocean_menu_typo_line_height":0,"ocean_menu_typo_line_height_tablet":0,"ocean_menu_typo_line_height_mobile":0,"ocean_menu_typo_line_height_unit":"","ocean_menu_typo_spacing":0,"ocean_menu_typo_spacing_tablet":0,"ocean_menu_typo_spacing_mobile":0,"ocean_menu_typo_spacing_unit":"","ocean_menu_link_color":"","ocean_menu_link_color_hover":"","ocean_menu_link_color_active":"","ocean_menu_link_background":"","ocean_menu_link_hover_background":"","ocean_menu_link_active_background":"","ocean_menu_social_links_bg":"","ocean_menu_social_hover_links_bg":"","ocean_menu_social_links_color":"","ocean_menu_social_hover_links_color":"","ocean_disable_title":"default","ocean_disable_heading":"default","ocean_post_title":"","ocean_post_subheading":"","ocean_post_title_style":"","ocean_post_title_background_color":"","ocean_post_title_background":0,"ocean_post_title_bg_image_position":"","ocean_post_title_bg_image_attachment":"","ocean_post_title_bg_image_repeat":"","ocean_post_title_bg_image_size":"","ocean_post_title_height":0,"ocean_post_title_bg_overlay":0.5,"ocean_post_title_bg_overlay_color":"","ocean_disable_breadcrumbs":"default","ocean_breadcrumbs_color":"","ocean_breadcrumbs_separator_color":"","ocean_breadcrumbs_links_color":"","ocean_breadcrumbs_links_hover_color":"","ocean_display_footer_widgets":"default","ocean_display_footer_bottom":"default","ocean_custom_footer_template":"0"},"product_brand":[],"product_cat":[71,128],"product_tag":[],"class_list":{"0":"post-28010","1":"product","2":"type-product","3":"status-publish","4":"has-post-thumbnail","6":"product_cat-artbooks-libros-de-divulgacion-comic-manga-guias","7":"product_cat-ultimas-entradas","9":"entry","10":"has-media","12":"first","13":"instock","14":"taxable","15":"shipping-taxable","16":"purchasable","17":"product-type-simple","18":"col","19":"span_1_of_3","20":"owp-content-center","21":"owp-thumbs-layout-horizontal","22":"owp-btn-normal","23":"owp-tabs-layout-horizontal","24":"has-no-thumbnails"},"aioseo_notices":[],"_links":{"self":[{"href":"https:\/\/kaotostore.com\/en\/wp-json\/wp\/v2\/product\/28010","targetHints":{"allow":["GET"]}}],"collection":[{"href":"https:\/\/kaotostore.com\/en\/wp-json\/wp\/v2\/product"}],"about":[{"href":"https:\/\/kaotostore.com\/en\/wp-json\/wp\/v2\/types\/product"}],"wp:featuredmedia":[{"embeddable":true,"href":"https:\/\/kaotostore.com\/en\/wp-json\/wp\/v2\/media\/10151"}],"wp:attachment":[{"href":"https:\/\/kaotostore.com\/en\/wp-json\/wp\/v2\/media?parent=28010"}],"wp:term":[{"taxonomy":"product_brand","embeddable":true,"href":"https:\/\/kaotostore.com\/en\/wp-json\/wp\/v2\/product_brand?post=28010"},{"taxonomy":"product_cat","embeddable":true,"href":"https:\/\/kaotostore.com\/en\/wp-json\/wp\/v2\/product_cat?post=28010"},{"taxonomy":"product_tag","embeddable":true,"href":"https:\/\/kaotostore.com\/en\/wp-json\/wp\/v2\/product_tag?post=28010"}],"curies":[{"name":"wp","href":"https:\/\/api.w.org\/{rel}","templated":true}]}}