{"id":27954,"date":"2026-03-23T19:22:58","date_gmt":"2026-03-23T18:22:58","guid":{"rendered":"https:\/\/kaotostore.com\/producto\/fire-emblem-three-houses-limited-edition-switch\/"},"modified":"2026-04-09T12:06:53","modified_gmt":"2026-04-09T10:06:53","slug":"fire-emblem-three-houses-limited-edition-switch","status":"publish","type":"product","link":"https:\/\/kaotostore.com\/en\/product\/fire-emblem-three-houses-limited-edition-switch\/","title":{"rendered":"Fire Emblem Three Houses Limited Edition SWITCH"},"content":{"rendered":"<h1><strong><span style=\"text-decoration: underline;\"><span style=\"color: rgb(255, 5, 5); text-decoration: underline;\">SOLO RECOGIDA EN TIENDA<\/span><\/span><\/strong><\/h1>\n<p>\u00a0<\/p>\n<p><strong>-Incluye:<br \/>\u00a0-Juego f\u00edsico Fire Emblem Three Houses<br \/>\u00a0-Libro de arte<br \/>\u00a0-OST en un USB<br \/>\u00a0-Steelbook<br \/>\u00a0-Pin Badge set<br \/><\/strong><\/p>\n<p>\u00a0<\/p>\n<h3 class=\"heading-xs-semibold md-heading-xs-semibold mb-base\">Descripci\u00f3n del Producto<\/h3>\n<div>\n<p>Decide el destino de un continente al borde de la guerra en <em><strong>Fire Emblem: Three Houses<\/strong><\/em>. Lidera a los estudiantes de una de las tres prestigiosas casas a lo largo de su vida acad\u00e9mica y gu\u00edalos en combates t\u00e1cticos por turnos repletos de nuevos desaf\u00edos estrat\u00e9gicos.<\/p>\n<h4>Tambores de guerra<\/h4>\n<p>El continente de F\u00f3dlan est\u00e1 dividido en tres naciones soberanas, y en su centro se halla el Monasterio de Garreg Mach, que alberga la Academia de Oficiales, es all\u00ed donde se entrenan los futuros l\u00edderes de F\u00f3dlan. Tu personaje es un mercenario convertido en profesor que deber\u00e1 elegir una de las tres casas de la Academia y guiar a sus pupilos tanto en el \u00e1mbito acad\u00e9mico como en el campo de batalla.\u00a0<\/p>\n<p>El futuro de F\u00f3dlan depender\u00e1 de tu elecci\u00f3n.<\/p>\n<h4>El campo de batalla<\/h4>\n<p>Como parte del curr\u00edculo acad\u00e9mico, deber\u00e1s participar con tus estudiantes en combates estrat\u00e9gicos por turnos a lo largo y ancho de F\u00f3dlan. Por primera vez en la serie, batallones de tropas seguir\u00e1n a tus unidades para prestarles apoyo en el campo de batalla. La vida de tus estudiantes est\u00e1 en tus manos, y la victoria depender\u00e1 de tu liderazgo y tu habilidad para adaptar la estrategia al transcurso del combate.<\/p>\n<h4>La academia<\/h4>\n<p>Potencia los talentos de tus pupilos y ay\u00fadales a alcanzar todo su potencial en la Academia de Oficiales. Recorre libremente el Monasterio de Garreg Mach entre una clase y otra para aceptar distintos encargos, y pasa tiempo con tus estudiantes para conocerlos mejor, reforzar el v\u00ednculo que os une y recopilar informaci\u00f3n interesante.<\/p>\n<\/div>\n<p><!----><\/p>","protected":false},"excerpt":{"rendered":"<p>SOLO RECOGIDA EN TIENDA \u00a0 -Incluye:\u00a0-Juego f\u00edsico Fire Emblem Three Houses\u00a0-Libro de arte\u00a0-OST en un USB\u00a0-Steelbook\u00a0-Pin Badge set \u00a0 Descripci\u00f3n del Producto Decide el destino de un continente al borde de la guerra en Fire Emblem: Three Houses. Lidera a los estudiantes de una de las tres prestigiosas casas a lo largo de su vida [&hellip;]<\/p>\n","protected":false},"featured_media":10057,"template":"","meta":{"ocean_post_layout":"","ocean_both_sidebars_style":"","ocean_both_sidebars_content_width":0,"ocean_both_sidebars_sidebars_width":0,"ocean_sidebar":"","ocean_second_sidebar":"","ocean_disable_margins":"enable","ocean_add_body_class":"","ocean_shortcode_before_top_bar":"","ocean_shortcode_after_top_bar":"","ocean_shortcode_before_header":"","ocean_shortcode_after_header":"","ocean_has_shortcode":"","ocean_shortcode_after_title":"","ocean_shortcode_before_footer_widgets":"","ocean_shortcode_after_footer_widgets":"","ocean_shortcode_before_footer_bottom":"","ocean_shortcode_after_footer_bottom":"","ocean_display_top_bar":"default","ocean_display_header":"default","ocean_header_style":"","ocean_center_header_left_menu":"","ocean_custom_header_template":"","ocean_custom_logo":0,"ocean_custom_retina_logo":0,"ocean_custom_logo_max_width":0,"ocean_custom_logo_tablet_max_width":0,"ocean_custom_logo_mobile_max_width":0,"ocean_custom_logo_max_height":0,"ocean_custom_logo_tablet_max_height":0,"ocean_custom_logo_mobile_max_height":0,"ocean_header_custom_menu":"","ocean_menu_typo_font_family":"","ocean_menu_typo_font_subset":"","ocean_menu_typo_font_size":0,"ocean_menu_typo_font_size_tablet":0,"ocean_menu_typo_font_size_mobile":0,"ocean_menu_typo_font_size_unit":"px","ocean_menu_typo_font_weight":"","ocean_menu_typo_font_weight_tablet":"","ocean_menu_typo_font_weight_mobile":"","ocean_menu_typo_transform":"","ocean_menu_typo_transform_tablet":"","ocean_menu_typo_transform_mobile":"","ocean_menu_typo_line_height":0,"ocean_menu_typo_line_height_tablet":0,"ocean_menu_typo_line_height_mobile":0,"ocean_menu_typo_line_height_unit":"","ocean_menu_typo_spacing":0,"ocean_menu_typo_spacing_tablet":0,"ocean_menu_typo_spacing_mobile":0,"ocean_menu_typo_spacing_unit":"","ocean_menu_link_color":"","ocean_menu_link_color_hover":"","ocean_menu_link_color_active":"","ocean_menu_link_background":"","ocean_menu_link_hover_background":"","ocean_menu_link_active_background":"","ocean_menu_social_links_bg":"","ocean_menu_social_hover_links_bg":"","ocean_menu_social_links_color":"","ocean_menu_social_hover_links_color":"","ocean_disable_title":"default","ocean_disable_heading":"default","ocean_post_title":"","ocean_post_subheading":"","ocean_post_title_style":"","ocean_post_title_background_color":"","ocean_post_title_background":0,"ocean_post_title_bg_image_position":"","ocean_post_title_bg_image_attachment":"","ocean_post_title_bg_image_repeat":"","ocean_post_title_bg_image_size":"","ocean_post_title_height":0,"ocean_post_title_bg_overlay":0.5,"ocean_post_title_bg_overlay_color":"","ocean_disable_breadcrumbs":"default","ocean_breadcrumbs_color":"","ocean_breadcrumbs_separator_color":"","ocean_breadcrumbs_links_color":"","ocean_breadcrumbs_links_hover_color":"","ocean_display_footer_widgets":"default","ocean_display_footer_bottom":"default","ocean_custom_footer_template":""},"product_brand":[],"product_cat":[128],"product_tag":[],"class_list":{"0":"post-27954","1":"product","2":"type-product","3":"status-publish","4":"has-post-thumbnail","6":"product_cat-ultimas-entradas","8":"entry","9":"has-media","11":"first","12":"instock","13":"taxable","14":"shipping-taxable","15":"purchasable","16":"product-type-simple","17":"col","18":"span_1_of_3","19":"owp-content-center","20":"owp-thumbs-layout-horizontal","21":"owp-btn-normal","22":"owp-tabs-layout-horizontal","23":"has-no-thumbnails"},"aioseo_notices":[],"_links":{"self":[{"href":"https:\/\/kaotostore.com\/en\/wp-json\/wp\/v2\/product\/27954","targetHints":{"allow":["GET"]}}],"collection":[{"href":"https:\/\/kaotostore.com\/en\/wp-json\/wp\/v2\/product"}],"about":[{"href":"https:\/\/kaotostore.com\/en\/wp-json\/wp\/v2\/types\/product"}],"wp:featuredmedia":[{"embeddable":true,"href":"https:\/\/kaotostore.com\/en\/wp-json\/wp\/v2\/media\/10057"}],"wp:attachment":[{"href":"https:\/\/kaotostore.com\/en\/wp-json\/wp\/v2\/media?parent=27954"}],"wp:term":[{"taxonomy":"product_brand","embeddable":true,"href":"https:\/\/kaotostore.com\/en\/wp-json\/wp\/v2\/product_brand?post=27954"},{"taxonomy":"product_cat","embeddable":true,"href":"https:\/\/kaotostore.com\/en\/wp-json\/wp\/v2\/product_cat?post=27954"},{"taxonomy":"product_tag","embeddable":true,"href":"https:\/\/kaotostore.com\/en\/wp-json\/wp\/v2\/product_tag?post=27954"}],"curies":[{"name":"wp","href":"https:\/\/api.w.org\/{rel}","templated":true}]}}