{"id":27910,"date":"2026-03-23T19:22:14","date_gmt":"2026-03-23T18:22:14","guid":{"rendered":"https:\/\/kaotostore.com\/producto\/final-fantasy-xv-deluxe-edition-playstation-4-importacion-japonesa\/"},"modified":"2026-04-09T12:06:54","modified_gmt":"2026-04-09T10:06:54","slug":"final-fantasy-xv-deluxe-edition-playstation-4-importacion-japonesa","status":"publish","type":"product","link":"https:\/\/kaotostore.com\/en\/product\/final-fantasy-xv-deluxe-edition-playstation-4-importacion-japonesa\/","title":{"rendered":"Final Fantasy XV Deluxe Edition PLAYSTATION 4 (Importaci\u00f3n japonesa)"},"content":{"rendered":"<p><strong>-Juego en castellano<\/strong><\/p>\n<p>\u00a0<\/p>\n<p><span>Prep\u00e1rate para estar en el centro de la \u00faltima aventura de fantas\u00eda. Entra en el mundo de\u00a0<\/span><strong><em>Final Fantasy XV<\/em><\/strong><span>\u00a0, y la experiencia de las batallas \u00e9picas llenas de acci\u00f3n a lo largo de su viaje de descubrimiento. Est\u00e1s Noctis, el Pr\u00edncipe Heredero del Reino de Lucis, y su b\u00fasqueda es para recuperar su patria de las garras del ej\u00e9rcito imperial. Acompa\u00f1ado por sus amigos m\u00e1s cercanos, que se llevar\u00e1 a la rueda y la experiencia de un viaje como ning\u00fan otro, viaje a trav\u00e9s del mundo de toma aliento de Eos que encuentra m\u00e1s grande bestias de la vida y enemigos implacables. Usted aprender\u00e1 a dominar las habilidades de las armas y la magia, canalizando el poder de sus ancestros lo que le permite deformar sin esfuerzo a trav\u00e9s del aire en emocionantes combates. Caras nuevas y ventiladores de largo plazo, cumplir su destino y la experiencia de un nuevo tipo de fantas\u00eda.<\/span><\/p>","protected":false},"excerpt":{"rendered":"<p>-Juego en castellano \u00a0 Prep\u00e1rate para estar en el centro de la \u00faltima aventura de fantas\u00eda. Entra en el mundo de\u00a0Final Fantasy XV\u00a0, y la experiencia de las batallas \u00e9picas llenas de acci\u00f3n a lo largo de su viaje de descubrimiento. Est\u00e1s Noctis, el Pr\u00edncipe Heredero del Reino de Lucis, y su b\u00fasqueda es para [&hellip;]<\/p>\n","protected":false},"featured_media":10006,"template":"","meta":{"ocean_post_layout":"","ocean_both_sidebars_style":"","ocean_both_sidebars_content_width":0,"ocean_both_sidebars_sidebars_width":0,"ocean_sidebar":"","ocean_second_sidebar":"","ocean_disable_margins":"enable","ocean_add_body_class":"","ocean_shortcode_before_top_bar":"","ocean_shortcode_after_top_bar":"","ocean_shortcode_before_header":"","ocean_shortcode_after_header":"","ocean_has_shortcode":"","ocean_shortcode_after_title":"","ocean_shortcode_before_footer_widgets":"","ocean_shortcode_after_footer_widgets":"","ocean_shortcode_before_footer_bottom":"","ocean_shortcode_after_footer_bottom":"","ocean_display_top_bar":"default","ocean_display_header":"default","ocean_header_style":"","ocean_center_header_left_menu":"","ocean_custom_header_template":"","ocean_custom_logo":0,"ocean_custom_retina_logo":0,"ocean_custom_logo_max_width":0,"ocean_custom_logo_tablet_max_width":0,"ocean_custom_logo_mobile_max_width":0,"ocean_custom_logo_max_height":0,"ocean_custom_logo_tablet_max_height":0,"ocean_custom_logo_mobile_max_height":0,"ocean_header_custom_menu":"","ocean_menu_typo_font_family":"","ocean_menu_typo_font_subset":"","ocean_menu_typo_font_size":0,"ocean_menu_typo_font_size_tablet":0,"ocean_menu_typo_font_size_mobile":0,"ocean_menu_typo_font_size_unit":"px","ocean_menu_typo_font_weight":"","ocean_menu_typo_font_weight_tablet":"","ocean_menu_typo_font_weight_mobile":"","ocean_menu_typo_transform":"","ocean_menu_typo_transform_tablet":"","ocean_menu_typo_transform_mobile":"","ocean_menu_typo_line_height":0,"ocean_menu_typo_line_height_tablet":0,"ocean_menu_typo_line_height_mobile":0,"ocean_menu_typo_line_height_unit":"","ocean_menu_typo_spacing":0,"ocean_menu_typo_spacing_tablet":0,"ocean_menu_typo_spacing_mobile":0,"ocean_menu_typo_spacing_unit":"","ocean_menu_link_color":"","ocean_menu_link_color_hover":"","ocean_menu_link_color_active":"","ocean_menu_link_background":"","ocean_menu_link_hover_background":"","ocean_menu_link_active_background":"","ocean_menu_social_links_bg":"","ocean_menu_social_hover_links_bg":"","ocean_menu_social_links_color":"","ocean_menu_social_hover_links_color":"","ocean_disable_title":"default","ocean_disable_heading":"default","ocean_post_title":"","ocean_post_subheading":"","ocean_post_title_style":"","ocean_post_title_background_color":"","ocean_post_title_background":0,"ocean_post_title_bg_image_position":"","ocean_post_title_bg_image_attachment":"","ocean_post_title_bg_image_repeat":"","ocean_post_title_bg_image_size":"","ocean_post_title_height":0,"ocean_post_title_bg_overlay":0.5,"ocean_post_title_bg_overlay_color":"","ocean_disable_breadcrumbs":"default","ocean_breadcrumbs_color":"","ocean_breadcrumbs_separator_color":"","ocean_breadcrumbs_links_color":"","ocean_breadcrumbs_links_hover_color":"","ocean_display_footer_widgets":"default","ocean_display_footer_bottom":"default","ocean_custom_footer_template":""},"product_brand":[],"product_cat":[107,128],"product_tag":[],"class_list":{"0":"post-27910","1":"product","2":"type-product","3":"status-publish","4":"has-post-thumbnail","6":"product_cat-playstation-4","7":"product_cat-ultimas-entradas","9":"entry","10":"has-media","12":"first","13":"instock","14":"taxable","15":"shipping-taxable","16":"purchasable","17":"product-type-simple","18":"col","19":"span_1_of_3","20":"owp-content-center","21":"owp-thumbs-layout-horizontal","22":"owp-btn-normal","23":"owp-tabs-layout-horizontal","24":"has-no-thumbnails"},"aioseo_notices":[],"_links":{"self":[{"href":"https:\/\/kaotostore.com\/en\/wp-json\/wp\/v2\/product\/27910","targetHints":{"allow":["GET"]}}],"collection":[{"href":"https:\/\/kaotostore.com\/en\/wp-json\/wp\/v2\/product"}],"about":[{"href":"https:\/\/kaotostore.com\/en\/wp-json\/wp\/v2\/types\/product"}],"wp:featuredmedia":[{"embeddable":true,"href":"https:\/\/kaotostore.com\/en\/wp-json\/wp\/v2\/media\/10006"}],"wp:attachment":[{"href":"https:\/\/kaotostore.com\/en\/wp-json\/wp\/v2\/media?parent=27910"}],"wp:term":[{"taxonomy":"product_brand","embeddable":true,"href":"https:\/\/kaotostore.com\/en\/wp-json\/wp\/v2\/product_brand?post=27910"},{"taxonomy":"product_cat","embeddable":true,"href":"https:\/\/kaotostore.com\/en\/wp-json\/wp\/v2\/product_cat?post=27910"},{"taxonomy":"product_tag","embeddable":true,"href":"https:\/\/kaotostore.com\/en\/wp-json\/wp\/v2\/product_tag?post=27910"}],"curies":[{"name":"wp","href":"https:\/\/api.w.org\/{rel}","templated":true}]}}