{"id":27833,"date":"2026-03-23T19:20:39","date_gmt":"2026-03-23T18:20:39","guid":{"rendered":"https:\/\/kaotostore.com\/producto\/final-fantasy-psp\/"},"modified":"2026-04-09T15:34:42","modified_gmt":"2026-04-09T13:34:42","slug":"final-fantasy-psp","status":"publish","type":"product","link":"https:\/\/kaotostore.com\/en\/product\/final-fantasy-psp\/","title":{"rendered":"Final Fantasy PSP"},"content":{"rendered":"<div>\n<p><strong><em>Final Fantasy<\/em><\/strong> es la versi\u00f3n definitiva del juego que hizo historia. Remasterizado exclusivamente, esta versi\u00f3n cuenta con ilustraciones de personajes renovadas, nuevas mazmorras, presentaci\u00f3n a pantalla completa de 16:9, mejora de los gr\u00e1ficos y un nuevo \u00e1ngulo de c\u00e1mara que ofrece a los jugadores una ventaja a\u00f1adida a este cl\u00e1sico imperecedero de los juegos de rol.<\/p>\n<p><strong><em>Final Fantasy<\/em><\/strong> cuenta la historia de cuatro j\u00f3venes guerreros, cada uno portador de un cristal, que son convocados para restituir el equilibro elemental del mundo. Durante su aventura, descubren que una entidad maligna ha alterado la estructura del tiempo para hacerse con el dominio del mundo, ante lo cual nuestros h\u00e9roes tendr\u00e1n que viajar a lugares que nunca jam\u00e1s habr\u00edan imaginado.<\/p>\n<\/div>\n<p><!----><\/p>","protected":false},"excerpt":{"rendered":"<p>Final Fantasy es la versi\u00f3n definitiva del juego que hizo historia. Remasterizado exclusivamente, esta versi\u00f3n cuenta con ilustraciones de personajes renovadas, nuevas mazmorras, presentaci\u00f3n a pantalla completa de 16:9, mejora de los gr\u00e1ficos y un nuevo \u00e1ngulo de c\u00e1mara que ofrece a los jugadores una ventaja a\u00f1adida a este cl\u00e1sico imperecedero de los juegos de [&hellip;]<\/p>\n","protected":false},"featured_media":9876,"template":"","meta":{"ocean_post_layout":"","ocean_both_sidebars_style":"","ocean_both_sidebars_content_width":0,"ocean_both_sidebars_sidebars_width":0,"ocean_sidebar":"","ocean_second_sidebar":"","ocean_disable_margins":"enable","ocean_add_body_class":"","ocean_shortcode_before_top_bar":"","ocean_shortcode_after_top_bar":"","ocean_shortcode_before_header":"","ocean_shortcode_after_header":"","ocean_has_shortcode":"","ocean_shortcode_after_title":"","ocean_shortcode_before_footer_widgets":"","ocean_shortcode_after_footer_widgets":"","ocean_shortcode_before_footer_bottom":"","ocean_shortcode_after_footer_bottom":"","ocean_display_top_bar":"default","ocean_display_header":"default","ocean_header_style":"","ocean_center_header_left_menu":"","ocean_custom_header_template":"","ocean_custom_logo":0,"ocean_custom_retina_logo":0,"ocean_custom_logo_max_width":0,"ocean_custom_logo_tablet_max_width":0,"ocean_custom_logo_mobile_max_width":0,"ocean_custom_logo_max_height":0,"ocean_custom_logo_tablet_max_height":0,"ocean_custom_logo_mobile_max_height":0,"ocean_header_custom_menu":"","ocean_menu_typo_font_family":"","ocean_menu_typo_font_subset":"","ocean_menu_typo_font_size":0,"ocean_menu_typo_font_size_tablet":0,"ocean_menu_typo_font_size_mobile":0,"ocean_menu_typo_font_size_unit":"px","ocean_menu_typo_font_weight":"","ocean_menu_typo_font_weight_tablet":"","ocean_menu_typo_font_weight_mobile":"","ocean_menu_typo_transform":"","ocean_menu_typo_transform_tablet":"","ocean_menu_typo_transform_mobile":"","ocean_menu_typo_line_height":0,"ocean_menu_typo_line_height_tablet":0,"ocean_menu_typo_line_height_mobile":0,"ocean_menu_typo_line_height_unit":"","ocean_menu_typo_spacing":0,"ocean_menu_typo_spacing_tablet":0,"ocean_menu_typo_spacing_mobile":0,"ocean_menu_typo_spacing_unit":"","ocean_menu_link_color":"","ocean_menu_link_color_hover":"","ocean_menu_link_color_active":"","ocean_menu_link_background":"","ocean_menu_link_hover_background":"","ocean_menu_link_active_background":"","ocean_menu_social_links_bg":"","ocean_menu_social_hover_links_bg":"","ocean_menu_social_links_color":"","ocean_menu_social_hover_links_color":"","ocean_disable_title":"default","ocean_disable_heading":"default","ocean_post_title":"","ocean_post_subheading":"","ocean_post_title_style":"","ocean_post_title_background_color":"","ocean_post_title_background":0,"ocean_post_title_bg_image_position":"","ocean_post_title_bg_image_attachment":"","ocean_post_title_bg_image_repeat":"","ocean_post_title_bg_image_size":"","ocean_post_title_height":0,"ocean_post_title_bg_overlay":0.5,"ocean_post_title_bg_overlay_color":"","ocean_disable_breadcrumbs":"default","ocean_breadcrumbs_color":"","ocean_breadcrumbs_separator_color":"","ocean_breadcrumbs_links_color":"","ocean_breadcrumbs_links_hover_color":"","ocean_display_footer_widgets":"default","ocean_display_footer_bottom":"default","ocean_custom_footer_template":""},"product_brand":[],"product_cat":[109],"product_tag":[],"class_list":{"0":"post-27833","1":"product","2":"type-product","3":"status-publish","4":"has-post-thumbnail","6":"product_cat-psp","8":"entry","9":"has-media","11":"first","12":"outofstock","13":"taxable","14":"shipping-taxable","15":"purchasable","16":"product-type-simple","17":"col","18":"span_1_of_3","19":"owp-content-center","20":"owp-thumbs-layout-horizontal","21":"owp-btn-normal","22":"owp-tabs-layout-horizontal","23":"has-no-thumbnails"},"aioseo_notices":[],"_links":{"self":[{"href":"https:\/\/kaotostore.com\/en\/wp-json\/wp\/v2\/product\/27833","targetHints":{"allow":["GET"]}}],"collection":[{"href":"https:\/\/kaotostore.com\/en\/wp-json\/wp\/v2\/product"}],"about":[{"href":"https:\/\/kaotostore.com\/en\/wp-json\/wp\/v2\/types\/product"}],"wp:featuredmedia":[{"embeddable":true,"href":"https:\/\/kaotostore.com\/en\/wp-json\/wp\/v2\/media\/9876"}],"wp:attachment":[{"href":"https:\/\/kaotostore.com\/en\/wp-json\/wp\/v2\/media?parent=27833"}],"wp:term":[{"taxonomy":"product_brand","embeddable":true,"href":"https:\/\/kaotostore.com\/en\/wp-json\/wp\/v2\/product_brand?post=27833"},{"taxonomy":"product_cat","embeddable":true,"href":"https:\/\/kaotostore.com\/en\/wp-json\/wp\/v2\/product_cat?post=27833"},{"taxonomy":"product_tag","embeddable":true,"href":"https:\/\/kaotostore.com\/en\/wp-json\/wp\/v2\/product_tag?post=27833"}],"curies":[{"name":"wp","href":"https:\/\/api.w.org\/{rel}","templated":true}]}}