{"id":27829,"date":"2026-03-23T19:20:34","date_gmt":"2026-03-23T18:20:34","guid":{"rendered":"https:\/\/kaotostore.com\/producto\/final-fantasy-ix-switch-importacion-asiatica\/"},"modified":"2026-04-09T15:34:55","modified_gmt":"2026-04-09T13:34:55","slug":"final-fantasy-ix-switch-importacion-asiatica","status":"publish","type":"product","link":"https:\/\/kaotostore.com\/en\/product\/final-fantasy-ix-switch-importacion-asiatica\/","title":{"rendered":"Final Fantasy IX SWITCH (Importaci\u00f3n asi\u00e1tica)"},"content":{"rendered":"<p><strong><span><span style=\"color: rgb(255, 5, 5);\">Si desea im\u00e1genes adicionales del producto, puede solicitarlas desde el formulario de contacto o en el email kaototienda@gmail.com<\/span><\/span><\/p>\n<p>-Juego en castellano<\/strong><\/p>\n<div class=\"row row-content\">\n<div class=\"col-xs-12 content\">\n<p>En esta versi\u00f3n, podr\u00e1s disfrutar de las aventuras de Yit\u00e1n, Vivi y compa\u00f1\u00eda con personajes y escenas en alta definici\u00f3n, adem\u00e1s de nuevas opciones de juego, como el modo ultrarr\u00e1pido, sin batallas aleatorias y otras mejoras en combate.<\/p>\n<h2>Sinopsis de la historia<\/h2>\n<p>La compa\u00f1\u00eda de teatro T\u00e1ntalus acude al reino de Alexandria con la intenci\u00f3n de secuestrar a la princesa Garnet. Sin embargo, y para sorpresa de todos, resulta ser la princesa quien ya ten\u00eda pensado fugarse. As\u00ed es como conoce a Yit\u00e1n, uno de los miembros de la compa\u00f1\u00eda, y emprende su viaje junto a \u00e9l y el capit\u00e1n Steiner, su guardaespaldas.<\/p>\n<p>M\u00e1s tarde se les unen el mago negro Vivi y Quina de la tribu de Qu. Juntos afrontar\u00e1n una incre\u00edble aventura que los llevar\u00e1 a descubrir secretos sobre s\u00ed mismos y la existencia de un Cristal y de una malvada fuerza que amenaza al mundo entero.<\/p>\n<h2>Caracter\u00edsticas del juego<\/h2>\n<p>\u00a0<\/p>\n<ul>\n<li>Habilidades<br \/>Aprende habilidades nuevas al equipar objetos, y cuando las domines podr\u00e1s usarlas sin tenerlos equipados. \u00a1As\u00ed las opciones de personalizaci\u00f3n son casi infinitas!<\/li>\n<li>Comandos de trance<br \/>Cuando el medidor de trance de un personaje se llena al tope tras recibir ataques de los enemigos, ese personaje entra en trance y adquiere comandos especiales de ataque.<\/li>\n<li>Fabricaci\u00f3n de objetos<br \/>Fusiona dos objetos para obtener uno completamente nuevo. Experimenta con las combinaciones y podr\u00e1s conseguir objetos de gran poder.<\/li>\n<li>Minijuegos<br \/>Si te apetece dejar de lado por un momento la historia, ponte a saltar a la comba o a pasar el rato con otros minijuegos como \u00ab\u00a1A escarbar, chocobo!\u00bb o \u00abTetra Master\u00bb. \u00a1Podr\u00e1s ganar objetos muy valiosos!<\/li>\n<\/ul>\n<p>\u00a0<\/p>\n<h2>Mejoras a\u00f1adidas<\/h2>\n<p>\u00a0<\/p>\n<ul>\n<li>7 potenciadores de juego, entre los que se encuentran los modos ultrarr\u00e1pido y sin batallas aleatorias.<\/li>\n<li>Funci\u00f3n de guardado autom\u00e1tico.<\/li>\n<li>Personajes y escenas en alta definici\u00f3n.<\/li>\n<\/ul>\n<\/div>\n<\/div>\n<p><\/p>","protected":false},"excerpt":{"rendered":"<p>Si desea im\u00e1genes adicionales del producto, puede solicitarlas desde el formulario de contacto o en el email kaototienda@gmail.com -Juego en castellano En esta versi\u00f3n, podr\u00e1s disfrutar de las aventuras de Yit\u00e1n, Vivi y compa\u00f1\u00eda con personajes y escenas en alta definici\u00f3n, adem\u00e1s de nuevas opciones de juego, como el modo ultrarr\u00e1pido, sin batallas aleatorias y [&hellip;]<\/p>\n","protected":false},"featured_media":9871,"template":"","meta":{"ocean_post_layout":"","ocean_both_sidebars_style":"","ocean_both_sidebars_content_width":0,"ocean_both_sidebars_sidebars_width":0,"ocean_sidebar":"","ocean_second_sidebar":"","ocean_disable_margins":"enable","ocean_add_body_class":"","ocean_shortcode_before_top_bar":"","ocean_shortcode_after_top_bar":"","ocean_shortcode_before_header":"","ocean_shortcode_after_header":"","ocean_has_shortcode":"","ocean_shortcode_after_title":"","ocean_shortcode_before_footer_widgets":"","ocean_shortcode_after_footer_widgets":"","ocean_shortcode_before_footer_bottom":"","ocean_shortcode_after_footer_bottom":"","ocean_display_top_bar":"default","ocean_display_header":"default","ocean_header_style":"","ocean_center_header_left_menu":"","ocean_custom_header_template":"","ocean_custom_logo":0,"ocean_custom_retina_logo":0,"ocean_custom_logo_max_width":0,"ocean_custom_logo_tablet_max_width":0,"ocean_custom_logo_mobile_max_width":0,"ocean_custom_logo_max_height":0,"ocean_custom_logo_tablet_max_height":0,"ocean_custom_logo_mobile_max_height":0,"ocean_header_custom_menu":"","ocean_menu_typo_font_family":"","ocean_menu_typo_font_subset":"","ocean_menu_typo_font_size":0,"ocean_menu_typo_font_size_tablet":0,"ocean_menu_typo_font_size_mobile":0,"ocean_menu_typo_font_size_unit":"px","ocean_menu_typo_font_weight":"","ocean_menu_typo_font_weight_tablet":"","ocean_menu_typo_font_weight_mobile":"","ocean_menu_typo_transform":"","ocean_menu_typo_transform_tablet":"","ocean_menu_typo_transform_mobile":"","ocean_menu_typo_line_height":0,"ocean_menu_typo_line_height_tablet":0,"ocean_menu_typo_line_height_mobile":0,"ocean_menu_typo_line_height_unit":"","ocean_menu_typo_spacing":0,"ocean_menu_typo_spacing_tablet":0,"ocean_menu_typo_spacing_mobile":0,"ocean_menu_typo_spacing_unit":"","ocean_menu_link_color":"","ocean_menu_link_color_hover":"","ocean_menu_link_color_active":"","ocean_menu_link_background":"","ocean_menu_link_hover_background":"","ocean_menu_link_active_background":"","ocean_menu_social_links_bg":"","ocean_menu_social_hover_links_bg":"","ocean_menu_social_links_color":"","ocean_menu_social_hover_links_color":"","ocean_disable_title":"default","ocean_disable_heading":"default","ocean_post_title":"","ocean_post_subheading":"","ocean_post_title_style":"","ocean_post_title_background_color":"","ocean_post_title_background":0,"ocean_post_title_bg_image_position":"","ocean_post_title_bg_image_attachment":"","ocean_post_title_bg_image_repeat":"","ocean_post_title_bg_image_size":"","ocean_post_title_height":0,"ocean_post_title_bg_overlay":0.5,"ocean_post_title_bg_overlay_color":"","ocean_disable_breadcrumbs":"default","ocean_breadcrumbs_color":"","ocean_breadcrumbs_separator_color":"","ocean_breadcrumbs_links_color":"","ocean_breadcrumbs_links_hover_color":"","ocean_display_footer_widgets":"default","ocean_display_footer_bottom":"default","ocean_custom_footer_template":""},"product_brand":[],"product_cat":[85,98,124,128],"product_tag":[],"class_list":{"0":"post-27829","1":"product","2":"type-product","3":"status-publish","4":"has-post-thumbnail","6":"product_cat-importacion","7":"product_cat-novedades","8":"product_cat-switch","9":"product_cat-ultimas-entradas","11":"entry","12":"has-media","14":"first","15":"outofstock","16":"taxable","17":"shipping-taxable","18":"purchasable","19":"product-type-simple","20":"col","21":"span_1_of_3","22":"owp-content-center","23":"owp-thumbs-layout-horizontal","24":"owp-btn-normal","25":"owp-tabs-layout-horizontal","26":"has-no-thumbnails"},"aioseo_notices":[],"_links":{"self":[{"href":"https:\/\/kaotostore.com\/en\/wp-json\/wp\/v2\/product\/27829","targetHints":{"allow":["GET"]}}],"collection":[{"href":"https:\/\/kaotostore.com\/en\/wp-json\/wp\/v2\/product"}],"about":[{"href":"https:\/\/kaotostore.com\/en\/wp-json\/wp\/v2\/types\/product"}],"wp:featuredmedia":[{"embeddable":true,"href":"https:\/\/kaotostore.com\/en\/wp-json\/wp\/v2\/media\/9871"}],"wp:attachment":[{"href":"https:\/\/kaotostore.com\/en\/wp-json\/wp\/v2\/media?parent=27829"}],"wp:term":[{"taxonomy":"product_brand","embeddable":true,"href":"https:\/\/kaotostore.com\/en\/wp-json\/wp\/v2\/product_brand?post=27829"},{"taxonomy":"product_cat","embeddable":true,"href":"https:\/\/kaotostore.com\/en\/wp-json\/wp\/v2\/product_cat?post=27829"},{"taxonomy":"product_tag","embeddable":true,"href":"https:\/\/kaotostore.com\/en\/wp-json\/wp\/v2\/product_tag?post=27829"}],"curies":[{"name":"wp","href":"https:\/\/api.w.org\/{rel}","templated":true}]}}