{"id":27718,"date":"2026-03-23T19:18:10","date_gmt":"2026-03-23T18:18:10","guid":{"rendered":"https:\/\/kaotostore.com\/producto\/figura-florian-con-fuecoco-artfx-pokemon-kotobukiya\/"},"modified":"2026-04-09T12:07:34","modified_gmt":"2026-04-09T10:07:34","slug":"figura-florian-con-fuecoco-artfx-pokemon-kotobukiya","status":"publish","type":"product","link":"https:\/\/kaotostore.com\/en\/product\/figura-florian-con-fuecoco-artfx-pokemon-kotobukiya\/","title":{"rendered":"Figura Florian con Fuecoco ARTFX Pokemon Kotobukiya"},"content":{"rendered":"<p><strong><span style=\"color: rgb(255, 5, 5);\">Si desea im\u00e1genes adicionales del producto, puede solicitarlas desde el formulario de contacto o en el email kaototienda@gmail.com<\/span><\/strong><\/p>\n<p>Como parte de la serie &#8220;ARTFXJ&#8221; de Kotobukiya, Florian y Krokel de &#8220;Pok\u00e9mon Karmesin&#8221; y &#8220;Pok\u00e9mon Purpur&#8221; hacen su debut en el escenario. Esta pieza coleccionable, fabricada en PVC y a escala 1\/8, mide aproximadamente 20 cm de altura y viene acompa\u00f1ada de una elegante base en una caja impresa con ventana.<\/p>\n<p>La estatua est\u00e1 inspirada en las ilustraciones del popular artista Hitoshi Ariga. Observa la expresi\u00f3n entusiasta en el rostro de Florian mientras se aventura en busca de tesoros por la regi\u00f3n de Paldea; su presencia iluminar\u00e1 el d\u00eda de cualquiera.<\/p>\n<p>La uniforme y la mochila de la Academia de Uvas han sido detalladamente texturizadas y pintadas para darle a la estatua un aspecto a\u00fan m\u00e1s realista.<\/p>\n<p>Acompa\u00f1ando a Florian se encuentra su compa\u00f1ero Fuecoco, cuya encantadora personalidad tambi\u00e9n ha sido fielmente recreada.<\/p>\n<p>\u00a1Ampl\u00eda tu equipo hoy mismo con esta magn\u00edfica pieza de colecci\u00f3n!<\/p>\n<p><\/p>\n<p><span style=\"color: rgb(0, 0, 0);\"><strong><br \/><\/strong><\/span><\/p>","protected":false},"excerpt":{"rendered":"<p>Si desea im\u00e1genes adicionales del producto, puede solicitarlas desde el formulario de contacto o en el email kaototienda@gmail.com Como parte de la serie &#8220;ARTFXJ&#8221; de Kotobukiya, Florian y Krokel de &#8220;Pok\u00e9mon Karmesin&#8221; y &#8220;Pok\u00e9mon Purpur&#8221; hacen su debut en el escenario. Esta pieza coleccionable, fabricada en PVC y a escala 1\/8, mide aproximadamente 20 cm [&hellip;]<\/p>\n","protected":false},"featured_media":9502,"template":"","meta":{"ocean_post_layout":"","ocean_both_sidebars_style":"","ocean_both_sidebars_content_width":0,"ocean_both_sidebars_sidebars_width":0,"ocean_sidebar":"","ocean_second_sidebar":"","ocean_disable_margins":"enable","ocean_add_body_class":"","ocean_shortcode_before_top_bar":"","ocean_shortcode_after_top_bar":"","ocean_shortcode_before_header":"","ocean_shortcode_after_header":"","ocean_has_shortcode":"","ocean_shortcode_after_title":"","ocean_shortcode_before_footer_widgets":"","ocean_shortcode_after_footer_widgets":"","ocean_shortcode_before_footer_bottom":"","ocean_shortcode_after_footer_bottom":"","ocean_display_top_bar":"default","ocean_display_header":"default","ocean_header_style":"","ocean_center_header_left_menu":"","ocean_custom_header_template":"","ocean_custom_logo":0,"ocean_custom_retina_logo":0,"ocean_custom_logo_max_width":0,"ocean_custom_logo_tablet_max_width":0,"ocean_custom_logo_mobile_max_width":0,"ocean_custom_logo_max_height":0,"ocean_custom_logo_tablet_max_height":0,"ocean_custom_logo_mobile_max_height":0,"ocean_header_custom_menu":"","ocean_menu_typo_font_family":"","ocean_menu_typo_font_subset":"","ocean_menu_typo_font_size":0,"ocean_menu_typo_font_size_tablet":0,"ocean_menu_typo_font_size_mobile":0,"ocean_menu_typo_font_size_unit":"px","ocean_menu_typo_font_weight":"","ocean_menu_typo_font_weight_tablet":"","ocean_menu_typo_font_weight_mobile":"","ocean_menu_typo_transform":"","ocean_menu_typo_transform_tablet":"","ocean_menu_typo_transform_mobile":"","ocean_menu_typo_line_height":0,"ocean_menu_typo_line_height_tablet":0,"ocean_menu_typo_line_height_mobile":0,"ocean_menu_typo_line_height_unit":"","ocean_menu_typo_spacing":0,"ocean_menu_typo_spacing_tablet":0,"ocean_menu_typo_spacing_mobile":0,"ocean_menu_typo_spacing_unit":"","ocean_menu_link_color":"","ocean_menu_link_color_hover":"","ocean_menu_link_color_active":"","ocean_menu_link_background":"","ocean_menu_link_hover_background":"","ocean_menu_link_active_background":"","ocean_menu_social_links_bg":"","ocean_menu_social_hover_links_bg":"","ocean_menu_social_links_color":"","ocean_menu_social_hover_links_color":"","ocean_disable_title":"default","ocean_disable_heading":"default","ocean_post_title":"","ocean_post_subheading":"","ocean_post_title_style":"","ocean_post_title_background_color":"","ocean_post_title_background":0,"ocean_post_title_bg_image_position":"","ocean_post_title_bg_image_attachment":"","ocean_post_title_bg_image_repeat":"","ocean_post_title_bg_image_size":"","ocean_post_title_height":0,"ocean_post_title_bg_overlay":0.5,"ocean_post_title_bg_overlay_color":"","ocean_disable_breadcrumbs":"default","ocean_breadcrumbs_color":"","ocean_breadcrumbs_separator_color":"","ocean_breadcrumbs_links_color":"","ocean_breadcrumbs_links_hover_color":"","ocean_display_footer_widgets":"default","ocean_display_footer_bottom":"default","ocean_custom_footer_template":""},"product_brand":[],"product_cat":[89,98,128],"product_tag":[],"class_list":{"0":"post-27718","1":"product","2":"type-product","3":"status-publish","4":"has-post-thumbnail","6":"product_cat-merchandising","7":"product_cat-novedades","8":"product_cat-ultimas-entradas","10":"entry","11":"has-media","13":"first","14":"instock","15":"taxable","16":"shipping-taxable","17":"purchasable","18":"product-type-simple","19":"col","20":"span_1_of_3","21":"owp-content-center","22":"owp-thumbs-layout-horizontal","23":"owp-btn-normal","24":"owp-tabs-layout-horizontal"},"aioseo_notices":[],"_links":{"self":[{"href":"https:\/\/kaotostore.com\/en\/wp-json\/wp\/v2\/product\/27718","targetHints":{"allow":["GET"]}}],"collection":[{"href":"https:\/\/kaotostore.com\/en\/wp-json\/wp\/v2\/product"}],"about":[{"href":"https:\/\/kaotostore.com\/en\/wp-json\/wp\/v2\/types\/product"}],"wp:featuredmedia":[{"embeddable":true,"href":"https:\/\/kaotostore.com\/en\/wp-json\/wp\/v2\/media\/9502"}],"wp:attachment":[{"href":"https:\/\/kaotostore.com\/en\/wp-json\/wp\/v2\/media?parent=27718"}],"wp:term":[{"taxonomy":"product_brand","embeddable":true,"href":"https:\/\/kaotostore.com\/en\/wp-json\/wp\/v2\/product_brand?post=27718"},{"taxonomy":"product_cat","embeddable":true,"href":"https:\/\/kaotostore.com\/en\/wp-json\/wp\/v2\/product_cat?post=27718"},{"taxonomy":"product_tag","embeddable":true,"href":"https:\/\/kaotostore.com\/en\/wp-json\/wp\/v2\/product_tag?post=27718"}],"curies":[{"name":"wp","href":"https:\/\/api.w.org\/{rel}","templated":true}]}}