{"id":27681,"date":"2026-03-23T19:17:14","date_gmt":"2026-03-23T18:17:14","guid":{"rendered":"https:\/\/kaotostore.com\/producto\/fightn-rage-5th-anniversary-limited-edition-switch\/"},"modified":"2026-04-09T12:23:41","modified_gmt":"2026-04-09T10:23:41","slug":"fightn-rage-5th-anniversary-limited-edition-switch","status":"publish","type":"product","link":"https:\/\/kaotostore.com\/en\/product\/fightn-rage-5th-anniversary-limited-edition-switch\/","title":{"rendered":"Fight&#8217;n Rage 5th Anniversary Limited Edition SWITCH"},"content":{"rendered":"<div class=\"row row-content\">\n<div class=\"col-xs-12 content\">\n<p><strong><span style=\"color: rgb(255, 5, 5);\">Si desea im\u00e1genes adicionales del producto, puede solicitarlas desde el formulario de contacto o en el email kaototienda@gmail.com<\/span><\/p>\n<p>Esta edici\u00f3n incluye:<\/strong><br \/>\u00a0<\/p>\n<ul>\n<li>Juego<\/li>\n<li>Caja coleccionista con acabado premium<\/li>\n<li>Banda sonora original 2CDs con nuevas canciones exclusivas, m\u00e1s de 106 minutos<\/li>\n<li>Diorama de metacrilato (9x16cm)<\/li>\n<li>Contenido digital: partituras de las canciones para guitarra, bajo y bater\u00eda<\/li>\n<\/ul>\n<p>Contiene todas las actualizaciones para el juego aparecidas en los 5 a\u00f1os siguientes a su lanzamiento, adem\u00e1s de un<span>\u00a0<\/span><strong>men\u00fa de estad\u00edsticas y de trofeos<span>\u00a0<\/span><\/strong>del juego, y el<span>\u00a0<\/span><strong>modo Arcade secreto<span>\u00a0<\/span><\/strong>(puedes elegir cualquier personaje, \u00a1tambi\u00e9n enemigos!).<\/p>\n<p>Imita la est\u00e9tica y la jugabilidad sencilla con tres botones de grandes joyas del g\u00e9nero aparecidas en los 90, como Final Fight y Streets of Rage.<\/p>\n<p>Fight\u2019N Rage dispone de un<strong><span>\u00a0<\/span>modo cooperativo local para tres jugadores<\/strong>, finales diferentes, trajes y modos de juego desbloqueables, varios niveles de dificultad, m\u00faltiples velocidades y m\u00e1s de 20 enemigos jugables.<\/p>\n<p><strong>Caracter\u00edsticas:<\/strong><br \/>\u00a0<\/p>\n<ul>\n<li>Muchas combinaciones: \u00a1Los caminos alternativos, las cinem\u00e1ticas y los finales cambian seg\u00fan los personajes que elijas y las decisiones que tomes!<\/li>\n<li>Juego r\u00e1pido e intenso en una sola sesi\u00f3n: \u00a1Cada una de las rutas posibles en el modo Arcade se puede terminar en menos de una hora (al menos, si se te da bien el juego)!<\/li>\n<li>Explosivo sistema de combos: \u00a1Cada personaje puede realizar varios combos repletos de malabares con los que destrozar a los enemigos!<\/li>\n<li>Controles simplificados: \u00a1Con solo tres botones (ataque, salto y ataque especial) podr\u00e1s combinar un mont\u00f3n de movimientos para ejecutar los combos m\u00e1s incre\u00edbles!<\/li>\n<li>F\u00e1cil de jugar, dif\u00edcil de dominar: La dificultad no tiene que ver con malos controles o unas reglas injustas&#8230; \u00a1sino con tu capacidad de dominar los movimientos de tu personaje para librarte de enemigos duros!<\/li>\n<li>Modo cooperativo local: Hasta 3 jugadores con la opci\u00f3n de fuego amigo (\u00a1para complicar m\u00e1s las cosas!).<\/li>\n<li>Modos de visualizaci\u00f3n personalizados: \u00a1La configuraci\u00f3n de la pantalla incluye filtros CRT, scanlines y diferentes estilos de color, entre otros!<\/li>\n<li>Elementos desbloqueables a patadas: \u00a1Gana monedas del juego con tus puntuaciones y consigue contenido adicional, como trajes para los personajes, m\u00e1s velocidades de juego y niveles de dificultad, nuevos modos de juego, nuevos personajes jugables en estos modos y muchas cosas m\u00e1s!<\/li>\n<li>Juega con los enemigos: \u00a1Hay m\u00e1s de 20 personajes desbloqueables para jugar en los modos adicionales!<\/li>\n<li>Modo de entrenamiento: \u00a1Puedes practicar un mont\u00f3n de t\u00e9cnicas y combos y ganar nuevos cinturones! \u00bfTienes lo que hace falta para conseguir el cintur\u00f3n negro?<\/li>\n<li>Armas diferentes: \u00a1Cada personaje las utiliza a su manera!<\/li>\n<li>Cron\u00f3metro de velocidad: Un gadget exclusivo del juego compara tus tiempos actuales en cada fase con tus r\u00e9cords (por supuesto, no se incluye la duraci\u00f3n de las cinem\u00e1ticas para que puedas descansar los dedos. Cr\u00e9enos, lo\u00a0 necesitar\u00e1s).<\/li>\n<li>Cinem\u00e1ticas omisibles: Todas las cinem\u00e1ticas pueden omitirse o acelerarse para que disfrutes de un juego (a\u00fan m\u00e1s) intenso.<\/li>\n<li>Reglas de puntuaci\u00f3n justas: No hay un modo sencillo de incrementar la puntuaci\u00f3n durante el juego, est\u00e1 relacionada directamente con tus habilidades.<\/li>\n<li>Modo VS: Es perfecto para jugar batallas uno contra uno contra o contra la m\u00e1quina, o para ver combates autom\u00e1ticos.<\/li>\n<li>Sistema Parry: \u00a1El sistema de parry te permite sacar ventaja incluso de las situaciones m\u00e1s peligrosas!<\/li>\n<li>Desaf\u00edos reales: Todo depende de lo bueno que seas en el juego, no de un sistema de experiencia ni otros elementos de juego de rol que recompensan la paciencia. \u00a1Cada personaje podr\u00e1 utilizar todos sus movimientos desde el principio;\u00a0 no tendr\u00e1s que preocuparte por subir de nivel, m\u00e1s all\u00e1 de mejorar tu habilidad como jugador!<\/li>\n<li>Dificultades adicionales de locura: Desaf\u00edos adicionales casi imposibles para los jugadores profesionales (que no son obligatorios para desbloquear todo el contenido del juego).<\/li>\n<li>Jugabilidad pulida al extremo: La jugabilidad se basa en unos controles completamente sensibles y unos comandos intuitivos. Los personajes pueden cancelar los ataques normales para convertirlos en ataques especiales, soltarse de los\u00a0 agarres del enemigo y realizar varios movimientos encadenados. \u00a1Sentir\u00e1s el poder de controlar a un personaje que responde perfectamente a tus acciones!<\/li>\n<\/ul>\n<\/div>\n<\/div>\n<p><!----><\/p>","protected":false},"excerpt":{"rendered":"<p>Si desea im\u00e1genes adicionales del producto, puede solicitarlas desde el formulario de contacto o en el email kaototienda@gmail.com Esta edici\u00f3n incluye:\u00a0 Juego Caja coleccionista con acabado premium Banda sonora original 2CDs con nuevas canciones exclusivas, m\u00e1s de 106 minutos Diorama de metacrilato (9x16cm) Contenido digital: partituras de las canciones para guitarra, bajo y bater\u00eda Contiene [&hellip;]<\/p>\n","protected":false},"featured_media":9406,"template":"","meta":{"ocean_post_layout":"","ocean_both_sidebars_style":"","ocean_both_sidebars_content_width":0,"ocean_both_sidebars_sidebars_width":0,"ocean_sidebar":"","ocean_second_sidebar":"","ocean_disable_margins":"enable","ocean_add_body_class":"","ocean_shortcode_before_top_bar":"","ocean_shortcode_after_top_bar":"","ocean_shortcode_before_header":"","ocean_shortcode_after_header":"","ocean_has_shortcode":"","ocean_shortcode_after_title":"","ocean_shortcode_before_footer_widgets":"","ocean_shortcode_after_footer_widgets":"","ocean_shortcode_before_footer_bottom":"","ocean_shortcode_after_footer_bottom":"","ocean_display_top_bar":"default","ocean_display_header":"default","ocean_header_style":"","ocean_center_header_left_menu":"","ocean_custom_header_template":"","ocean_custom_logo":0,"ocean_custom_retina_logo":0,"ocean_custom_logo_max_width":0,"ocean_custom_logo_tablet_max_width":0,"ocean_custom_logo_mobile_max_width":0,"ocean_custom_logo_max_height":0,"ocean_custom_logo_tablet_max_height":0,"ocean_custom_logo_mobile_max_height":0,"ocean_header_custom_menu":"","ocean_menu_typo_font_family":"","ocean_menu_typo_font_subset":"","ocean_menu_typo_font_size":0,"ocean_menu_typo_font_size_tablet":0,"ocean_menu_typo_font_size_mobile":0,"ocean_menu_typo_font_size_unit":"px","ocean_menu_typo_font_weight":"","ocean_menu_typo_font_weight_tablet":"","ocean_menu_typo_font_weight_mobile":"","ocean_menu_typo_transform":"","ocean_menu_typo_transform_tablet":"","ocean_menu_typo_transform_mobile":"","ocean_menu_typo_line_height":0,"ocean_menu_typo_line_height_tablet":0,"ocean_menu_typo_line_height_mobile":0,"ocean_menu_typo_line_height_unit":"","ocean_menu_typo_spacing":0,"ocean_menu_typo_spacing_tablet":0,"ocean_menu_typo_spacing_mobile":0,"ocean_menu_typo_spacing_unit":"","ocean_menu_link_color":"","ocean_menu_link_color_hover":"","ocean_menu_link_color_active":"","ocean_menu_link_background":"","ocean_menu_link_hover_background":"","ocean_menu_link_active_background":"","ocean_menu_social_links_bg":"","ocean_menu_social_hover_links_bg":"","ocean_menu_social_links_color":"","ocean_menu_social_hover_links_color":"","ocean_disable_title":"default","ocean_disable_heading":"default","ocean_post_title":"","ocean_post_subheading":"","ocean_post_title_style":"","ocean_post_title_background_color":"","ocean_post_title_background":0,"ocean_post_title_bg_image_position":"","ocean_post_title_bg_image_attachment":"","ocean_post_title_bg_image_repeat":"","ocean_post_title_bg_image_size":"","ocean_post_title_height":0,"ocean_post_title_bg_overlay":0.5,"ocean_post_title_bg_overlay_color":"","ocean_disable_breadcrumbs":"default","ocean_breadcrumbs_color":"","ocean_breadcrumbs_separator_color":"","ocean_breadcrumbs_links_color":"","ocean_breadcrumbs_links_hover_color":"","ocean_display_footer_widgets":"default","ocean_display_footer_bottom":"default","ocean_custom_footer_template":""},"product_brand":[],"product_cat":[124,128],"product_tag":[],"class_list":{"0":"post-27681","1":"product","2":"type-product","3":"status-publish","4":"has-post-thumbnail","6":"product_cat-switch","7":"product_cat-ultimas-entradas","9":"entry","10":"has-media","12":"first","13":"instock","14":"taxable","15":"shipping-taxable","16":"purchasable","17":"product-type-simple","18":"col","19":"span_1_of_3","20":"owp-content-center","21":"owp-thumbs-layout-horizontal","22":"owp-btn-normal","23":"owp-tabs-layout-horizontal"},"aioseo_notices":[],"_links":{"self":[{"href":"https:\/\/kaotostore.com\/en\/wp-json\/wp\/v2\/product\/27681","targetHints":{"allow":["GET"]}}],"collection":[{"href":"https:\/\/kaotostore.com\/en\/wp-json\/wp\/v2\/product"}],"about":[{"href":"https:\/\/kaotostore.com\/en\/wp-json\/wp\/v2\/types\/product"}],"wp:featuredmedia":[{"embeddable":true,"href":"https:\/\/kaotostore.com\/en\/wp-json\/wp\/v2\/media\/9406"}],"wp:attachment":[{"href":"https:\/\/kaotostore.com\/en\/wp-json\/wp\/v2\/media?parent=27681"}],"wp:term":[{"taxonomy":"product_brand","embeddable":true,"href":"https:\/\/kaotostore.com\/en\/wp-json\/wp\/v2\/product_brand?post=27681"},{"taxonomy":"product_cat","embeddable":true,"href":"https:\/\/kaotostore.com\/en\/wp-json\/wp\/v2\/product_cat?post=27681"},{"taxonomy":"product_tag","embeddable":true,"href":"https:\/\/kaotostore.com\/en\/wp-json\/wp\/v2\/product_tag?post=27681"}],"curies":[{"name":"wp","href":"https:\/\/api.w.org\/{rel}","templated":true}]}}