{"id":27616,"date":"2026-03-23T19:11:02","date_gmt":"2026-03-23T18:11:02","guid":{"rendered":"https:\/\/kaotostore.com\/producto\/family-ski-and-snowboard-wii\/"},"modified":"2026-04-09T12:07:45","modified_gmt":"2026-04-09T10:07:45","slug":"family-ski-and-snowboard-wii","status":"publish","type":"product","link":"https:\/\/kaotostore.com\/en\/product\/family-ski-and-snowboard-wii\/","title":{"rendered":"Family Ski and Snowboard WII"},"content":{"rendered":"<p><strong><span style=\"color: #ff0505;\">Si desea im\u00e1genes adicionales del producto, puede solicitarlas desde el formulario de contacto o en el email kaototienda@gmail.com<\/span><\/strong><\/p>\n<p>\u00a1Salta a las pistas con Wii! Cuatro miembros de la familia se van a poner los esqu\u00edes y practicar los descensos por la monta\u00f1a cubierta de nieve, explorando Happy Ski Resort y descubriendo todas las pistas que ofrece. As\u00ed que ya seas novato o un profesional del esqu\u00ed, vas a encontrar todo diversi\u00f3n para toda la familia. Utiliza la intuitiva combinaci\u00f3n de control del mando de Wii y el Nunchuk, junto con la Wii Balance Board si lo deseas, para guiar a tu personaje por el centro de esqui cuando se pasee. Y en la pista, el mando de Wii y el Nunchuk imitar\u00e1n los bastones para ofrecer una experiencia de un realismo \u00fanico cuando te impulses, aceleres o tomes curvas en las pistas de Happy Ski Resort. Pero es la Wii Balance Board la que convierte este juego en una aut\u00e9ntica experiencia de esqu\u00ed. Usado anteriormente con Wii Fit, el perif\u00e9rico te permite girar inclin\u00e1ndote a un lado u otro para controlar la acci\u00f3n en pantalla subido a la Wii Board. Pero no solo cuenta tu forma de esquiar, \u00a1adem\u00e1s hay que tener estilo! Utiliza a tu Mii como personaje y personal\u00edzalo para que atraiga todas las miradas cuando descienda la pendiente. Otra opci\u00f3n es elegir entre una selecci\u00f3n de esquiadores ya creados que exhiben la ropa de esqu\u00ed m\u00e1s de moda. A medida que ganes puntos estrella completando misiones en el juego, ir\u00e1s desbloqueando m\u00e1s accesorios de lo m\u00e1s elegante. A todos nos gusta disfrutar en familia de los recuerdos de las vacaciones de esqu\u00ed. Pero ahora estos recuerdos estar\u00e1n ah\u00ed para siempre, con la opci\u00f3n de sacar fotos. Elige una pose para tu Mii entre todas las disponibles, \u00a1y s\u00e1cale una foto! Pero si las poses no son lo tuyo, \u00a1tambi\u00e9n puedes encontrar a un fot\u00f3grafo en la pista para que te inmortalice en plena acci\u00f3n! Luego, comparte las fotos en el tabl\u00f3n Wii para que todos disfruten de la instant\u00e1nea. \u00a1Un t\u00edtulo imprescindible para los aficionados a los deportes de invierno, y perfecto para jugar en familia! * No incluye tabla de equilibrio.<\/p>\n<p>&nbsp;<\/p>","protected":false},"excerpt":{"rendered":"<p>Si desea im\u00e1genes adicionales del producto, puede solicitarlas desde el formulario de contacto o en el email kaototienda@gmail.com \u00a1Salta a las pistas con Wii! Cuatro miembros de la familia se van a poner los esqu\u00edes y practicar los descensos por la monta\u00f1a cubierta de nieve, explorando Happy Ski Resort y descubriendo todas las pistas que [&hellip;]<\/p>\n","protected":false},"featured_media":9276,"template":"","meta":{"ocean_post_layout":"","ocean_both_sidebars_style":"","ocean_both_sidebars_content_width":0,"ocean_both_sidebars_sidebars_width":0,"ocean_sidebar":"0","ocean_second_sidebar":"0","ocean_disable_margins":"enable","ocean_add_body_class":"","ocean_shortcode_before_top_bar":"","ocean_shortcode_after_top_bar":"","ocean_shortcode_before_header":"","ocean_shortcode_after_header":"","ocean_has_shortcode":"","ocean_shortcode_after_title":"","ocean_shortcode_before_footer_widgets":"","ocean_shortcode_after_footer_widgets":"","ocean_shortcode_before_footer_bottom":"","ocean_shortcode_after_footer_bottom":"","ocean_display_top_bar":"default","ocean_display_header":"default","ocean_header_style":"","ocean_center_header_left_menu":"0","ocean_custom_header_template":"0","ocean_custom_logo":0,"ocean_custom_retina_logo":0,"ocean_custom_logo_max_width":0,"ocean_custom_logo_tablet_max_width":0,"ocean_custom_logo_mobile_max_width":0,"ocean_custom_logo_max_height":0,"ocean_custom_logo_tablet_max_height":0,"ocean_custom_logo_mobile_max_height":0,"ocean_header_custom_menu":"0","ocean_menu_typo_font_family":"0","ocean_menu_typo_font_subset":"","ocean_menu_typo_font_size":0,"ocean_menu_typo_font_size_tablet":0,"ocean_menu_typo_font_size_mobile":0,"ocean_menu_typo_font_size_unit":"px","ocean_menu_typo_font_weight":"","ocean_menu_typo_font_weight_tablet":"","ocean_menu_typo_font_weight_mobile":"","ocean_menu_typo_transform":"","ocean_menu_typo_transform_tablet":"","ocean_menu_typo_transform_mobile":"","ocean_menu_typo_line_height":0,"ocean_menu_typo_line_height_tablet":0,"ocean_menu_typo_line_height_mobile":0,"ocean_menu_typo_line_height_unit":"","ocean_menu_typo_spacing":0,"ocean_menu_typo_spacing_tablet":0,"ocean_menu_typo_spacing_mobile":0,"ocean_menu_typo_spacing_unit":"","ocean_menu_link_color":"","ocean_menu_link_color_hover":"","ocean_menu_link_color_active":"","ocean_menu_link_background":"","ocean_menu_link_hover_background":"","ocean_menu_link_active_background":"","ocean_menu_social_links_bg":"","ocean_menu_social_hover_links_bg":"","ocean_menu_social_links_color":"","ocean_menu_social_hover_links_color":"","ocean_disable_title":"default","ocean_disable_heading":"default","ocean_post_title":"","ocean_post_subheading":"","ocean_post_title_style":"","ocean_post_title_background_color":"","ocean_post_title_background":0,"ocean_post_title_bg_image_position":"","ocean_post_title_bg_image_attachment":"","ocean_post_title_bg_image_repeat":"","ocean_post_title_bg_image_size":"","ocean_post_title_height":0,"ocean_post_title_bg_overlay":0.5,"ocean_post_title_bg_overlay_color":"","ocean_disable_breadcrumbs":"default","ocean_breadcrumbs_color":"","ocean_breadcrumbs_separator_color":"","ocean_breadcrumbs_links_color":"","ocean_breadcrumbs_links_hover_color":"","ocean_display_footer_widgets":"default","ocean_display_footer_bottom":"default","ocean_custom_footer_template":"0"},"product_brand":[],"product_cat":[128,132],"product_tag":[],"class_list":{"0":"post-27616","1":"product","2":"type-product","3":"status-publish","4":"has-post-thumbnail","6":"product_cat-ultimas-entradas","7":"product_cat-wii","9":"entry","10":"has-media","12":"first","13":"instock","14":"taxable","15":"shipping-taxable","16":"purchasable","17":"product-type-simple","18":"col","19":"span_1_of_3","20":"owp-content-center","21":"owp-thumbs-layout-horizontal","22":"owp-btn-normal","23":"owp-tabs-layout-horizontal","24":"has-no-thumbnails"},"aioseo_notices":[],"_links":{"self":[{"href":"https:\/\/kaotostore.com\/en\/wp-json\/wp\/v2\/product\/27616","targetHints":{"allow":["GET"]}}],"collection":[{"href":"https:\/\/kaotostore.com\/en\/wp-json\/wp\/v2\/product"}],"about":[{"href":"https:\/\/kaotostore.com\/en\/wp-json\/wp\/v2\/types\/product"}],"wp:featuredmedia":[{"embeddable":true,"href":"https:\/\/kaotostore.com\/en\/wp-json\/wp\/v2\/media\/9276"}],"wp:attachment":[{"href":"https:\/\/kaotostore.com\/en\/wp-json\/wp\/v2\/media?parent=27616"}],"wp:term":[{"taxonomy":"product_brand","embeddable":true,"href":"https:\/\/kaotostore.com\/en\/wp-json\/wp\/v2\/product_brand?post=27616"},{"taxonomy":"product_cat","embeddable":true,"href":"https:\/\/kaotostore.com\/en\/wp-json\/wp\/v2\/product_cat?post=27616"},{"taxonomy":"product_tag","embeddable":true,"href":"https:\/\/kaotostore.com\/en\/wp-json\/wp\/v2\/product_tag?post=27616"}],"curies":[{"name":"wp","href":"https:\/\/api.w.org\/{rel}","templated":true}]}}