{"id":27556,"date":"2026-03-23T18:17:05","date_gmt":"2026-03-23T17:17:05","guid":{"rendered":"https:\/\/kaotostore.com\/producto\/expediente-v-misterios-y-videojuegos\/"},"modified":"2026-04-13T18:34:27","modified_gmt":"2026-04-13T16:34:27","slug":"expediente-v-misterios-y-videojuegos","status":"publish","type":"product","link":"https:\/\/kaotostore.com\/en\/product\/expediente-v-misterios-y-videojuegos\/","title":{"rendered":"Expediente V Misterios y Videojuegos"},"content":{"rendered":"<p><strong>-Libro en castellano<\/strong><\/p>\n<p>Juegos malditos relacionados con ominosos cr\u00edmenes,\u00a0<em>creepypastas<\/em>, contenido censurado por violencia o sexo, espionaje industrial\u2026 El autor\u00a0<strong>Jes\u00fas Relinque\u00a0<\/strong>recoge los hitos m\u00e1s controvertidos de la historia del ocio electr\u00f3nico desde la creaci\u00f3n de la primera consola dom\u00e9stica hasta la actualidad.<\/p>\n<p>Tomando como punto de partida el cruce de acusaciones de espionaje industrial entre\u00a0<strong>Ralph Baer<\/strong>\u00a0(creador de la pionera videoconsola\u00a0<em>Magnavox Odyssey<\/em>) y\u00a0<strong>Nolan Bushnell<\/strong>\u00a0(responsable del lanzamiento del m\u00edtico\u00a0<strong><em>Pong<\/em><\/strong>), el autor recopila episodios controvertidos y enigm\u00e1ticos que han marcado la trayectoria del ocio electr\u00f3nico en todas sus vertientes: recreativas, videoconsolas y microordenadores, entre otros.<\/p>\n<p>En sus 224 p\u00e1ginas se recopilan historias y sucesos relacionados con una industria que estuvo envuelta en la pol\u00e9mica desde sus inicios. Casos como el del singular\u00a0<strong><em>E.T. El Extraterrestre<\/em><\/strong>\u00a0de\u00a0<em>Atari 2600<\/em>, para el cual se ha entrevistado a\u00a0<strong>Howard Scott Warshaw<\/strong>, su creador, que viene a arrojar luz sobre uno de los cap\u00edtulos m\u00e1s controvertidos de la historia del videojuego.<\/p>\n<p>\u00bfExisti\u00f3 realmente la recreativa de\u00a0<em><strong>Polybius<\/strong><\/em>? \u00bfPor qu\u00e9 el sonriente Evil Otto ha inspirado diversas leyendas urbanas? \u00bfSab\u00edais que\u00a0<strong>Rare<\/strong>\u00a0cre\u00f3 un juego de Tarot para\u00a0<em>NES<\/em>? \u00bfC\u00f3mo se origin\u00f3 la aterradora leyenda de Slenderman?<\/p>\n<p>El libro acerca el lado m\u00e1s extra\u00f1o de los mundos de fantas\u00eda en los que hemos pasado miles de horas jugando y so\u00f1ando. Como afirma el periodista\u00a0<strong>Santi Camacho<\/strong>, encargado de prologar este volumen, \u201c<strong>Jes\u00fas Relinque<\/strong>\u00a0ha escrito una cr\u00f3nica que estaba por escribir. El misterio, la leyenda, lo an\u00f3malo, lo ins\u00f3lito forman parte de todos y cada uno de los aspectos que conforman el devenir humano\u201d. Y el mundo del videojuego, por supuesto, no es una excepci\u00f3n.<\/p>\n<p>&nbsp;<\/p>","protected":false},"excerpt":{"rendered":"<p>-Libro en castellano Juegos malditos relacionados con ominosos cr\u00edmenes,\u00a0creepypastas, contenido censurado por violencia o sexo, espionaje industrial\u2026 El autor\u00a0Jes\u00fas Relinque\u00a0recoge los hitos m\u00e1s controvertidos de la historia del ocio electr\u00f3nico desde la creaci\u00f3n de la primera consola dom\u00e9stica hasta la actualidad. Tomando como punto de partida el cruce de acusaciones de espionaje industrial entre\u00a0Ralph Baer\u00a0(creador [&hellip;]<\/p>\n","protected":false},"featured_media":8998,"template":"","meta":{"ocean_post_layout":"","ocean_both_sidebars_style":"","ocean_both_sidebars_content_width":0,"ocean_both_sidebars_sidebars_width":0,"ocean_sidebar":"0","ocean_second_sidebar":"0","ocean_disable_margins":"enable","ocean_add_body_class":"","ocean_shortcode_before_top_bar":"","ocean_shortcode_after_top_bar":"","ocean_shortcode_before_header":"","ocean_shortcode_after_header":"","ocean_has_shortcode":"","ocean_shortcode_after_title":"","ocean_shortcode_before_footer_widgets":"","ocean_shortcode_after_footer_widgets":"","ocean_shortcode_before_footer_bottom":"","ocean_shortcode_after_footer_bottom":"","ocean_display_top_bar":"default","ocean_display_header":"default","ocean_header_style":"","ocean_center_header_left_menu":"0","ocean_custom_header_template":"0","ocean_custom_logo":0,"ocean_custom_retina_logo":0,"ocean_custom_logo_max_width":0,"ocean_custom_logo_tablet_max_width":0,"ocean_custom_logo_mobile_max_width":0,"ocean_custom_logo_max_height":0,"ocean_custom_logo_tablet_max_height":0,"ocean_custom_logo_mobile_max_height":0,"ocean_header_custom_menu":"0","ocean_menu_typo_font_family":"0","ocean_menu_typo_font_subset":"","ocean_menu_typo_font_size":0,"ocean_menu_typo_font_size_tablet":0,"ocean_menu_typo_font_size_mobile":0,"ocean_menu_typo_font_size_unit":"px","ocean_menu_typo_font_weight":"","ocean_menu_typo_font_weight_tablet":"","ocean_menu_typo_font_weight_mobile":"","ocean_menu_typo_transform":"","ocean_menu_typo_transform_tablet":"","ocean_menu_typo_transform_mobile":"","ocean_menu_typo_line_height":0,"ocean_menu_typo_line_height_tablet":0,"ocean_menu_typo_line_height_mobile":0,"ocean_menu_typo_line_height_unit":"","ocean_menu_typo_spacing":0,"ocean_menu_typo_spacing_tablet":0,"ocean_menu_typo_spacing_mobile":0,"ocean_menu_typo_spacing_unit":"","ocean_menu_link_color":"","ocean_menu_link_color_hover":"","ocean_menu_link_color_active":"","ocean_menu_link_background":"","ocean_menu_link_hover_background":"","ocean_menu_link_active_background":"","ocean_menu_social_links_bg":"","ocean_menu_social_hover_links_bg":"","ocean_menu_social_links_color":"","ocean_menu_social_hover_links_color":"","ocean_disable_title":"default","ocean_disable_heading":"default","ocean_post_title":"","ocean_post_subheading":"","ocean_post_title_style":"","ocean_post_title_background_color":"","ocean_post_title_background":0,"ocean_post_title_bg_image_position":"","ocean_post_title_bg_image_attachment":"","ocean_post_title_bg_image_repeat":"","ocean_post_title_bg_image_size":"","ocean_post_title_height":0,"ocean_post_title_bg_overlay":0.5,"ocean_post_title_bg_overlay_color":"","ocean_disable_breadcrumbs":"default","ocean_breadcrumbs_color":"","ocean_breadcrumbs_separator_color":"","ocean_breadcrumbs_links_color":"","ocean_breadcrumbs_links_hover_color":"","ocean_display_footer_widgets":"default","ocean_display_footer_bottom":"default","ocean_custom_footer_template":"0"},"product_brand":[],"product_cat":[71,128],"product_tag":[],"class_list":{"0":"post-27556","1":"product","2":"type-product","3":"status-publish","4":"has-post-thumbnail","6":"product_cat-artbooks-libros-de-divulgacion-comic-manga-guias","7":"product_cat-ultimas-entradas","9":"entry","10":"has-media","12":"first","13":"outofstock","14":"taxable","15":"shipping-taxable","16":"purchasable","17":"product-type-simple","18":"col","19":"span_1_of_3","20":"owp-content-center","21":"owp-thumbs-layout-horizontal","22":"owp-btn-normal","23":"owp-tabs-layout-horizontal","24":"has-no-thumbnails"},"aioseo_notices":[],"_links":{"self":[{"href":"https:\/\/kaotostore.com\/en\/wp-json\/wp\/v2\/product\/27556","targetHints":{"allow":["GET"]}}],"collection":[{"href":"https:\/\/kaotostore.com\/en\/wp-json\/wp\/v2\/product"}],"about":[{"href":"https:\/\/kaotostore.com\/en\/wp-json\/wp\/v2\/types\/product"}],"wp:featuredmedia":[{"embeddable":true,"href":"https:\/\/kaotostore.com\/en\/wp-json\/wp\/v2\/media\/8998"}],"wp:attachment":[{"href":"https:\/\/kaotostore.com\/en\/wp-json\/wp\/v2\/media?parent=27556"}],"wp:term":[{"taxonomy":"product_brand","embeddable":true,"href":"https:\/\/kaotostore.com\/en\/wp-json\/wp\/v2\/product_brand?post=27556"},{"taxonomy":"product_cat","embeddable":true,"href":"https:\/\/kaotostore.com\/en\/wp-json\/wp\/v2\/product_cat?post=27556"},{"taxonomy":"product_tag","embeddable":true,"href":"https:\/\/kaotostore.com\/en\/wp-json\/wp\/v2\/product_tag?post=27556"}],"curies":[{"name":"wp","href":"https:\/\/api.w.org\/{rel}","templated":true}]}}