{"id":27546,"date":"2026-03-23T18:16:55","date_gmt":"2026-03-23T17:16:55","guid":{"rendered":"https:\/\/kaotostore.com\/producto\/evoland-10th-anniversary-edition-switch\/"},"modified":"2026-03-23T18:16:57","modified_gmt":"2026-03-23T17:16:57","slug":"evoland-10th-anniversary-edition-switch","status":"publish","type":"product","link":"https:\/\/kaotostore.com\/en\/product\/evoland-10th-anniversary-edition-switch\/","title":{"rendered":"Evoland 10th Anniversary Edition SWITCH"},"content":{"rendered":"<div class=\"row row-content\">\n<div class=\"col-xs-12 content\">\n<p><strong><span style=\"color: rgb(255, 5, 5);\">Si desea im\u00e1genes adicionales del producto, puede solicitarlas desde el formulario de contacto o en el email kaototienda@gmail.com<\/span><\/p>\n<p>Esta edici\u00f3n incluye:<\/strong><br \/>Una<span>\u00a0<\/span><strong>caja especial con el logo del 10th aniversario serigrafiado<span>\u00a0<\/span><\/strong>en su tapa. Al abrirlo encontrar\u00e1s un elegante embalaje en forma de cofre.<\/p>\n<p>Dentro de este precioso cofre, descubrir\u00e1s una caja expositora que contiene<span>\u00a0<\/span><strong>cuatro monedas conmemorativas de Clink y Kaeris de Evoland 1 y Kuro y Fina de Evoland 2<\/strong>.<\/p>\n<p>Adem\u00e1s, hay una<span>\u00a0<\/span><strong>postal con una preciosa ilustraci<\/strong>\u00f3n, junto con un<span>\u00a0<\/span><strong>c\u00f3digo de descarga de la banda sonora original<\/strong>.<\/p>\n<p>La edici\u00f3n tambi\u00e9n incluye un<span>\u00a0<\/span><strong>certificado de autenticidad<\/strong>.<\/p>\n<p>Encontrar\u00e1s tambi\u00e9n una<span>\u00a0<\/span><strong>colecci\u00f3n de pegatinas de gran tama\u00f1o<span>\u00a0<\/span><\/strong>con todos los logotipos de los videojuegos, inclu\u00eddo el logotipo oficial m\u00e1s reciente de esta edici\u00f3n exclusiva.<\/p>\n<p>Llena de humor y referencias a juegos cl\u00e1sicos, te trae<span>\u00a0<\/span><strong>dos RPG fant\u00e1sticos y \u00fanicos<\/strong>, \u00a1cuyo estilo gr\u00e1fico y jugabilidad cambian a medida que avanzas en el juego!<\/p>\n<p><strong>Caracter\u00edsticas:<\/strong><br \/>\u00a0<\/p>\n<ul>\n<li>Evoland te lleva de los gr\u00e1ficos monocrom\u00e1ticos a los completamente tridimensionales y de las batallas en tiempo activo a los combates contra jefes en tiempo real, todo ello con mucho humor y referencias a muchos juegos cl\u00e1sicos.<\/li>\n<li>Inspirado en muchas series de culto que han dejado huella en la cultura de los videojuegos RPG.<\/li>\n<li>El estilo gr\u00e1fico de Evoland va cambiando a medida que viajas en el tiempo y su jugabilidad evoluciona a medida que avanzas en la historia.<\/li>\n<li>Explora diferentes \u00e9pocas y cambia la historia del mundo.<\/li>\n<\/ul>\n<\/div>\n<\/div>\n<p><!----><\/p>","protected":false},"excerpt":{"rendered":"<p>Si desea im\u00e1genes adicionales del producto, puede solicitarlas desde el formulario de contacto o en el email kaototienda@gmail.com Esta edici\u00f3n incluye:Una\u00a0caja especial con el logo del 10th aniversario serigrafiado\u00a0en su tapa. Al abrirlo encontrar\u00e1s un elegante embalaje en forma de cofre. Dentro de este precioso cofre, descubrir\u00e1s una caja expositora que contiene\u00a0cuatro monedas conmemorativas de [&hellip;]<\/p>\n","protected":false},"featured_media":8938,"template":"","meta":{"ocean_post_layout":"","ocean_both_sidebars_style":"","ocean_both_sidebars_content_width":0,"ocean_both_sidebars_sidebars_width":0,"ocean_sidebar":"","ocean_second_sidebar":"","ocean_disable_margins":"enable","ocean_add_body_class":"","ocean_shortcode_before_top_bar":"","ocean_shortcode_after_top_bar":"","ocean_shortcode_before_header":"","ocean_shortcode_after_header":"","ocean_has_shortcode":"","ocean_shortcode_after_title":"","ocean_shortcode_before_footer_widgets":"","ocean_shortcode_after_footer_widgets":"","ocean_shortcode_before_footer_bottom":"","ocean_shortcode_after_footer_bottom":"","ocean_display_top_bar":"default","ocean_display_header":"default","ocean_header_style":"","ocean_center_header_left_menu":"","ocean_custom_header_template":"","ocean_custom_logo":0,"ocean_custom_retina_logo":0,"ocean_custom_logo_max_width":0,"ocean_custom_logo_tablet_max_width":0,"ocean_custom_logo_mobile_max_width":0,"ocean_custom_logo_max_height":0,"ocean_custom_logo_tablet_max_height":0,"ocean_custom_logo_mobile_max_height":0,"ocean_header_custom_menu":"","ocean_menu_typo_font_family":"","ocean_menu_typo_font_subset":"","ocean_menu_typo_font_size":0,"ocean_menu_typo_font_size_tablet":0,"ocean_menu_typo_font_size_mobile":0,"ocean_menu_typo_font_size_unit":"px","ocean_menu_typo_font_weight":"","ocean_menu_typo_font_weight_tablet":"","ocean_menu_typo_font_weight_mobile":"","ocean_menu_typo_transform":"","ocean_menu_typo_transform_tablet":"","ocean_menu_typo_transform_mobile":"","ocean_menu_typo_line_height":0,"ocean_menu_typo_line_height_tablet":0,"ocean_menu_typo_line_height_mobile":0,"ocean_menu_typo_line_height_unit":"","ocean_menu_typo_spacing":0,"ocean_menu_typo_spacing_tablet":0,"ocean_menu_typo_spacing_mobile":0,"ocean_menu_typo_spacing_unit":"","ocean_menu_link_color":"","ocean_menu_link_color_hover":"","ocean_menu_link_color_active":"","ocean_menu_link_background":"","ocean_menu_link_hover_background":"","ocean_menu_link_active_background":"","ocean_menu_social_links_bg":"","ocean_menu_social_hover_links_bg":"","ocean_menu_social_links_color":"","ocean_menu_social_hover_links_color":"","ocean_disable_title":"default","ocean_disable_heading":"default","ocean_post_title":"","ocean_post_subheading":"","ocean_post_title_style":"","ocean_post_title_background_color":"","ocean_post_title_background":0,"ocean_post_title_bg_image_position":"","ocean_post_title_bg_image_attachment":"","ocean_post_title_bg_image_repeat":"","ocean_post_title_bg_image_size":"","ocean_post_title_height":0,"ocean_post_title_bg_overlay":0.5,"ocean_post_title_bg_overlay_color":"","ocean_disable_breadcrumbs":"default","ocean_breadcrumbs_color":"","ocean_breadcrumbs_separator_color":"","ocean_breadcrumbs_links_color":"","ocean_breadcrumbs_links_hover_color":"","ocean_display_footer_widgets":"default","ocean_display_footer_bottom":"default","ocean_custom_footer_template":""},"product_brand":[],"product_cat":[124,128],"product_tag":[],"class_list":{"0":"post-27546","1":"product","2":"type-product","3":"status-publish","4":"has-post-thumbnail","6":"product_cat-switch","7":"product_cat-ultimas-entradas","9":"entry","10":"has-media","12":"first","13":"instock","14":"taxable","15":"shipping-taxable","16":"purchasable","17":"product-type-simple","18":"has-product-nav","19":"col","20":"span_1_of_3","21":"owp-content-center","22":"owp-thumbs-layout-horizontal","23":"owp-btn-normal","24":"owp-tabs-layout-horizontal"},"aioseo_notices":[],"_links":{"self":[{"href":"https:\/\/kaotostore.com\/en\/wp-json\/wp\/v2\/product\/27546","targetHints":{"allow":["GET"]}}],"collection":[{"href":"https:\/\/kaotostore.com\/en\/wp-json\/wp\/v2\/product"}],"about":[{"href":"https:\/\/kaotostore.com\/en\/wp-json\/wp\/v2\/types\/product"}],"wp:featuredmedia":[{"embeddable":true,"href":"https:\/\/kaotostore.com\/en\/wp-json\/wp\/v2\/media\/8938"}],"wp:attachment":[{"href":"https:\/\/kaotostore.com\/en\/wp-json\/wp\/v2\/media?parent=27546"}],"wp:term":[{"taxonomy":"product_brand","embeddable":true,"href":"https:\/\/kaotostore.com\/en\/wp-json\/wp\/v2\/product_brand?post=27546"},{"taxonomy":"product_cat","embeddable":true,"href":"https:\/\/kaotostore.com\/en\/wp-json\/wp\/v2\/product_cat?post=27546"},{"taxonomy":"product_tag","embeddable":true,"href":"https:\/\/kaotostore.com\/en\/wp-json\/wp\/v2\/product_tag?post=27546"}],"curies":[{"name":"wp","href":"https:\/\/api.w.org\/{rel}","templated":true}]}}