{"id":27544,"date":"2026-03-23T18:16:52","date_gmt":"2026-03-23T17:16:52","guid":{"rendered":"https:\/\/kaotostore.com\/producto\/evil-west-playstation-5\/"},"modified":"2026-04-09T12:07:47","modified_gmt":"2026-04-09T10:07:47","slug":"evil-west-playstation-5","status":"publish","type":"product","link":"https:\/\/kaotostore.com\/en\/product\/evil-west-playstation-5\/","title":{"rendered":"Evil West PLAYSTATION 5"},"content":{"rendered":"<p>Como uno de los \u00faltimos agentes de una instituci\u00f3n secreta de cazavampiros, eres la l\u00ednea que separa la humanidad de los arraigados horrores que emergen de las sombras.\u00a0<\/p>\n<p>Asciende para convertirte en el h\u00e9roe del lejano Oeste, erradica la amenaza de los vampiros y salva a los Estados Unidos.<\/p>\n<p><strong>Caracter\u00edsticas:<\/strong><br \/>\u00a0<\/p>\n<ul>\n<li>Combates explosivos y viscerales, desata el mismo infierno con tus armas de fuego, tu guantelete rel\u00e1mpago y dem\u00e1s artilugios.<\/li>\n<li>Mata a las mosntruosidades sedientas de sangre en solitario o en co-op con un amigo.<\/li>\n<li>Explora y pelea en una campa\u00f1a impulsada por su narrativa mientras mejoras tus armas y herramientas de caza.<\/li>\n<li>Desbloquea nuevas habilidades que elevar\u00e1n tu habilidad para matar monstruos a otro nivel, creando tu propio estilo de juego para derrotar a las hordas sobrenaturales..<\/li>\n<li>Pelea solo o con un amigo en combates sangrientos con estilo<\/li>\n<li>Mitos y leyendas se vuelven a contar dentro del extra\u00f1o y estilizado universo del salvaje oeste.<\/li>\n<li>Mejora tu arsenal con habilidades, armas que podr\u00e1s mejorar y herramientas<\/li>\n<li>Explora y pelea a traves de una campa\u00f1a impulsada por su historia para salvar Am\u00e9rica<\/li>\n<\/ul>","protected":false},"excerpt":{"rendered":"<p>Como uno de los \u00faltimos agentes de una instituci\u00f3n secreta de cazavampiros, eres la l\u00ednea que separa la humanidad de los arraigados horrores que emergen de las sombras.\u00a0 Asciende para convertirte en el h\u00e9roe del lejano Oeste, erradica la amenaza de los vampiros y salva a los Estados Unidos. Caracter\u00edsticas:\u00a0 Combates explosivos y viscerales, desata [&hellip;]<\/p>\n","protected":false},"featured_media":8912,"template":"","meta":{"ocean_post_layout":"","ocean_both_sidebars_style":"","ocean_both_sidebars_content_width":0,"ocean_both_sidebars_sidebars_width":0,"ocean_sidebar":"","ocean_second_sidebar":"","ocean_disable_margins":"enable","ocean_add_body_class":"","ocean_shortcode_before_top_bar":"","ocean_shortcode_after_top_bar":"","ocean_shortcode_before_header":"","ocean_shortcode_after_header":"","ocean_has_shortcode":"","ocean_shortcode_after_title":"","ocean_shortcode_before_footer_widgets":"","ocean_shortcode_after_footer_widgets":"","ocean_shortcode_before_footer_bottom":"","ocean_shortcode_after_footer_bottom":"","ocean_display_top_bar":"default","ocean_display_header":"default","ocean_header_style":"","ocean_center_header_left_menu":"","ocean_custom_header_template":"","ocean_custom_logo":0,"ocean_custom_retina_logo":0,"ocean_custom_logo_max_width":0,"ocean_custom_logo_tablet_max_width":0,"ocean_custom_logo_mobile_max_width":0,"ocean_custom_logo_max_height":0,"ocean_custom_logo_tablet_max_height":0,"ocean_custom_logo_mobile_max_height":0,"ocean_header_custom_menu":"","ocean_menu_typo_font_family":"","ocean_menu_typo_font_subset":"","ocean_menu_typo_font_size":0,"ocean_menu_typo_font_size_tablet":0,"ocean_menu_typo_font_size_mobile":0,"ocean_menu_typo_font_size_unit":"px","ocean_menu_typo_font_weight":"","ocean_menu_typo_font_weight_tablet":"","ocean_menu_typo_font_weight_mobile":"","ocean_menu_typo_transform":"","ocean_menu_typo_transform_tablet":"","ocean_menu_typo_transform_mobile":"","ocean_menu_typo_line_height":0,"ocean_menu_typo_line_height_tablet":0,"ocean_menu_typo_line_height_mobile":0,"ocean_menu_typo_line_height_unit":"","ocean_menu_typo_spacing":0,"ocean_menu_typo_spacing_tablet":0,"ocean_menu_typo_spacing_mobile":0,"ocean_menu_typo_spacing_unit":"","ocean_menu_link_color":"","ocean_menu_link_color_hover":"","ocean_menu_link_color_active":"","ocean_menu_link_background":"","ocean_menu_link_hover_background":"","ocean_menu_link_active_background":"","ocean_menu_social_links_bg":"","ocean_menu_social_hover_links_bg":"","ocean_menu_social_links_color":"","ocean_menu_social_hover_links_color":"","ocean_disable_title":"default","ocean_disable_heading":"default","ocean_post_title":"","ocean_post_subheading":"","ocean_post_title_style":"","ocean_post_title_background_color":"","ocean_post_title_background":0,"ocean_post_title_bg_image_position":"","ocean_post_title_bg_image_attachment":"","ocean_post_title_bg_image_repeat":"","ocean_post_title_bg_image_size":"","ocean_post_title_height":0,"ocean_post_title_bg_overlay":0.5,"ocean_post_title_bg_overlay_color":"","ocean_disable_breadcrumbs":"default","ocean_breadcrumbs_color":"","ocean_breadcrumbs_separator_color":"","ocean_breadcrumbs_links_color":"","ocean_breadcrumbs_links_hover_color":"","ocean_display_footer_widgets":"default","ocean_display_footer_bottom":"default","ocean_custom_footer_template":""},"product_brand":[],"product_cat":[108,128],"product_tag":[],"class_list":{"0":"post-27544","1":"product","2":"type-product","3":"status-publish","4":"has-post-thumbnail","6":"product_cat-playstation-5","7":"product_cat-ultimas-entradas","9":"entry","10":"has-media","12":"first","13":"instock","14":"taxable","15":"shipping-taxable","16":"purchasable","17":"product-type-simple","18":"col","19":"span_1_of_3","20":"owp-content-center","21":"owp-thumbs-layout-horizontal","22":"owp-btn-normal","23":"owp-tabs-layout-horizontal","24":"has-no-thumbnails"},"aioseo_notices":[],"_links":{"self":[{"href":"https:\/\/kaotostore.com\/en\/wp-json\/wp\/v2\/product\/27544","targetHints":{"allow":["GET"]}}],"collection":[{"href":"https:\/\/kaotostore.com\/en\/wp-json\/wp\/v2\/product"}],"about":[{"href":"https:\/\/kaotostore.com\/en\/wp-json\/wp\/v2\/types\/product"}],"wp:featuredmedia":[{"embeddable":true,"href":"https:\/\/kaotostore.com\/en\/wp-json\/wp\/v2\/media\/8912"}],"wp:attachment":[{"href":"https:\/\/kaotostore.com\/en\/wp-json\/wp\/v2\/media?parent=27544"}],"wp:term":[{"taxonomy":"product_brand","embeddable":true,"href":"https:\/\/kaotostore.com\/en\/wp-json\/wp\/v2\/product_brand?post=27544"},{"taxonomy":"product_cat","embeddable":true,"href":"https:\/\/kaotostore.com\/en\/wp-json\/wp\/v2\/product_cat?post=27544"},{"taxonomy":"product_tag","embeddable":true,"href":"https:\/\/kaotostore.com\/en\/wp-json\/wp\/v2\/product_tag?post=27544"}],"curies":[{"name":"wp","href":"https:\/\/api.w.org\/{rel}","templated":true}]}}