{"id":27543,"date":"2026-03-23T18:16:50","date_gmt":"2026-03-23T17:16:50","guid":{"rendered":"https:\/\/kaotostore.com\/producto\/evil-nun-the-broken-mask-unholy-edition-switch\/"},"modified":"2026-04-09T12:07:47","modified_gmt":"2026-04-09T10:07:47","slug":"evil-nun-the-broken-mask-unholy-edition-switch","status":"publish","type":"product","link":"https:\/\/kaotostore.com\/en\/product\/evil-nun-the-broken-mask-unholy-edition-switch\/","title":{"rendered":"Evil Nun The Broken Mask Unholy Edition SWITCH"},"content":{"rendered":"<p><strong><span style=\"color: rgb(255, 5, 5);\">Si desea im\u00e1genes adicionales del producto, puede solicitarlas desde el formulario de contacto o en el email kaototienda@gmail.com<\/span><\/p>\n<p><\/strong><\/p>\n<p><strong>Esta edici\u00f3n incluye:<\/strong><br \/>\u00a0<\/p>\n<ul>\n<li>Funda especial<\/li>\n<li>Banda sonora digital<\/li>\n<li>Libro de arte<\/li>\n<li>Carta de admisi\u00f3n al campamento<\/li>\n<\/ul>\n<p><strong>Es hora del martillo<\/strong><br \/>\u00a1Evita a la Hermana Madeline! Una monja que castiga a los ni\u00f1os con su martillo gigante. Tendr\u00e1s que escapar de la escuela cueste lo que cueste, aunque en el camino descubrir\u00e1s que no eres el \u00fanico ni\u00f1o atrapado. No te sorprendas si la Hermana Madeline te sigue a lugares de dif\u00edcil acceso.<\/p>\n<p><strong>Bienvenida a la escuela secundaria Eagle Junior<\/strong><br \/>Has sido seleccionado para participar en un campamento de verano religioso que promete ser el lugar ideal para hacer amigos y pasar el verano. Tan pronto como llegas a este lugar, te das cuenta de que es un enga\u00f1o. Est\u00e1s atrapado en una escuela en ruinas custodiada por una monja malvada.<\/p>\n<p><strong>Laberinto de posibilidades<\/strong><br \/>Tu objetivo principal es reunir todas las piezas y reconstruir la m\u00e1scara. Pero ten cuidado, para cumplir tu misi\u00f3n deber\u00e1s resolver muchos rompecabezas y misterios en esta aterradora escuela. \u00bfCu\u00e1l es la verdadera historia detr\u00e1s de la Monja Malvada?<\/p>\n<p><strong>6 cap\u00edtulos, 3 rutas de escape y un mont\u00f3n de misterios<\/strong><br \/>Descubre lo que se esconde detr\u00e1s de cada puerta de esta escuela inquietante. Adem\u00e1s, una historia aterradora que te dejar\u00e1 sin aliento. Las pistas est\u00e1n listas.<\/p>\n<p>Abre tu propio camino fuera de la escuela, pero no olvides que hay muchas cosas por hacer antes de dejar la Escuela Secundaria Eagle Junior. Diferentes niveles de dificultad, minijuegos y acertijos te esperan. \u00bfTe atreves?<\/p>\n<p><strong>Esta es la monja malvada<\/strong><br \/>Uno de los t\u00edtulos de terror m\u00e1s populares con casi 100 millones de descargas llega a Steam completamente redise\u00f1ado con nuevos rompecabezas, escenarios y gr\u00e1ficos que te har\u00e1n vivir una aventura de terror como nunca antes. Los creadores de contenido est\u00e1n entusiasmados con este juego de terror.<\/p>\n<p><strong>Caracter\u00edsticas:<\/strong><br \/>\u00a0<\/p>\n<ul>\n<li>Un extenso mapa de un campamento de verano maldito de una escuela cat\u00f3lica llamada Escuela Secundaria Eagle Junior.<\/li>\n<li>La Hermana Madeline es una monja pose\u00edda muy inteligente y espeluznante. Te persigue constantemente con su famoso martillo.<\/li>\n<li>Muchos cap\u00edtulos, rutas de escape y rompecabezas para completar.<\/li>\n<li>Crea diferentes objetos con la ayuda de los ni\u00f1os perdidos para enfrentar a la monja malvada.<\/li>\n<li>\u00a1Minijuegos y m\u00e1s!<\/li>\n<\/ul>\n<p><!----><\/p>","protected":false},"excerpt":{"rendered":"<p>Si desea im\u00e1genes adicionales del producto, puede solicitarlas desde el formulario de contacto o en el email kaototienda@gmail.com Esta edici\u00f3n incluye:\u00a0 Funda especial Banda sonora digital Libro de arte Carta de admisi\u00f3n al campamento Es hora del martillo\u00a1Evita a la Hermana Madeline! Una monja que castiga a los ni\u00f1os con su martillo gigante. Tendr\u00e1s que [&hellip;]<\/p>\n","protected":false},"featured_media":8895,"template":"","meta":{"ocean_post_layout":"","ocean_both_sidebars_style":"","ocean_both_sidebars_content_width":0,"ocean_both_sidebars_sidebars_width":0,"ocean_sidebar":"","ocean_second_sidebar":"","ocean_disable_margins":"enable","ocean_add_body_class":"","ocean_shortcode_before_top_bar":"","ocean_shortcode_after_top_bar":"","ocean_shortcode_before_header":"","ocean_shortcode_after_header":"","ocean_has_shortcode":"","ocean_shortcode_after_title":"","ocean_shortcode_before_footer_widgets":"","ocean_shortcode_after_footer_widgets":"","ocean_shortcode_before_footer_bottom":"","ocean_shortcode_after_footer_bottom":"","ocean_display_top_bar":"default","ocean_display_header":"default","ocean_header_style":"","ocean_center_header_left_menu":"","ocean_custom_header_template":"","ocean_custom_logo":0,"ocean_custom_retina_logo":0,"ocean_custom_logo_max_width":0,"ocean_custom_logo_tablet_max_width":0,"ocean_custom_logo_mobile_max_width":0,"ocean_custom_logo_max_height":0,"ocean_custom_logo_tablet_max_height":0,"ocean_custom_logo_mobile_max_height":0,"ocean_header_custom_menu":"","ocean_menu_typo_font_family":"","ocean_menu_typo_font_subset":"","ocean_menu_typo_font_size":0,"ocean_menu_typo_font_size_tablet":0,"ocean_menu_typo_font_size_mobile":0,"ocean_menu_typo_font_size_unit":"px","ocean_menu_typo_font_weight":"","ocean_menu_typo_font_weight_tablet":"","ocean_menu_typo_font_weight_mobile":"","ocean_menu_typo_transform":"","ocean_menu_typo_transform_tablet":"","ocean_menu_typo_transform_mobile":"","ocean_menu_typo_line_height":0,"ocean_menu_typo_line_height_tablet":0,"ocean_menu_typo_line_height_mobile":0,"ocean_menu_typo_line_height_unit":"","ocean_menu_typo_spacing":0,"ocean_menu_typo_spacing_tablet":0,"ocean_menu_typo_spacing_mobile":0,"ocean_menu_typo_spacing_unit":"","ocean_menu_link_color":"","ocean_menu_link_color_hover":"","ocean_menu_link_color_active":"","ocean_menu_link_background":"","ocean_menu_link_hover_background":"","ocean_menu_link_active_background":"","ocean_menu_social_links_bg":"","ocean_menu_social_hover_links_bg":"","ocean_menu_social_links_color":"","ocean_menu_social_hover_links_color":"","ocean_disable_title":"default","ocean_disable_heading":"default","ocean_post_title":"","ocean_post_subheading":"","ocean_post_title_style":"","ocean_post_title_background_color":"","ocean_post_title_background":0,"ocean_post_title_bg_image_position":"","ocean_post_title_bg_image_attachment":"","ocean_post_title_bg_image_repeat":"","ocean_post_title_bg_image_size":"","ocean_post_title_height":0,"ocean_post_title_bg_overlay":0.5,"ocean_post_title_bg_overlay_color":"","ocean_disable_breadcrumbs":"default","ocean_breadcrumbs_color":"","ocean_breadcrumbs_separator_color":"","ocean_breadcrumbs_links_color":"","ocean_breadcrumbs_links_hover_color":"","ocean_display_footer_widgets":"default","ocean_display_footer_bottom":"default","ocean_custom_footer_template":""},"product_brand":[],"product_cat":[124,128],"product_tag":[],"class_list":{"0":"post-27543","1":"product","2":"type-product","3":"status-publish","4":"has-post-thumbnail","6":"product_cat-switch","7":"product_cat-ultimas-entradas","9":"entry","10":"has-media","12":"first","13":"instock","14":"taxable","15":"shipping-taxable","16":"purchasable","17":"product-type-simple","18":"col","19":"span_1_of_3","20":"owp-content-center","21":"owp-thumbs-layout-horizontal","22":"owp-btn-normal","23":"owp-tabs-layout-horizontal"},"aioseo_notices":[],"_links":{"self":[{"href":"https:\/\/kaotostore.com\/en\/wp-json\/wp\/v2\/product\/27543","targetHints":{"allow":["GET"]}}],"collection":[{"href":"https:\/\/kaotostore.com\/en\/wp-json\/wp\/v2\/product"}],"about":[{"href":"https:\/\/kaotostore.com\/en\/wp-json\/wp\/v2\/types\/product"}],"wp:featuredmedia":[{"embeddable":true,"href":"https:\/\/kaotostore.com\/en\/wp-json\/wp\/v2\/media\/8895"}],"wp:attachment":[{"href":"https:\/\/kaotostore.com\/en\/wp-json\/wp\/v2\/media?parent=27543"}],"wp:term":[{"taxonomy":"product_brand","embeddable":true,"href":"https:\/\/kaotostore.com\/en\/wp-json\/wp\/v2\/product_brand?post=27543"},{"taxonomy":"product_cat","embeddable":true,"href":"https:\/\/kaotostore.com\/en\/wp-json\/wp\/v2\/product_cat?post=27543"},{"taxonomy":"product_tag","embeddable":true,"href":"https:\/\/kaotostore.com\/en\/wp-json\/wp\/v2\/product_tag?post=27543"}],"curies":[{"name":"wp","href":"https:\/\/api.w.org\/{rel}","templated":true}]}}