{"id":27484,"date":"2026-03-23T18:08:27","date_gmt":"2026-03-23T17:08:27","guid":{"rendered":"https:\/\/kaotostore.com\/producto\/ender-magnolia-bloom-in-the-mist-playstation-4-importacion-japonesa\/"},"modified":"2026-04-09T15:29:57","modified_gmt":"2026-04-09T13:29:57","slug":"ender-magnolia-bloom-in-the-mist-playstation-4-importacion-japonesa","status":"publish","type":"product","link":"https:\/\/kaotostore.com\/en\/product\/ender-magnolia-bloom-in-the-mist-playstation-4-importacion-japonesa\/","title":{"rendered":"Ender Magnolia Bloom in the Mist PLAYSTATION 4 (Importaci\u00f3n japonesa)"},"content":{"rendered":"<p><strong>-Juego en castellano<br \/><\/strong><\/p>\n<p>\u00a0<\/p>\n<p>La historia del juego tiene lugar en Humelia, un reino de magos que tiempo ha prosper\u00f3 debido a la gran cantidad de materias arcanas que yacen bajo tierra. Gracias a su desarrollo tecnol\u00f3gico, Humelia consigui\u00f3 crear a los hom\u00fanculos, seres artificiales que asegurar\u00edan la era dorada del reino. No obstante, un humo impuro surgi\u00f3 del subsuelo y transform\u00f3 a estos seres en bestias enloquecidas.<\/p>\n<p>Lilac, que tiene el poder de salvar a los hom\u00fanculos al afinarlos, despierta en un laboratorio subterr\u00e1neo del sector inferior. All\u00ed encuentra a una hom\u00fanculo que parece guardar relaci\u00f3n con la calamidad que ha asolado Humelia y forja un pacto con ella, tras lo que ambos emprenden una aventura en busca de recuerdos perdidos y de camaradas valiosos. Varias d\u00e9cadas despu\u00e9s del infausto Diluvio Mortal, una nueva historia apocal\u00edptica est\u00e1 por empezar&#8230;<\/p>\n<p>Sobre el juego:<\/p>\n<p>ENDER MAGNOLIA es un RPG de acci\u00f3n de desplazamiento lateral 2D de estilo fantas\u00eda oscura en el que emprender\u00e1s un viaje por el decadente Reino de Humelia en busca de una forma de salvar a las personas y a los hom\u00fanculos. Debido al desarrollo de la magia y la tecnolog\u00eda, el reino termin\u00f3 por dividirse en distintos sectores y estratos sociales. Ante ti, se halla un mundo bello a la par de cruel, con una gran variedad de \u00e1reas como una urbe abandonada, un laboratorio empapado de sangre, un instituto arcano imponente y una f\u00e1brica descomunal.<\/p>\n<p>A lo largo de tu periplo, te aguardan varios hom\u00fanculos que te ayudar\u00e1n a salvar a aquellos que han ca\u00eddo en la locura. Lucha contra enemigos formidables y terror\u00edficos y libera sus almas para ir obteniendo nuevos aliados. \u00bfA qui\u00e9nes salvar\u00e1 Lilac tras superar las adversidades de su aventura? \u00bfA los humanos, o quiz\u00e1 a los hom\u00fanculos?<\/p>\n<p>Caracter\u00edsticas del juego:<\/p>\n<p>\u25cf Un sistema de combate que mejora a\u00fan m\u00e1s la experiencia de exploraci\u00f3n de ENDER LILIES:<\/p>\n<p>&#8211; Explora con total libertad un mundo bello al borde del abismo y enfr\u00e9ntate a enemigos de gran fuerza codo a codo con distintos aliados.<\/p>\n<p>&#8211; Aprovecha las 30 habilidades \u00fanicas de tus aliados y elige las que m\u00e1s se ajusten a tu estilo de combate predilecto.<\/p>\n<p>&#8211; Hazte con a\u00fan m\u00e1s objetos que en ENDER LILIES, desde reliquias hasta art\u00edculos que podr\u00e1s equipar. Re\u00fane y refuerza cuantos objetos puedas.<\/p>\n<p>&#8211; Cambia la dificultad a tu gusto, seg\u00fan si quieres ponerte a prueba como en ENDER LILIES o si quieres simplemente disfrutar de la historia.<\/p>\n<p>\u25cf Hermosas animaciones y arte 2D, junto con una banda sonora que ambienta todo un mundo de fantas\u00eda:<\/p>\n<p>&#8211; En el Reino de Humelia, las personas conviven con los hom\u00fanculos.<\/p>\n<p>&#8211; Escucha las historias de los distintos personajes que te encontrar\u00e1s durante tu aventura y ay\u00fadalos como puedas. Hazte con nuevos aliados conforme desentra\u00f1as los misterios de la historia.<\/p>\n<p>&#8211; Sum\u00e9rgete en los recuerdos de los personajes que conozcas y disfruta de un sistema de conversaci\u00f3n que te permitir\u00e1 conocer mejor a tus aliados.<\/p>\n<p>M\u00fasica:<\/p>\n<p>La banda sonora de ENDER MAGNOLIA corre a cargo de Mili, quienes tambi\u00e9n aportaron sus talentos a ENDER LILIES. Esperamos que disfrutes de las melod\u00edas atmosf\u00e9ricas y fantasiosas que dan m\u00e1s vida al mundo de ENDER MAGNOLIA.<\/p>\n<p><!----><\/p>","protected":false},"excerpt":{"rendered":"<p>-Juego en castellano \u00a0 La historia del juego tiene lugar en Humelia, un reino de magos que tiempo ha prosper\u00f3 debido a la gran cantidad de materias arcanas que yacen bajo tierra. Gracias a su desarrollo tecnol\u00f3gico, Humelia consigui\u00f3 crear a los hom\u00fanculos, seres artificiales que asegurar\u00edan la era dorada del reino. No obstante, un [&hellip;]<\/p>\n","protected":false},"featured_media":8815,"template":"","meta":{"ocean_post_layout":"","ocean_both_sidebars_style":"","ocean_both_sidebars_content_width":0,"ocean_both_sidebars_sidebars_width":0,"ocean_sidebar":"","ocean_second_sidebar":"","ocean_disable_margins":"enable","ocean_add_body_class":"","ocean_shortcode_before_top_bar":"","ocean_shortcode_after_top_bar":"","ocean_shortcode_before_header":"","ocean_shortcode_after_header":"","ocean_has_shortcode":"","ocean_shortcode_after_title":"","ocean_shortcode_before_footer_widgets":"","ocean_shortcode_after_footer_widgets":"","ocean_shortcode_before_footer_bottom":"","ocean_shortcode_after_footer_bottom":"","ocean_display_top_bar":"default","ocean_display_header":"default","ocean_header_style":"","ocean_center_header_left_menu":"","ocean_custom_header_template":"","ocean_custom_logo":0,"ocean_custom_retina_logo":0,"ocean_custom_logo_max_width":0,"ocean_custom_logo_tablet_max_width":0,"ocean_custom_logo_mobile_max_width":0,"ocean_custom_logo_max_height":0,"ocean_custom_logo_tablet_max_height":0,"ocean_custom_logo_mobile_max_height":0,"ocean_header_custom_menu":"","ocean_menu_typo_font_family":"","ocean_menu_typo_font_subset":"","ocean_menu_typo_font_size":0,"ocean_menu_typo_font_size_tablet":0,"ocean_menu_typo_font_size_mobile":0,"ocean_menu_typo_font_size_unit":"px","ocean_menu_typo_font_weight":"","ocean_menu_typo_font_weight_tablet":"","ocean_menu_typo_font_weight_mobile":"","ocean_menu_typo_transform":"","ocean_menu_typo_transform_tablet":"","ocean_menu_typo_transform_mobile":"","ocean_menu_typo_line_height":0,"ocean_menu_typo_line_height_tablet":0,"ocean_menu_typo_line_height_mobile":0,"ocean_menu_typo_line_height_unit":"","ocean_menu_typo_spacing":0,"ocean_menu_typo_spacing_tablet":0,"ocean_menu_typo_spacing_mobile":0,"ocean_menu_typo_spacing_unit":"","ocean_menu_link_color":"","ocean_menu_link_color_hover":"","ocean_menu_link_color_active":"","ocean_menu_link_background":"","ocean_menu_link_hover_background":"","ocean_menu_link_active_background":"","ocean_menu_social_links_bg":"","ocean_menu_social_hover_links_bg":"","ocean_menu_social_links_color":"","ocean_menu_social_hover_links_color":"","ocean_disable_title":"default","ocean_disable_heading":"default","ocean_post_title":"","ocean_post_subheading":"","ocean_post_title_style":"","ocean_post_title_background_color":"","ocean_post_title_background":0,"ocean_post_title_bg_image_position":"","ocean_post_title_bg_image_attachment":"","ocean_post_title_bg_image_repeat":"","ocean_post_title_bg_image_size":"","ocean_post_title_height":0,"ocean_post_title_bg_overlay":0.5,"ocean_post_title_bg_overlay_color":"","ocean_disable_breadcrumbs":"default","ocean_breadcrumbs_color":"","ocean_breadcrumbs_separator_color":"","ocean_breadcrumbs_links_color":"","ocean_breadcrumbs_links_hover_color":"","ocean_display_footer_widgets":"default","ocean_display_footer_bottom":"default","ocean_custom_footer_template":""},"product_brand":[],"product_cat":[98,107,128],"product_tag":[],"class_list":{"0":"post-27484","1":"product","2":"type-product","3":"status-publish","4":"has-post-thumbnail","6":"product_cat-novedades","7":"product_cat-playstation-4","8":"product_cat-ultimas-entradas","10":"entry","11":"has-media","13":"first","14":"instock","15":"taxable","16":"shipping-taxable","17":"purchasable","18":"product-type-simple","19":"col","20":"span_1_of_3","21":"owp-content-center","22":"owp-thumbs-layout-horizontal","23":"owp-btn-normal","24":"owp-tabs-layout-horizontal","25":"has-no-thumbnails"},"aioseo_notices":[],"_links":{"self":[{"href":"https:\/\/kaotostore.com\/en\/wp-json\/wp\/v2\/product\/27484","targetHints":{"allow":["GET"]}}],"collection":[{"href":"https:\/\/kaotostore.com\/en\/wp-json\/wp\/v2\/product"}],"about":[{"href":"https:\/\/kaotostore.com\/en\/wp-json\/wp\/v2\/types\/product"}],"wp:featuredmedia":[{"embeddable":true,"href":"https:\/\/kaotostore.com\/en\/wp-json\/wp\/v2\/media\/8815"}],"wp:attachment":[{"href":"https:\/\/kaotostore.com\/en\/wp-json\/wp\/v2\/media?parent=27484"}],"wp:term":[{"taxonomy":"product_brand","embeddable":true,"href":"https:\/\/kaotostore.com\/en\/wp-json\/wp\/v2\/product_brand?post=27484"},{"taxonomy":"product_cat","embeddable":true,"href":"https:\/\/kaotostore.com\/en\/wp-json\/wp\/v2\/product_cat?post=27484"},{"taxonomy":"product_tag","embeddable":true,"href":"https:\/\/kaotostore.com\/en\/wp-json\/wp\/v2\/product_tag?post=27484"}],"curies":[{"name":"wp","href":"https:\/\/api.w.org\/{rel}","templated":true}]}}