{"id":27473,"date":"2026-03-23T17:42:56","date_gmt":"2026-03-23T16:42:56","guid":{"rendered":"https:\/\/kaotostore.com\/producto\/emio-el-sonriente-famicom-detective-club-collectors-edition-switch-2\/"},"modified":"2026-05-15T23:14:13","modified_gmt":"2026-05-15T21:14:13","slug":"emio-el-sonriente-famicom-detective-club-collectors-edition-switch-2","status":"publish","type":"product","link":"https:\/\/kaotostore.com\/en\/product\/emio-el-sonriente-famicom-detective-club-collectors-edition-switch-2\/","title":{"rendered":"Emio El Sonriente Famicom Detective Club Collector&#8217;s Edition SWITCH (Importaci\u00f3n japonesa)"},"content":{"rendered":"<div class=\"block-title\">\n<strong><span style=\"color: #ff0505;\">Si desea im\u00e1genes adicionales del producto, puede solicitarlas desde el formulario de contacto o en el email kaototienda@gmail.com<\/p>\n<p><\/span><\/strong><\/p>\n<h1><strong><span style=\"text-decoration: underline;\"><span style=\"color: #ff0505; text-decoration: underline;\">SOLO RECOGIDA EN TIENDA\u00a0<\/span><\/span><\/strong><\/h1>\n<p><strong><span class=\"cm-txt\"><br \/>\n-Juego en castellano<\/span><\/strong><\/p>\n<\/div>\n<div class=\"block-title\"><\/div>\n<div class=\"block-title\"><\/div>\n<div class=\"block-title\"><span class=\"cm-txt\">\u00a1Yo Te Har\u00e9 Sonre\u00edr Para Siempre!<\/span><\/div>\n<div class=\"product-text too-big show-all\" style=\"max-height: 250px;\" data-jsmaxheight=\"250\" data-jsbtn=\"button\" data-jstarget=\"div\">\n<div>\n<p>Compra <strong>Emio El Sonriente: Famicom Detective Club para Nintendo Switch <\/strong>y <strong>resuelve el tr\u00e1gico asesinato de un estudiante de secundaria <\/strong>en el que una perturbadora pista <strong>retrotrae a casos pasados sin resolver y a una leyenda urbana sobre un asesino <\/strong>cuyos m\u00e9todos hielan la sangre.<\/p>\n<p>Tendr\u00e1s que <strong>recurrir a tu ingenio para resolver este apasionante misterio<\/strong>. Interroga a los compa\u00f1eros de clase de la v\u00edctima y otras personas relacionadas con el caso para <strong>reunir indicios, y viaja entre las escenas del crimen y otras ubicaciones <\/strong>de inter\u00e9s en <strong>busca de potenciales pistas<\/strong><\/p>\n<p><strong>Para descubrir pistas, aprovecha todos las ma\u00f1as del oficio a tu disposici\u00f3n, por rocambolescas que parezcan.<\/strong><\/p>\n<p><strong>\u00bfLograr\u00e1s Resolver El Caso?<\/p>\n<p>Eisuke Sasaki,<\/strong> un estudiante de secundaria<strong>, es hallado muerto de manera escalofriante: <\/strong>lleva en la cabeza una <strong>bolsa de papel decorada con una cara sonriente.<\/strong><br \/>\nEsta <strong>inquietante escena recuerda a una pista<\/strong> que apareci\u00f3 de manera recurrente en <strong>m\u00faltiples asesinatos sin resolver acaecidos 18 a\u00f1os atr\u00e1s<\/strong>, y tambi\u00e9n evoca la leyenda urbana de<strong> Emio, el Sonriente, un asesino en serie que concede a sus v\u00edctimas \u00abuna sonrisa eterna\u00bb.<\/strong><br \/>\n<strong>\u00bfExiste en realidad Emio, el Sonriente&#8230; o un nuevo culpable ha decidido mantener vivo su legado?<\/strong><br \/>\nComo integrante de la <strong>Agencia de Detectives Utsugi, deber\u00e1s investigar los acontecimientos que desembocaron en la muerte de Eisuke Sasaki.<\/strong> Por el camino, examinar\u00e1s las pruebas y testimonios que re\u00fanas para buscar posibles v\u00ednculos con otros espantosos sucesos del pasado.<\/p>\n<p><strong>\u00a0<\/strong><\/p>\n<\/div>\n<\/div>","protected":false},"excerpt":{"rendered":"<p>Si desea im\u00e1genes adicionales del producto, puede solicitarlas desde el formulario de contacto o en el email kaototienda@gmail.com SOLO RECOGIDA EN TIENDA\u00a0 -Juego en castellano \u00a1Yo Te Har\u00e9 Sonre\u00edr Para Siempre! Compra Emio El Sonriente: Famicom Detective Club para Nintendo Switch y resuelve el tr\u00e1gico asesinato de un estudiante de secundaria en el que una [&hellip;]<\/p>\n","protected":false},"featured_media":27474,"template":"","meta":{"ocean_post_layout":"","ocean_both_sidebars_style":"","ocean_both_sidebars_content_width":0,"ocean_both_sidebars_sidebars_width":0,"ocean_sidebar":"0","ocean_second_sidebar":"0","ocean_disable_margins":"enable","ocean_add_body_class":"","ocean_shortcode_before_top_bar":"","ocean_shortcode_after_top_bar":"","ocean_shortcode_before_header":"","ocean_shortcode_after_header":"","ocean_has_shortcode":"","ocean_shortcode_after_title":"","ocean_shortcode_before_footer_widgets":"","ocean_shortcode_after_footer_widgets":"","ocean_shortcode_before_footer_bottom":"","ocean_shortcode_after_footer_bottom":"","ocean_display_top_bar":"default","ocean_display_header":"default","ocean_header_style":"","ocean_center_header_left_menu":"0","ocean_custom_header_template":"0","ocean_custom_logo":0,"ocean_custom_retina_logo":0,"ocean_custom_logo_max_width":0,"ocean_custom_logo_tablet_max_width":0,"ocean_custom_logo_mobile_max_width":0,"ocean_custom_logo_max_height":0,"ocean_custom_logo_tablet_max_height":0,"ocean_custom_logo_mobile_max_height":0,"ocean_header_custom_menu":"0","ocean_menu_typo_font_family":"0","ocean_menu_typo_font_subset":"","ocean_menu_typo_font_size":0,"ocean_menu_typo_font_size_tablet":0,"ocean_menu_typo_font_size_mobile":0,"ocean_menu_typo_font_size_unit":"px","ocean_menu_typo_font_weight":"","ocean_menu_typo_font_weight_tablet":"","ocean_menu_typo_font_weight_mobile":"","ocean_menu_typo_transform":"","ocean_menu_typo_transform_tablet":"","ocean_menu_typo_transform_mobile":"","ocean_menu_typo_line_height":0,"ocean_menu_typo_line_height_tablet":0,"ocean_menu_typo_line_height_mobile":0,"ocean_menu_typo_line_height_unit":"","ocean_menu_typo_spacing":0,"ocean_menu_typo_spacing_tablet":0,"ocean_menu_typo_spacing_mobile":0,"ocean_menu_typo_spacing_unit":"","ocean_menu_link_color":"","ocean_menu_link_color_hover":"","ocean_menu_link_color_active":"","ocean_menu_link_background":"","ocean_menu_link_hover_background":"","ocean_menu_link_active_background":"","ocean_menu_social_links_bg":"","ocean_menu_social_hover_links_bg":"","ocean_menu_social_links_color":"","ocean_menu_social_hover_links_color":"","ocean_disable_title":"default","ocean_disable_heading":"default","ocean_post_title":"","ocean_post_subheading":"","ocean_post_title_style":"","ocean_post_title_background_color":"","ocean_post_title_background":0,"ocean_post_title_bg_image_position":"","ocean_post_title_bg_image_attachment":"","ocean_post_title_bg_image_repeat":"","ocean_post_title_bg_image_size":"","ocean_post_title_height":0,"ocean_post_title_bg_overlay":0.5,"ocean_post_title_bg_overlay_color":"","ocean_disable_breadcrumbs":"default","ocean_breadcrumbs_color":"","ocean_breadcrumbs_separator_color":"","ocean_breadcrumbs_links_color":"","ocean_breadcrumbs_links_hover_color":"","ocean_display_footer_widgets":"default","ocean_display_footer_bottom":"default","ocean_custom_footer_template":"0"},"product_brand":[],"product_cat":[15],"product_tag":[],"class_list":{"0":"post-27473","1":"product","2":"type-product","3":"status-publish","4":"has-post-thumbnail","6":"product_cat-sin-categorizar","8":"entry","9":"has-media","11":"first","12":"instock","13":"taxable","14":"shipping-taxable","15":"purchasable","16":"product-type-simple","17":"col","18":"span_1_of_3","19":"owp-content-center","20":"owp-thumbs-layout-horizontal","21":"owp-btn-normal","22":"owp-tabs-layout-horizontal"},"aioseo_notices":[],"_links":{"self":[{"href":"https:\/\/kaotostore.com\/en\/wp-json\/wp\/v2\/product\/27473","targetHints":{"allow":["GET"]}}],"collection":[{"href":"https:\/\/kaotostore.com\/en\/wp-json\/wp\/v2\/product"}],"about":[{"href":"https:\/\/kaotostore.com\/en\/wp-json\/wp\/v2\/types\/product"}],"wp:featuredmedia":[{"embeddable":true,"href":"https:\/\/kaotostore.com\/en\/wp-json\/wp\/v2\/media\/27474"}],"wp:attachment":[{"href":"https:\/\/kaotostore.com\/en\/wp-json\/wp\/v2\/media?parent=27473"}],"wp:term":[{"taxonomy":"product_brand","embeddable":true,"href":"https:\/\/kaotostore.com\/en\/wp-json\/wp\/v2\/product_brand?post=27473"},{"taxonomy":"product_cat","embeddable":true,"href":"https:\/\/kaotostore.com\/en\/wp-json\/wp\/v2\/product_cat?post=27473"},{"taxonomy":"product_tag","embeddable":true,"href":"https:\/\/kaotostore.com\/en\/wp-json\/wp\/v2\/product_tag?post=27473"}],"curies":[{"name":"wp","href":"https:\/\/api.w.org\/{rel}","templated":true}]}}