{"id":27445,"date":"2026-03-23T17:25:55","date_gmt":"2026-03-23T16:25:55","guid":{"rendered":"https:\/\/kaotostore.com\/producto\/elden-ring-la-senda-del-arbol-aureo-no02\/"},"modified":"2026-05-13T05:42:24","modified_gmt":"2026-05-13T03:42:24","slug":"elden-ring-la-senda-del-arbol-aureo-no02","status":"publish","type":"product","link":"https:\/\/kaotostore.com\/en\/product\/elden-ring-la-senda-del-arbol-aureo-no02\/","title":{"rendered":"Elden Ring La Senda del Arbol Aureo N\u00ba02"},"content":{"rendered":"<p>\u00bfCONSEGUIR\u00c1 LUZIO SER EL H\u00c9ROE QUE SE ESPERA QUE SEA?<\/p>\n<p>Luzio, un Sinluz, llega al Castillo del Velo Tormentoso. All\u00ed hace de tripas coraz\u00f3n junto a la guerrera Nepheli Loux y se dispone a enfrentarse al semidi\u00f3s Godrick el Injertado. \u00a1\u00bfQu\u00e9 desaf\u00edo le aguarda ahora que ha aparecido Melina de repente?! M\u00e1s all\u00e1 le espera la Mesa Redonda, lugar en el que se re\u00fanen los h\u00e9roes, protegido por Sir Gideon Ofnir el Omnisciente, y que da cobijo a Enia la Lectora de Dedos y a Fia la Consorte de los Finados. \u00a1\u00bfPodr\u00e1 Luzio seguir la Gracia y alzarse como el h\u00e9roe que se espera de \u00e9l?!<\/p>","protected":false},"excerpt":{"rendered":"<p>\u00bfCONSEGUIR\u00c1 LUZIO SER EL H\u00c9ROE QUE SE ESPERA QUE SEA? Luzio, un Sinluz, llega al Castillo del Velo Tormentoso. All\u00ed hace de tripas coraz\u00f3n junto a la guerrera Nepheli Loux y se dispone a enfrentarse al semidi\u00f3s Godrick el Injertado. \u00a1\u00bfQu\u00e9 desaf\u00edo le aguarda ahora que ha aparecido Melina de repente?! M\u00e1s all\u00e1 le espera [&hellip;]<\/p>\n","protected":false},"featured_media":8647,"template":"","meta":{"ocean_post_layout":"","ocean_both_sidebars_style":"","ocean_both_sidebars_content_width":0,"ocean_both_sidebars_sidebars_width":0,"ocean_sidebar":"","ocean_second_sidebar":"","ocean_disable_margins":"enable","ocean_add_body_class":"","ocean_shortcode_before_top_bar":"","ocean_shortcode_after_top_bar":"","ocean_shortcode_before_header":"","ocean_shortcode_after_header":"","ocean_has_shortcode":"","ocean_shortcode_after_title":"","ocean_shortcode_before_footer_widgets":"","ocean_shortcode_after_footer_widgets":"","ocean_shortcode_before_footer_bottom":"","ocean_shortcode_after_footer_bottom":"","ocean_display_top_bar":"default","ocean_display_header":"default","ocean_header_style":"","ocean_center_header_left_menu":"","ocean_custom_header_template":"","ocean_custom_logo":0,"ocean_custom_retina_logo":0,"ocean_custom_logo_max_width":0,"ocean_custom_logo_tablet_max_width":0,"ocean_custom_logo_mobile_max_width":0,"ocean_custom_logo_max_height":0,"ocean_custom_logo_tablet_max_height":0,"ocean_custom_logo_mobile_max_height":0,"ocean_header_custom_menu":"","ocean_menu_typo_font_family":"","ocean_menu_typo_font_subset":"","ocean_menu_typo_font_size":0,"ocean_menu_typo_font_size_tablet":0,"ocean_menu_typo_font_size_mobile":0,"ocean_menu_typo_font_size_unit":"px","ocean_menu_typo_font_weight":"","ocean_menu_typo_font_weight_tablet":"","ocean_menu_typo_font_weight_mobile":"","ocean_menu_typo_transform":"","ocean_menu_typo_transform_tablet":"","ocean_menu_typo_transform_mobile":"","ocean_menu_typo_line_height":0,"ocean_menu_typo_line_height_tablet":0,"ocean_menu_typo_line_height_mobile":0,"ocean_menu_typo_line_height_unit":"","ocean_menu_typo_spacing":0,"ocean_menu_typo_spacing_tablet":0,"ocean_menu_typo_spacing_mobile":0,"ocean_menu_typo_spacing_unit":"","ocean_menu_link_color":"","ocean_menu_link_color_hover":"","ocean_menu_link_color_active":"","ocean_menu_link_background":"","ocean_menu_link_hover_background":"","ocean_menu_link_active_background":"","ocean_menu_social_links_bg":"","ocean_menu_social_hover_links_bg":"","ocean_menu_social_links_color":"","ocean_menu_social_hover_links_color":"","ocean_disable_title":"default","ocean_disable_heading":"default","ocean_post_title":"","ocean_post_subheading":"","ocean_post_title_style":"","ocean_post_title_background_color":"","ocean_post_title_background":0,"ocean_post_title_bg_image_position":"","ocean_post_title_bg_image_attachment":"","ocean_post_title_bg_image_repeat":"","ocean_post_title_bg_image_size":"","ocean_post_title_height":0,"ocean_post_title_bg_overlay":0.5,"ocean_post_title_bg_overlay_color":"","ocean_disable_breadcrumbs":"default","ocean_breadcrumbs_color":"","ocean_breadcrumbs_separator_color":"","ocean_breadcrumbs_links_color":"","ocean_breadcrumbs_links_hover_color":"","ocean_display_footer_widgets":"default","ocean_display_footer_bottom":"default","ocean_custom_footer_template":""},"product_brand":[],"product_cat":[71,128],"product_tag":[],"class_list":{"0":"post-27445","1":"product","2":"type-product","3":"status-publish","4":"has-post-thumbnail","6":"product_cat-artbooks-libros-de-divulgacion-comic-manga-guias","7":"product_cat-ultimas-entradas","9":"entry","10":"has-media","12":"first","13":"outofstock","14":"taxable","15":"shipping-taxable","16":"purchasable","17":"product-type-simple","18":"col","19":"span_1_of_3","20":"owp-content-center","21":"owp-thumbs-layout-horizontal","22":"owp-btn-normal","23":"owp-tabs-layout-horizontal","24":"has-no-thumbnails"},"aioseo_notices":[],"_links":{"self":[{"href":"https:\/\/kaotostore.com\/en\/wp-json\/wp\/v2\/product\/27445","targetHints":{"allow":["GET"]}}],"collection":[{"href":"https:\/\/kaotostore.com\/en\/wp-json\/wp\/v2\/product"}],"about":[{"href":"https:\/\/kaotostore.com\/en\/wp-json\/wp\/v2\/types\/product"}],"wp:featuredmedia":[{"embeddable":true,"href":"https:\/\/kaotostore.com\/en\/wp-json\/wp\/v2\/media\/8647"}],"wp:attachment":[{"href":"https:\/\/kaotostore.com\/en\/wp-json\/wp\/v2\/media?parent=27445"}],"wp:term":[{"taxonomy":"product_brand","embeddable":true,"href":"https:\/\/kaotostore.com\/en\/wp-json\/wp\/v2\/product_brand?post=27445"},{"taxonomy":"product_cat","embeddable":true,"href":"https:\/\/kaotostore.com\/en\/wp-json\/wp\/v2\/product_cat?post=27445"},{"taxonomy":"product_tag","embeddable":true,"href":"https:\/\/kaotostore.com\/en\/wp-json\/wp\/v2\/product_tag?post=27445"}],"curies":[{"name":"wp","href":"https:\/\/api.w.org\/{rel}","templated":true}]}}