{"id":27407,"date":"2026-03-23T17:21:32","date_gmt":"2026-03-23T16:21:32","guid":{"rendered":"https:\/\/kaotostore.com\/producto\/el-libro-hueco-nueva-edicion\/"},"modified":"2026-05-12T14:41:09","modified_gmt":"2026-05-12T12:41:09","slug":"el-libro-hueco-nueva-edicion","status":"publish","type":"product","link":"https:\/\/kaotostore.com\/en\/product\/el-libro-hueco-nueva-edicion\/","title":{"rendered":"El Libro Hueco (Nueva Edici\u00f3n)"},"content":{"rendered":"<p><strong><span style=\"color: rgb(255, 5, 5);\">Si desea im\u00e1genes adicionales del producto, puede solicitarlas desde el formulario de contacto o en el email kaototienda@gmail.com<br \/><\/span><\/p>\n<p>-Libro en castellano<\/p>\n<p><\/strong><\/p>\n<div class=\"hr av-k4mqtv6q-4-55f4dd7cfd6f4bd953ce720d106d63c1 hr-custom  avia-builder-el-22  el_after_av_promobox  el_before_av_one_full  hr-center hr-icon-no\">\n<p><strong>Descubre la historia de Hallownest<\/strong><br \/>El reino que una oscura noche fue pr\u00f3spero qued\u00f3 cicatrizado por las guerras entre sus habitantes y los falsos profetas que promet\u00edan el advenimiento de la Luz. Muchos fueron los caballeros que perdieron la vida en la lucha contra Destello.<\/p>\n<p>Casi tantos como los viajeros que, atra\u00eddos por los <strong>viejos tesoros de una familia real olvidada<\/strong>, se adentraron sin \u00e9xito m\u00e1s all\u00e1 de los confines de los Cruces Olvidados. Lo \u00fanico que encontraron fueron vientos de desdicha, impregnados de cuestiones acerca de su propia existencia. Por suerte, en lo m\u00e1s profundo del Abismo todav\u00eda queda qui\u00e9n conoce las respuestas.<\/p>\n<p>El Libro Hueco es un <strong>viaje al interior del universo de Hollow Knight<\/strong>. Un desglose exhaustivo de su historia y un ejercicio de descubrimiento para el viajero dispuesto a perderse en su narrativa cr\u00edptica.<\/p>\n<p><strong>Una edici\u00f3n de lujo ampliada con m\u00e1s de ochenta ilustraciones<\/strong><br \/>Tras haber vendido m\u00e1s de 9.000 unidades, esta reedici\u00f3n ampliada se presenta con acabados de lujo, tapas ilustradas por J. Giner y acabadas en papel lienzo.<\/p>\n<p><strong>Una enciclopedia de Bestias<\/strong><br \/>El universo de Hollow Knight presenta un reino decadente poblado por criaturas que han sido v\u00edctimas de una extra\u00f1a infecci\u00f3n a trav\u00e9s de los sue\u00f1os. A lo largo de las p\u00e1ginas de El Libro Hueco, el lector encontrar\u00e1 un<strong> extenso Bestiario <\/strong>en el que quedan recogidos e ilustrados los peligros m\u00e1s prominentes y habituales de Hallownest.<\/p>\n<p><strong>Magia, hechicer\u00eda, geograf\u00eda e historia del videojuego<\/strong><br \/>M\u00e1s all\u00e1 de la historia de Hallownest y el registro de todos sus protagonistas, bestias y amenazas, El Libro Hueco recoge todo un <strong>grimorio de hechizos, amuletos, habilidades y armas <\/strong>junto con un apartado dedicado al desarrollo y concepci\u00f3n de la obra del <strong>Team Cherry <\/strong>desde sus primeros pasos como Hungry Knight.\u00a0<\/p>\n<\/div>\n<p><!----><\/p>","protected":false},"excerpt":{"rendered":"<p>Si desea im\u00e1genes adicionales del producto, puede solicitarlas desde el formulario de contacto o en el email kaototienda@gmail.com -Libro en castellano Descubre la historia de HallownestEl reino que una oscura noche fue pr\u00f3spero qued\u00f3 cicatrizado por las guerras entre sus habitantes y los falsos profetas que promet\u00edan el advenimiento de la Luz. Muchos fueron los [&hellip;]<\/p>\n","protected":false},"featured_media":8599,"template":"","meta":{"ocean_post_layout":"","ocean_both_sidebars_style":"","ocean_both_sidebars_content_width":0,"ocean_both_sidebars_sidebars_width":0,"ocean_sidebar":"","ocean_second_sidebar":"","ocean_disable_margins":"enable","ocean_add_body_class":"","ocean_shortcode_before_top_bar":"","ocean_shortcode_after_top_bar":"","ocean_shortcode_before_header":"","ocean_shortcode_after_header":"","ocean_has_shortcode":"","ocean_shortcode_after_title":"","ocean_shortcode_before_footer_widgets":"","ocean_shortcode_after_footer_widgets":"","ocean_shortcode_before_footer_bottom":"","ocean_shortcode_after_footer_bottom":"","ocean_display_top_bar":"default","ocean_display_header":"default","ocean_header_style":"","ocean_center_header_left_menu":"","ocean_custom_header_template":"","ocean_custom_logo":0,"ocean_custom_retina_logo":0,"ocean_custom_logo_max_width":0,"ocean_custom_logo_tablet_max_width":0,"ocean_custom_logo_mobile_max_width":0,"ocean_custom_logo_max_height":0,"ocean_custom_logo_tablet_max_height":0,"ocean_custom_logo_mobile_max_height":0,"ocean_header_custom_menu":"","ocean_menu_typo_font_family":"","ocean_menu_typo_font_subset":"","ocean_menu_typo_font_size":0,"ocean_menu_typo_font_size_tablet":0,"ocean_menu_typo_font_size_mobile":0,"ocean_menu_typo_font_size_unit":"px","ocean_menu_typo_font_weight":"","ocean_menu_typo_font_weight_tablet":"","ocean_menu_typo_font_weight_mobile":"","ocean_menu_typo_transform":"","ocean_menu_typo_transform_tablet":"","ocean_menu_typo_transform_mobile":"","ocean_menu_typo_line_height":0,"ocean_menu_typo_line_height_tablet":0,"ocean_menu_typo_line_height_mobile":0,"ocean_menu_typo_line_height_unit":"","ocean_menu_typo_spacing":0,"ocean_menu_typo_spacing_tablet":0,"ocean_menu_typo_spacing_mobile":0,"ocean_menu_typo_spacing_unit":"","ocean_menu_link_color":"","ocean_menu_link_color_hover":"","ocean_menu_link_color_active":"","ocean_menu_link_background":"","ocean_menu_link_hover_background":"","ocean_menu_link_active_background":"","ocean_menu_social_links_bg":"","ocean_menu_social_hover_links_bg":"","ocean_menu_social_links_color":"","ocean_menu_social_hover_links_color":"","ocean_disable_title":"default","ocean_disable_heading":"default","ocean_post_title":"","ocean_post_subheading":"","ocean_post_title_style":"","ocean_post_title_background_color":"","ocean_post_title_background":0,"ocean_post_title_bg_image_position":"","ocean_post_title_bg_image_attachment":"","ocean_post_title_bg_image_repeat":"","ocean_post_title_bg_image_size":"","ocean_post_title_height":0,"ocean_post_title_bg_overlay":0.5,"ocean_post_title_bg_overlay_color":"","ocean_disable_breadcrumbs":"default","ocean_breadcrumbs_color":"","ocean_breadcrumbs_separator_color":"","ocean_breadcrumbs_links_color":"","ocean_breadcrumbs_links_hover_color":"","ocean_display_footer_widgets":"default","ocean_display_footer_bottom":"default","ocean_custom_footer_template":""},"product_brand":[],"product_cat":[71,98,128],"product_tag":[],"class_list":{"0":"post-27407","1":"product","2":"type-product","3":"status-publish","4":"has-post-thumbnail","6":"product_cat-artbooks-libros-de-divulgacion-comic-manga-guias","7":"product_cat-novedades","8":"product_cat-ultimas-entradas","10":"entry","11":"has-media","13":"first","14":"instock","15":"taxable","16":"shipping-taxable","17":"purchasable","18":"product-type-simple","19":"col","20":"span_1_of_3","21":"owp-content-center","22":"owp-thumbs-layout-horizontal","23":"owp-btn-normal","24":"owp-tabs-layout-horizontal"},"aioseo_notices":[],"_links":{"self":[{"href":"https:\/\/kaotostore.com\/en\/wp-json\/wp\/v2\/product\/27407","targetHints":{"allow":["GET"]}}],"collection":[{"href":"https:\/\/kaotostore.com\/en\/wp-json\/wp\/v2\/product"}],"about":[{"href":"https:\/\/kaotostore.com\/en\/wp-json\/wp\/v2\/types\/product"}],"wp:featuredmedia":[{"embeddable":true,"href":"https:\/\/kaotostore.com\/en\/wp-json\/wp\/v2\/media\/8599"}],"wp:attachment":[{"href":"https:\/\/kaotostore.com\/en\/wp-json\/wp\/v2\/media?parent=27407"}],"wp:term":[{"taxonomy":"product_brand","embeddable":true,"href":"https:\/\/kaotostore.com\/en\/wp-json\/wp\/v2\/product_brand?post=27407"},{"taxonomy":"product_cat","embeddable":true,"href":"https:\/\/kaotostore.com\/en\/wp-json\/wp\/v2\/product_cat?post=27407"},{"taxonomy":"product_tag","embeddable":true,"href":"https:\/\/kaotostore.com\/en\/wp-json\/wp\/v2\/product_tag?post=27407"}],"curies":[{"name":"wp","href":"https:\/\/api.w.org\/{rel}","templated":true}]}}