{"id":27395,"date":"2026-03-23T17:21:06","date_gmt":"2026-03-23T16:21:06","guid":{"rendered":"https:\/\/kaotostore.com\/producto\/el-arte-de-star-wars-jedi-fallen-order\/"},"modified":"2026-04-09T12:08:10","modified_gmt":"2026-04-09T10:08:10","slug":"el-arte-de-star-wars-jedi-fallen-order","status":"publish","type":"product","link":"https:\/\/kaotostore.com\/en\/product\/el-arte-de-star-wars-jedi-fallen-order\/","title":{"rendered":"El Arte de Star Wars Jedi Fallen Order"},"content":{"rendered":"<p><strong>-Libro en castellano<\/strong><\/p>\n<p>\u00a0<\/p>\n<p><span class=\"a-text-bold\">Del videojuego oficial<\/span><\/p>\n<p><span>Star Wars Jedi: Fallen Order es el videojuego de acci\u00f3n y aventura que explora la b\u00fasqueda de Cal Kestis para reconstruir la Orden Jedi mientras aprende los caminos de la Fuerza, viaja a mundos ex\u00f3ticos y lucha contra enemigos tir\u00e1nicos.<\/span><\/p>\n<p><span>Con una arte conceptual detallado de los nuevos personajes, emocionantes armas y equipo, y escenarios tanto familiares como nuevos, este tomo ofrece una mirada entre bastidores a la producci\u00f3n de uno de los juegos m\u00e1s exitosos de la saga, todo acompa\u00f1ado por comentarios \u00edntimos de artistas que revelan c\u00f3mo entender este incre\u00edble universo.<\/span><\/p>\n<p><span>Un libro de arte a todo color que captura el desarrollo de una de las \u00faltimas incorporaciones al canon interactivo del universo de Star Wars.<\/span><\/p>\n<p><!----><\/p>","protected":false},"excerpt":{"rendered":"<p>-Libro en castellano \u00a0 Del videojuego oficial Star Wars Jedi: Fallen Order es el videojuego de acci\u00f3n y aventura que explora la b\u00fasqueda de Cal Kestis para reconstruir la Orden Jedi mientras aprende los caminos de la Fuerza, viaja a mundos ex\u00f3ticos y lucha contra enemigos tir\u00e1nicos. Con una arte conceptual detallado de los nuevos [&hellip;]<\/p>\n","protected":false},"featured_media":8576,"template":"","meta":{"ocean_post_layout":"","ocean_both_sidebars_style":"","ocean_both_sidebars_content_width":0,"ocean_both_sidebars_sidebars_width":0,"ocean_sidebar":"","ocean_second_sidebar":"","ocean_disable_margins":"enable","ocean_add_body_class":"","ocean_shortcode_before_top_bar":"","ocean_shortcode_after_top_bar":"","ocean_shortcode_before_header":"","ocean_shortcode_after_header":"","ocean_has_shortcode":"","ocean_shortcode_after_title":"","ocean_shortcode_before_footer_widgets":"","ocean_shortcode_after_footer_widgets":"","ocean_shortcode_before_footer_bottom":"","ocean_shortcode_after_footer_bottom":"","ocean_display_top_bar":"default","ocean_display_header":"default","ocean_header_style":"","ocean_center_header_left_menu":"","ocean_custom_header_template":"","ocean_custom_logo":0,"ocean_custom_retina_logo":0,"ocean_custom_logo_max_width":0,"ocean_custom_logo_tablet_max_width":0,"ocean_custom_logo_mobile_max_width":0,"ocean_custom_logo_max_height":0,"ocean_custom_logo_tablet_max_height":0,"ocean_custom_logo_mobile_max_height":0,"ocean_header_custom_menu":"","ocean_menu_typo_font_family":"","ocean_menu_typo_font_subset":"","ocean_menu_typo_font_size":0,"ocean_menu_typo_font_size_tablet":0,"ocean_menu_typo_font_size_mobile":0,"ocean_menu_typo_font_size_unit":"px","ocean_menu_typo_font_weight":"","ocean_menu_typo_font_weight_tablet":"","ocean_menu_typo_font_weight_mobile":"","ocean_menu_typo_transform":"","ocean_menu_typo_transform_tablet":"","ocean_menu_typo_transform_mobile":"","ocean_menu_typo_line_height":0,"ocean_menu_typo_line_height_tablet":0,"ocean_menu_typo_line_height_mobile":0,"ocean_menu_typo_line_height_unit":"","ocean_menu_typo_spacing":0,"ocean_menu_typo_spacing_tablet":0,"ocean_menu_typo_spacing_mobile":0,"ocean_menu_typo_spacing_unit":"","ocean_menu_link_color":"","ocean_menu_link_color_hover":"","ocean_menu_link_color_active":"","ocean_menu_link_background":"","ocean_menu_link_hover_background":"","ocean_menu_link_active_background":"","ocean_menu_social_links_bg":"","ocean_menu_social_hover_links_bg":"","ocean_menu_social_links_color":"","ocean_menu_social_hover_links_color":"","ocean_disable_title":"default","ocean_disable_heading":"default","ocean_post_title":"","ocean_post_subheading":"","ocean_post_title_style":"","ocean_post_title_background_color":"","ocean_post_title_background":0,"ocean_post_title_bg_image_position":"","ocean_post_title_bg_image_attachment":"","ocean_post_title_bg_image_repeat":"","ocean_post_title_bg_image_size":"","ocean_post_title_height":0,"ocean_post_title_bg_overlay":0.5,"ocean_post_title_bg_overlay_color":"","ocean_disable_breadcrumbs":"default","ocean_breadcrumbs_color":"","ocean_breadcrumbs_separator_color":"","ocean_breadcrumbs_links_color":"","ocean_breadcrumbs_links_hover_color":"","ocean_display_footer_widgets":"default","ocean_display_footer_bottom":"default","ocean_custom_footer_template":""},"product_brand":[],"product_cat":[71,121,128],"product_tag":[],"class_list":{"0":"post-27395","1":"product","2":"type-product","3":"status-publish","4":"has-post-thumbnail","6":"product_cat-artbooks-libros-de-divulgacion-comic-manga-guias","7":"product_cat-star-wars","8":"product_cat-ultimas-entradas","10":"entry","11":"has-media","13":"first","14":"instock","15":"taxable","16":"shipping-taxable","17":"purchasable","18":"product-type-simple","19":"col","20":"span_1_of_3","21":"owp-content-center","22":"owp-thumbs-layout-horizontal","23":"owp-btn-normal","24":"owp-tabs-layout-horizontal","25":"has-no-thumbnails"},"aioseo_notices":[],"_links":{"self":[{"href":"https:\/\/kaotostore.com\/en\/wp-json\/wp\/v2\/product\/27395","targetHints":{"allow":["GET"]}}],"collection":[{"href":"https:\/\/kaotostore.com\/en\/wp-json\/wp\/v2\/product"}],"about":[{"href":"https:\/\/kaotostore.com\/en\/wp-json\/wp\/v2\/types\/product"}],"wp:featuredmedia":[{"embeddable":true,"href":"https:\/\/kaotostore.com\/en\/wp-json\/wp\/v2\/media\/8576"}],"wp:attachment":[{"href":"https:\/\/kaotostore.com\/en\/wp-json\/wp\/v2\/media?parent=27395"}],"wp:term":[{"taxonomy":"product_brand","embeddable":true,"href":"https:\/\/kaotostore.com\/en\/wp-json\/wp\/v2\/product_brand?post=27395"},{"taxonomy":"product_cat","embeddable":true,"href":"https:\/\/kaotostore.com\/en\/wp-json\/wp\/v2\/product_cat?post=27395"},{"taxonomy":"product_tag","embeddable":true,"href":"https:\/\/kaotostore.com\/en\/wp-json\/wp\/v2\/product_tag?post=27395"}],"curies":[{"name":"wp","href":"https:\/\/api.w.org\/{rel}","templated":true}]}}