{"id":27372,"date":"2026-03-23T17:20:37","date_gmt":"2026-03-23T16:20:37","guid":{"rendered":"https:\/\/kaotostore.com\/producto\/edge-of-eternity-playstation-4\/"},"modified":"2026-04-08T17:20:26","modified_gmt":"2026-04-08T15:20:26","slug":"edge-of-eternity-playstation-4","status":"publish","type":"product","link":"https:\/\/kaotostore.com\/en\/product\/edge-of-eternity-playstation-4\/","title":{"rendered":"Edge of Eternity PLAYSTATION 4"},"content":{"rendered":"<p>El mundo de Heryon est\u00e1 desgarrado. Hace a\u00f1os, la llegada de una misteriosa fuerza alien\u00edgena acab\u00f3 por sumir al planeta en una interminable guerra catacl\u00edsmica en la que tanto la magia como la tecnolog\u00eda se desataron hasta sus peores y m\u00e1s oscuros extremos. Ahora ha surgido una amenaza a\u00fan mayor: en un acto de guerra despreciable, los invasores liberaron la Corrosi\u00f3n, una enfermedad mortal que convierte a las formas vivas de todo tipo en abominaciones deformes. En estos tiempos desesperados, un joven soldado tendr\u00e1 que enfrentarse a su destino y embarcarse en un viaje \u00e9pico que cambiar\u00e1 el destino de Heryon para siempre&#8230; Caracter\u00edsticas principales: \u2022 Una historia apasionante llena de giros argumentales y momentos desgarradores \u2022 Un magn\u00edfico mundo de fantas\u00eda para explorar \u2022 Batallas \u00e9picas con un sistema de combate por turnos \u00fanico y estrat\u00e9gico \u2022 Personajes carism\u00e1ticos e inolvidables \u2022 Impresionante banda sonora con Yasunori Mitsuda (Chrono Trigger y Xenoblade Chronicles) \u2022 Un sistema de artesan\u00eda bien hecho \u2022 Una intr\u00e9pida y adorable bestia de la que hacerse amigo \u2022 M\u00e1s de 50 horas de juego<\/p>","protected":false},"excerpt":{"rendered":"<p>El mundo de Heryon est\u00e1 desgarrado. Hace a\u00f1os, la llegada de una misteriosa fuerza alien\u00edgena acab\u00f3 por sumir al planeta en una interminable guerra catacl\u00edsmica en la que tanto la magia como la tecnolog\u00eda se desataron hasta sus peores y m\u00e1s oscuros extremos. Ahora ha surgido una amenaza a\u00fan mayor: en un acto de guerra [&hellip;]<\/p>\n","protected":false},"featured_media":8544,"template":"","meta":{"ocean_post_layout":"","ocean_both_sidebars_style":"","ocean_both_sidebars_content_width":0,"ocean_both_sidebars_sidebars_width":0,"ocean_sidebar":"","ocean_second_sidebar":"","ocean_disable_margins":"enable","ocean_add_body_class":"","ocean_shortcode_before_top_bar":"","ocean_shortcode_after_top_bar":"","ocean_shortcode_before_header":"","ocean_shortcode_after_header":"","ocean_has_shortcode":"","ocean_shortcode_after_title":"","ocean_shortcode_before_footer_widgets":"","ocean_shortcode_after_footer_widgets":"","ocean_shortcode_before_footer_bottom":"","ocean_shortcode_after_footer_bottom":"","ocean_display_top_bar":"default","ocean_display_header":"default","ocean_header_style":"","ocean_center_header_left_menu":"","ocean_custom_header_template":"","ocean_custom_logo":0,"ocean_custom_retina_logo":0,"ocean_custom_logo_max_width":0,"ocean_custom_logo_tablet_max_width":0,"ocean_custom_logo_mobile_max_width":0,"ocean_custom_logo_max_height":0,"ocean_custom_logo_tablet_max_height":0,"ocean_custom_logo_mobile_max_height":0,"ocean_header_custom_menu":"","ocean_menu_typo_font_family":"","ocean_menu_typo_font_subset":"","ocean_menu_typo_font_size":0,"ocean_menu_typo_font_size_tablet":0,"ocean_menu_typo_font_size_mobile":0,"ocean_menu_typo_font_size_unit":"px","ocean_menu_typo_font_weight":"","ocean_menu_typo_font_weight_tablet":"","ocean_menu_typo_font_weight_mobile":"","ocean_menu_typo_transform":"","ocean_menu_typo_transform_tablet":"","ocean_menu_typo_transform_mobile":"","ocean_menu_typo_line_height":0,"ocean_menu_typo_line_height_tablet":0,"ocean_menu_typo_line_height_mobile":0,"ocean_menu_typo_line_height_unit":"","ocean_menu_typo_spacing":0,"ocean_menu_typo_spacing_tablet":0,"ocean_menu_typo_spacing_mobile":0,"ocean_menu_typo_spacing_unit":"","ocean_menu_link_color":"","ocean_menu_link_color_hover":"","ocean_menu_link_color_active":"","ocean_menu_link_background":"","ocean_menu_link_hover_background":"","ocean_menu_link_active_background":"","ocean_menu_social_links_bg":"","ocean_menu_social_hover_links_bg":"","ocean_menu_social_links_color":"","ocean_menu_social_hover_links_color":"","ocean_disable_title":"default","ocean_disable_heading":"default","ocean_post_title":"","ocean_post_subheading":"","ocean_post_title_style":"","ocean_post_title_background_color":"","ocean_post_title_background":0,"ocean_post_title_bg_image_position":"","ocean_post_title_bg_image_attachment":"","ocean_post_title_bg_image_repeat":"","ocean_post_title_bg_image_size":"","ocean_post_title_height":0,"ocean_post_title_bg_overlay":0.5,"ocean_post_title_bg_overlay_color":"","ocean_disable_breadcrumbs":"default","ocean_breadcrumbs_color":"","ocean_breadcrumbs_separator_color":"","ocean_breadcrumbs_links_color":"","ocean_breadcrumbs_links_hover_color":"","ocean_display_footer_widgets":"default","ocean_display_footer_bottom":"default","ocean_custom_footer_template":""},"product_brand":[],"product_cat":[107],"product_tag":[],"class_list":{"0":"post-27372","1":"product","2":"type-product","3":"status-publish","4":"has-post-thumbnail","6":"product_cat-playstation-4","8":"entry","9":"has-media","11":"first","12":"instock","13":"taxable","14":"shipping-taxable","15":"purchasable","16":"product-type-variable","17":"col","18":"span_1_of_3","19":"owp-content-center","20":"owp-thumbs-layout-horizontal","21":"owp-btn-normal","22":"owp-tabs-layout-horizontal"},"aioseo_notices":[],"_links":{"self":[{"href":"https:\/\/kaotostore.com\/en\/wp-json\/wp\/v2\/product\/27372","targetHints":{"allow":["GET"]}}],"collection":[{"href":"https:\/\/kaotostore.com\/en\/wp-json\/wp\/v2\/product"}],"about":[{"href":"https:\/\/kaotostore.com\/en\/wp-json\/wp\/v2\/types\/product"}],"wp:featuredmedia":[{"embeddable":true,"href":"https:\/\/kaotostore.com\/en\/wp-json\/wp\/v2\/media\/8544"}],"wp:attachment":[{"href":"https:\/\/kaotostore.com\/en\/wp-json\/wp\/v2\/media?parent=27372"}],"wp:term":[{"taxonomy":"product_brand","embeddable":true,"href":"https:\/\/kaotostore.com\/en\/wp-json\/wp\/v2\/product_brand?post=27372"},{"taxonomy":"product_cat","embeddable":true,"href":"https:\/\/kaotostore.com\/en\/wp-json\/wp\/v2\/product_cat?post=27372"},{"taxonomy":"product_tag","embeddable":true,"href":"https:\/\/kaotostore.com\/en\/wp-json\/wp\/v2\/product_tag?post=27372"}],"curies":[{"name":"wp","href":"https:\/\/api.w.org\/{rel}","templated":true}]}}