{"id":27364,"date":"2026-03-23T17:20:32","date_gmt":"2026-03-23T16:20:32","guid":{"rendered":"https:\/\/kaotostore.com\/producto\/eastward-switch-importacion-japonesa\/"},"modified":"2026-04-09T15:29:57","modified_gmt":"2026-04-09T13:29:57","slug":"eastward-switch-importacion-japonesa","status":"publish","type":"product","link":"https:\/\/kaotostore.com\/en\/product\/eastward-switch-importacion-japonesa\/","title":{"rendered":"Eastward SWITCH (Importaci\u00f3n japonesa)"},"content":{"rendered":"<div>\n<div>\n<h4>\n<span style=\"color: rgb(255, 5, 5);\">Si desea im\u00e1genes adicionales del producto, puede solicitarlas desde el formulario de contacto o en el email kaototienda@gmail.com<br \/><\/span><br \/>\n<\/h4>\n<p><strong>-Juego en castellano<\/strong><\/p>\n<p>\u00a0<\/p>\n<p>\u00a1Escapa de las tir\u00e1nicas garras de la sociedad subterr\u00e1nea de Potcrock Isle y \u00fanete al at\u00edpico d\u00fao de protagonistas de Eastward en una fascinante aventura hacia el mundo exterior! Descubre asentamientos tan hermosos como extra\u00f1os y haz nuevos amigos mientras recorres el mundo en tren.<\/p>\n<p>Combina las habilidades de John y Sam para resolver los puzles de las mazmorras, acabar con enemigos at\u00edpicos y sobrevivir a esa letal nube t\u00f3xica. \u00bfLograr\u00e1s descubrir la verdad de los poderes m\u00edsticos de Sam y devolver la paz a las tierras devastadas de Eastward?<\/p>\n<p>\u2022 Descubre el extra\u00f1o y maravilloso mundo de Eastward. Sube a bordo de un ferrocarril que recorre el continente arrasado y detenlo para explorar sus pueblos llenas de vida, curiosos campamentos y bosques sombr\u00edos.<\/p>\n<p>\u2022 Haz frente a monstruos muy peculiares y a feroces jefes finales con el arma favorita de John, ya sea un lanzallamas, un lanzaengranajes&#8230; o tu fiel sart\u00e9n. \u00bfTe dan pena tus rivales? Pues at\u00fardelos temporalmente con la explosi\u00f3n cin\u00e9tica de Sam.<\/p>\n<p>\u2022 Controla a John y a Sam para resolver los puzles del entorno y superar mazmorras formidables, ya sea separ\u00e1ndose para abrir caminos ocultos o manteni\u00e9ndose unidos para atravesar parajes peligrosos.<\/p>\n<p>\u2022 Conoce a un peculiar plantel de personajes con personalidades muy diferentes y sum\u00e9rgete en esta encantadora aventura narrativa repleta de diversi\u00f3n y de humor extravagante.<\/p>\n<p>\u2022 Crea deliciosos platos de la aut\u00e9ntica gastronom\u00eda de Eastward, con ingredientes (mayormente) frescos y org\u00e1nicos de bosques t\u00f3xicos, granjas de cangrejos y centros comerciales abandonados. Estas exquisiteces te otorgar\u00e1n bonificaciones de salud, aumentos de fuerza y beneficios secretos.<\/p>\n<p><strong><br \/><\/strong><strong><\/strong><\/p>\n<\/div>\n<\/div>","protected":false},"excerpt":{"rendered":"<p>Si desea im\u00e1genes adicionales del producto, puede solicitarlas desde el formulario de contacto o en el email kaototienda@gmail.com -Juego en castellano \u00a0 \u00a1Escapa de las tir\u00e1nicas garras de la sociedad subterr\u00e1nea de Potcrock Isle y \u00fanete al at\u00edpico d\u00fao de protagonistas de Eastward en una fascinante aventura hacia el mundo exterior! Descubre asentamientos tan hermosos [&hellip;]<\/p>\n","protected":false},"featured_media":8526,"template":"","meta":{"ocean_post_layout":"","ocean_both_sidebars_style":"","ocean_both_sidebars_content_width":0,"ocean_both_sidebars_sidebars_width":0,"ocean_sidebar":"","ocean_second_sidebar":"","ocean_disable_margins":"enable","ocean_add_body_class":"","ocean_shortcode_before_top_bar":"","ocean_shortcode_after_top_bar":"","ocean_shortcode_before_header":"","ocean_shortcode_after_header":"","ocean_has_shortcode":"","ocean_shortcode_after_title":"","ocean_shortcode_before_footer_widgets":"","ocean_shortcode_after_footer_widgets":"","ocean_shortcode_before_footer_bottom":"","ocean_shortcode_after_footer_bottom":"","ocean_display_top_bar":"default","ocean_display_header":"default","ocean_header_style":"","ocean_center_header_left_menu":"","ocean_custom_header_template":"","ocean_custom_logo":0,"ocean_custom_retina_logo":0,"ocean_custom_logo_max_width":0,"ocean_custom_logo_tablet_max_width":0,"ocean_custom_logo_mobile_max_width":0,"ocean_custom_logo_max_height":0,"ocean_custom_logo_tablet_max_height":0,"ocean_custom_logo_mobile_max_height":0,"ocean_header_custom_menu":"","ocean_menu_typo_font_family":"","ocean_menu_typo_font_subset":"","ocean_menu_typo_font_size":0,"ocean_menu_typo_font_size_tablet":0,"ocean_menu_typo_font_size_mobile":0,"ocean_menu_typo_font_size_unit":"px","ocean_menu_typo_font_weight":"","ocean_menu_typo_font_weight_tablet":"","ocean_menu_typo_font_weight_mobile":"","ocean_menu_typo_transform":"","ocean_menu_typo_transform_tablet":"","ocean_menu_typo_transform_mobile":"","ocean_menu_typo_line_height":0,"ocean_menu_typo_line_height_tablet":0,"ocean_menu_typo_line_height_mobile":0,"ocean_menu_typo_line_height_unit":"","ocean_menu_typo_spacing":0,"ocean_menu_typo_spacing_tablet":0,"ocean_menu_typo_spacing_mobile":0,"ocean_menu_typo_spacing_unit":"","ocean_menu_link_color":"","ocean_menu_link_color_hover":"","ocean_menu_link_color_active":"","ocean_menu_link_background":"","ocean_menu_link_hover_background":"","ocean_menu_link_active_background":"","ocean_menu_social_links_bg":"","ocean_menu_social_hover_links_bg":"","ocean_menu_social_links_color":"","ocean_menu_social_hover_links_color":"","ocean_disable_title":"default","ocean_disable_heading":"default","ocean_post_title":"","ocean_post_subheading":"","ocean_post_title_style":"","ocean_post_title_background_color":"","ocean_post_title_background":0,"ocean_post_title_bg_image_position":"","ocean_post_title_bg_image_attachment":"","ocean_post_title_bg_image_repeat":"","ocean_post_title_bg_image_size":"","ocean_post_title_height":0,"ocean_post_title_bg_overlay":0.5,"ocean_post_title_bg_overlay_color":"","ocean_disable_breadcrumbs":"default","ocean_breadcrumbs_color":"","ocean_breadcrumbs_separator_color":"","ocean_breadcrumbs_links_color":"","ocean_breadcrumbs_links_hover_color":"","ocean_display_footer_widgets":"default","ocean_display_footer_bottom":"default","ocean_custom_footer_template":""},"product_brand":[],"product_cat":[124,128],"product_tag":[],"class_list":{"0":"post-27364","1":"product","2":"type-product","3":"status-publish","4":"has-post-thumbnail","6":"product_cat-switch","7":"product_cat-ultimas-entradas","9":"entry","10":"has-media","12":"first","13":"instock","14":"taxable","15":"shipping-taxable","16":"purchasable","17":"product-type-simple","18":"col","19":"span_1_of_3","20":"owp-content-center","21":"owp-thumbs-layout-horizontal","22":"owp-btn-normal","23":"owp-tabs-layout-horizontal"},"aioseo_notices":[],"_links":{"self":[{"href":"https:\/\/kaotostore.com\/en\/wp-json\/wp\/v2\/product\/27364","targetHints":{"allow":["GET"]}}],"collection":[{"href":"https:\/\/kaotostore.com\/en\/wp-json\/wp\/v2\/product"}],"about":[{"href":"https:\/\/kaotostore.com\/en\/wp-json\/wp\/v2\/types\/product"}],"wp:featuredmedia":[{"embeddable":true,"href":"https:\/\/kaotostore.com\/en\/wp-json\/wp\/v2\/media\/8526"}],"wp:attachment":[{"href":"https:\/\/kaotostore.com\/en\/wp-json\/wp\/v2\/media?parent=27364"}],"wp:term":[{"taxonomy":"product_brand","embeddable":true,"href":"https:\/\/kaotostore.com\/en\/wp-json\/wp\/v2\/product_brand?post=27364"},{"taxonomy":"product_cat","embeddable":true,"href":"https:\/\/kaotostore.com\/en\/wp-json\/wp\/v2\/product_cat?post=27364"},{"taxonomy":"product_tag","embeddable":true,"href":"https:\/\/kaotostore.com\/en\/wp-json\/wp\/v2\/product_tag?post=27364"}],"curies":[{"name":"wp","href":"https:\/\/api.w.org\/{rel}","templated":true}]}}