{"id":27359,"date":"2026-03-23T17:20:26","date_gmt":"2026-03-23T16:20:26","guid":{"rendered":"https:\/\/kaotostore.com\/producto\/earthion-playstation-5\/"},"modified":"2026-04-09T15:29:57","modified_gmt":"2026-04-09T13:29:57","slug":"earthion-playstation-5","status":"publish","type":"product","link":"https:\/\/kaotostore.com\/en\/product\/earthion-playstation-5\/","title":{"rendered":"Earthion PLAYSTATION 5"},"content":{"rendered":"<p><strong><span style=\"color: rgb(255, 5, 5);\">Si desea im\u00e1genes adicionales del producto, puede solicitarlas desde el formulario de contacto o en el email kaototienda@gmail.com<\/span><\/strong><\/p>\n<p>\u00a0<\/p>\n<div class=\"row row-content\">\n<div class=\"col-xs-12 content\">\n<p>Earthion de Yuzo Koshiro es un shooter espacial de desplazamiento lateral desarrollado para sistemas de 16 bits por la legendaria desarrolladora japonesa Ancient Corporation.<\/p>\n<p>Gu\u00eda a la piloto de caza espacial Azusa Takanashi a trav\u00e9s de ocho niveles ca\u00f3ticos, cada uno con su propio entorno, enemigos y combates contra jefes, para repeler a los invasores alien\u00edgenas y salvar el planeta Tierra.<\/p>\n<p>Instrumentales en la creaci\u00f3n de algunos de los juegos m\u00e1s emblem\u00e1ticos de la era de los 16 bits, Ancient Corporation y Yuzo Koshiro regresan a sus ra\u00edces despu\u00e9s de tres d\u00e9cadas para ofrecer una experiencia que marcar\u00e1 una generaci\u00f3n y una lucha inolvidable entre las estrellas.<\/p>\n<p>Prep\u00e1rate y despliega un arsenal devastador mientras te abres paso a trav\u00e9s de ocho niveles ca\u00f3ticos, cada uno con entornos, enemigos y combates contra jefes \u00fanicos. Completa el juego en dificultad Hotshot, sube la apuesta en el modo Desaf\u00edo y convi\u00e9rtete en un as de la aviaci\u00f3n para asegurar tu puesto en la clasificaci\u00f3n online.<\/p>\n<p>Con una banda sonora original de uno de los compositores m\u00e1s reconocidos de la era de los 16 bits, Earthion ofrece una experiencia de audio verdaderamente inmersiva con 27 pistas originales y un incre\u00edble paisaje sonoro de efectos que te transportar\u00e1 a la \u00e9poca dorada de los videojuegos retro.<\/p>\n<p>Desarrollado para funcionar de forma nativa en hardware de 16 bits, llevando el sistema original al l\u00edmite al mismo tiempo que se adapta a plataformas modernas con un cuidado meticuloso, Earthion ofrece excelentes funciones de calidad de vida, incluyendo configuraciones de l\u00ednea de escaneo altamente personalizables para brindar una aut\u00e9ntica experiencia retro en pantallas modernas.<\/p>\n<\/div>\n<\/div>\n<p><\/p>","protected":false},"excerpt":{"rendered":"<p>Si desea im\u00e1genes adicionales del producto, puede solicitarlas desde el formulario de contacto o en el email kaototienda@gmail.com \u00a0 Earthion de Yuzo Koshiro es un shooter espacial de desplazamiento lateral desarrollado para sistemas de 16 bits por la legendaria desarrolladora japonesa Ancient Corporation. Gu\u00eda a la piloto de caza espacial Azusa Takanashi a trav\u00e9s de [&hellip;]<\/p>\n","protected":false},"featured_media":8509,"template":"","meta":{"ocean_post_layout":"","ocean_both_sidebars_style":"","ocean_both_sidebars_content_width":0,"ocean_both_sidebars_sidebars_width":0,"ocean_sidebar":"","ocean_second_sidebar":"","ocean_disable_margins":"enable","ocean_add_body_class":"","ocean_shortcode_before_top_bar":"","ocean_shortcode_after_top_bar":"","ocean_shortcode_before_header":"","ocean_shortcode_after_header":"","ocean_has_shortcode":"","ocean_shortcode_after_title":"","ocean_shortcode_before_footer_widgets":"","ocean_shortcode_after_footer_widgets":"","ocean_shortcode_before_footer_bottom":"","ocean_shortcode_after_footer_bottom":"","ocean_display_top_bar":"default","ocean_display_header":"default","ocean_header_style":"","ocean_center_header_left_menu":"","ocean_custom_header_template":"","ocean_custom_logo":0,"ocean_custom_retina_logo":0,"ocean_custom_logo_max_width":0,"ocean_custom_logo_tablet_max_width":0,"ocean_custom_logo_mobile_max_width":0,"ocean_custom_logo_max_height":0,"ocean_custom_logo_tablet_max_height":0,"ocean_custom_logo_mobile_max_height":0,"ocean_header_custom_menu":"","ocean_menu_typo_font_family":"","ocean_menu_typo_font_subset":"","ocean_menu_typo_font_size":0,"ocean_menu_typo_font_size_tablet":0,"ocean_menu_typo_font_size_mobile":0,"ocean_menu_typo_font_size_unit":"px","ocean_menu_typo_font_weight":"","ocean_menu_typo_font_weight_tablet":"","ocean_menu_typo_font_weight_mobile":"","ocean_menu_typo_transform":"","ocean_menu_typo_transform_tablet":"","ocean_menu_typo_transform_mobile":"","ocean_menu_typo_line_height":0,"ocean_menu_typo_line_height_tablet":0,"ocean_menu_typo_line_height_mobile":0,"ocean_menu_typo_line_height_unit":"","ocean_menu_typo_spacing":0,"ocean_menu_typo_spacing_tablet":0,"ocean_menu_typo_spacing_mobile":0,"ocean_menu_typo_spacing_unit":"","ocean_menu_link_color":"","ocean_menu_link_color_hover":"","ocean_menu_link_color_active":"","ocean_menu_link_background":"","ocean_menu_link_hover_background":"","ocean_menu_link_active_background":"","ocean_menu_social_links_bg":"","ocean_menu_social_hover_links_bg":"","ocean_menu_social_links_color":"","ocean_menu_social_hover_links_color":"","ocean_disable_title":"default","ocean_disable_heading":"default","ocean_post_title":"","ocean_post_subheading":"","ocean_post_title_style":"","ocean_post_title_background_color":"","ocean_post_title_background":0,"ocean_post_title_bg_image_position":"","ocean_post_title_bg_image_attachment":"","ocean_post_title_bg_image_repeat":"","ocean_post_title_bg_image_size":"","ocean_post_title_height":0,"ocean_post_title_bg_overlay":0.5,"ocean_post_title_bg_overlay_color":"","ocean_disable_breadcrumbs":"default","ocean_breadcrumbs_color":"","ocean_breadcrumbs_separator_color":"","ocean_breadcrumbs_links_color":"","ocean_breadcrumbs_links_hover_color":"","ocean_display_footer_widgets":"default","ocean_display_footer_bottom":"default","ocean_custom_footer_template":""},"product_brand":[],"product_cat":[98,108,128],"product_tag":[],"class_list":{"0":"post-27359","1":"product","2":"type-product","3":"status-publish","4":"has-post-thumbnail","6":"product_cat-novedades","7":"product_cat-playstation-5","8":"product_cat-ultimas-entradas","10":"entry","11":"has-media","13":"first","14":"instock","15":"taxable","16":"shipping-taxable","17":"purchasable","18":"product-type-simple","19":"col","20":"span_1_of_3","21":"owp-content-center","22":"owp-thumbs-layout-horizontal","23":"owp-btn-normal","24":"owp-tabs-layout-horizontal"},"aioseo_notices":[],"_links":{"self":[{"href":"https:\/\/kaotostore.com\/en\/wp-json\/wp\/v2\/product\/27359","targetHints":{"allow":["GET"]}}],"collection":[{"href":"https:\/\/kaotostore.com\/en\/wp-json\/wp\/v2\/product"}],"about":[{"href":"https:\/\/kaotostore.com\/en\/wp-json\/wp\/v2\/types\/product"}],"wp:featuredmedia":[{"embeddable":true,"href":"https:\/\/kaotostore.com\/en\/wp-json\/wp\/v2\/media\/8509"}],"wp:attachment":[{"href":"https:\/\/kaotostore.com\/en\/wp-json\/wp\/v2\/media?parent=27359"}],"wp:term":[{"taxonomy":"product_brand","embeddable":true,"href":"https:\/\/kaotostore.com\/en\/wp-json\/wp\/v2\/product_brand?post=27359"},{"taxonomy":"product_cat","embeddable":true,"href":"https:\/\/kaotostore.com\/en\/wp-json\/wp\/v2\/product_cat?post=27359"},{"taxonomy":"product_tag","embeddable":true,"href":"https:\/\/kaotostore.com\/en\/wp-json\/wp\/v2\/product_tag?post=27359"}],"curies":[{"name":"wp","href":"https:\/\/api.w.org\/{rel}","templated":true}]}}