{"id":27352,"date":"2026-03-23T17:20:18","date_gmt":"2026-03-23T16:20:18","guid":{"rendered":"https:\/\/kaotostore.com\/producto\/e-t-el-extraterrestre-la-historia-visual-definitiva\/"},"modified":"2026-04-09T12:22:49","modified_gmt":"2026-04-09T10:22:49","slug":"e-t-el-extraterrestre-la-historia-visual-definitiva","status":"publish","type":"product","link":"https:\/\/kaotostore.com\/en\/product\/e-t-el-extraterrestre-la-historia-visual-definitiva\/","title":{"rendered":"E.T. EL Extraterrestre. La Historia Visual Definitiva"},"content":{"rendered":"<div id=\"content\" class=\"\">\n<p>DESCUBRE LOS SECRETOS DEL RODAJE DE UNO DE LOS GRANDES CL\u00c1SICOS DE STEVEN SPIELBERG<\/p>\n<p><em>E. T. el extraterrestre<\/em>, una de las pel\u00edculas recordadas con m\u00e1s cari\u00f1o de la historia del cine, es, adem\u00e1s, la m\u00e1s personal e ic\u00f3nica del director Steven Spielberg. Este libro profundiza en los archivos de producci\u00f3n para presentarte, de la manera m\u00e1s completa y apasionante, la creaci\u00f3n de la obra maestra de Spielberg y el impacto que todav\u00eda tiene en varias generaciones de admiradores. Incluye entrevistas exclusivas con una parte clave del equipo, como Spielberg, la productora Kathleen Kennedy y las estrellas Robert MacNaughton, Dee Wallace y Peter Coyote.<\/p>\n<p><em>E. T. el extraterrestre: la historia visual definitiva<\/em><span>\u00a0<\/span>revive la historia de una extraordinaria producci\u00f3n que trascendi\u00f3 los l\u00edmites de lo que era posible en el cine. Cargado de im\u00e1genes poco conocidas, el libro incluye fotograf\u00edas promocionales, arte conceptual, storyboards y contenido del universo de E. T. al completo, como los art\u00edculos de publicidad comercial de la pel\u00edcula, la novela y su secuela, y la atracci\u00f3n de Universal Studios.<span>\u00a0<\/span><em>E. T. el extraterrestre: la historia visual definitiva<\/em><span>\u00a0<\/span>constituye el homenaje perfecto para una pel\u00edcula que defini\u00f3 la magia del cine, y es un libro imprescindible para cualquier entusiasta de este apreciado cl\u00e1sico spielbergiano.<\/p>\n<p>\u00a0<\/p>\n<p>INCLUYE 19 ELEMENTOS ESPECIALES:<\/p>\n<ul>\n<li>El pase de seguridad de Steven Spielberg para el set<\/li>\n<li>La hoja de rodaje<\/li>\n<li>P\u00e1ginas del guion<\/li>\n<li>Storyboards y mucho m\u00e1s.<\/li>\n<\/ul>\n<\/div>\n<div id=\"share\"><\/div>","protected":false},"excerpt":{"rendered":"<p>DESCUBRE LOS SECRETOS DEL RODAJE DE UNO DE LOS GRANDES CL\u00c1SICOS DE STEVEN SPIELBERG E. T. el extraterrestre, una de las pel\u00edculas recordadas con m\u00e1s cari\u00f1o de la historia del cine, es, adem\u00e1s, la m\u00e1s personal e ic\u00f3nica del director Steven Spielberg. Este libro profundiza en los archivos de producci\u00f3n para presentarte, de la manera [&hellip;]<\/p>\n","protected":false},"featured_media":8449,"template":"","meta":{"ocean_post_layout":"","ocean_both_sidebars_style":"","ocean_both_sidebars_content_width":0,"ocean_both_sidebars_sidebars_width":0,"ocean_sidebar":"","ocean_second_sidebar":"","ocean_disable_margins":"enable","ocean_add_body_class":"","ocean_shortcode_before_top_bar":"","ocean_shortcode_after_top_bar":"","ocean_shortcode_before_header":"","ocean_shortcode_after_header":"","ocean_has_shortcode":"","ocean_shortcode_after_title":"","ocean_shortcode_before_footer_widgets":"","ocean_shortcode_after_footer_widgets":"","ocean_shortcode_before_footer_bottom":"","ocean_shortcode_after_footer_bottom":"","ocean_display_top_bar":"default","ocean_display_header":"default","ocean_header_style":"","ocean_center_header_left_menu":"","ocean_custom_header_template":"","ocean_custom_logo":0,"ocean_custom_retina_logo":0,"ocean_custom_logo_max_width":0,"ocean_custom_logo_tablet_max_width":0,"ocean_custom_logo_mobile_max_width":0,"ocean_custom_logo_max_height":0,"ocean_custom_logo_tablet_max_height":0,"ocean_custom_logo_mobile_max_height":0,"ocean_header_custom_menu":"","ocean_menu_typo_font_family":"","ocean_menu_typo_font_subset":"","ocean_menu_typo_font_size":0,"ocean_menu_typo_font_size_tablet":0,"ocean_menu_typo_font_size_mobile":0,"ocean_menu_typo_font_size_unit":"px","ocean_menu_typo_font_weight":"","ocean_menu_typo_font_weight_tablet":"","ocean_menu_typo_font_weight_mobile":"","ocean_menu_typo_transform":"","ocean_menu_typo_transform_tablet":"","ocean_menu_typo_transform_mobile":"","ocean_menu_typo_line_height":0,"ocean_menu_typo_line_height_tablet":0,"ocean_menu_typo_line_height_mobile":0,"ocean_menu_typo_line_height_unit":"","ocean_menu_typo_spacing":0,"ocean_menu_typo_spacing_tablet":0,"ocean_menu_typo_spacing_mobile":0,"ocean_menu_typo_spacing_unit":"","ocean_menu_link_color":"","ocean_menu_link_color_hover":"","ocean_menu_link_color_active":"","ocean_menu_link_background":"","ocean_menu_link_hover_background":"","ocean_menu_link_active_background":"","ocean_menu_social_links_bg":"","ocean_menu_social_hover_links_bg":"","ocean_menu_social_links_color":"","ocean_menu_social_hover_links_color":"","ocean_disable_title":"default","ocean_disable_heading":"default","ocean_post_title":"","ocean_post_subheading":"","ocean_post_title_style":"","ocean_post_title_background_color":"","ocean_post_title_background":0,"ocean_post_title_bg_image_position":"","ocean_post_title_bg_image_attachment":"","ocean_post_title_bg_image_repeat":"","ocean_post_title_bg_image_size":"","ocean_post_title_height":0,"ocean_post_title_bg_overlay":0.5,"ocean_post_title_bg_overlay_color":"","ocean_disable_breadcrumbs":"default","ocean_breadcrumbs_color":"","ocean_breadcrumbs_separator_color":"","ocean_breadcrumbs_links_color":"","ocean_breadcrumbs_links_hover_color":"","ocean_display_footer_widgets":"default","ocean_display_footer_bottom":"default","ocean_custom_footer_template":""},"product_brand":[],"product_cat":[71,128],"product_tag":[],"class_list":{"0":"post-27352","1":"product","2":"type-product","3":"status-publish","4":"has-post-thumbnail","6":"product_cat-artbooks-libros-de-divulgacion-comic-manga-guias","7":"product_cat-ultimas-entradas","9":"entry","10":"has-media","12":"first","13":"instock","14":"taxable","15":"shipping-taxable","16":"purchasable","17":"product-type-simple","18":"col","19":"span_1_of_3","20":"owp-content-center","21":"owp-thumbs-layout-horizontal","22":"owp-btn-normal","23":"owp-tabs-layout-horizontal","24":"has-no-thumbnails"},"aioseo_notices":[],"_links":{"self":[{"href":"https:\/\/kaotostore.com\/en\/wp-json\/wp\/v2\/product\/27352","targetHints":{"allow":["GET"]}}],"collection":[{"href":"https:\/\/kaotostore.com\/en\/wp-json\/wp\/v2\/product"}],"about":[{"href":"https:\/\/kaotostore.com\/en\/wp-json\/wp\/v2\/types\/product"}],"wp:featuredmedia":[{"embeddable":true,"href":"https:\/\/kaotostore.com\/en\/wp-json\/wp\/v2\/media\/8449"}],"wp:attachment":[{"href":"https:\/\/kaotostore.com\/en\/wp-json\/wp\/v2\/media?parent=27352"}],"wp:term":[{"taxonomy":"product_brand","embeddable":true,"href":"https:\/\/kaotostore.com\/en\/wp-json\/wp\/v2\/product_brand?post=27352"},{"taxonomy":"product_cat","embeddable":true,"href":"https:\/\/kaotostore.com\/en\/wp-json\/wp\/v2\/product_cat?post=27352"},{"taxonomy":"product_tag","embeddable":true,"href":"https:\/\/kaotostore.com\/en\/wp-json\/wp\/v2\/product_tag?post=27352"}],"curies":[{"name":"wp","href":"https:\/\/api.w.org\/{rel}","templated":true}]}}